{"id":10331,"date":"2018-12-17T11:04:15","date_gmt":"2018-12-17T09:04:15","guid":{"rendered":"http:\/\/www.terveilm.ee\/leht\/?page_id=10331"},"modified":"2025-12-23T00:40:27","modified_gmt":"2025-12-22T22:40:27","slug":"aku-rahastus-ja-projektid","status":"publish","type":"page","link":"https:\/\/www.terveilm.ee\/leht\/teabekeskuse-teemad\/arengukoostoo\/aku-rahastus-ja-projektid\/","title":{"rendered":"AK\u00dc rahastus ja projektid"},"content":{"rendered":"<p><img loading=\"lazy\" decoding=\"async\" class=\"aligncenter wp-image-9837\" src=\"http:\/\/www.terveilm.ee\/leht\/wp-content\/uploads\/2018\/09\/rawpixel-675364-unsplash-1024x682.jpg\" alt=\"\" width=\"476\" height=\"317\" srcset=\"https:\/\/www.terveilm.ee\/leht\/wp-content\/uploads\/2018\/09\/rawpixel-675364-unsplash-1024x682.jpg 1024w, https:\/\/www.terveilm.ee\/leht\/wp-content\/uploads\/2018\/09\/rawpixel-675364-unsplash-300x200.jpg 300w, https:\/\/www.terveilm.ee\/leht\/wp-content\/uploads\/2018\/09\/rawpixel-675364-unsplash-768x512.jpg 768w\" sizes=\"auto, (max-width: 476px) 100vw, 476px\" \/><\/p>\n<p>Arengukoost\u00f6\u00f6 \u00dcmarlaua tegevus on suuresti korraldatud projektip\u00f5hiselt, kuna valdav osa organisatsiooni sissetulekutest p\u00e4rineb erinevatest projektidest. Alates 2008. aastast saab AK\u00dc valdkonna katusorganisatsioonina tegevustoetust Eesti V\u00e4lisministeeriumilt.<\/p>\n<h3><a href=\"https:\/\/www.terveilm.ee\/leht\/teabekeskuse-teemad\/arengukoostoo\/aku-rahastus-ja-projektid\/eurorubik\/\"><strong>EURORUBIK 2024-2026<\/strong><\/a><\/h3>\n<p><strong>Kestvus:<\/strong> 1.9.2024-31.6.2022<br \/><strong>Toetussumma:<\/strong> 60 000 eurot<br \/><strong>Rahastaja:<\/strong> Euroopa Komisjon \/ Erasmus+<br \/><strong>Partnerrik:<\/strong> Hispaania<\/p>\n<p>Eurorubik project is focused on empowering young people in Spain and Estonia. During the project period, ongoing information on development cooperation topics as well as global education will be provided to young people. Sharing information about the environmental issues, the Sustainable Development Goals and global education are embedded in various meetings and workshops. The project partners are Plan B (Salamanca &#8211; Spain) and the Coordinadora Valenciana de ONGD (Valencia &#8211; Spain).<\/p>\n<h3><strong>iRESILIENCE 2024-2025<\/strong><\/h3>\n<p><strong>Kestvus:<\/strong> 1.9.2024-31.8.2025<br \/><strong>Toetussumma:<\/strong> 87 500 eurot<br \/><strong>Rahastaja:<\/strong> Swedish Institute<br \/><strong>Partnerriigid<\/strong>: Rootsi, Ukraina, Armeenia<\/p>\n<p>Konsortsium-projekti <wbr \/><span class=\"il\">iResilience<\/span> veame koost\u00f6\u00f6s Rootsi, Ukraina ja Armeenia partneritega ning selle eesm\u00e4rgiks on kaardistada Eesti parimaid valeinfoga v\u00f5itlemise praktikaid ning jagada neid Eesti ajakirjanike, ajakirjandustudengite, meedia\u00f5pilaste ning valeinfo t\u00f5rjumisega tegelevate vaba\u00fchendustega. Samuti jagame oma kaardistust projektiga seotud partnerriikidega, aidates tugevdada ka Ukraina, Armeenia ja Rootsi valeinfo t\u00f5rjumise praktikaid.\u00a0<\/p>\n<h3>EESTI V\u00c4LISMINISTEERIUMI TEGEVUSTOETUS 2025<\/h3>\n<p>Riigieelarveline toetus \u00a0v\u00f5imaldab AK\u00dc-l katta organisatsiooni p\u00fcsikulud ja tagada p\u00fchendumise sisulistele tegevustele AK\u00dc kolmes peamises tegutsemisvaldkonnas: huvikaitse-, liikme- ja teavitust\u00f6\u00f6s. Uuel perioodil p\u00fc\u00fcame j\u00e4tkuvalt olla valitsusele ja riigi-institutsioonidele heaks partneriks arengukoost\u00f6\u00f6 eesm\u00e4rkide seadmisel. Toetussumma on 2022. aastal 50 000 eurot.<\/p>\n<h3>EESTI V\u00c4LISMINISTEERIUMI TEGEVUSTOETUS 2024<\/h3>\n<p>Riigieelarveline toetus \u00a0v\u00f5imaldab AK\u00dc-l katta organisatsiooni p\u00fcsikulud ja tagada p\u00fchendumise sisulistele tegevustele AK\u00dc kolmes peamises tegutsemisvaldkonnas: huvikaitse-, liikme- ja teavitust\u00f6\u00f6s. Uuel perioodil p\u00fc\u00fcame j\u00e4tkuvalt olla valitsusele ja riigi-institutsioonidele heaks partneriks arengukoost\u00f6\u00f6 eesm\u00e4rkide seadmisel. Toetussumma on 2024. aastal 50 000 eurot.<\/p>\n<h3>EESTI V\u00c4LISMINISTEERIUMI TEGEVUSTOETUS 2023<\/h3>\n<p>Riigieelarveline toetus \u00a0v\u00f5imaldab AK\u00dc-l katta organisatsiooni p\u00fcsikulud ja tagada p\u00fchendumise sisulistele tegevustele AK\u00dc kolmes peamises tegutsemisvaldkonnas: huvikaitse-, liikme- ja teavitust\u00f6\u00f6s. Uuel perioodil p\u00fc\u00fcame j\u00e4tkuvalt olla valitsusele ja riigi-institutsioonidele heaks partneriks arengukoost\u00f6\u00f6 eesm\u00e4rkide seadmisel. Toetussumma on 2023. aastal 70 000 eurot.<\/p>\n<h3>EESTI V\u00c4LISMINISTEERIUMI TEGEVUSTOETUS 2022<\/h3>\n<p>Riigieelarveline toetus \u00a0v\u00f5imaldab AK\u00dc-l katta organisatsiooni p\u00fcsikulud ja tagada p\u00fchendumise sisulistele tegevustele AK\u00dc kolmes peamises tegutsemisvaldkonnas: huvikaitse-, liikme- ja teavitust\u00f6\u00f6s. Uuel perioodil p\u00fc\u00fcame j\u00e4tkuvalt olla valitsusele ja riigi-institutsioonidele heaks partneriks arengukoost\u00f6\u00f6 eesm\u00e4rkide seadmisel. Toetussumma on 2022. aastal 50 000 eurot.<\/p>\n<h3>EESTI V\u00c4LISMINISTEERIUMI TEGEVUSTOETUS 2021 ja 2020\u00a0<\/h3>\n<p>Riigieelarveline toetus \u00a0v\u00f5imaldab AK\u00dc-l katta organisatsiooni p\u00fcsikulud ja tagada p\u00fchendumise sisulistele tegevustele AK\u00dc kolmes peamises tegutsemisvaldkonnas: huvikaitse-, liikme- ja teavitust\u00f6\u00f6s. Uuel perioodil p\u00fc\u00fcame j\u00e4tkuvalt olla valitsusele ja riigi-institutsioonidele heaks partneriks arengukoost\u00f6\u00f6 eesm\u00e4rkide seadmisel. Toetussumma oli 2021. aastal 48 000 eurot (<a href=\"https:\/\/www.terveilm.ee\/leht\/wp-content\/uploads\/2022\/01\/Lo\u0303pparuanne_AKU\u0308-TT-2021-.pdf\">sisuaruanne<\/a> ja <a href=\"https:\/\/www.terveilm.ee\/leht\/wp-content\/uploads\/2022\/01\/Finatsaruanne_AKU\u0308-TT-2021.xlsx-.xlsx\">finantsaruanne<\/a>) ning 2020. aastal 47 000 eurot (<a href=\"https:\/\/www.terveilm.ee\/leht\/wp-content\/uploads\/2021\/07\/TT-2020-lo\u0303pparuanne-30.06.2021.pdf\">sisuruanne<\/a> ja <a href=\"https:\/\/www.terveilm.ee\/leht\/wp-content\/uploads\/2021\/07\/Eelarve-ta\u0308itmine_AKU\u0308-TT-2020.pdf\">finantsaruanne<\/a>).<\/p>\n<p><a href=\"https:\/\/www.terveilm.ee\/leht\/wp-content\/uploads\/2015\/09\/EAK-200x103px-arengukoostoo.png\"><img loading=\"lazy\" decoding=\"async\" class=\"aligncenter size-full wp-image-7540\" src=\"https:\/\/www.terveilm.ee\/leht\/wp-content\/uploads\/2015\/09\/EAK-200x103px-arengukoostoo.png\" alt=\"\" width=\"200\" height=\"103\" \/><\/a><\/p>\n<h3>EURODAD LIIKMEPROJEKT 2021-2022<\/h3>\n<p>Projekt aitab senisest t\u00f5husamalt l\u00e4bi viia riikliku ja EL-i tasandi huvikaitset\u00f6\u00f6d koos kohalike ja rahvusvaheliste partneritega. Huvikaitse-fookuseks on arengukoost\u00f6\u00f6 efektiivne arengurahastus, kliima- ja v\u00f5rd\u00f5igustlikkusega seotud teemad. Projektiperioodi jooksul l\u00f6\u00f6b AK\u00dc koos liikmetega kaasa rahvusvahelise v\u00f5rgustiku strateegialoomes ja huvikaitsetegevustes t\u00f5stab enda ja liikmeskonna tegevussuutlikkust. lisaks viib l\u00e4bi avaliku arvamuse uuringuid ja kommunikatsioonitegevusi.<\/p>\n<p><strong>Kestvus:<\/strong> 1.1.2021-31.6.2022<br \/><strong>Toetussumma:<\/strong> 55 519 eurot<br \/><strong>Rahastaja:<\/strong> Eurodad, kaasrahastaja V\u00e4lisministeerium<\/p>\n<p><a href=\"https:\/\/www.terveilm.ee\/leht\/wp-content\/uploads\/2021\/01\/eurodad_logo_portrait_web.jpg\"><img loading=\"lazy\" decoding=\"async\" class=\"aligncenter wp-image-12153 size-medium\" src=\"https:\/\/www.terveilm.ee\/leht\/wp-content\/uploads\/2021\/01\/eurodad_logo_portrait_web-300x246.jpg\" alt=\"\" width=\"300\" height=\"246\" \/><\/a><a href=\"https:\/\/www.terveilm.ee\/leht\/wp-content\/uploads\/2021\/01\/EAK-600x200px-arengukoostoo.png\"><img loading=\"lazy\" decoding=\"async\" class=\"aligncenter wp-image-12132 size-medium\" src=\"https:\/\/www.terveilm.ee\/leht\/wp-content\/uploads\/2021\/01\/EAK-600x200px-arengukoostoo-300x100.png\" alt=\"\" width=\"300\" height=\"100\" srcset=\"https:\/\/www.terveilm.ee\/leht\/wp-content\/uploads\/2021\/01\/EAK-600x200px-arengukoostoo-300x100.png 300w, https:\/\/www.terveilm.ee\/leht\/wp-content\/uploads\/2021\/01\/EAK-600x200px-arengukoostoo.png 600w\" sizes=\"auto, (max-width: 300px) 100vw, 300px\" \/><\/a><a href=\"https:\/\/www.terveilm.ee\/leht\/wp-content\/uploads\/2021\/01\/eurodad_logo_portrait_web.jpg\">\u00a0<\/a><\/p>\n<h3>Boosting up Climate Justice Activism in Estonian Eastern partnership and local native Russian speaking communities<\/h3>\n<p>Projekti p\u00f5hieesm\u00e4rk on j\u00f5uda n\u00fcgida kliima\u00f5iglust Eestis ja ELi idapartnerluse riikides. Projekt keskendub Eesti kirdeosas \u00f5iglastele \u00fclemineku- ja kliimak\u00fcsimustele, samuti kliima\u00f5iglase l\u00e4henemisviisi n\u00fcgimisele Eesti ja idapartnerlusriikide arengukoost\u00f6\u00f6s.<\/p>\n<p><strong>Projektiperiood:<\/strong> 1.03.2021-28.02.2022<br \/><strong>Toetussumma:<\/strong> 20 798 eurot<br \/><strong>Rahastaja:<\/strong> Open Society Institute &#8211; Sofia<a href=\"https:\/\/www.terveilm.ee\/leht\/wp-content\/uploads\/2021\/05\/LCJA_Logo1.jpg\"><img loading=\"lazy\" decoding=\"async\" class=\"aligncenter  wp-image-12697\" src=\"https:\/\/www.terveilm.ee\/leht\/wp-content\/uploads\/2021\/05\/LCJA_Logo1.jpg\" alt=\"\" width=\"129\" height=\"140\" \/><\/a><\/p>\n<h3>Eesti keskkonnasammude kiirendamine kestliku arengu kohalikule tasandile viimisega keskkonna\u00fchenduste koost\u00f6\u00f6s<\/h3>\n<p><strong>Projekti \u00fcldine eesm\u00e4rk on kiirendada Eesti liikumist kestliku riigi suunas.<\/strong>\u00a0Selleks loome\u00a0 olemasolevatest keskkonnateadmistest tervikpildi, viime kestliku arengu teemad kohalike valimiste aastal omavalitsusteni ja toetame teadlike keskkonnategude \u00e4rategemist kohalikul tasandil. Projektiga loome tingimused keskkonna\u00fchenduste s\u00fcvendatud koost\u00f6\u00f6ks ja keskkonnasoovituste elluviimiseks kuues omavalitsuses 2021. ja 2022. aastal.<\/p>\n<p><strong>Projektioperiood:<\/strong> 1.03.2021-31.08.2022<br \/><strong>Toetussumma:<\/strong> 80 000 eurot<br \/><strong>Rahastaja:<\/strong> Aktiivsete Kodanike Fondi toetusi vahendab Avatud Eesti Fond koost\u00f6\u00f6s Vaba\u00fchenduste Liiduga<\/p>\n<h3><a href=\"https:\/\/www.terveilm.ee\/leht\/wp-content\/uploads\/2021\/04\/Active-citizens-fund@4x.png\"><img loading=\"lazy\" decoding=\"async\" class=\"aligncenter wp-image-12658 size-medium\" src=\"https:\/\/www.terveilm.ee\/leht\/wp-content\/uploads\/2021\/04\/Active-citizens-fund@4x-300x105.png\" alt=\"\" width=\"300\" height=\"105\" srcset=\"https:\/\/www.terveilm.ee\/leht\/wp-content\/uploads\/2021\/04\/Active-citizens-fund@4x-300x105.png 300w, https:\/\/www.terveilm.ee\/leht\/wp-content\/uploads\/2021\/04\/Active-citizens-fund@4x-1024x359.png 1024w, https:\/\/www.terveilm.ee\/leht\/wp-content\/uploads\/2021\/04\/Active-citizens-fund@4x-768x270.png 768w, https:\/\/www.terveilm.ee\/leht\/wp-content\/uploads\/2021\/04\/Active-citizens-fund@4x-1536x539.png 1536w, https:\/\/www.terveilm.ee\/leht\/wp-content\/uploads\/2021\/04\/Active-citizens-fund@4x-2048x719.png 2048w\" sizes=\"auto, (max-width: 300px) 100vw, 300px\" \/><\/a><\/h3>\n<p><a href=\"https:\/\/www.terveilm.ee\/leht\/wp-content\/uploads\/2021\/04\/AEF_logo__1_-e1619649235224.jpg\"><img loading=\"lazy\" decoding=\"async\" class=\"aligncenter wp-image-12656 size-medium\" src=\"https:\/\/www.terveilm.ee\/leht\/wp-content\/uploads\/2021\/04\/AEF_logo__1_-300x78.jpg\" alt=\"\" width=\"300\" height=\"78\" \/><\/a><\/p>\n<h3>\u00a0<\/h3>\n<h3><strong>Awareness Raising and Capacity Building on SDGs in Estonia and Latvia<\/strong><\/h3>\n<p>Projekt on keskendunud teadlikkuse ja suutlikkuse t\u00f5stmisele kestliku arengu eesm\u00e4rkide ja nendega seotud teemade, n\u00e4iteks ringmajanduse valdkonnas. Peamine sihtr\u00fchm on erasektori ettev\u00f5tted Eestis ja L\u00e4tis, kuid kitsam eesm\u00e4rk on j\u00f5uda Baltikumi naisettev\u00f5tjateni.\u00a0 Erinevate kommunikatsioonitegevuse kaudu j\u00f5uame koos Koalitsiooni Kestliku Arengu Eest liikmetega ka laiema publikuni.<\/p>\n<p><strong><br \/>Projektiperiood:<\/strong> 1.08.-31.12.2021<br \/><strong>Toetussumma:<\/strong> 8000 eurot<br \/><strong>Rahastaja<\/strong>: P\u00f5hjamaade Ministrite N\u00f5ukogu Eestis\u00a0<\/p>\n<a href=\"https:\/\/www.terveilm.ee\/leht\/wp-content\/uploads\/2021\/05\/nordenest_est_blue.pdf\" class=\"pdfemb-viewer\" style=\"\" data-width=\"max\" data-height=\"max\" data-toolbar=\"bottom\" data-toolbar-fixed=\"off\">nordenest_est_blue<\/a>\n<h3>AK\u00dc kommunikatsioonit\u00f6\u00f6 ja rahvusvahelise v\u00f5imekuse t\u00f5stmine 2019-2020 (pikendatud)<\/h3>\n<p><span style=\"font-weight: 400;\">Eesti V\u00e4lisministeeriumi poolt toetatud kommunikatsiooniprojekt summas 54 940 eurot aitab rahastada \u00fchenduse kommunikatsioonijuhi t\u00f6\u00f6kohta ning v\u00f5imaldab <\/span><span style=\"font-weight: 400;\">AK\u00dcl tegeleda globaalse kestliku arengu ja arengukoost\u00f6\u00f6 teemaliste s\u00f5numite levitamisega ja teemade\u00a0<\/span><span style=\"font-weight: 400;\">t\u00f5statamisega professionaalselt\u00a0 nii tava- kui sotsiaalmeedias, leida eestk\u00f5nelejaid ja tugevdada kestlikust\u00a0<\/span><span style=\"font-weight: 400;\">arengust huvituvaid kogukondasid ning arendada AK\u00dc br\u00e4ndi kompetentsikeskusena.<\/span><\/p>\n<p><a href=\"https:\/\/www.terveilm.ee\/leht\/wp-content\/uploads\/2015\/09\/EAK-200x103px-arengukoostoo.png\"><img loading=\"lazy\" decoding=\"async\" class=\"aligncenter size-full wp-image-7540\" src=\"https:\/\/www.terveilm.ee\/leht\/wp-content\/uploads\/2015\/09\/EAK-200x103px-arengukoostoo.png\" alt=\"\" width=\"200\" height=\"103\" \/><\/a><\/p>\n<h3>\u00a0<\/h3>\n\n\n<p><\/p>\n","protected":false},"excerpt":{"rendered":"<p>Arengukoost\u00f6\u00f6 \u00dcmarlaua tegevus on suuresti korraldatud projektip\u00f5hiselt, kuna valdav osa organisatsiooni sissetulekutest p\u00e4rineb erinevatest projektidest. Alates 2008. aastast saab AK\u00dc&#8230;<\/p>\n","protected":false},"author":32,"featured_media":0,"parent":33,"menu_order":0,"comment_status":"closed","ping_status":"closed","template":"template-kc-article.php","meta":{"_acf_changed":false,"footnotes":""},"categories":[41],"class_list":["post-10331","page","type-page","status-publish","hentry","category-teabekeskus"],"acf":[],"_links":{"self":[{"href":"https:\/\/www.terveilm.ee\/leht\/wp-json\/wp\/v2\/pages\/10331","targetHints":{"allow":["GET"]}}],"collection":[{"href":"https:\/\/www.terveilm.ee\/leht\/wp-json\/wp\/v2\/pages"}],"about":[{"href":"https:\/\/www.terveilm.ee\/leht\/wp-json\/wp\/v2\/types\/page"}],"author":[{"embeddable":true,"href":"https:\/\/www.terveilm.ee\/leht\/wp-json\/wp\/v2\/users\/32"}],"replies":[{"embeddable":true,"href":"https:\/\/www.terveilm.ee\/leht\/wp-json\/wp\/v2\/comments?post=10331"}],"version-history":[{"count":5,"href":"https:\/\/www.terveilm.ee\/leht\/wp-json\/wp\/v2\/pages\/10331\/revisions"}],"predecessor-version":[{"id":15736,"href":"https:\/\/www.terveilm.ee\/leht\/wp-json\/wp\/v2\/pages\/10331\/revisions\/15736"}],"up":[{"embeddable":true,"href":"https:\/\/www.terveilm.ee\/leht\/wp-json\/wp\/v2\/pages\/33"}],"wp:attachment":[{"href":"https:\/\/www.terveilm.ee\/leht\/wp-json\/wp\/v2\/media?parent=10331"}],"wp:term":[{"taxonomy":"category","embeddable":true,"href":"https:\/\/www.terveilm.ee\/leht\/wp-json\/wp\/v2\/categories?post=10331"}],"curies":[{"name":"wp","href":"https:\/\/api.w.org\/{rel}","templated":true}]}}