{"id":10426,"date":"2019-01-07T14:18:28","date_gmt":"2019-01-07T12:18:28","guid":{"rendered":"http:\/\/www.terveilm.ee\/leht\/?page_id=10426"},"modified":"2019-12-15T20:20:20","modified_gmt":"2019-12-15T18:20:20","slug":"kestliku-arengu-koolitused","status":"publish","type":"page","link":"https:\/\/www.terveilm.ee\/leht\/teabekeskuse-teemad\/teadlikkuse-tostmine\/kestliku-arengu-koolitused\/","title":{"rendered":"Kestliku arengu koolitused ettev\u00f5tetele ja organisatsioonidele"},"content":{"rendered":"<p>Vajad sissejuhatavat infot maailma kestliku arengu eesm\u00e4rkide kohta? Tahad muuta koos oma kolleegidega ettev\u00f5tet v\u00f5i organisatsiooni kestlikumaks? Plaanid oma t\u00f6\u00f6tajatele\/koost\u00f6\u00f6partneritele meeleolukat aga asjalikku ja arendavat meeskonna\u00fcritust (suvep\u00e4evad, j\u00f5ulupeod jne)?<\/p>\n<p><strong>Teemad, millega koolituste jooksul tegeleme:\u00a0<\/strong><\/p>\n<ul>\n<li><strong>Kuidas maailmal ja inimestel l\u00e4heb?<\/strong><br \/>\nTrendid &#8211; kuhu liigub maailm tervikuna? Kas peaksime valmistuma looduskatastroofiks v\u00f5i \u00fcle\u00fcldiseks \u00f5itsenguks? Milline on kogukondade, omavalitsuste, erasektori v\u00f5i vaba\u00fchenduste roll tuleviku maailmas?\u00a0Mis on praeguses maailmas paremaks l\u00e4inud ja mis l\u00e4heb halvemaks?<\/li>\n<li><strong>Maailma kestliku arengu eesm\u00e4rkide raamistiku tutvustamine<\/strong><br \/>\nMilleks nad loodi? Mida nad meil aitavad teha? Miks \u00fcldse mingeid eesm\u00e4rke vaja v\u00f5iks olla? K\u00e4ime \u00fckshaaval valdkonnad l\u00e4bi ja anname tausta, mida nad t\u00e4hendavad maailma m\u00f5ttes ja kuidas neid Eestis t\u00f5lgendada.<\/li>\n<li><strong>Kestliku arengu eesm\u00e4rgid ja meie ise<\/strong><br \/>\nMillised on meie endi jaoks olulised teemad, millega tuleks edasi tegeleda? Kuidas saame neid m\u00f5jutada? Kuidas kestliku arengu eesm\u00e4rgid loovad v\u00f5imalusi meie organisatsioonide ja piirkonna arenguks?<\/li>\n<\/ul>\n<p>Koolituste t\u00e4psem sisu ja pikkus s\u00f5ltub palju grupist ja tellijast. Oleme paindlikud ning loome t\u00e4pselt sellise koolituse nagu vaja: tuleme\u00a0<span style=\"font-weight: 400;\">1-3 l\u00e4biviijaga 10-50 inimese juurde tunniks v\u00f5i kogu p\u00e4evaks. V\u00f5ime s\u00fcveneda puhtalt teooriasse aga v\u00f5ime ka viia l\u00e4bi erinevaid m\u00e4nge. K\u00fcsi pakkumist<\/span>\u00a0agne@terveilm.ee.<\/p>\n","protected":false},"excerpt":{"rendered":"<p>Vajad sissejuhatavat infot maailma kestliku arengu eesm\u00e4rkide kohta? Tahad muuta koos oma kolleegidega ettev\u00f5tet v\u00f5i organisatsiooni kestlikumaks? Plaanid oma t\u00f6\u00f6tajatele\/koost\u00f6\u00f6partneritele&#8230;<\/p>\n","protected":false},"author":32,"featured_media":0,"parent":9046,"menu_order":0,"comment_status":"closed","ping_status":"closed","template":"template-kc-article.php","meta":{"_acf_changed":false,"footnotes":""},"categories":[41],"class_list":["post-10426","page","type-page","status-publish","hentry","category-teabekeskus"],"acf":[],"_links":{"self":[{"href":"https:\/\/www.terveilm.ee\/leht\/wp-json\/wp\/v2\/pages\/10426","targetHints":{"allow":["GET"]}}],"collection":[{"href":"https:\/\/www.terveilm.ee\/leht\/wp-json\/wp\/v2\/pages"}],"about":[{"href":"https:\/\/www.terveilm.ee\/leht\/wp-json\/wp\/v2\/types\/page"}],"author":[{"embeddable":true,"href":"https:\/\/www.terveilm.ee\/leht\/wp-json\/wp\/v2\/users\/32"}],"replies":[{"embeddable":true,"href":"https:\/\/www.terveilm.ee\/leht\/wp-json\/wp\/v2\/comments?post=10426"}],"version-history":[{"count":5,"href":"https:\/\/www.terveilm.ee\/leht\/wp-json\/wp\/v2\/pages\/10426\/revisions"}],"predecessor-version":[{"id":11277,"href":"https:\/\/www.terveilm.ee\/leht\/wp-json\/wp\/v2\/pages\/10426\/revisions\/11277"}],"up":[{"embeddable":true,"href":"https:\/\/www.terveilm.ee\/leht\/wp-json\/wp\/v2\/pages\/9046"}],"wp:attachment":[{"href":"https:\/\/www.terveilm.ee\/leht\/wp-json\/wp\/v2\/media?parent=10426"}],"wp:term":[{"taxonomy":"category","embeddable":true,"href":"https:\/\/www.terveilm.ee\/leht\/wp-json\/wp\/v2\/categories?post=10426"}],"curies":[{"name":"wp","href":"https:\/\/api.w.org\/{rel}","templated":true}]}}