{"id":108,"date":"2015-09-29T18:36:26","date_gmt":"2015-09-29T18:36:26","guid":{"rendered":"http:\/\/www.terveilm.ee\/?page_id=108"},"modified":"2020-02-28T15:02:15","modified_gmt":"2020-02-28T13:02:15","slug":"english","status":"publish","type":"page","link":"https:\/\/www.terveilm.ee\/leht\/english\/","title":{"rendered":"Estonian Roundtable for Development Cooperation"},"content":{"rendered":"<p>Estonian Roundtable for Development Cooperation (AK\u00dc) is an independent not-for-profit coalition of non-governmental organisations that work in the field of development cooperation, global citizenship education or sustainable development.<\/p>\n<p>AK\u00dc is a strategic partner for Estonian Ministry of Foreign Affairs as a consultant the state in field of development cooperation, global citizenship education or sustainable development.<\/p>\n<p>AK\u00dc also provides workshops and consultancy for private sector companies as well as for wider public on sustainable development goals and global issues.\u00a0<\/p>\n<p>The highest decision-making body is the General Assmebly.\u00a0 AK\u00dc\u2019s legal representative is the Board, which is also responsible for managing the organisation\u2019s staff.\u00a0<\/p>\n<h3>MT\u00dc Arengukoost\u00f6\u00f6 \u00dcmarlaud (AK\u00dc)<\/h3>\n<p><strong>Estonian Roundtable for Development Cooperation<\/strong><\/p>\n<p>Telliskivi 60a\/3, 10412, Tallinn<br \/><a href=\"mailto:info@terveilm.ee\">info@terveilm.ee<\/a><br \/><a href=\"http:\/\/www.terveilm.ee\">www.terveilm.ee<\/a><br \/><a href=\"http:\/\/www.facebook.com\/terveilm\">www.facebook.com\/terveilm<\/a><\/p>\n<h3>Contact:<\/h3>\n<p><strong>Agne Kuimet<\/strong> &#8211; member of management board, agne@terveilm.ee<\/p>\n\n\n<p><\/p>\n","protected":false},"excerpt":{"rendered":"<p>Estonian Roundtable for Development Cooperation (AK\u00dc) is an independent not-for-profit coalition of non-governmental organisations that work in the field of&#8230;<\/p>\n","protected":false},"author":32,"featured_media":0,"parent":0,"menu_order":0,"comment_status":"closed","ping_status":"closed","template":"template-about-what.php","meta":{"_acf_changed":false,"footnotes":""},"categories":[],"class_list":["post-108","page","type-page","status-publish","hentry"],"acf":[],"_links":{"self":[{"href":"https:\/\/www.terveilm.ee\/leht\/wp-json\/wp\/v2\/pages\/108","targetHints":{"allow":["GET"]}}],"collection":[{"href":"https:\/\/www.terveilm.ee\/leht\/wp-json\/wp\/v2\/pages"}],"about":[{"href":"https:\/\/www.terveilm.ee\/leht\/wp-json\/wp\/v2\/types\/page"}],"author":[{"embeddable":true,"href":"https:\/\/www.terveilm.ee\/leht\/wp-json\/wp\/v2\/users\/32"}],"replies":[{"embeddable":true,"href":"https:\/\/www.terveilm.ee\/leht\/wp-json\/wp\/v2\/comments?post=108"}],"version-history":[{"count":5,"href":"https:\/\/www.terveilm.ee\/leht\/wp-json\/wp\/v2\/pages\/108\/revisions"}],"predecessor-version":[{"id":11489,"href":"https:\/\/www.terveilm.ee\/leht\/wp-json\/wp\/v2\/pages\/108\/revisions\/11489"}],"wp:attachment":[{"href":"https:\/\/www.terveilm.ee\/leht\/wp-json\/wp\/v2\/media?parent=108"}],"wp:term":[{"taxonomy":"category","embeddable":true,"href":"https:\/\/www.terveilm.ee\/leht\/wp-json\/wp\/v2\/categories?post=108"}],"curies":[{"name":"wp","href":"https:\/\/api.w.org\/{rel}","templated":true}]}}