{"id":10890,"date":"2019-08-05T12:04:07","date_gmt":"2019-08-05T09:04:07","guid":{"rendered":"http:\/\/www.terveilm.ee\/leht\/?page_id=10890"},"modified":"2019-08-05T13:25:55","modified_gmt":"2019-08-05T10:25:55","slug":"harivad-tegevused-lastele-ja-noortele","status":"publish","type":"page","link":"https:\/\/www.terveilm.ee\/leht\/teabekeskuse-teemad\/teadlikkuse-tostmine\/harivad-tegevused-lastele-ja-noortele\/","title":{"rendered":"Koolitused lastele ja noortele"},"content":{"rendered":"<p>Pakume laste ja noorte teadlikkuse t\u00f5stmiseks koolitusi nii k\u00fclalisitunni kui vabaaja\u00fcrituse formaadis. Koolituse hind kujuneb kestvuse ja osalejate arvu p\u00f5hjal. Pakkumise saamiseks kirjuta agne@terveilm.ee.<\/p>\n<h3><b>K\u00fclalistund: Kestlik maailm<br \/>\n<\/b><b><\/b><\/h3>\n<p>Sihtr\u00fchm:<span style=\"font-weight: 400;\"> lapsed, noored<br \/>\nTunni \u00fcldine eesm\u00e4rk: teadlikkuse t\u00f5us maailma arengust<br \/>\n<\/span>\u00d5piv\u00e4ljundid:<\/p>\n<ul>\n<li style=\"font-weight: 400;\"><span style=\"font-weight: 400;\">Mis on maailma kestlik areng?<\/span><\/li>\n<li style=\"font-weight: 400;\"><span style=\"font-weight: 400;\">Kuidas m\u00f5jutab \u00fcks limonaadipudel maailma arengu k\u00f5iki aspekte?<\/span><\/li>\n<li style=\"font-weight: 400;\"><span style=\"font-weight: 400;\">Kuidas saan k\u00e4ituda mina?<\/span><\/li>\n<li style=\"font-weight: 400;\"><span style=\"font-weight: 400;\">Kuidas ja mille sisse teha kodust limonaadi?<\/span><\/li>\n<\/ul>\n<p>Teenuse l\u00e4biviimise metoodika (l\u00f5plik formaat, maht, kestvus, l\u00e4biviijate arv, materjalid jne s\u00f5ltub tellijast):<\/p>\n<ul>\n<li style=\"font-weight: 400;\"><span style=\"font-weight: 400;\">Loeng 5 min &#8211; mis on maailma kestlik areng.\u00a0<\/span><\/li>\n<li style=\"font-weight: 400;\"><span style=\"font-weight: 400;\">Loeng 5 min &#8211; kuidas m\u00f5jutab plastik (+ suhkur) tervist, keskkonda ja minu pere majandust?<\/span><\/li>\n<li style=\"font-weight: 400;\"><span style=\"font-weight: 400;\">Faktid 5 min &#8211; plastiku m\u00f5ju maailmale<\/span><\/li>\n<li style=\"font-weight: 400;\"><span style=\"font-weight: 400;\">Iseseisev v\u00f5i \u00fchine \u00fclesanne 15 min &#8211;\u00a0<\/span><\/li>\n<li style=\"font-weight: 400;\"><span style=\"font-weight: 400;\">Arutelu ja reflektsioon &#8211; 15 min\u00a0<\/span><\/li>\n<li style=\"font-weight: 400;\"><span style=\"font-weight: 400;\">L\u00e4biviija 1 inimene<\/span><\/li>\n<\/ul>\n<h3><strong>Koolitund: Kuidas maailmal l\u00e4heb?<\/strong><\/h3>\n<p>Koolituse sihtr\u00fchm:<span style=\"font-weight: 400;\"> noored, lapsed (p\u00f5hikool, g\u00fcmnaasium)<br \/>\n<\/span>Tunni \u00fcldine eesm\u00e4rk: teadvustada tarbimisk\u00e4itumist<br \/>\n\u00d5piv\u00e4ljundid:\u00a0<span style=\"font-weight: 400;\">nimkonna areng, l<\/span><span style=\"font-weight: 400;\">ooduskeskkonna areng, t<\/span><span style=\"font-weight: 400;\">eadlikkus ja vastutus maailma arengu eest<\/span><\/p>\n<p>Teenuse l\u00e4biviimise metoodika <span style=\"font-weight: 400;\">(l\u00f5plik formaat, maht, kestvus, l\u00e4biviijate arv, materjalid jne s\u00f5ltub tellijast):<\/span><\/p>\n<ul>\n<li style=\"font-weight: 400;\"><span style=\"font-weight: 400;\">Viktoriin ca 20 minutit- kuidas maailmal l\u00e4heb (inimkond ja keskkond)?<\/span><\/li>\n<li style=\"font-weight: 400;\"><span style=\"font-weight: 400;\">Video vaatamine ja reflektsioon 10 min<\/span><\/li>\n<li style=\"font-weight: 400;\"><span style=\"font-weight: 400;\">Vestlusring 10 min &#8211; kuidas saaks tarbida nutikamalt?<\/span><\/li>\n<li style=\"font-weight: 400;\"><span style=\"font-weight: 400;\">Kokku 45 min ehk \u00fcks koolitund<\/span><\/li>\n<li style=\"font-weight: 400;\"><span style=\"font-weight: 400;\">L\u00e4biviija 1 inimene<br \/>\n<\/span><\/li>\n<\/ul>\n","protected":false},"excerpt":{"rendered":"<p>Pakume laste ja noorte teadlikkuse t\u00f5stmiseks koolitusi nii k\u00fclalisitunni kui vabaaja\u00fcrituse formaadis. Koolituse hind kujuneb kestvuse ja osalejate arvu p\u00f5hjal&#8230;.<\/p>\n","protected":false},"author":32,"featured_media":0,"parent":9046,"menu_order":0,"comment_status":"closed","ping_status":"closed","template":"template-kc.php","meta":{"_acf_changed":false,"footnotes":""},"categories":[41],"class_list":["post-10890","page","type-page","status-publish","hentry","category-teabekeskus"],"acf":[],"_links":{"self":[{"href":"https:\/\/www.terveilm.ee\/leht\/wp-json\/wp\/v2\/pages\/10890","targetHints":{"allow":["GET"]}}],"collection":[{"href":"https:\/\/www.terveilm.ee\/leht\/wp-json\/wp\/v2\/pages"}],"about":[{"href":"https:\/\/www.terveilm.ee\/leht\/wp-json\/wp\/v2\/types\/page"}],"author":[{"embeddable":true,"href":"https:\/\/www.terveilm.ee\/leht\/wp-json\/wp\/v2\/users\/32"}],"replies":[{"embeddable":true,"href":"https:\/\/www.terveilm.ee\/leht\/wp-json\/wp\/v2\/comments?post=10890"}],"version-history":[{"count":5,"href":"https:\/\/www.terveilm.ee\/leht\/wp-json\/wp\/v2\/pages\/10890\/revisions"}],"predecessor-version":[{"id":10898,"href":"https:\/\/www.terveilm.ee\/leht\/wp-json\/wp\/v2\/pages\/10890\/revisions\/10898"}],"up":[{"embeddable":true,"href":"https:\/\/www.terveilm.ee\/leht\/wp-json\/wp\/v2\/pages\/9046"}],"wp:attachment":[{"href":"https:\/\/www.terveilm.ee\/leht\/wp-json\/wp\/v2\/media?parent=10890"}],"wp:term":[{"taxonomy":"category","embeddable":true,"href":"https:\/\/www.terveilm.ee\/leht\/wp-json\/wp\/v2\/categories?post=10890"}],"curies":[{"name":"wp","href":"https:\/\/api.w.org\/{rel}","templated":true}]}}