{"id":10919,"date":"2019-08-05T15:09:33","date_gmt":"2019-08-05T12:09:33","guid":{"rendered":"http:\/\/www.terveilm.ee\/leht\/?page_id=10919"},"modified":"2020-01-28T10:12:47","modified_gmt":"2020-01-28T08:12:47","slug":"arenguabi-andjate-ning-rahastajate-noustamispakett","status":"publish","type":"page","link":"https:\/\/www.terveilm.ee\/leht\/arenguabi-andjate-ning-rahastajate-noustamispakett\/","title":{"rendered":"Arenguabi andjate ning rahastajate n\u00f5ustamispakett"},"content":{"rendered":"<p><span style=\"font-weight: 400;\">T\u00f5stmaks arengukoost\u00f6\u00f6 tulemuslikkust ja n\u00e4htavust seoses kestliku arengu eesm\u00e4rkide saavutamisega (sh arengukoost\u00f6\u00f6 horisontaalsed arengueesm\u00e4rgid), pakub Arengukoost\u00f6\u00f6 \u00dcmarlaud alates s\u00fcgisest 2019 vastavaid koolitusi ja n\u00f5ustamisi nii arengurahastuse saajatele kui pakkujatele.\u00a0<\/span><\/p>\n<p><span style=\"font-weight: 400;\">Teenuse eesm\u00e4rk on n\u00f5ustada arengurahastuse saajaid ja pakkujaid selles, kuidas panustada horisontaalsetesse arengueesm\u00e4rkidesse ja laiemalt kestliku arengu eesm\u00e4rkidesse. Seel\u00e4bi toetame teenuse pakkuja arusaama, milline on tema roll arengukoost\u00f6\u00f6s laiemalt:\u00a0<\/span><\/p>\n<ul>\n<li><span style=\"font-weight: 400;\"> Aitame maandada riske, et arenguabi pole m\u00f5jus\u00a0<\/span><\/li>\n<li><span style=\"font-weight: 400;\"> Aitame suurendada arenguabi m\u00f5ju\u00a0<\/span><\/li>\n<li><span style=\"font-weight: 400;\"> Aitame toetada arenguabiga seotud organisatsioonide professioonaaluse t\u00f5usu <\/span><\/li>\n<\/ul>\n<h3><strong>Rahastuse pakkujad<\/strong><\/h3>\n<p><span style=\"font-weight: 400;\">Arengurahastuse pakkujate hulka kuulub eelk\u00f5ige V\u00e4lisministeerium, sh arengukoost\u00f6\u00f6 komisjoni liikmed. Samuti kuuluvad sihtr\u00fchma n\u00e4iteks EAS, P\u00f5hjamaade Ministrite N\u00f5ukogu ja tulevikus ka v\u00e4lispartnerid nagu erinevad Euroopa ja P\u00f5hja-Ameerika arenguagentuurid, kes arenguabi koost\u00f6\u00f6s Eesti riigiasutustega annavad.\u00a0<\/span><\/p>\n<p><span style=\"font-weight: 400;\">Eesm\u00e4rk <\/span><span style=\"font-weight: 400;\">Suurendamaks Eesti arengukoost\u00f6\u00f6 ja kestliku arengu eesm\u00e4rkide sidusust n\u00f5ustame arengurahastuse pakkujaid taotlusvoorude eesm\u00e4rgistamisel, hindamiskriteeriumite seadmisel ja hindamisprotsessis. Lisaks aitab n\u00f5ustamistegevus taotlejatele tagasiside andmise protsessi.\u00a0<\/span><\/p>\n<p><strong>Pakume:<\/strong><\/p>\n<ul>\n<li><span style=\"font-weight: 400;\">N\u00f5ustamist taotlusvoorude eesm\u00e4rgistamise ja hindamiskriteeriumide seadmise osas.<\/span><\/li>\n<li><span style=\"font-weight: 400;\"> Koolitusi ja n\u00f5ustamist hindajatele.<\/span><\/li>\n<li><span style=\"font-weight: 400;\"> Reflektsioone paralleelselt hindamise protsessiga.<\/span><\/li>\n<\/ul>\n<p><strong>\u00d5piv\u00e4ljundid:<\/strong><\/p>\n<ul>\n<li><span style=\"font-weight: 400;\"> \u00dchtlustub arengkoost\u00f6\u00f6 komisjoni hindajate l\u00e4henemisviis ja v\u00f5imekus langetada argumenteeritumaid ja paremaid otsuseid.<\/span><\/li>\n<li><span style=\"font-weight: 400;\"><span style=\"font-weight: 400;\"> Kasvab v\u00f5imekus anda toetust mitte saanud organisatsioonidele sisulist tagasisidet, t\u00f5stes V\u00e4lisministeeriumi kui rahastaja mainet ning andes organisatsioonidele v\u00f5imaluse oma vigadest \u00f5ppida ja professionaalsust kasvatada.<\/span><\/span><\/li>\n<\/ul>\n<h3 style=\"text-align: center;\">Arengurahastuse saajad<\/h3>\n<p><span style=\"font-weight: 400;\">Arengurahastuse saajate hulka kuuluvad peamiselt Eesti sihtasutused ja valitsusv\u00e4lised organisatsioonid nagu n\u00e4iteks SA Eesti Idapartnerluse Keskus ja MT\u00dc Mondo. Samuti on arengurahastuse saajate hulgas riigi esindajaid nagu P\u00e4\u00e4steamet ja Siseministeerium.\u00a0<\/span><\/p>\n<p><span style=\"font-weight: 400;\">Tagamaks suurem sidusus arengurahastuse taotlejate tegevuste ja Eesti arengukoost\u00f6\u00f6 horisontaalsete eesm\u00e4rkide vahel, n\u00f5ustame, kuidas neid eesm\u00e4rke m\u00f5testada ja neisse sisuline panus anda.\u00a0<\/span><\/p>\n<p><span style=\"font-weight: 400;\">Aitamaks arengurahastuse saajatel oma tegevust selgemalt Eesti arengukoost\u00f6\u00f6 maastrateegiate ja arengukavadega koosk\u00f5las struktureerida, prioritiseerime konsultatsioonide ja mentorluse k\u00e4igus nende tegevusi. <\/span><\/p>\n<p><strong>Pakume:<\/strong><\/p>\n<ul>\n<li><span style=\"font-weight: 400;\"> N\u00f5ustamist enne taotlemist, t\u00f5stmaks taotlejate v\u00f5imekust koostada h\u00e4id taotluseid, peale taotlusotsuste v\u00e4lja kuulutamist \u2013 arengurahastuse saajatele elluviimise ja kestliku arengu aruandluse n\u00f5ustamist ning ebaedukatele refleksiooni paremini l\u00e4bi m\u00f5eldud taotluste esitamiseks.\u00a0<\/span><\/li>\n<li><span style=\"font-weight: 400;\"> N\u00f5ustamist organisatsioone oma tegevusi\/taotlusi tugevamalt siduma kestliku arengu eesm\u00e4rkidega ja Eesti arengukoost\u00f6\u00f6 eesm\u00e4rkidega.<\/span><\/li>\n<li><span style=\"font-weight: 400;\"> Koolitust, kuidas prioritiseerida organisastsiooni tegevusi koosk\u00f5las arengukoost\u00f6\u00f6 eesm\u00e4rkidega.\u00a0<\/span><\/li>\n<\/ul>\n<p><span style=\"font-weight: 400;\">K<\/span><span style=\"font-weight: 400;\">oolituse l\u00e4bimisel teab n\u00f5ustatav kestliku arengu eesm\u00e4rke ja oskab oma organisatsiooni panuste nendega seostada. N\u00f5ustatav teab, kuidas kajastada kestliku arengu eesm\u00e4rke rahastustaotlustes ning mil moel olemasolevate ressurssidega optimaalset m\u00f5ju luua. T\u00e4helepanu p\u00f6\u00f6rame saavutatavate eesm\u00e4rkide ja m\u00f5\u00f5detavate tulemuste seadele.\u00a0<\/span><\/p>\n<p><strong>\u00d5piv\u00e4ljundid:\u00a0<\/strong><\/p>\n<ul>\n<li><span style=\"font-weight: 400;\"> Kestliku arengu eesm\u00e4rgid \u2013 nt kuidas antud projekt\/tegevus toetab j\u00f5udmist sihtriigi v\u00f5i doonorriigi erinevate kestliku arengu eesm\u00e4rkideni.<\/span><\/li>\n<li><span style=\"font-weight: 400;\"> Sooline v\u00f5rd\u00f5iguslikkus \u2013 nt kuidas tagada marginaliseeritud \u00fchiskonna liikmetele ligip\u00e4\u00e4s projektile\/tegevusele.<\/span><\/li>\n<li><span style=\"font-weight: 400;\"> Hea valitsemistava \u2013 nt kuidas rakendada head valitsemistava autoritaarsetes riikides.\u00a0<\/span><\/li>\n<li><span style=\"font-weight: 400;\"> \u00d5igustep\u00f5hine l\u00e4henemine \u2013 nt kuidas laiendada projekti sihtr\u00fchma liikmete juurdep\u00e4\u00e4su oma p\u00f5hi\u00f5igustele (nt \u00f5igus omandada haridus).\u00a0<\/span><\/li>\n<li><span style=\"font-weight: 400;\"> Partnerriigi omalus \u2013 nt tagada sihtr\u00fchma ligip\u00e4\u00e4s projekti planeerimise ja elluviimise juures, et tagada tegevuse j\u00e4tkusuutlikus.\u00a0<\/span><\/li>\n<li><span style=\"font-weight: 400;\"> Keskkonna s\u00e4\u00e4stlikus \u2013 nt kuidas v\u00e4hendada projekti\/tegevuse s\u00fcsiniku jalaj\u00e4lge.\u00a0<\/span><\/li>\n<\/ul>\n<p><span style=\"font-weight: 400;\">Lisaks \u00fcldistele v\u00e4\u00e4rtustele arengukoost\u00f6\u00f6s pakume teadmisi n\u00e4iteks tervishoiu, hariduse, kodaniku\u00fchiskonna v\u00f5imestamise, jt valdkonna spetsiifiliste eesm\u00e4rkide osas. K\u00e4sitleme mentorluse ja\/v\u00f5i koolituse k\u00e4igus nii Eesti kui ka rahvusvahelisi n\u00e4iteid, mis v\u00f5ivad tulla ka osalejatelt endilt.\u00a0<\/span><\/p>\n<p><span style=\"font-weight: 400;\">Kajastame konsultatsiooni kaudu k\u00f5iki t\u00e4htsamaid arengukoost\u00f6\u00f6 aluseid (Euroopa Arengukonsensus, Pariisi deklaratsioon, Addis Ababa Tegevuskava, jm) ning nende eesm\u00e4rke, et taotlusvoorudes osalevad projektid oleksid kantud arengukoost\u00f6\u00f6 alustest ja v\u00e4\u00e4rtustest. Nendest printsiipidest l\u00e4htudes on arengukoost\u00f6\u00f6d elluviivad organisatsioonid teadlikumad ning nende projektid m\u00f5jusamad.\u00a0<\/span><\/p>\n<h3>Metoodika<\/h3>\n<ul>\n<li><span style=\"font-weight: 400;\"> V\u00f5imalike n\u00f5ustamisformaate on kaks: 1) koolitusp\u00e4ev grupiga \u2013 aktiivset osalust eeldav infop\u00e4ev tutvustamaks m\u00f5jusat, kestliku arengu eesm\u00e4rke toetavat arengukoost\u00f6\u00f6d ja selle printsiipe; 2) \u00fcks-\u00fchele konsultatsioon projekti rahastuse taotlejatele\u00a0<\/span><\/li>\n<li><span style=\"font-weight: 400;\"> Eraldi konsultatsioonid nii rahastajatele kui ka rahastavatele.\u00a0<\/span><\/li>\n<li><span style=\"font-weight: 400;\"> Maht: Grupile \u2013 terve 1-p\u00e4evane koolitus (8 AT); individuaalsed konsultatsioonid \u2013 kuni 2+2 AT koos konkreetse projektitaotluse aruteluga.\u00a0<\/span><\/li>\n<li><span style=\"font-weight: 400;\"> Kestvus \u2013 konsultatsioon peab olema l\u00e4bitud enne projekti algust\u00e4htaega\u00a0<\/span><\/li>\n<li><span style=\"font-weight: 400;\"> L\u00e4biviijad \u2013 1-2 AK\u00dc t\u00f6\u00f6tajat + vajadusel temaatiline ekspert\u00a0<\/span><\/li>\n<li><span style=\"font-weight: 400;\"> Materjalid \u2013 presentatsioon, juhtumid\/n\u00e4ited edukatest projektidest; harjutused oma organisatsiooni tegevusvaldkonna seostamiseks a) kestliku arengu eesm\u00e4rkidega ja b) arengukoost\u00f6\u00f6\/ juba planeeritava arengukoost\u00f6\u00f6 projektiga; koostame eraldi konsultatsiooni kava vastavalt vajadusele ja temaatikale\u00a0<\/span><\/li>\n<\/ul>\n<h3 style=\"text-align: center;\">M\u00f5ju<\/h3>\n<p><span style=\"font-weight: 400;\">Teenus arendab arengukoost\u00f6\u00f6 rahastajate v\u00f5imekust taotlusvoorude eesm\u00e4rgistamisel ja hindamiskriteeriumite seadmisel. Arengurahastuse pakkujate kommunikatsiooni v\u00f5imekus kestliku arengu eesm\u00e4rkide osas suureneb. Samuti suureneb rahastajate argumenteerimisoskus projektitaotuste hindamisel ning paraneb hindamiskoosolekute kvaliteet.<\/span><\/p>\n<p><span style=\"font-weight: 400;\">Teenus annab arengukoost\u00f6\u00f6 tegijatele teadmised ja oskused a) kestliku arengu eesm\u00e4rkide m\u00f5testamiseks ja nendesse panustamiseks; b) oma organisatsiooni arengukoost\u00f6\u00f6ga seotud strateegia osa koostamiseks; c) rahastustaotluste konkurentsis edukate ja sihtriigis m\u00f5justate projektide koostamiseks.<\/span><\/p>\n<p><span style=\"font-weight: 400;\">Teenus arendab organisatsioonide v\u00f5imekust, mist\u00f5ttu suureneb ka Eesti panus ja m\u00f5ju arengukoost\u00f6\u00f6s. Arengukoost\u00f6\u00f6 elluviijate paremad teadmised (sh aruandlus) ja oskused seoses kestliku arengu eesm\u00e4rkidega on eelduseks V\u00e4lisministeeriumi m\u00f5ju hindamise s\u00fcsteemile ning kasvatab Eesti mainet ja v\u00f5imekust arengukoost\u00f6\u00f6d ellu viia.<\/span><\/p>\n<p>Kontakt: Susanna Veevo, susanna@terveilm.ee<\/p>\n","protected":false},"excerpt":{"rendered":"<p>T\u00f5stmaks arengukoost\u00f6\u00f6 tulemuslikkust ja n\u00e4htavust seoses kestliku arengu eesm\u00e4rkide saavutamisega (sh arengukoost\u00f6\u00f6 horisontaalsed arengueesm\u00e4rgid), pakub Arengukoost\u00f6\u00f6 \u00dcmarlaud alates s\u00fcgisest 2019&#8230;<\/p>\n","protected":false},"author":32,"featured_media":0,"parent":0,"menu_order":0,"comment_status":"closed","ping_status":"closed","template":"template-kc-article.php","meta":{"_acf_changed":false,"footnotes":""},"categories":[41],"class_list":["post-10919","page","type-page","status-publish","hentry","category-teabekeskus"],"acf":[],"_links":{"self":[{"href":"https:\/\/www.terveilm.ee\/leht\/wp-json\/wp\/v2\/pages\/10919","targetHints":{"allow":["GET"]}}],"collection":[{"href":"https:\/\/www.terveilm.ee\/leht\/wp-json\/wp\/v2\/pages"}],"about":[{"href":"https:\/\/www.terveilm.ee\/leht\/wp-json\/wp\/v2\/types\/page"}],"author":[{"embeddable":true,"href":"https:\/\/www.terveilm.ee\/leht\/wp-json\/wp\/v2\/users\/32"}],"replies":[{"embeddable":true,"href":"https:\/\/www.terveilm.ee\/leht\/wp-json\/wp\/v2\/comments?post=10919"}],"version-history":[{"count":5,"href":"https:\/\/www.terveilm.ee\/leht\/wp-json\/wp\/v2\/pages\/10919\/revisions"}],"predecessor-version":[{"id":11414,"href":"https:\/\/www.terveilm.ee\/leht\/wp-json\/wp\/v2\/pages\/10919\/revisions\/11414"}],"wp:attachment":[{"href":"https:\/\/www.terveilm.ee\/leht\/wp-json\/wp\/v2\/media?parent=10919"}],"wp:term":[{"taxonomy":"category","embeddable":true,"href":"https:\/\/www.terveilm.ee\/leht\/wp-json\/wp\/v2\/categories?post=10919"}],"curies":[{"name":"wp","href":"https:\/\/api.w.org\/{rel}","templated":true}]}}