{"id":11266,"date":"2019-12-15T17:04:37","date_gmt":"2019-12-15T15:04:37","guid":{"rendered":"http:\/\/www.terveilm.ee\/leht\/?page_id=11266"},"modified":"2019-12-15T17:54:49","modified_gmt":"2019-12-15T15:54:49","slug":"huvikaitsekoolitused-kohalikul-tasandil-kuidas-end-kuuldavaks-teha","status":"publish","type":"page","link":"https:\/\/www.terveilm.ee\/leht\/teabekeskuse-teemad\/teadlikkuse-tostmine\/huvikaitsekoolitused-kohalikul-tasandil-kuidas-end-kuuldavaks-teha\/","title":{"rendered":"Huvikaitsekoolitused kohalikul tasandil &#8211; Kuidas end kuuldavaks teha?"},"content":{"rendered":"<p>&nbsp;<\/p>\n<p><span style=\"font-weight: 400;\">Pakume huvikaitsekoolitusi kohalikele\u00a0<\/span><span style=\"font-weight: 400;\">s\u00e4deinimestele, vaba\u00fchendustele, omavalitsuste t\u00f6\u00f6tajatele ja kohalikele ettev\u00f5tjatele. Koolituse k\u00e4igus saavad osalejad konkreetsed oskused ja t\u00f6\u00f6riistad, kuidas viia enda s\u00f5num otsustajateni, milliste sihtr\u00fchmadega ja kuidas huvikaitset tehes r\u00e4\u00e4kida.<\/span><\/p>\n<p><span style=\"font-weight: 400;\">Kohalikud vaba\u00fchendused on erakordselt olulised &#8211; nad p\u00fc\u00fcavad koos hoida\u00a0 kogukondi, v\u00e4hendada ebav\u00f5rdsust, toetada kultuuri ja hoida loodust. Vaatamata pingutustele ei muutu tihti aga kogukondlik olukord nii kiiresti kui soovitakse, sest tundub, et poliitikakujundajate ja otsustajate tegevused ei aita arengule kaasa, v\u00f5i veel hullem &#8211; t\u00f6\u00f6tavad eesm\u00e4rgile vastu.<\/span><\/p>\n<p>&nbsp;<\/p>\n<p><span style=\"font-weight: 400;\">Koolitusel anname vastuseid k\u00fcsimustele:<\/span><\/p>\n<p><span style=\"font-weight: 400;\">&#x261d;&#xfe0f; Kas eraisik, vaba\u00fchendus v\u00f5i ettev\u00f5te saab m\u00f5jutada kohaliku omavalitsuse v\u00f5i lausa riigi tegevusi?<\/span><\/p>\n<p><span style=\"font-weight: 400;\">&#x261d;&#xfe0f; Kuidas muuta enda s\u00f5numid v\u00f5imalikult m\u00f5jusaks?<\/span><\/p>\n<p><span style=\"font-weight: 400;\">&#x261d;&#xfe0f; Millises j\u00e4rjekorras ja mida tegema hakata?<\/span><\/p>\n<p><span style=\"font-weight: 400;\">&#x261d;&#xfe0f; Kas meedia on liitlane v\u00f5i vaenlane? Mis on parimad viisid meediaga suhtlemiseks?<\/span><\/p>\n<p><span style=\"font-weight: 400;\">&#x261d;&#xfe0f; Mis olukorras aitavad kampaaniad, v\u00f5rgustikud, algatused?<\/span><\/p>\n<p><span style=\"font-weight: 400;\">&#x261d;&#xfe0f; Kust abi k\u00fcsida?<\/span><\/p>\n<p>&nbsp;<\/p>\n<p>Koolituse telimiseks v\u00f5i lisainfo saamiseks v\u00f5ta \u00fchendust agne@terveilm.ee.<\/p>\n<p>Koolitusprogrammi v\u00e4ljat\u00f6\u00f6tamist toetas Kodaniku\u00fchiskonna Sihtkapital. Suur ait\u00e4h!<\/p>\n","protected":false},"excerpt":{"rendered":"<p>&nbsp; Pakume huvikaitsekoolitusi kohalikele\u00a0s\u00e4deinimestele, vaba\u00fchendustele, omavalitsuste t\u00f6\u00f6tajatele ja kohalikele ettev\u00f5tjatele. Koolituse k\u00e4igus saavad osalejad konkreetsed oskused ja t\u00f6\u00f6riistad, kuidas viia&#8230;<\/p>\n","protected":false},"author":32,"featured_media":0,"parent":9046,"menu_order":0,"comment_status":"closed","ping_status":"closed","template":"template-kc-article.php","meta":{"_acf_changed":false,"footnotes":""},"categories":[41],"class_list":["post-11266","page","type-page","status-publish","hentry","category-teabekeskus"],"acf":[],"_links":{"self":[{"href":"https:\/\/www.terveilm.ee\/leht\/wp-json\/wp\/v2\/pages\/11266","targetHints":{"allow":["GET"]}}],"collection":[{"href":"https:\/\/www.terveilm.ee\/leht\/wp-json\/wp\/v2\/pages"}],"about":[{"href":"https:\/\/www.terveilm.ee\/leht\/wp-json\/wp\/v2\/types\/page"}],"author":[{"embeddable":true,"href":"https:\/\/www.terveilm.ee\/leht\/wp-json\/wp\/v2\/users\/32"}],"replies":[{"embeddable":true,"href":"https:\/\/www.terveilm.ee\/leht\/wp-json\/wp\/v2\/comments?post=11266"}],"version-history":[{"count":4,"href":"https:\/\/www.terveilm.ee\/leht\/wp-json\/wp\/v2\/pages\/11266\/revisions"}],"predecessor-version":[{"id":11270,"href":"https:\/\/www.terveilm.ee\/leht\/wp-json\/wp\/v2\/pages\/11266\/revisions\/11270"}],"up":[{"embeddable":true,"href":"https:\/\/www.terveilm.ee\/leht\/wp-json\/wp\/v2\/pages\/9046"}],"wp:attachment":[{"href":"https:\/\/www.terveilm.ee\/leht\/wp-json\/wp\/v2\/media?parent=11266"}],"wp:term":[{"taxonomy":"category","embeddable":true,"href":"https:\/\/www.terveilm.ee\/leht\/wp-json\/wp\/v2\/categories?post=11266"}],"curies":[{"name":"wp","href":"https:\/\/api.w.org\/{rel}","templated":true}]}}