{"id":12,"date":"2015-09-18T11:24:38","date_gmt":"2015-09-18T11:24:38","guid":{"rendered":"http:\/\/www.terveilm.ee\/glen\/"},"modified":"2019-01-02T14:00:55","modified_gmt":"2019-01-02T12:00:55","slug":"glen","status":"publish","type":"page","link":"https:\/\/www.terveilm.ee\/leht\/teabekeskuse-teemad\/teadlikkuse-tostmine\/glen\/","title":{"rendered":"GLEN"},"content":{"rendered":"<p><img loading=\"lazy\" decoding=\"async\" class=\"wp-image-196 aligncenter\" src=\"http:\/\/www.terveilm.ee\/wp-content\/uploads\/2015\/09\/GLEN-logo-150x150.jpg\" alt=\"\" width=\"80\" height=\"80\" \/><\/p>\n<p>&nbsp;<\/p>\n<p style=\"text-align: center;\"><strong>Alates 2019. aastast AK\u00dc enam GLEN projektis ei osale ning GLEN vabatahtlikke arenguriikidesse ei saada.<\/strong><\/p>\n<p>GLEN projekti vedas AK\u00dc aastatel 2004-2018, mil saatsime igal aastal laia maailma 5-10 Eesti vabatahtlikku. Eesti noored osalesid arenguprojektides Ghanas, Gruusias, Indias, Kambod\u017eas, Kamerunis, Nepalis, Tais, Keenias, L\u00f5una-Aafrika Vabariigis, Malawis, Sambias, Tansaanias, Ugandas, Etioopias, Myanmaris, Tad\u017eikistanis ja teistes riikides. 15 aasta jooksul k\u00e4is GLENi projektidega v\u00e4lismaal \u00fcle 70 eestlase.\u00a0Oma kirevaid elamusi, t\u00e4helepanekuid ning v\u00f5\u00f5rsil kogetud eluolu on GLEN vabatahtlikud jaganud laiemale avalikkusele foton\u00e4ituste, loengute, artiklite ja intervjuude vahendusel. GLEN osalejatelt on ilmunud raamat, film ja audioraamat.<\/p>\n<p>GLEN Eesti projekti eesm\u00e4rk oli kasutada osalejate isiklikku t\u00f6\u00f6kogemust inspiratsiooniallikana arengukoost\u00f6\u00f6 ja maailmahariduse edendamiseks Eestis.\u00a0 Maailmahariduslik koolitus- ja praktikaprojekt h\u00f5lmas ettevalmistuskoolitust, kolmekuulist t\u00f6\u00f6d m\u00f5nes Aafrika, Aasia v\u00f5i Ida-Euroopa riigis ning teavitust\u00f6\u00f6d ja maailmahariduse edendamist kodumaal.<\/p>\n<p>GLEN programmi aitasid rahastada Eesti V\u00e4lisministeerium arengukoost\u00f6\u00f6- ja humanitaarabi vahenditest ning\u00a0Saksamaa organisatsioon ENGAGEMENT GLOBAL gGmbH.<\/p>\n<p><strong>2017 GLENide blogid:<\/strong><\/p>\n<p>Kaidi Kori, <a href=\"https:\/\/mistoimubindias.blogspot.in\/\" target=\"_blank\" rel=\"noopener\">India<\/a><\/p>\n<p>Egert R\u00fcnne,<a href=\"https:\/\/humanrights.ee\/hiplife-kolm-kuud-ghanas\/\" target=\"_blank\" rel=\"noopener\"> Ghana<\/a><\/p>\n<p>Eva-Liis Ivask, <a href=\"https:\/\/kamerunis.wordpress.com\/\" target=\"_blank\" rel=\"noopener\">Kamerun<\/a><\/p>\n<p>Kairi Kuusemaa, <a href=\"https:\/\/kairikuu.blogspot.it\/\" target=\"_blank\" rel=\"noopener\">Uganda<\/a><\/p>\n<p>Carina-Claudia Paas, <a href=\"https:\/\/kameleuun.wordpress.com\" target=\"_blank\" rel=\"noopener\">Kamerunis<\/a><\/p>\n<p>Liis Kivila, <a href=\"http:\/\/gruusiateekond.blogspot.com\/\" target=\"_blank\" rel=\"noopener\">Gruusia<\/a><\/p>\n<p>Triina Teder, <a href=\"https:\/\/pilknepali.wordpress.com\/\" target=\"_blank\" rel=\"noopener\">Nepal<\/a><\/p>\n<p><strong><br \/>\n2016 GLENide blogid:<\/strong><\/p>\n<p>Maia Klaassen, <a href=\"http:\/\/4dimensioon.org\/category\/maia-kamerunis\/\">Kamerun<\/a><\/p>\n<p>Irina Evseeva, <a href=\"https:\/\/www.instagram.com\/iramzungu\/\">Tansaania<\/a><\/p>\n<p>Johanna Liblik, <a href=\"http:\/\/elunepalis.tumblr.com\/\">Nepal<\/a><\/p>\n<p>Kristiina Roosild, <a href=\"http:\/\/kristiinaroosild.wixsite.com\/thebigunknown\">Gruusia<\/a><\/p>\n<p>Mari Saar,<a href=\"http:\/\/lifeinmines.blogspot.com.ee\/\" target=\"_blank\" rel=\"noopener\"> Ghana<\/a><\/p>\n<p>&nbsp;<\/p>\n<p><strong>2015 GLENide blogid:<\/strong><\/p>\n<p>Triinu Tamm, <a href=\"https:\/\/maailmatipus.wordpress.com\/\">Nepal<\/a><\/p>\n<p>Mattias Nurk, <a href=\"http:\/\/mattiaskamerunis.blogspot.com\/\">Kamerun<\/a><\/p>\n<p>Kaidi Pilemann, <a href=\"http:\/\/avastamalawit.blogspot.com\/\">Malawi<\/a><\/p>\n<p>Sandra Sutting, <a href=\"http:\/\/sandrakeenias.wordpress.com\/\">Keenia<\/a><\/p>\n<p>Markus Vihma, <a href=\"https:\/\/kyllonkynklik.wordpress.com\/\">India<\/a><\/p>\n<p>Meriliis Kotkas, <a href=\"https:\/\/looduskutsub.wordpress.com\/\">Gruusia<\/a><\/p>\n<p>Signe Kangur, <a href=\"http:\/\/ukrainasuhkur.weebly.com\/\">Ukraina<\/a><\/p>\n<p>Robert Sikk, <a href=\"http:\/\/www.kamerun.vulkanodesign.com\/\">Kamerun<\/a><\/p>\n<p>Anne-Liis Leht, <a href=\"https:\/\/kuldrannik.wordpress.com\/\">Ghana<\/a><\/p>\n<p>&nbsp;<\/p>\n<div>\n<article>\n<article>\n<article>\n<article><strong><strong>2014 GLENide blogid:<br \/>\n<\/strong><\/strong>\u00a0<\/article>\n<article><\/article>\n<article><\/article>\n<article><\/article>\n<article><\/article>\n<article><\/article>\n<article>Arno Lauk, <a href=\"http:\/\/kameruunia.blogspot.com\/\">Kamerun<\/a><\/article>\n<article>Kristiina-Maria Ploom, <a href=\"https:\/\/hobusepiimajoogimaal.wordpress.com\/\">K\u00f5rg\u00f5zstan<\/a><\/article>\n<article><\/article>\n<article><\/article>\n<article><\/article>\n<article><\/article>\n<article><\/article>\n<article><\/article>\n<article><\/article>\n<article><\/article>\n<article><\/article>\n<article><\/article>\n<article>Monika Lust, <a href=\"https:\/\/kohtumisedindias.wordpress.com\/\">India<\/a><\/article>\n<article><\/article>\n<article><\/article>\n<article><\/article>\n<article><\/article>\n<article><\/article>\n<article>Marek Merisalu, <a href=\"https:\/\/malaavimailaav.wordpress.com\/\">Malawi<\/a><\/article>\n<article><\/article>\n<article><\/article>\n<article><\/article>\n<article><\/article>\n<article><\/article>\n<article>Katrina Sokk, <a href=\"https:\/\/seitsmemaejameretaga.wordpress.com\/\">Tad\u017eikistan<\/a><\/article>\n<article><\/article>\n<article><\/article>\n<article><\/article>\n<article><\/article>\n<article><\/article>\n<article>Merle Lust, <a href=\"https:\/\/azelu.wordpress.com\/\">Aserbaid\u017eaan<\/a><\/article>\n<article><\/article>\n<article><\/article>\n<article><\/article>\n<article><\/article>\n<article><\/article>\n<article>Katre-Helena K\u00e4ppa, <a href=\"https:\/\/inshianda.wordpress.com\/\">Keenia<\/a><\/article>\n<article><\/article>\n<article><\/article>\n<article><\/article>\n<article><\/article>\n<article><\/article>\n<article>Johannes Sats, <a href=\"http:\/\/kamerunis.blogspot.com\/\">Kamerun<\/a><\/article>\n<article><\/article>\n<article><\/article>\n<article><\/article>\n<article><\/article>\n<article><\/article>\n<article>Maksim Galanin, <a href=\"http:\/\/globestroller.livejournal.com\/\">Birma\/Myanmar<\/a><\/article>\n<article>Taavet Tomberg, <a href=\"https:\/\/taafrica.wordpress.com\/\">Etioopia<\/a><\/article>\n<article><\/article>\n<article><\/article>\n<article><\/article>\n<article><\/article>\n<article><\/article>\n<article><\/article>\n<article><\/article>\n<\/article>\n<\/article>\n<\/article>\n<p>&nbsp;<\/p>\n<p><strong>2013 GLENide blogid:<\/strong><\/p>\n<p>Anniken Haldna, <a href=\"http:\/\/99paeva.blogspot.com\/\">Kamerun<\/a><\/p>\n<p>Martin Tuul, <a href=\"http:\/\/taganttuul.wordpress.com\/\">Ghana<\/a><\/p>\n<p>Katariina Rebane, <a href=\"http:\/\/rannak.blogspot.com\/\">Etioopia<\/a><\/p>\n<p>Kadri Kakkum, <a href=\"http:\/\/mistoimubmalawis.wordpress.com\/\">Malawi<\/a><\/p>\n<p>Annmari Eesp\u00e4ev, <a href=\"http:\/\/keniaalne-elu.blogspot.fi\/\">Keenia<\/a><\/p>\n<p>Jaak Ilomets, <a href=\"http:\/\/shekis.wordpress.com\/\">Azerbaijan<\/a><\/p>\n<\/div>\n","protected":false},"excerpt":{"rendered":"<p>&nbsp; Alates 2019. aastast AK\u00dc enam GLEN projektis ei osale ning GLEN vabatahtlikke arenguriikidesse ei saada. GLEN projekti vedas AK\u00dc&#8230;<\/p>\n","protected":false},"author":32,"featured_media":0,"parent":9046,"menu_order":6,"comment_status":"closed","ping_status":"closed","template":"template-kc-article.php","meta":{"_acf_changed":false,"footnotes":""},"categories":[41],"class_list":["post-12","page","type-page","status-publish","hentry","category-teabekeskus"],"acf":[],"_links":{"self":[{"href":"https:\/\/www.terveilm.ee\/leht\/wp-json\/wp\/v2\/pages\/12","targetHints":{"allow":["GET"]}}],"collection":[{"href":"https:\/\/www.terveilm.ee\/leht\/wp-json\/wp\/v2\/pages"}],"about":[{"href":"https:\/\/www.terveilm.ee\/leht\/wp-json\/wp\/v2\/types\/page"}],"author":[{"embeddable":true,"href":"https:\/\/www.terveilm.ee\/leht\/wp-json\/wp\/v2\/users\/32"}],"replies":[{"embeddable":true,"href":"https:\/\/www.terveilm.ee\/leht\/wp-json\/wp\/v2\/comments?post=12"}],"version-history":[{"count":5,"href":"https:\/\/www.terveilm.ee\/leht\/wp-json\/wp\/v2\/pages\/12\/revisions"}],"predecessor-version":[{"id":10378,"href":"https:\/\/www.terveilm.ee\/leht\/wp-json\/wp\/v2\/pages\/12\/revisions\/10378"}],"up":[{"embeddable":true,"href":"https:\/\/www.terveilm.ee\/leht\/wp-json\/wp\/v2\/pages\/9046"}],"wp:attachment":[{"href":"https:\/\/www.terveilm.ee\/leht\/wp-json\/wp\/v2\/media?parent=12"}],"wp:term":[{"taxonomy":"category","embeddable":true,"href":"https:\/\/www.terveilm.ee\/leht\/wp-json\/wp\/v2\/categories?post=12"}],"curies":[{"name":"wp","href":"https:\/\/api.w.org\/{rel}","templated":true}]}}