{"id":12335,"date":"2018-02-27T00:21:52","date_gmt":"2018-02-26T22:21:52","guid":{"rendered":"https:\/\/www.terveilm.ee\/leht\/?page_id=12335"},"modified":"2025-06-07T15:57:06","modified_gmt":"2025-06-07T12:57:06","slug":"kontakt","status":"publish","type":"page","link":"https:\/\/www.terveilm.ee\/leht\/about-us\/kontakt\/?lang=en","title":{"rendered":"Contacts"},"content":{"rendered":"<p>MT\u00dc Arengukoost\u00f6\u00f6 \u00dcmarlaud (AK\u00dc)<br>Telliskivi loomelinnak, Telliskivi 60a\/3 (3. korrus), 10412 Tallinn<\/p>\n<p>reg. kood 80247016<br>a\/a EE537700771004376917<\/p>\n\n\n<p><\/p>\n","protected":false},"excerpt":{"rendered":"<p>MT\u00dc Arengukoost\u00f6\u00f6 \u00dcmarlaud (AK\u00dc)Telliskivi loomelinnak, Telliskivi 60a\/3 (3. korrus), 10412 Tallinn reg. kood 80247016a\/a EE537700771004376917<\/p>\n","protected":false},"author":17,"featured_media":0,"parent":12168,"menu_order":0,"comment_status":"closed","ping_status":"closed","template":"template-about-contact.php","meta":{"_acf_changed":false,"footnotes":""},"categories":[],"class_list":["post-12335","page","type-page","status-publish","hentry"],"acf":[],"_links":{"self":[{"href":"https:\/\/www.terveilm.ee\/leht\/wp-json\/wp\/v2\/pages\/12335","targetHints":{"allow":["GET"]}}],"collection":[{"href":"https:\/\/www.terveilm.ee\/leht\/wp-json\/wp\/v2\/pages"}],"about":[{"href":"https:\/\/www.terveilm.ee\/leht\/wp-json\/wp\/v2\/types\/page"}],"author":[{"embeddable":true,"href":"https:\/\/www.terveilm.ee\/leht\/wp-json\/wp\/v2\/users\/17"}],"replies":[{"embeddable":true,"href":"https:\/\/www.terveilm.ee\/leht\/wp-json\/wp\/v2\/comments?post=12335"}],"version-history":[{"count":5,"href":"https:\/\/www.terveilm.ee\/leht\/wp-json\/wp\/v2\/pages\/12335\/revisions"}],"predecessor-version":[{"id":15632,"href":"https:\/\/www.terveilm.ee\/leht\/wp-json\/wp\/v2\/pages\/12335\/revisions\/15632"}],"up":[{"embeddable":true,"href":"https:\/\/www.terveilm.ee\/leht\/wp-json\/wp\/v2\/pages\/12168"}],"wp:attachment":[{"href":"https:\/\/www.terveilm.ee\/leht\/wp-json\/wp\/v2\/media?parent=12335"}],"wp:term":[{"taxonomy":"category","embeddable":true,"href":"https:\/\/www.terveilm.ee\/leht\/wp-json\/wp\/v2\/categories?post=12335"}],"curies":[{"name":"wp","href":"https:\/\/api.w.org\/{rel}","templated":true}]}}