{"id":12668,"date":"2021-04-26T16:23:55","date_gmt":"2021-04-26T13:23:55","guid":{"rendered":"https:\/\/www.terveilm.ee\/leht\/?page_id=12668"},"modified":"2021-05-06T12:04:38","modified_gmt":"2021-05-06T09:04:38","slug":"rohenugimine","status":"publish","type":"page","link":"https:\/\/www.terveilm.ee\/leht\/teabekeskuse-teemad\/rohenugimine\/","title":{"rendered":"Rohen\u00fcgimine"},"content":{"rendered":"\n<h1 class=\"wp-block-heading\">Projektist<\/h1>\n\n\n\n<p>Eesti keskkonnasammude kiirendamine kestliku arengu kohalikule tasandile viimisega keskkonna\u00fchenduste koost\u00f6\u00f6s<\/p>\n\n\n\n<p>Eestis ei tee keskkonna\u00fchendused piisavalt ega m\u00f5jusalt koost\u00f6\u00f6d, mist\u00f5ttu ei kiirusta ka Eesti valitsus keskkonnakriiside leevendamise ja&nbsp; rohep\u00f6\u00f6rdega. Eesti kohalikes omavalitsustes pole kestliku arengu eesm\u00e4rgid veel teadvustatud ega nende t\u00e4itmine s\u00fcsteemselt koordineeritud. Ometi n\u00e4hakse Euroopas ja teistes maailmaosades, et kohalikul tasandil saab vajalikud muutused ellu viia kiiremini ja tulemuslikumalt kui riigi tasandil v\u00f5i riikide koost\u00f6\u00f6s.&nbsp;&nbsp;<\/p>\n\n\n\n<p><strong>Projekti \u00fcldine eesm\u00e4rk on kiirendada Eesti liikumist kestliku riigi suunas.<\/strong>&nbsp;Selleks loome&nbsp; olemasolevatest keskkonnateadmistest tervikpildi, viime kestliku arengu teemad kohalike valimiste aastal omavalitsusteni ja toetame teadlike keskkonnategude \u00e4rategemist kohalikul tasandil. Projektiga loome tingimused keskkonna\u00fchenduste s\u00fcvendatud koost\u00f6\u00f6ks ja keskkonnasoovituste elluviimiseks kuues omavalitsuses 2021. ja 2022. aastal.<\/p>\n\n\n\n<p>Aktiivsete Kodanike Fondi toetusi vahendab Avatud Eesti Fond koost\u00f6\u00f6s Vaba\u00fchenduste Liiduga.<\/p>\n\n\n\n<div class=\"wp-block-columns are-vertically-aligned-top is-layout-flex wp-container-core-columns-is-layout-9d6595d7 wp-block-columns-is-layout-flex\">\n<div class=\"wp-block-column is-vertically-aligned-top is-layout-flow wp-block-column-is-layout-flow\" style=\"flex-basis:100%\">\n<div class=\"wp-block-group\"><div class=\"wp-block-group__inner-container is-layout-flow wp-block-group-is-layout-flow\">\n<div class=\"wp-block-columns is-layout-flex wp-container-core-columns-is-layout-9d6595d7 wp-block-columns-is-layout-flex\">\n<div class=\"wp-block-column is-layout-flow wp-block-column-is-layout-flow\" style=\"flex-basis:100%\">\n<figure class=\"wp-block-image size-large\"><a href=\"https:\/\/www.terveilm.ee\/leht\/wp-content\/uploads\/2021\/04\/Active-citizens-fund@4x.png\"><img loading=\"lazy\" decoding=\"async\" width=\"1024\" height=\"359\" src=\"https:\/\/www.terveilm.ee\/leht\/wp-content\/uploads\/2021\/04\/Active-citizens-fund@4x-1024x359.png\" alt=\"\" class=\"wp-image-12658\" srcset=\"https:\/\/www.terveilm.ee\/leht\/wp-content\/uploads\/2021\/04\/Active-citizens-fund@4x-1024x359.png 1024w, https:\/\/www.terveilm.ee\/leht\/wp-content\/uploads\/2021\/04\/Active-citizens-fund@4x-300x105.png 300w, https:\/\/www.terveilm.ee\/leht\/wp-content\/uploads\/2021\/04\/Active-citizens-fund@4x-768x270.png 768w, https:\/\/www.terveilm.ee\/leht\/wp-content\/uploads\/2021\/04\/Active-citizens-fund@4x-1536x539.png 1536w, https:\/\/www.terveilm.ee\/leht\/wp-content\/uploads\/2021\/04\/Active-citizens-fund@4x-2048x719.png 2048w\" sizes=\"auto, (max-width: 1024px) 100vw, 1024px\" \/><\/a><\/figure>\n<\/div>\n<\/div>\n<\/div><\/div>\n<\/div>\n<\/div>\n\n\n\n<figure class=\"wp-block-gallery columns-2 wp-block-gallery-1 is-layout-flex wp-block-gallery-is-layout-flex\"><ul class=\"blocks-gallery-grid\"><li class=\"blocks-gallery-item\"><figure><a href=\"https:\/\/www.terveilm.ee\/leht\/wp-content\/uploads\/2021\/04\/AEF_logo__1_-e1620291423759.jpg\"><img loading=\"lazy\" decoding=\"async\" width=\"300\" height=\"78\" src=\"https:\/\/www.terveilm.ee\/leht\/wp-content\/uploads\/2021\/04\/AEF_logo__1_-300x78.jpg\" alt=\"\" data-id=\"12656\" data-full-url=\"https:\/\/www.terveilm.ee\/leht\/wp-content\/uploads\/2021\/04\/AEF_logo__1_-e1620291423759.jpg\" data-link=\"https:\/\/www.terveilm.ee\/leht\/teabekeskuse-teemad\/rohenugimine\/acf-projektist\/aef_logo__1_\/\" class=\"wp-image-12656\"\/><\/a><\/figure><\/li><li class=\"blocks-gallery-item\"><figure><a href=\"https:\/\/www.terveilm.ee\/leht\/wp-content\/uploads\/2021\/04\/vabauhenduste-liidu-logo-800-e1620291326991.png\"><img loading=\"lazy\" decoding=\"async\" width=\"300\" height=\"217\" src=\"https:\/\/www.terveilm.ee\/leht\/wp-content\/uploads\/2021\/04\/vabauhenduste-liidu-logo-800-300x217.png\" alt=\"\" data-id=\"12654\" data-full-url=\"https:\/\/www.terveilm.ee\/leht\/wp-content\/uploads\/2021\/04\/vabauhenduste-liidu-logo-800-e1620291326991.png\" data-link=\"https:\/\/www.terveilm.ee\/leht\/teabekeskuse-teemad\/rohenugimine\/acf-projektist\/vabauhenduste-liidu-logo-800\/\" class=\"wp-image-12654\"\/><\/a><\/figure><\/li><\/ul><\/figure>\n\n\n\n<figure class=\"wp-block-gallery columns-0 is-cropped wp-block-gallery-2 is-layout-flex wp-block-gallery-is-layout-flex\"><ul class=\"blocks-gallery-grid\"><\/ul><\/figure>\n\n\n\n<iframe loading=\"lazy\" width=\"100%\" height=\"800\" src=\"https:\/\/okee.ee\/keskkonnauhenduste-soovitused-omavalitsustele\"><\/iframe>\n","protected":false},"excerpt":{"rendered":"<p>Projektist Eesti keskkonnasammude kiirendamine kestliku arengu kohalikule tasandile viimisega keskkonna\u00fchenduste koost\u00f6\u00f6s Eestis ei tee keskkonna\u00fchendused piisavalt ega m\u00f5jusalt koost\u00f6\u00f6d, mist\u00f5ttu&#8230;<\/p>\n","protected":false},"author":25,"featured_media":0,"parent":8,"menu_order":2,"comment_status":"closed","ping_status":"closed","template":"template-kc-article.php","meta":{"_acf_changed":false,"footnotes":""},"categories":[41],"class_list":["post-12668","page","type-page","status-publish","hentry","category-teabekeskus"],"acf":[],"_links":{"self":[{"href":"https:\/\/www.terveilm.ee\/leht\/wp-json\/wp\/v2\/pages\/12668","targetHints":{"allow":["GET"]}}],"collection":[{"href":"https:\/\/www.terveilm.ee\/leht\/wp-json\/wp\/v2\/pages"}],"about":[{"href":"https:\/\/www.terveilm.ee\/leht\/wp-json\/wp\/v2\/types\/page"}],"author":[{"embeddable":true,"href":"https:\/\/www.terveilm.ee\/leht\/wp-json\/wp\/v2\/users\/25"}],"replies":[{"embeddable":true,"href":"https:\/\/www.terveilm.ee\/leht\/wp-json\/wp\/v2\/comments?post=12668"}],"version-history":[{"count":5,"href":"https:\/\/www.terveilm.ee\/leht\/wp-json\/wp\/v2\/pages\/12668\/revisions"}],"predecessor-version":[{"id":12737,"href":"https:\/\/www.terveilm.ee\/leht\/wp-json\/wp\/v2\/pages\/12668\/revisions\/12737"}],"up":[{"embeddable":true,"href":"https:\/\/www.terveilm.ee\/leht\/wp-json\/wp\/v2\/pages\/8"}],"wp:attachment":[{"href":"https:\/\/www.terveilm.ee\/leht\/wp-json\/wp\/v2\/media?parent=12668"}],"wp:term":[{"taxonomy":"category","embeddable":true,"href":"https:\/\/www.terveilm.ee\/leht\/wp-json\/wp\/v2\/categories?post=12668"}],"curies":[{"name":"wp","href":"https:\/\/api.w.org\/{rel}","templated":true}]}}