{"id":2,"date":"2015-09-18T10:57:35","date_gmt":"2015-09-18T10:57:35","guid":{"rendered":"http:\/\/www.terveilm.ee\/?page_id=2"},"modified":"2015-09-30T10:13:13","modified_gmt":"2015-09-30T10:13:13","slug":"lissaboni-leping","status":"publish","type":"page","link":"https:\/\/www.terveilm.ee\/leht\/meist\/tegevusalad\/euroopa-liidu-arengukoostoo\/lissaboni-leping\/","title":{"rendered":"Lissaboni leping"},"content":{"rendered":"<p>P\u00e4rast aastak\u00fcmnete pikkuseid s\u00f5du, milles kaotati miljoneid elusid, algas Euroopa Liidu asutamisega uus ajastu, mil Euroopa riigid saavad oma probleeme lahendada dialoogi, mitte relvade abil.<\/p>\n<p>Euroopa Liidu liikmed saavad kasutada hulgaliselt h\u00fcvesid. Praegu kehtivad eeskirjad kavandati siiski palju v\u00e4iksema ELi tarvis, mis ei seisnud silmitsi selliste \u00fclemaailmsete probleemidega nagu kliimamuutus, globaalne majanduslangus ja rahvusvaheline piiri\u00fclene kuritegevus. ELil on v\u00f5imalused ja tahe nendele probleemidele lahendusi otsida, kuid selleks on vaja parandada toimimisviise.<\/p>\n<p>Just see ongi Lissaboni lepingu eesm\u00e4rk: muuta ELi demokraatlikumaks, t\u00f5husamaks ja l\u00e4bipaistvamaks, anda kodanikele ja parlamentidele v\u00f5imalus rohkem kaasa r\u00e4\u00e4kida Euroopa tasandil, muuta Euroopa h\u00e4\u00e4l maailmas enam kuuldavaks, kuid samas kaitsta rahvuslikke huve.<\/p>\n<p>Euroopa Liit on v\u00e4lja andnud ka bro\u0161\u00fc\u00fcri, mis selgitab Lissaboni lepingu t\u00e4hendust Sulle kui kodanikule. Loe seda SIIN.<\/p>\n<p>Lissaboni lepinguga seonduvaid materjale ja uudiseid saad lugeda aadressilt http:\/\/europa.eu\/lisbon_treaty.<\/p>\n<p>Lissaboni leping j\u00f5ustus 1. detsembril 2009.<\/p>\n<p>Allikas: Euroopa Komisjon.<\/p>\n","protected":false},"excerpt":{"rendered":"<p>P\u00e4rast aastak\u00fcmnete pikkuseid s\u00f5du, milles kaotati miljoneid elusid, algas Euroopa Liidu asutamisega uus ajastu, mil Euroopa riigid saavad oma probleeme&#8230;<\/p>\n","protected":false},"author":32,"featured_media":0,"parent":5859,"menu_order":0,"comment_status":"closed","ping_status":"open","template":"","meta":{"_acf_changed":false,"footnotes":""},"categories":[],"class_list":["post-2","page","type-page","status-publish","hentry"],"acf":[],"_links":{"self":[{"href":"https:\/\/www.terveilm.ee\/leht\/wp-json\/wp\/v2\/pages\/2","targetHints":{"allow":["GET"]}}],"collection":[{"href":"https:\/\/www.terveilm.ee\/leht\/wp-json\/wp\/v2\/pages"}],"about":[{"href":"https:\/\/www.terveilm.ee\/leht\/wp-json\/wp\/v2\/types\/page"}],"author":[{"embeddable":true,"href":"https:\/\/www.terveilm.ee\/leht\/wp-json\/wp\/v2\/users\/32"}],"replies":[{"embeddable":true,"href":"https:\/\/www.terveilm.ee\/leht\/wp-json\/wp\/v2\/comments?post=2"}],"version-history":[{"count":3,"href":"https:\/\/www.terveilm.ee\/leht\/wp-json\/wp\/v2\/pages\/2\/revisions"}],"predecessor-version":[{"id":5887,"href":"https:\/\/www.terveilm.ee\/leht\/wp-json\/wp\/v2\/pages\/2\/revisions\/5887"}],"up":[{"embeddable":true,"href":"https:\/\/www.terveilm.ee\/leht\/wp-json\/wp\/v2\/pages\/5859"}],"wp:attachment":[{"href":"https:\/\/www.terveilm.ee\/leht\/wp-json\/wp\/v2\/media?parent=2"}],"wp:term":[{"taxonomy":"category","embeddable":true,"href":"https:\/\/www.terveilm.ee\/leht\/wp-json\/wp\/v2\/categories?post=2"}],"curies":[{"name":"wp","href":"https:\/\/api.w.org\/{rel}","templated":true}]}}