{"id":36,"date":"2015-09-18T11:51:36","date_gmt":"2015-09-18T11:51:36","guid":{"rendered":"http:\/\/www.terveilm.ee\/teabekeskus\/humanitaarabi\/"},"modified":"2015-10-01T17:30:57","modified_gmt":"2015-10-01T17:30:57","slug":"humanitaarabi","status":"publish","type":"page","link":"https:\/\/www.terveilm.ee\/leht\/teabekeskuse-teemad\/humanitaarabi\/","title":{"rendered":"Humanitaarabi"},"content":{"rendered":"<p>Eesti aitab vastavalt oma v\u00f5imalustele looduskatastroofide v\u00f5i relvakonfliktide t\u00f5ttu kannatanud riikide elanikke <strong>humanitaarabi ehk toimeabi<\/strong> kaudu. Tavap\u00e4rast elu v\u00f5ivad ootamatult m\u00f5jutada loodus\u00f5nnetused (\u00fcleujutused, maav\u00e4rinad), rahutumates riikides konfliktid ja s\u00f5jategevus. Hetkega v\u00f5ivad ohtu sattuda inimeste elud, nad v\u00f5ivad kaotada nii oma kodu kui ka vara ning riigid ei pruugi olla suutelised oma elanikke kohe aitama. Riikide vahel toimub koost\u00f6\u00f6: \u00fche riigi abipalvele vastavad teised ning saadavad elluj\u00e4\u00e4miseks h\u00e4davajalikku toitu, riideid, ravimeid v\u00f5i ajutisi eluasemeid, et olukorda stabiliseerida.<\/p>\n<p><strong>Humanitaarabi eesm\u00e4rk ongi\u00a0p\u00e4\u00e4sta inimelusid, abistada looduskatastroofides v\u00f5i inimtegevusest p\u00f5hjustatud katastroofides kannatanuid ning v\u00f5imaldada neile inimv\u00e4\u00e4rseks eluks vajalikud tingimused.<\/strong> Humanitaarabi andmise p\u00f5him\u00f5tted on inimlikkus, neutraalsus ja s\u00f5ltumatus \u2013 abi antakse\u00a0k\u00f5igile olenemata usust, rahvusest, rassist ja poliitilisest kuuluvusest. See abi ei ole m\u00f5eldud inimeste vaesusest v\u00e4lja aitamiseks, vaid lihtsalt selleks, et inimesed ellu j\u00e4\u00e4ksid, st inimeste varustamiseks toidu, joogivee ja ajutise peavarjuga.<\/p>\n<p>1992. aastal panid 12 Euroopa Liidu liikmesriiki aluse <a href=\"http:\/\/ec.europa.eu\/echo\/index_en.htm\" target=\"_blank\"><strong>Euroopa Humanitaarabi Ametile (ECHO)<\/strong><\/a>, et aidata abivajajaid nii Euroopas kui v\u00e4ljaspool. Alates sellest ajast on Euroopa Humanitaarabi Amet (praeguse nimega Euroopa Komisjoni humanitaarabi ja kodanikukaitse peadirektoraat) pakkunud humanitaarabi miljonitele loodus- ja inimtekkelistes katastroofides kannatada saanud inimestele rohkem kui 140 riigis. Humanitaarabi ja kodanikukaitse peadirektoraadi eesm\u00e4rk on n\u00e4idata \u00fcles solidaarsust k\u00f5igi Euroopa abivajajatega. Vaata l\u00e4hemalt sellest videost:<\/p>\n<div class=\"fusion-video fusion-youtube\">\n<div class=\"video-shortcode\">\n<div class=\"fluid-width-video-wrapper\"><iframe loading=\"lazy\" id=\"player_1\" title=\"YouTube video player\" src=\"http:\/\/www.youtube.com\/embed\/jEz1AyTTxwM?autoplay=0&amp;enablejsapi=1&amp;wmode=opaque\" width=\"300\" height=\"150\" frameborder=\"0\" allowfullscreen=\"allowfullscreen\"><\/iframe><\/div>\n<\/div>\n<\/div>\n<h4 data-fontsize=\"14\" data-lineheight=\"20\">Eesti panus humanitaarabisse<\/h4>\n<p>Eesti on juba \u00fcle k\u00fcmne aasta aidnud eri maailma paigus aset leidnud katastroofides kannatanuid. Aastate jooksul on Eesti k\u00f5ige rohkem humanitaarabi andnud p\u00e4rast 2005. aasta tsunamit <strong>Indoneesiale<\/strong> ja p\u00e4rast maav\u00e4rinat\u00a0<strong>Pakistanile<\/strong>\u00a0\u2013 m\u00f5lema katastroofi puhul saatsime v\u00e4lja ka <a href=\"http:\/\/www.terveilm.ee\/teabekeskus\/humanitaarabi\/eesti-paastemeeskond\/\">Eesti P\u00e4\u00e4stemeeskonna<\/a>.<\/p>\n<p>2008. aastal andis Eesti humanitaarabi kokku 15 riigile, kokku 22 miljoni krooni ulatuses, kusjuures peamised abisaajad olid Georgia relvakonflikti sisep\u00f5genikud. Georgia humanitaarkriis leidis Eesti \u00fchiskonnas laia kandepinda, mis v\u00e4ljendus nii riigi, era- kui ka kolmanda sektori \u00fchises tegutsemises kannatanute abistamisel.<\/p>\n<p>Kuna enamik humanitaarabi vajadustest tekib siiski meist kaugel, kuhu Eestist abi kohaletoimetamine oleks kallis, toetab Eesti h\u00e4tta sattunud riike tihti ka <strong><a href=\"http:\/\/www.unocha.org\/\" target=\"_blank\">\u00dcRO s\u00fcsteemi<\/a> ja <a href=\"http:\/\/www.icrc.org\/\" target=\"_blank\">Rahvusvahelise Punase Risti <\/a>organisatsiooni kaudu<\/strong>. N\u00e4iteks 2008. aastal toetasime<a href=\"http:\/\/www.unicef.org\/\" target=\"_blank\">UNICEFi<\/a> kaudu troopilistest tormidest r\u00e4situd <a href=\"http:\/\/www.unicef.org\/infobycountry\/haiti.html\" target=\"_blank\">Haitit<\/a> ja <a href=\"http:\/\/www.unicef.org\/infobycountry\/madagascar.html\" target=\"_blank\">Madagaskarit<\/a> ning k\u00fclmalaine all kannatanud <a href=\"http:\/\/www.unicef.org\/infobycountry\/Tajikistan.html\" target=\"_blank\">Tad\u017eikistani<\/a>. <a href=\"http:\/\/www.unhcr.org\/\" target=\"_blank\">UNHCR<\/a>i kaudu saatsime humanitaarabi mitmesse Aafrika kriisikoldesse, nagu <a href=\"http:\/\/www.unhcr.org\/cgi-bin\/texis\/vtx\/page?page=49e483b76&amp;submit=GO\" target=\"_blank\">Sudaan<\/a>, <a href=\"http:\/\/www.unhcr.org\/cgi-bin\/texis\/vtx\/page?page=49e483a16&amp;submit=GO\" target=\"_blank\">Keenia<\/a> ja <a href=\"http:\/\/www.unhcr.org\/cgi-bin\/texis\/vtx\/page?page=49e45c366&amp;submit=GO\" target=\"_blank\">Kongo Demokraatlik Vabariik<\/a>.<\/p>\n<p>2009. aastal andis Eesti humanitaarabi Palestiina omavalitsusele Iisraeli lennuv\u00e4e s\u00f5jalise operatsiooni k\u00e4igus Gaza sektoris kannatanud elanikkonna abistamiseks, toetas pagulaste olukorra leevendamist <a href=\"http:\/\/www.unhcr.org\/cgi-bin\/texis\/vtx\/page?page=49e4878e6&amp;submit=GO\" target=\"_blank\">Sri Lankal<\/a> UNHCRi kaudu ning <a href=\"http:\/\/www.icrc.org\/eng\/where-we-work\/asia-pacific\/pakistan\/index.jsp\" target=\"_blank\">Pakistanis<\/a>Rahvusvahelise Punase Risti Komitee vahendusel.<\/p>\n<p>Samuti toetab Eesti rahaliselt (vabatahtlike annetustega) m\u00e4rkimisv\u00e4\u00e4rselt ka Euroopa Komisjoni humanitaarabiprogramme ning teiste olulisemate rahvusvaheliste humanitaarabiorganisatsioonide (\u00dcRO allasutused \u2013<a href=\"http:\/\/www.unicef.org\/\" target=\"_blank\"> UNICEF<\/a>, <a href=\"http:\/\/www.unhcr.org\/\" target=\"_blank\">UNHCR<\/a>, <a href=\"http:\/\/www.unfpa.org\/\" target=\"_blank\">UNFPA<\/a>; <a href=\"http:\/\/www.icrc.org\/\" target=\"_blank\">Rahvusvaheline Punase Risti Komitee<\/a>) tegevust.<\/p>\n<p>Eesti humanitaarabi kohta loe p\u00f5hjalikumalt aadressil <strong><a href=\"http:\/\/www.vm.ee\/?q=et\/taxonomy\/term\/90\" target=\"_blank\">www.vm.ee\/arengukoostoo<\/a><\/strong>.<\/p>\n<h4 data-fontsize=\"14\" data-lineheight=\"20\">Mida eurooplased humanitaarabist arvavad?<\/h4>\n<div class=\"fusion-video fusion-youtube\">\n<div class=\"video-shortcode\">\n<div class=\"fluid-width-video-wrapper\"><iframe loading=\"lazy\" id=\"player_2\" title=\"YouTube video player\" src=\"http:\/\/www.youtube.com\/embed\/oiUgj6KsVag?autoplay=0&amp;enablejsapi=1&amp;wmode=opaque\" width=\"300\" height=\"150\" frameborder=\"0\" allowfullscreen=\"allowfullscreen\"><\/iframe><\/div>\n<\/div>\n<\/div>\n<h2 data-fontsize=\"16\" data-lineheight=\"27\">Vaata ringi ka meie e-raamatukogus:<\/h2>\n<p><iframe loading=\"lazy\" src=\"http:\/\/static.issuu.com\/widgets\/shelf\/index.html?folderId=bdc38798-8754-455c-9e43-dd14e05eb267&amp;theme=theme3&amp;rows=1&amp;thumbSize=medium&amp;roundedCorners=true&amp;showTitle=true&amp;showAuthor=false&amp;shadow=true&amp;effect3d=true\" width=\"100%\" height=\"185\" frameborder=\"0\" marginwidth=\"0\" marginheight=\"0\" scrolling=\"no\"><\/iframe><\/p>\n","protected":false},"excerpt":{"rendered":"<p>Eesti aitab vastavalt oma v\u00f5imalustele looduskatastroofide v\u00f5i relvakonfliktide t\u00f5ttu kannatanud riikide elanikke humanitaarabi ehk toimeabi kaudu. Tavap\u00e4rast elu v\u00f5ivad ootamatult&#8230;<\/p>\n","protected":false},"author":32,"featured_media":0,"parent":8,"menu_order":6,"comment_status":"closed","ping_status":"closed","template":"","meta":{"_acf_changed":false,"footnotes":""},"categories":[],"class_list":["post-36","page","type-page","status-publish","hentry"],"acf":[],"_links":{"self":[{"href":"https:\/\/www.terveilm.ee\/leht\/wp-json\/wp\/v2\/pages\/36","targetHints":{"allow":["GET"]}}],"collection":[{"href":"https:\/\/www.terveilm.ee\/leht\/wp-json\/wp\/v2\/pages"}],"about":[{"href":"https:\/\/www.terveilm.ee\/leht\/wp-json\/wp\/v2\/types\/page"}],"author":[{"embeddable":true,"href":"https:\/\/www.terveilm.ee\/leht\/wp-json\/wp\/v2\/users\/32"}],"replies":[{"embeddable":true,"href":"https:\/\/www.terveilm.ee\/leht\/wp-json\/wp\/v2\/comments?post=36"}],"version-history":[{"count":3,"href":"https:\/\/www.terveilm.ee\/leht\/wp-json\/wp\/v2\/pages\/36\/revisions"}],"predecessor-version":[{"id":6292,"href":"https:\/\/www.terveilm.ee\/leht\/wp-json\/wp\/v2\/pages\/36\/revisions\/6292"}],"up":[{"embeddable":true,"href":"https:\/\/www.terveilm.ee\/leht\/wp-json\/wp\/v2\/pages\/8"}],"wp:attachment":[{"href":"https:\/\/www.terveilm.ee\/leht\/wp-json\/wp\/v2\/media?parent=36"}],"wp:term":[{"taxonomy":"category","embeddable":true,"href":"https:\/\/www.terveilm.ee\/leht\/wp-json\/wp\/v2\/categories?post=36"}],"curies":[{"name":"wp","href":"https:\/\/api.w.org\/{rel}","templated":true}]}}