{"id":37,"date":"2015-09-18T11:52:06","date_gmt":"2015-09-18T11:52:06","guid":{"rendered":"http:\/\/www.terveilm.ee\/teabekeskus\/arengukoostoo\/abi-tulemuslikkus\/"},"modified":"2018-04-17T11:06:33","modified_gmt":"2018-04-17T08:06:33","slug":"tulemuslikkus","status":"publish","type":"page","link":"https:\/\/www.terveilm.ee\/leht\/teabekeskuse-teemad\/arengukoostoo\/tulemuslikkus\/","title":{"rendered":"Abi tulemuslikkus"},"content":{"rendered":"<div>\n<div>\n<p><a href=\"http:\/\/www.terveilm.ee\/leht\/wp-content\/uploads\/2012\/12\/icongrouphorizontal_sml.jpg\"><img loading=\"lazy\" decoding=\"async\" id=\"exifviewer-img-1\" class=\"aligncenter wp-image-3616\" src=\"http:\/\/www.terveilm.ee\/leht\/wp-content\/uploads\/2012\/12\/icongrouphorizontal_sml.jpg\" alt=\"icongrouphorizontal_sml\" width=\"1345\" height=\"131\" \/><\/a><\/p>\n<p>Abit\u00f5hususe ja tulemuslikkuse teema on olnud arenguabipoliitikas raskeim p\u00e4hkel , sest peale aastak\u00fcmneid arenguabile kulutatud summade ei olnud vaesus maailmas oluliselt v\u00e4henenud. \u00dchiselt t\u00f5deti, et v\u00f5tmek\u00fcsimus ei ole vaid rahas ja selle hulgas, vaid eelk\u00f5ige viisis ning taktikas, kuidas arengukoost\u00f6\u00f6d tehakse.<\/p>\n<p>Abit\u00f5hususe esimene k\u00f5rgetasemeline foorum kutsuti kokku 2002. aastal Roomas, millele j\u00e4rgnes abit\u00f5hususe teine k\u00f5rgetasemeline foorum 2005. aastal Pariisis. Seal\u00a0kirjutasid enam kui 100 doonor- ja arengumaad, rahvusvahelist organisatsiooni ja kodaniku\u00fchendust alla <strong>Pariisi deklaratsioonile abi tulemuslikkuse kohta<\/strong>. Sellega n\u00f5ustuti j\u00e4rgima viit p\u00f5him\u00f5tet, m\u00f5\u00f5tma edusamme konkreetsete n\u00e4itajate abil ja saavutama tulemusi aastaks 2010.\u00a0K\u00f5ige olulisem filosoofilisem muutus toimus p\u00f5him\u00f5ttes, et arengukoost\u00f6\u00f6 partnerriik peab protsessi ise juhtima ning selle suuna ka m\u00e4\u00e4rama, sest mida v\u00e4iksem oli arenguabi sihtriigi oma huvi ning osalus arengukoost\u00f6\u00f6 protsessis, seda tagasihoidlikemaks ja l\u00fchiajalisemaks j\u00e4id saadavad tulemused. Ja vastupidi.<\/p>\n<p>2008. aasta s\u00fcgisel <a href=\"http:\/\/www.oecd.org\/document\/3\/0,3343,en_2649_3236398_41297219_1_1_1_1,00.html\" target=\"_blank\" rel=\"noopener\">Accras toimunud rahvusvahelisel abi tulemuslikkuse foorumil<\/a>, kus osales enam kui 1700 doonorriikide, arengumaade, rahvusvaheliste organisatsioonide, erafondide ja kodaniku\u00fchenduste esindajat, tehti vahekokkuv\u00f5tteid. Leiti, et edusamme on tehtud, kuid need pole olnud piisavad, ning vastu v\u00f5eti <strong>nn Accra tegevuskava<\/strong>, millega kinnitati Pariisi p\u00f5him\u00f5tteid, toodi m\u00f5ni neist selgemalt esile ja v\u00f5eti konkreetsemaid kohustusi.\u00a0\u00dcldiselt t\u00e4hendab see protsess arengumaade omavastutuse ja juhtrolli ning abitegevuse suurema koordineerituse suunas liikumist ning ka \u00fcleminekut \u00fcksikutelt projektidelt pikaajalistele koost\u00f6\u00f6programmidele.<\/p>\n<p>2011. aastal kohtusid riigijuhid taaskord Busanis, L\u00f5una-Koreas, et vaadata \u00fcle Accra tegevuskava edusammud. Senised saavutused ei ole paljudes valdkondades olnud piisavad ja riigid s\u00f5lmisid <a href=\"http:\/\/www.terveilm.ee\/wp-content\/uploads\/2015\/09\/Busan_partnerluslepe.doc\">Busani partnerlusleppe<\/a>, mille alusel doonorid ja arenguabi saajad edasi t\u00f6\u00f6tavad.<\/p>\n<p>&nbsp;<\/p>\n<\/div>\n<div>\n<div>\n<h3 data-fontsize=\"16\" data-lineheight=\"27\">Pariisi deklaratsiooni p\u00f5him\u00f5tted<\/h3>\n<\/div>\n<\/div>\n<div>\n<ul class=\"fusion-checklist fusion-checklist-1\">\n<li class=\"fusion-li-item\"><i class=\"fusion-li-icon fa fa-check\"><\/i>\n<div class=\"fusion-li-item-content\"><strong>Arengumaad peavad ise oma arenguprotsesse juhtima ja arengutegevust koordineerima.<\/strong> Arengumaad kohustuvad n\u00e4iteks v\u00e4lja t\u00f6\u00f6tama arengustrateegiaid ja doonorid lubavad arengumaade omavastutust respekteerida. See on oluline, sest kogemused ja muud t\u00f5endid n\u00e4itavad, et abi toimib siis, kui see toetab arengumaade endi prioriteete, aga ei toimi siis, kui doonorid enda omi peale suruvad.<\/div>\n<\/li>\n<li class=\"fusion-li-item\"><i class=\"fusion-li-icon fa fa-check\"><\/i>\n<div class=\"fusion-li-item-content\"><strong>Doonorid rajavad oma toetuse arengumaade arengukavadele, institutsioonidele ja protsessidele.<\/strong> Doonorid v\u00f5tavad n\u00e4iteks kohustuse anda arenguabi nii palju kui v\u00f5imalik arengumaade endi institutsioonide ja s\u00fcsteemide kaudu ning toetada nende s\u00fcsteemide tugevdamist. See on oluline, sest doonorid on tihtipeale loonud paralleels\u00fcsteeme, mis varastavad kohaliku riigiaparaadi parimaid t\u00f6\u00f6tajaid ja \u00f5\u00f5nestavad seega eesm\u00e4rki, et arengumaad suudaksid kunagi ise oma probleeme lahendada. Samuti kohustuvad doonorid abi andmisel esitama tingimusi, mis p\u00f5hinevad arengumaade arengukavadel. See on oluline, sest ikka ja j\u00e4lle on seatud doonorite endi kitsastel huvidel v\u00f5i dogmadel p\u00f5hinevaid tingimusi. Lubatakse liikuda ka abi lahtisidumise suunas, mis t\u00e4hendab, et abi ei seota tingimusega osta doonorriigilt tooteid ja teenuseid.<\/div>\n<\/li>\n<li class=\"fusion-li-item\"><i class=\"fusion-li-icon fa fa-check\"><\/i>\n<div class=\"fusion-li-item-content\"><strong>Doonorite tegevus peab olema koordineeritum, l\u00e4bipaistvam ja kollektiivselt m\u00f5jusam.<\/strong> Doonorid kohustuvad dubleerimise asemel \u00fcksteist t\u00e4iendama. See on oluline, sest t\u00e4nap\u00e4eval, kui doonoreid on sadu ja sadu, t\u00e4hendab koordineerimatus n\u00e4iteks seda, et arengumaade ministrid ja ametnikud kulutavad suurema osa ajast eri doonorite eri n\u00f5uete t\u00e4itmisele ja doonork\u00fclastustega tegelemisele.<\/div>\n<\/li>\n<li class=\"fusion-li-item\"><i class=\"fusion-li-icon fa fa-check\"><\/i>\n<div class=\"fusion-li-item-content\"><strong>Keskenduda tuleb tulemuste saavutamisele.<\/strong> Arengutegevus peab vaesuse v\u00e4hendamisel saavutama maksimaalse m\u00f5ju ja saavutusi k\u00e4sitlevat teavet tuleb pidevalt kasutada tegevuse parandamiseks. Arengumaad p\u00fc\u00fcavad n\u00e4iteks luua tulemustele suunatud aruandlus- ja hindamiss\u00fcsteeme ning doonorid lubavad neid s\u00fcsteeme nii palju kui v\u00f5imalik kasutada ja mitte n\u00f5uda selliste sooritusn\u00e4itajate j\u00e4lgimist, mis pole seotud arengustrateegiatega.<\/div>\n<\/li>\n<li class=\"fusion-li-item\"><i class=\"fusion-li-icon fa fa-check\"><\/i>\n<div class=\"fusion-li-item-content\"><strong>Nii doonorid kui ka arengumaad peavad arengutulemuste eest vastust andma.<\/strong> N\u00e4iteks kohustuvad arengumaad kaasama arengustrateegiate v\u00e4ljat\u00f6\u00f6tamisel ja nende rakendamise hindamisel parlamente ja teisi osalisi ning doonorid andma aegsat, l\u00e4bipaistvat ja k\u00f5ikeh\u00f5lmavat teavet abivoogude kohta.<\/div>\n<\/li>\n<\/ul>\n<\/div>\n<div>\n<h2 data-fontsize=\"16\" data-lineheight=\"27\"><\/h2>\n<p>&nbsp;<\/p>\n<h3 data-fontsize=\"16\" data-lineheight=\"27\">N\u00c4PUN\u00c4IDE!<\/h3>\n<h3 data-fontsize=\"16\" data-lineheight=\"27\">Sinu organisatsioon saab oma arengukoost\u00f6\u00f6 tegevuse tulemuslikkust suurendada m\u00f5eldes l\u00e4bi selle m\u00f5ju <a href=\"http:\/\/www.terveilm.ee\/teabekeskus\/inimoigused\/arengukoostoo\/\">inim\u00f5igustele<\/a>, <a href=\"http:\/\/www.terveilm.ee\/teabekeskus\/naised-ja-areng\/sooline-vordoiguslikkus\/\">naistele<\/a>\u00a0ja keskkonnale. Linkidelt leiad konkreetsed k\u00fcsimused, mida kolleegide ja partneritega arutada.<\/h3>\n<p><a href=\"http:\/\/wiki.cso-effectiveness.org\/-Implement-the-Principles-\" target=\"_blank\" rel=\"noopener\"><img loading=\"lazy\" decoding=\"async\" class=\"aligncenter size-full wp-image-3610\" src=\"http:\/\/www.terveilm.ee\/leht\/wp-content\/uploads\/2013\/01\/rubon12-99180.png\" alt=\"rubon12-99180\" width=\"291\" height=\"89\" \/><\/a><\/p>\n<h4 data-fontsize=\"14\" data-lineheight=\"20\">Vaata lisaks:<\/h4>\n<ul>\n<li><a href=\"http:\/\/www.cso-effectiveness.org\/\">Open Forum for CSO Development Effectiveness<\/a><\/li>\n<li><a href=\"http:\/\/www.oecd.org\/document\/32\/0,3746,en_2649_3236398_46582624_1_1_1_1,00.html\">OECD abi tulemuslikkuse lehek\u00fclg<\/a><\/li>\n<li><a href=\"http:\/\/www.aideffectiveness.org\/\">www.aideffectiveness.org<\/a><\/li>\n<\/ul>\n<\/div>\n<\/div>\n<p><iframe loading=\"lazy\" src=\"http:\/\/e.issuu.com\/embed.html#0\/1191591\" width=\"400\" height=\"283\" frameborder=\"0\" allowfullscreen=\"allowfullscreen\"><\/iframe><\/p>\n<p><iframe loading=\"lazy\" src=\"http:\/\/static.issuu.com\/widgets\/shelf\/index.html?folderId=c3b91255-73ce-4c77-88b8-3cf62ccb52eb&amp;theme=theme3&amp;rows=1&amp;thumbSize=medium&amp;roundedCorners=true&amp;showTitle=true&amp;showAuthor=false&amp;shadow=true&amp;effect3d=true\" width=\"100%\" height=\"185\" frameborder=\"0\" marginwidth=\"0\" marginheight=\"0\" scrolling=\"no\"><\/iframe><\/p>\n","protected":false},"excerpt":{"rendered":"<p>Abit\u00f5hususe ja tulemuslikkuse teema on olnud arenguabipoliitikas raskeim p\u00e4hkel , sest peale aastak\u00fcmneid arenguabile kulutatud summade ei olnud vaesus maailmas&#8230;<\/p>\n","protected":false},"author":32,"featured_media":0,"parent":33,"menu_order":1,"comment_status":"closed","ping_status":"closed","template":"template-kc-article.php","meta":{"_acf_changed":false,"footnotes":""},"categories":[41],"class_list":["post-37","page","type-page","status-publish","hentry","category-teabekeskus"],"acf":[],"_links":{"self":[{"href":"https:\/\/www.terveilm.ee\/leht\/wp-json\/wp\/v2\/pages\/37","targetHints":{"allow":["GET"]}}],"collection":[{"href":"https:\/\/www.terveilm.ee\/leht\/wp-json\/wp\/v2\/pages"}],"about":[{"href":"https:\/\/www.terveilm.ee\/leht\/wp-json\/wp\/v2\/types\/page"}],"author":[{"embeddable":true,"href":"https:\/\/www.terveilm.ee\/leht\/wp-json\/wp\/v2\/users\/32"}],"replies":[{"embeddable":true,"href":"https:\/\/www.terveilm.ee\/leht\/wp-json\/wp\/v2\/comments?post=37"}],"version-history":[{"count":5,"href":"https:\/\/www.terveilm.ee\/leht\/wp-json\/wp\/v2\/pages\/37\/revisions"}],"predecessor-version":[{"id":9248,"href":"https:\/\/www.terveilm.ee\/leht\/wp-json\/wp\/v2\/pages\/37\/revisions\/9248"}],"up":[{"embeddable":true,"href":"https:\/\/www.terveilm.ee\/leht\/wp-json\/wp\/v2\/pages\/33"}],"wp:attachment":[{"href":"https:\/\/www.terveilm.ee\/leht\/wp-json\/wp\/v2\/media?parent=37"}],"wp:term":[{"taxonomy":"category","embeddable":true,"href":"https:\/\/www.terveilm.ee\/leht\/wp-json\/wp\/v2\/categories?post=37"}],"curies":[{"name":"wp","href":"https:\/\/api.w.org\/{rel}","templated":true}]}}