{"id":38,"date":"2015-09-18T11:52:06","date_gmt":"2015-09-18T11:52:06","guid":{"rendered":"http:\/\/www.terveilm.ee\/teabekeskus\/arengukoostoo\/poliitikate-sidusus\/"},"modified":"2021-01-05T12:41:21","modified_gmt":"2021-01-05T10:41:21","slug":"poliitikate-sidusus","status":"publish","type":"page","link":"https:\/\/www.terveilm.ee\/leht\/teabekeskuse-teemad\/arengukoostoo\/poliitikate-sidusus\/","title":{"rendered":"Poliitikate sidusus"},"content":{"rendered":"<div>\n<div>\n<h3 data-fontsize=\"16\" data-lineheight=\"27\">Poliitikate sidusus arengueesm\u00e4rkidega<\/h3>\n<\/div>\n<div>\n<p>Poliitikate sidusus arengukoost\u00f6\u00f6s t\u00e4hendab, et k\u00f5ik EL ja riikliku tasandi poliitikad, mis omavad m\u00f5ju arengumaadele, peavad olema omavahel koosk\u00f5las ja suunatud vaesuse v\u00e4hendamisele. \u00dchelt poolt annab EL arenguabi, kuid samas soodustavad osa ELi poliitikad arengumaade vaesumist. Ka Eestil riigil on kohustus j\u00e4lgida, kuidas meie otsused m\u00f5jutavad inimesi \u00fcle kogu maailma.<\/p>\n<\/div>\n<\/div>\n<p>2015. aastal vastu v\u00f5etud kestliku arengu eesm\u00e4rgid laiendasid vaatenurka ning uue m\u00f5iste kohaselt r\u00e4\u00e4gime kestliku arenguga seotud poliitikavaldkondade sidususest (<a href=\"http:\/\/www.oecd.org\/gov\/pcsd\/\" target=\"_blank\" rel=\"noopener noreferrer\">PCSD<\/a>). See on oluline, sest kestliku arengu eesm\u00e4rgid on globaalsed ning t\u00e4helepanu tuleb suunata mitmesuguste eesm\u00e4rkide ja poliitikate vahelistele suhetele, mis eeldab vajalike kompromisse ja s\u00fcnergiat eri valdkondade vahel. Selle mehhanismi t\u00f6\u00f6tamiseks on vaja poliitilist tahet, koordineerimist ja monitoorimist. Nii on tagatud anal\u00fc\u00fcs, kaasamine ja raporteerimine, et kitsaskohti v\u00e4hendada ja headest praktikatest \u00f5ppida.<\/p>\n<p>Poliitikate sidusus on kestliku arengu eesm\u00e4rk 17.14, mille t\u00e4itmiseks on vaja j\u00e4lgida kolme p\u00f5him\u00f5tet:<\/p>\n<ol>\n<li>Luua s\u00fcnegiat majandus-, sotsiaal ja keskkonnapoliitikates<\/li>\n<li>Leida tasakaal kohalike poliitikate eesm\u00e4rkide ja rahvusvaheliselt kokku lepitud eesm\u00e4rkide vahel<\/li>\n<li>Kohalike poliitikate k\u00f5rvalm\u00f5ju adresseerimine. Kokkulepitud eesm\u00e4rk vajab ka m\u00f5\u00f5tmist, selleks on \u00dcRO Keskkonna Programm UNEP (The UN Environmental Programme UNEP) alustanud t\u00f6\u00f6d selle kallal, milline see 2019. aastal valmiv t\u00f6\u00f6riist v\u00e4lja n\u00e4eb.<\/li>\n<\/ol>\n<p>Eestis valmis 2018. aastal Praxise uuring \u201e<a href=\"http:\/\/www.praxis.ee\/tood\/poliitikameetmete-moju-arengumaadele-poliitikate-sidususe-printsiibi-rakendamise-hindamine\/\" target=\"_blank\" rel=\"noopener noreferrer\">Poliitika sidususe p\u00f5him\u00f5tte rakendamine Eestis kestliku arengu valdkonnas<\/a>\u201c, millega sooviti v\u00e4lja selgitada, kuidas viiakse ellu poliitikate sidususe p\u00f5him\u00f5tteid erinevate poliitikameetmete ja \u00f5igusaktide v\u00e4lja t\u00f6\u00f6tamisel. Uuringus vaadeldi nii ametnike teadlikust poliitikate sidususe printiisibist, kuidas seda rakendatakse ja koordineeritakse, mis on kitsaskohad ja kuidas neid \u00fcletada.<\/p>\n<p>Uuringust selgus, et ametnike teadlikkus poliitikate sidususe p\u00f5him\u00f5tetest on pigem madal. Eestis on k\u00fcll olemas strateegiline raamistik, kuid praktikas seda ei kasutata ja \u00f5igusakte v\u00e4lja t\u00f6\u00f6tades ei osata poliitikate sidususe p\u00f5him\u00f5tteid ellu viia.<\/p>\n<h3><b>SEOTUD PROJEKT: POLIITIKATE SIDUSUS KUI KESTLIKU ARENGU EELDUS<\/b><\/h3>\n<p>Euroopa Komisjoni toetatud projekti fookus on kestliku arenguga seotud poliitikate sidususel (PCSD: <i>policy coherence for sustainable development<\/i>). N\u00e4eme seda poliitikakujundamise keskse p\u00f5him\u00f5ttena, kui soovime liikuda globaalse kestliku arengus suunas.<\/p>\n<p>Projekti peamine eesm\u00e4rk on suurenda k\u00f5ikide poliitikakujundajate teadlikkust globaalsetest m\u00f5juahelatest ning PCSD p\u00f5him\u00f5tte olulisusest kestliku arengu eesm\u00e4rkide saavutamisel. Projekti peamised teemavaldkonnad on\u00a0 vaesuse v\u00e4hendamine, inimv\u00e4\u00e4rne t\u00f6\u00f6, j\u00e4tkusuutlik tootmine ja tarbimine ja kliimamuutused.<\/p>\n<p>Kestvus: 1.10.2017 \u2013 31.09.2020<br \/>\nInglisekeelne nimi: CE4SD (Coherent Europe for Sustainable Development)<br \/>\nRahastaja: Euroopa Komisjon, kaasrahastaja V\u00e4lisministeerium<\/p>\n<p class=\"selectionShareable\"><img loading=\"lazy\" decoding=\"async\" class=\"\" src=\"https:\/\/www.bond.org.uk\/sites\/default\/files\/cesd_logo.png\" alt=\"\" width=\"460\" height=\"184\" \/><\/p>\n<p class=\"selectionShareable\"><img loading=\"lazy\" decoding=\"async\" class=\"\" src=\"https:\/\/www.bond.org.uk\/sites\/default\/files\/eu_logo.png\" alt=\"\" width=\"416\" height=\"278\" \/><\/p>\n<p>KASULIKUD LINGID:<br \/>\n<a href=\"https:\/\/read.oecd-ilibrary.org\/development\/policy-coherence-for-sustainable-development-2018_9789264301061-en#page3\" target=\"_blank\" rel=\"noopener noreferrer\">OECD Policy Coherence for Sustainable Development 2018<\/a><br \/>\n<a href=\"https:\/\/concordeurope.org\/tag\/pcsd\/\" target=\"_blank\" rel=\"noopener noreferrer\">CONCORD\u2019i andmebaas erinevade PCSD teemaliste kirjutistega<\/a><br \/>\n<a href=\"https:\/\/ec.europa.eu\/europeaid\/policies\/policy-coherence-development_en\" target=\"_blank\" rel=\"noopener noreferrer\">Euroopa Komisjoni portaal koos aastaraportitega<\/a><br \/>\n<a href=\"https:\/\/www.un.org\/sustainabledevelopment\/globalpartnerships\/\" target=\"_blank\" rel=\"noopener noreferrer\">\u00dcRO kestliku arengu eesm\u00e4rk 17<\/a><\/p>\n","protected":false},"excerpt":{"rendered":"<p>Poliitikate sidusus arengueesm\u00e4rkidega Poliitikate sidusus arengukoost\u00f6\u00f6s t\u00e4hendab, et k\u00f5ik EL ja riikliku tasandi poliitikad, mis omavad m\u00f5ju arengumaadele, peavad olema&#8230;<\/p>\n","protected":false},"author":32,"featured_media":0,"parent":33,"menu_order":4,"comment_status":"closed","ping_status":"closed","template":"template-kc-article.php","meta":{"_acf_changed":false,"footnotes":""},"categories":[41],"class_list":["post-38","page","type-page","status-publish","hentry","category-teabekeskus"],"acf":[],"_links":{"self":[{"href":"https:\/\/www.terveilm.ee\/leht\/wp-json\/wp\/v2\/pages\/38","targetHints":{"allow":["GET"]}}],"collection":[{"href":"https:\/\/www.terveilm.ee\/leht\/wp-json\/wp\/v2\/pages"}],"about":[{"href":"https:\/\/www.terveilm.ee\/leht\/wp-json\/wp\/v2\/types\/page"}],"author":[{"embeddable":true,"href":"https:\/\/www.terveilm.ee\/leht\/wp-json\/wp\/v2\/users\/32"}],"replies":[{"embeddable":true,"href":"https:\/\/www.terveilm.ee\/leht\/wp-json\/wp\/v2\/comments?post=38"}],"version-history":[{"count":5,"href":"https:\/\/www.terveilm.ee\/leht\/wp-json\/wp\/v2\/pages\/38\/revisions"}],"predecessor-version":[{"id":12124,"href":"https:\/\/www.terveilm.ee\/leht\/wp-json\/wp\/v2\/pages\/38\/revisions\/12124"}],"up":[{"embeddable":true,"href":"https:\/\/www.terveilm.ee\/leht\/wp-json\/wp\/v2\/pages\/33"}],"wp:attachment":[{"href":"https:\/\/www.terveilm.ee\/leht\/wp-json\/wp\/v2\/media?parent=38"}],"wp:term":[{"taxonomy":"category","embeddable":true,"href":"https:\/\/www.terveilm.ee\/leht\/wp-json\/wp\/v2\/categories?post=38"}],"curies":[{"name":"wp","href":"https:\/\/api.w.org\/{rel}","templated":true}]}}