{"id":5852,"date":"2015-09-30T08:37:44","date_gmt":"2015-09-30T08:37:44","guid":{"rendered":"http:\/\/www.terveilm.ee\/?page_id=5852"},"modified":"2017-07-31T15:57:59","modified_gmt":"2017-07-31T12:57:59","slug":"eesti-arengukoostoo","status":"publish","type":"page","link":"https:\/\/www.terveilm.ee\/leht\/meist\/tegevusalad\/eesti-arengukoostoo\/","title":{"rendered":"Eesti arengukoost\u00f6\u00f6"},"content":{"rendered":"<h3>EESTI ARENGUKOOST\u00d6\u00d6 POLIITIKA<\/h3>\n<p>Eesti on osalenud rahvusvahelises arengukoost\u00f6\u00f6s alates 1998. aastast, olles varem olnud ise abi saavate riikide hulgas. Meie arengukoost\u00f6\u00f6 poliitika l\u00e4htub suures osas kahest dokumendist: \u201c<a title=\"Eesti arengukoost\u00f6\u00f6 p\u00f5him\u00f5tted\" href=\"https:\/\/www.riigiteataja.ee\/ert\/act.jsp?id=244042\">Eesti arengukoost\u00f6\u00f6 p\u00f5him\u00f5tted<\/a>\u00a0\u201d (kinnitatud Riigikogus 2003. aasta jaanuaris) ning \u201c<a title=\"Eesti arnegukoost\u00f6\u00f6 ja humanitaarabi arengukava 2006-2011\" href=\"http:\/\/web-static.vm.ee\/static\/failid\/070\/AH_arengukava_2006-2010.pdf\">Eesti arengukoost\u00f6\u00f6 ja humanitaarabi arengukava 2011-2015<\/a>\u201d.Eesti arengukoost\u00f6\u00f6 ja humanitaarabi arengukava toob Eesti peamise eesm\u00e4rgina esile \u00fclemaailmse vaesuse v\u00e4hendamise ja \u00fcldeesm\u00e4rgina \u00dcRO aastatuhande arengueesm\u00e4rkide (ik. Millennium Development Goals, MDGs) saavutamise.<\/p>\n<p>Juba \u00fcle k\u00fcmne aasta on Eesti jaganud oma teadmisi, kogemusi ja rahalisi ressursse k\u00fcmnete riikidega. T\u00e4na on Eesti s\u00fcdameasjaks aidata kaasa Afganistani, Armeenia, Aserbaid\u017eaani, Gruusia, Moldova, Ukraina ja Valgevene arengule, aga koost\u00f6\u00f6d tehakse ka teiste riikidega.<\/p>\n<p>Riigi tasandil koordineerib arengupoliitikat v\u00e4lisministeerium ja valdkonnas tegutsevaid v\u00f5i sellest huvituvaid Eesti kodaniku\u00fchendusi koondab <a href=\"http:\/\/www.terveilm.ee\/meist\/organisatsioon\/\">Arengukoost\u00f6\u00f6 \u00dcmarlaud<\/a>. Suure osa arengukoost\u00f6\u00f6sse minevast rahalisest abist suunab Eesti Euroopa Liitu, mille kaudu rahastatakse erinevaid rahvusvahelisi projekte paljudes riikides. Samuti vahendab Eesti osa arenguabist l\u00e4bi siinsete, Euroopa Liidu ja \u00dcRO s\u00fcsteemi kuuluvate organisatsioonide.<\/p>\n<p>Uuri Eesti arengukoost\u00f6\u00f6 kohta t\u00e4psemalt <a href=\"http:\/\/www.terveilm.ee\/teabekeskus\/\">teabekeskusest<\/a>!<\/p>\n","protected":false},"excerpt":{"rendered":"<p>EESTI ARENGUKOOST\u00d6\u00d6 POLIITIKA Eesti on osalenud rahvusvahelises arengukoost\u00f6\u00f6s alates 1998. aastast, olles varem olnud ise abi saavate riikide hulgas. Meie&#8230;<\/p>\n","protected":false},"author":6,"featured_media":0,"parent":144,"menu_order":0,"comment_status":"closed","ping_status":"closed","template":"","meta":{"_acf_changed":false,"footnotes":""},"categories":[],"class_list":["post-5852","page","type-page","status-publish","hentry"],"acf":[],"_links":{"self":[{"href":"https:\/\/www.terveilm.ee\/leht\/wp-json\/wp\/v2\/pages\/5852","targetHints":{"allow":["GET"]}}],"collection":[{"href":"https:\/\/www.terveilm.ee\/leht\/wp-json\/wp\/v2\/pages"}],"about":[{"href":"https:\/\/www.terveilm.ee\/leht\/wp-json\/wp\/v2\/types\/page"}],"author":[{"embeddable":true,"href":"https:\/\/www.terveilm.ee\/leht\/wp-json\/wp\/v2\/users\/6"}],"replies":[{"embeddable":true,"href":"https:\/\/www.terveilm.ee\/leht\/wp-json\/wp\/v2\/comments?post=5852"}],"version-history":[{"count":5,"href":"https:\/\/www.terveilm.ee\/leht\/wp-json\/wp\/v2\/pages\/5852\/revisions"}],"predecessor-version":[{"id":8135,"href":"https:\/\/www.terveilm.ee\/leht\/wp-json\/wp\/v2\/pages\/5852\/revisions\/8135"}],"up":[{"embeddable":true,"href":"https:\/\/www.terveilm.ee\/leht\/wp-json\/wp\/v2\/pages\/144"}],"wp:attachment":[{"href":"https:\/\/www.terveilm.ee\/leht\/wp-json\/wp\/v2\/media?parent=5852"}],"wp:term":[{"taxonomy":"category","embeddable":true,"href":"https:\/\/www.terveilm.ee\/leht\/wp-json\/wp\/v2\/categories?post=5852"}],"curies":[{"name":"wp","href":"https:\/\/api.w.org\/{rel}","templated":true}]}}