{"id":5859,"date":"2015-09-30T08:44:14","date_gmt":"2015-09-30T08:44:14","guid":{"rendered":"http:\/\/www.terveilm.ee\/?page_id=5859"},"modified":"2015-10-01T16:56:39","modified_gmt":"2015-10-01T16:56:39","slug":"euroopa-liidu-arengukoostoo","status":"publish","type":"page","link":"https:\/\/www.terveilm.ee\/leht\/meist\/tegevusalad\/euroopa-liidu-arengukoostoo\/","title":{"rendered":"Euroopa Liidu arengukoost\u00f6\u00f6"},"content":{"rendered":"<h3>EUROOPA LIIDU ARENGUKOOST\u00d6\u00d6 POLIITIKA<\/h3>\n<p>Eesti jaoks on arengukoost\u00f6\u00f6poliitika kujundamisel k\u00f5ige olulisimaks foorumiks Euroopa Liit. Alates 2006. aastast suunatakse suurem osa Eesti arengukoost\u00f6\u00f6 ja humanitaarabi ressurssidest (80% 2006.a) Euroopa Liidu eelarvesse. Lisaks m\u00f5jutavad Eesti arengukoost\u00f6\u00f6d olulisel m\u00e4\u00e4ral ka ELi eesm\u00e4rgid ja strateegiad. Seet\u00f5ttu peab AK\u00dc vajalikuks, et Eesti ametkonnad omandaksid Euroopa tasandil kindlama positsiooni.<\/p>\n<p>Euroopa Liit on lubanud suurendada oma v\u00e4lisabi, parandades \u00fchtlasi selle kvaliteeti ja t\u00f5husust. Neid arenguid tuleks j\u00e4lgida mitte ainult liikmesriikide tasandil, vaid ka komisjoni pool eraldatava abi puhul, mille puhul on ette heidetud, et see ei ole keskendu piisavalt vaesusele.<\/p>\n<p>Euroopa Liidu arengukoost\u00f6\u00f6 poliitika struktuuridest ja protsessidest ning viimastest uudistest saab p\u00f5hjalikumalt lugeda <a href=\"http:\/\/www.terveilm.ee\/teabekeskus\/\">TEABEKESKUSEST<\/a>.<\/p>\n","protected":false},"excerpt":{"rendered":"<p>EUROOPA LIIDU ARENGUKOOST\u00d6\u00d6 POLIITIKA Eesti jaoks on arengukoost\u00f6\u00f6poliitika kujundamisel k\u00f5ige olulisimaks foorumiks Euroopa Liit. Alates 2006. aastast suunatakse suurem osa&#8230;<\/p>\n","protected":false},"author":6,"featured_media":0,"parent":144,"menu_order":0,"comment_status":"closed","ping_status":"closed","template":"","meta":{"_acf_changed":false,"footnotes":""},"categories":[],"class_list":["post-5859","page","type-page","status-publish","hentry"],"acf":[],"_links":{"self":[{"href":"https:\/\/www.terveilm.ee\/leht\/wp-json\/wp\/v2\/pages\/5859","targetHints":{"allow":["GET"]}}],"collection":[{"href":"https:\/\/www.terveilm.ee\/leht\/wp-json\/wp\/v2\/pages"}],"about":[{"href":"https:\/\/www.terveilm.ee\/leht\/wp-json\/wp\/v2\/types\/page"}],"author":[{"embeddable":true,"href":"https:\/\/www.terveilm.ee\/leht\/wp-json\/wp\/v2\/users\/6"}],"replies":[{"embeddable":true,"href":"https:\/\/www.terveilm.ee\/leht\/wp-json\/wp\/v2\/comments?post=5859"}],"version-history":[{"count":3,"href":"https:\/\/www.terveilm.ee\/leht\/wp-json\/wp\/v2\/pages\/5859\/revisions"}],"predecessor-version":[{"id":6234,"href":"https:\/\/www.terveilm.ee\/leht\/wp-json\/wp\/v2\/pages\/5859\/revisions\/6234"}],"up":[{"embeddable":true,"href":"https:\/\/www.terveilm.ee\/leht\/wp-json\/wp\/v2\/pages\/144"}],"wp:attachment":[{"href":"https:\/\/www.terveilm.ee\/leht\/wp-json\/wp\/v2\/media?parent=5859"}],"wp:term":[{"taxonomy":"category","embeddable":true,"href":"https:\/\/www.terveilm.ee\/leht\/wp-json\/wp\/v2\/categories?post=5859"}],"curies":[{"name":"wp","href":"https:\/\/api.w.org\/{rel}","templated":true}]}}