{"id":5883,"date":"2015-09-30T10:08:57","date_gmt":"2015-09-30T10:08:57","guid":{"rendered":"http:\/\/www.terveilm.ee\/?page_id=5883"},"modified":"2025-12-02T09:39:33","modified_gmt":"2025-12-02T07:39:33","slug":"uurimustood","status":"publish","type":"page","link":"https:\/\/www.terveilm.ee\/leht\/teabekeskuse-teemad\/arengukoostoo\/uurimustood\/","title":{"rendered":"Raportid ja uuringud"},"content":{"rendered":"<p>Tarkus tarviline vara! Siia koondame uurimust\u00f6id ja artikleid kestlikust arengust, arengukoost\u00f6\u00f6st, humanitaarabist, maailmaharidusest ja teistest seotud teemadest. Loetelust puuduvatest t\u00f6\u00f6dest ootame infot aadressil <a class=\"mailto-link\" href=\"mailto:info@terveilm.ee.\">info@terveilm.ee.<\/a><\/p>\n<p><strong>2025<\/strong><\/p>\n<ul>\n<li><a href=\"https:\/\/www.terveilm.ee\/leht\/wp-content\/uploads\/2025\/12\/TERVEILM_raport_maailmaharidus_2025_v2.pdf\">Eesti elanike teadmised ja hoiakud maailmahariduse kohta<\/a><\/li>\n<li><a href=\"https:\/\/www.terveilm.ee\/leht\/wp-content\/uploads\/2025\/07\/TERVEILM_uuringuraport_2025_v2.pdf\">Eesti elanike teadmised ja hoiakuid Eesti arengukoost\u00f6\u00f6 suundade kohta<\/a><\/li>\n<\/ul>\n<p><strong>2024<\/strong><\/p>\n<ul>\n<li><a href=\"https:\/\/www.terveilm.ee\/leht\/wp-content\/uploads\/2024\/05\/TERVEILM_uuringu_raport_04-2024_v6.pdf\">Eesti elanike teadmised ja hoiakud Eesti arengukoost\u00f6\u00f6 suundade kohta<\/a><\/li>\n<li><a href=\"https:\/\/www.terveilm.ee\/leht\/wp-content\/uploads\/2024\/02\/Loppraport-horisontaalsed-prioriteedid.pdf\">Horisontaalsete prioriteetide rakendamine Eesti arengukoost\u00f6\u00f6 tegevustes ja nende m\u00f5ju sihtriikides<\/a><\/li>\n<\/ul>\n<p><strong>2023<\/strong><\/p>\n<ul>\n<li><a href=\"https:\/\/www.terveilm.ee\/leht\/wp-content\/uploads\/2023\/10\/Aidwatch-2023.pdf\">CONCORD AidWatch 2023<\/a><\/li>\n<li><a href=\"https:\/\/www.terveilm.ee\/leht\/wp-content\/uploads\/2023\/07\/TERVEILM_uuringu_raport_07-2023.pdf\">Eesti elanike teadmised ja hoiakud Eesti arengukoost\u00f6\u00f6 suundade kohta<\/a><\/li>\n<\/ul>\n<p><strong>2022<\/strong><\/p>\n<ul>\n<li><a href=\"https:\/\/www.terveilm.ee\/leht\/wp-content\/uploads\/2023\/02\/TERVEILM_uuringu_raport_04-2022.pdf\">Eesti elanike teadmised ja hoiakud Eesti arengukoost\u00f6\u00f6 suundade kohta<\/a><\/li>\n<li><a href=\"https:\/\/www.terveilm.ee\/leht\/wp-content\/uploads\/2022\/03\/TERVEILM_uuringu_raport_2022_v2.pdf\">Eesti elanike teadmised ja hoiakud maailmahariduse kohta<\/a><\/li>\n<\/ul>\n<p><strong>2021<\/strong><\/p>\n<ul>\n<li><a href=\"https:\/\/www.terveilm.ee\/leht\/wp-content\/uploads\/2021\/07\/TERVEILM_uuringu_raport_mai_2021-1.pdf\">Eesti elanike teadmised ja hoiakud Eesti arengukoost\u00f6\u00f6 suundade kohta<\/a><\/li>\n<\/ul>\n<p><strong>2020<\/strong><\/p>\n<ul>\n<li><a href=\"https:\/\/www.terveilm.ee\/leht\/wp-content\/uploads\/2020\/09\/AKU_haridusraport_ver3.pdf\">Eesti elanike teadmised ja hoiakud maailmahariduse kohta<\/a><\/li>\n<li><a href=\"https:\/\/www.terveilm.ee\/leht\/wp-content\/uploads\/2020\/10\/AidWatch-2020.pdf\">Concord AidWatch 2020. Knock-on effects: An Urgent Call to Leave NoOne Behind<\/a><\/li>\n<li><a href=\"https:\/\/www.terveilm.ee\/leht\/wp-content\/uploads\/2020\/06\/ARENGUKOOST%C3%96%C3%96-raport.pdf\">Eesti elanike teadmised ja hoiakud Eesti arengukoost\u00f6\u00f6 suundade kohta<\/a><\/li>\n<li><a href=\"https:\/\/www.riigikantselei.ee\/sites\/default\/files\/content-editors\/Failid\/SA_eesti\/ulevaade_uro_tegevuskava_2030_elluviimisest_eestis_juuni2020.pdf\">\u00dclevaade \u00dcRO tegevuskava 2030 elluviimisest Eestis ehk s\u00e4\u00e4stva arengu raport<\/a><\/li>\n<li><a href=\"https:\/\/gene.eu\/wp-content\/uploads\/Estonia-PR-report.pdf\">Maailmaharidus Eestis. GENE raport.<\/a><\/li>\n<\/ul>\n<p><strong>2019<\/strong><\/p>\n<ul>\n<li><a href=\"https:\/\/www.plataformaongd.pt\/uploads\/subcanais2\/concord_aidwatch_report_2019_web.pdf\">Concord AidWatch 2019. Leaving NoOne Behind. Time for implementation<\/a><\/li>\n<\/ul>\n<p><strong>2018<\/strong><\/p>\n<ul>\n<li><a href=\"https:\/\/concordeurope.org\/wp-content\/uploads\/2018\/10\/CONCORD_AidWatch_Report_2018_web.pdf\">Concord AidWatch 2018. EU Aid: A Broken Ladder?<\/a><\/li>\n<li><a href=\"https:\/\/www.stat.ee\/valjaanne-2018_saastva-arengu-naitajad\">S\u00e4\u00e4stva arengu n\u00e4itajad. Statistikaamet<\/a><\/li>\n<\/ul>\n<p><strong>2017<\/strong><\/p>\n<ul>\n<li><a href=\"http:\/\/www.terveilm.ee\/leht\/wp-content\/uploads\/2018\/09\/Concord-Sus-Dev-Report-Estonian.pdf\">CONCORDi raport\u201eKestlik areng: panused on k\u00f5rged\u201c. <\/a><br \/>\nAnal\u00fc\u00fcs, mida on Euroopa on kestliku arengu ehk Agenda 2030 osas lubanud ja miks ta praeguste tegevustega lubatud t\u00e4htajaks eesm\u00e4rke ei saavuta.<\/li>\n<li><a href=\"https:\/\/concordeurope.org\/wp-content\/uploads\/2017\/10\/CONCORD_AidWatch_Report_2017_web.pdf?1fdb40&amp;1fdb40\">Aidwatch 2017<\/a> raport ja <a href=\"http:\/\/www.terveilm.ee\/leht\/blogi\/mida-tahendab-paris-arenguabi-ja-kuhu-pannakse-ulejaanud-raha\/\">AK\u00dc juht Sigrid Solniku kommentaar &#8211; Mida t\u00e4hendab &#8220;p\u00e4ris&#8221; arenguabi ja kuhu pannakse \u00fclej\u00e4\u00e4nud raha?<\/a>.<\/li>\n<\/ul>\n<p><strong>2015<\/strong><\/p>\n<ul>\n<li>Eesti Rakendusuuringute Keskus Centar. &#8220;<a href=\"http:\/\/www.terveilm.ee\/leht\/wp-content\/uploads\/2015\/09\/Arengukoost\u00f6\u00f6-\u00fcmarlaud_uuring.pdf\">Eesti import arengumaadest ja arengumaade probleemid kaupade tootmisel<\/a>&#8220;.<\/li>\n<\/ul>\n<p><strong>2014<\/strong><\/p>\n<ul>\n<li>Evelin Andrespok (2014). \u201c<a href=\"http:\/\/www.terveilm.ee\/wp-content\/uploads\/2015\/09\/Andrespok_E-Tiger-Leaping-to-Georgia.pdf\">Estonian e-Tiger Leaping to Georgia: Added Value of Estonian Development Cooperation<\/a>\u201c. Magistrit\u00f6\u00f6 Helsingi \u00dclikoolis.<\/li>\n<\/ul>\n<p><strong>2013<\/strong><\/p>\n<ul>\n<li>Eteri Gobronidze (2013). \u201c<a href=\"http:\/\/www.terveilm.ee\/wp-content\/uploads\/2015\/09\/thesis-Eteri_Gobronidze.pdf\">Marginal Position as a Potential Tool to Act and Influence: A Case Study of Estonian Development Cooperation Policy<\/a>\u201c. Magistrit\u00f6\u00f6 Tartu \u00dclikoolis.<\/li>\n<li>Keit Spiegel (2013). \u201cHindamise vajalikkus arengukoost\u00f6\u00f6 t\u00f5hususe m\u00f5\u00f5tmisel: Eesti-Gruusia n\u00e4itel\u201d. Magistrit\u00f6\u00f6 Tartu \u00dclikoolis.<\/li>\n<\/ul>\n<p><strong>2012<br \/>\n<\/strong><\/p>\n<ul>\n<li>Arengukoost\u00f6\u00f6 \u00dcmarlaud (2012). \u201c<a href=\"http:\/\/issuu.com\/terveilm\/docs\/analyys2006-2010\">Heal t\u00f6\u00f6l k\u00e4ib kasu kannul: Kodaniku\u00fchenduste hinnang Eesti arengukoost\u00f6\u00f6le aastatel 2006-2010<\/a>\u201c<\/li>\n<li>Evelin Andrespok &amp; Andres Kasekamp (2012). \u201c<a href=\"http:\/\/www.tandfonline.com\/doi\/abs\/10.1080\/15705854.2011.649166\">Development cooperation of the Baltic States: A comparison of the trajectories of three new donor countries<\/a>.\u201d Perspectives on European Politics and Society, Volume 13, Issue 1.<\/li>\n<li>Iris Tomingas (2012). \u201e<a href=\"http:\/\/www.vm.ee\/sites\/default\/files\/Iris_Tomingas_magistritoo_2012.pdf\">Eesti arengukoost\u00f6\u00f6: arenguabi tulemuslikkus ja selle hindamine Eesti arengukoost\u00f6\u00f6 ja humanitaarabi arengukavade 2006-2010 ja 2011-2015 alusel<\/a>\u201c\u00a0Magistrit\u00f6\u00f6 Tartu \u00dclikoolis.<\/li>\n<li>Nele N\u00f5u (2012). \u201c<a href=\"http:\/\/www.vm.ee\/sites\/default\/files\/Nele_Nou_magistritoo_2012.pdf\">Learning in Development Cooperation: The Case of Estonia<\/a>\u201c. Magistrit\u00f6\u00f6 Tallinna Tehnika\u00fclikoolis.<\/li>\n<\/ul>\n<p><strong>2011<\/strong><\/p>\n<ul>\n<li>Evelin Andrespok (2011). \u201c<a href=\"http:\/\/www.terveilm.ee\/wp-content\/uploads\/2015\/09\/valispol2010Andrespok.pdf\">Estonia\u2019s development cooperation from a civil society perspective.<\/a>\u201d Estonian Foreign Policy Yearbook 2010, lk 101-122.<\/li>\n<li>Henri Einre (2011). \u201c<a href=\"http:\/\/www.terveilm.ee\/wp-content\/uploads\/2015\/09\/MagisterEinre2011.pdf\">V\u00e4ikeriigi bilateraalse arengukoost\u00f6\u00f6 motiividest julgeolekupoliitilises kontekstis Eesti ja Soome n\u00e4itel.<\/a>\u201d Magistrit\u00f6\u00f6 Tartu \u00dclikoolis.<\/li>\n<li>Hilmar \u00de\u00f3r Hilmarsson. (2011). \u201c<a href=\"http:\/\/www.terveilm.ee\/wp-content\/uploads\/2015\/09\/Hilmarsson_2011.pdf\">How can the Baltic States as Non-DAC donors best contribute to international development cooperation?<\/a>\u201d Baltic Journal of Economics, Volume 11, Issue 2.<\/li>\n<li>Keit Spiegel (2011). \u201cAlternatiivne mudel Eesti arengukoost\u00f6\u00f6 t\u00f5hususe hindamisel.\u201d Balakaureuset\u00f6\u00f6 Tartu \u00dclikoolis.<\/li>\n<li>Marika Milt (2011). \u201cEesti arengukoost\u00f6\u00f6 valikud ning v\u00f5imalused Afganistanis \u2013 Soome, Rootsi ja Taani n\u00e4itel.\u201d Magistrit\u00f6\u00f6 Tartu \u00dclikoolis.<\/li>\n<\/ul>\n<p><strong>2010<\/strong><\/p>\n<ul>\n<li>Anna-Maria Tuisk (2010). \u201cArenguabi roll ja efektiivsus arenguriikides Sahara-Taguse Aafrika riikide n\u00e4itel.\u201d Balakaureuset\u00f6\u00f6 Tartu \u00dclikoolis.<\/li>\n<li>Arengukoost\u00f6\u00f6 \u00dcmarlaud\u00a0(2010). \u201c<a href=\"http:\/\/www.terveilm.ee\/wp-content\/uploads\/2015\/09\/analyys2008-2009.pdf\">Lubadus hoolida, kohustus vastutada: Kodaniku\u00fchenduste hinnang Eesti arengukoost\u00f6\u00f6le aastatel 2008-2009<\/a>\u201c<\/li>\n<li>Eveli Kuuse (2010). \u201c<a href=\"http:\/\/www.terveilm.ee\/wp-content\/uploads\/2015\/09\/thesis_Kuuse.pdf\">Arengukoost\u00f6\u00f6 adressaatidest doonoriteks: m\u00f5jurid ja loogika Eesti, L\u00e4ti, Leedu p\u00e4\u00e4steametite n\u00e4itel.<\/a>\u201d Magistrit\u00f6\u00f6 Tartu \u00dclikoolis.<\/li>\n<li>Kaili Terras (2010). \u201cSoop\u00f5hise l\u00e4henemise normi rakendamine kriisiohjes: Eesti n\u00e4itel.\u201d Magistrit\u00f6\u00f6 Tartu \u00dclikoolis.<\/li>\n<li>Karin Pointner (2010). \u201c<a href=\"http:\/\/www.terveilm.ee\/wp-content\/uploads\/2015\/09\/MagisterPointner2010.pdf\">Die Entwicklungszusammenarbeit Estlands unter besonderer Ber\u00fccksichtigung von Ged\u00e4chtnispolitik und kollektiver Erinnerung<\/a>\u201d (eesti k. \u201cM\u00e4lupoliitika ja kollektiivse m\u00e4lu roll Eesti arengukoost\u00f6\u00f6s\u201d). Magistrit\u00f6\u00f6 Viini \u00dclikoolis.<\/li>\n<\/ul>\n<p><strong>2009<\/strong><\/p>\n<ul>\n<li>AK\u00dc (2009). \u201cAbisaajast demokraatiasaadikuks: Kodaniku\u00fchenduste hinnang Eesti arengukoost\u00f6\u00f6le aastal 2007\u201c<\/li>\n<li>Kaire \u00d6\u00f6bik (2009). \u201c<a href=\"http:\/\/www.terveilm.ee\/wp-content\/uploads\/2015\/09\/MAG_Oobik.pdf\">Efektiivsuse olulisus arenguabi jaotusp\u00f5him\u00f5tete kujundamisel ning arenguabi andmisel \u2013 Soome ja Eesti v\u00f5rdlus.<\/a>\u201d Magistrit\u00f6\u00f6 Tartu \u00dclikoolis.<\/li>\n<li>Kristjan M\u00e4e (2009). \u201cArenguabi v\u00e4ikeriigi poliitikas: Eesti motiivid Gruusia demokratiseerumise toetamisel.\u201d Balakaureuset\u00f6\u00f6 Tartu \u00dclikoolis.<\/li>\n<li>Viljar Veebel (2009). \u201eEuroopa Parlamendi roll arengukoost\u00f6\u00f6 arendamisel ja Eestist valitud saadikute panus arengukoost\u00f6\u00f6 k\u00fcsimustes\u201c<\/li>\n<\/ul>\n<p><strong>2008<\/strong><\/p>\n<ul>\n<li>Evelin Andrespok (2008). \u201c<a href=\"http:\/\/www.terveilm.ee\/wp-content\/uploads\/2015\/09\/thesis_Andrespok.pdf\">Estonians as Europeans: A constructivist analysis of Estonia\u2019s development cooperation.<\/a>\u201d Bakalaureuset\u00f6\u00f6 Towsoni \u00dclikoolis.<\/li>\n<li>Katrin Lehtpuu (2008). \u201cArenguabi m\u00f5jusus arengumaade j\u00e4relej\u00f5udmisprotsessi kontekstis Gruusia n\u00e4itel.\u201d Bakalaureuset\u00f6\u00f6 Tallinna Tehnika\u00fclikoolis.<\/li>\n<li>Laura Pakaste (2008). \u201e<a href=\"http:\/\/www.ut.ee\/RSR\/raadiofailid\/Raadio\/Maailmast2008.pdf\">10 aastat Eesti arengukoost\u00f6\u00f6d<\/a>.\u201c Maailmast 2008: RSR artiklite kogumik, lk 139-156.<\/li>\n<li>Marje Pihlak (2008). \u201e<a href=\"http:\/\/www.ut.ee\/RSR\/raadiofailid\/Raadio\/Maailmast2008.pdf\">Arengukoost\u00f6\u00f6 kui v\u00e4lispoliitiline m\u00f5\u00f5de julgeolekuriskide maandamiseks<\/a>.\u201c Maailmast 2008: RSR artiklite kogumik, lk 157-175.<\/li>\n<li>Marje Pihlak (2008). \u201cRiiklik motivatsioon arenguabi andmisel: k\u00fcmne uue Euroopa Liidu doonorriigi n\u00e4itel aastatel 1998-2007.\u201d Magistrit\u00f6\u00f6 Tartu \u00dclikoolis.<\/li>\n<\/ul>\n<p><strong>2007<\/strong><\/p>\n<ul>\n<li>Anna Thaller (2007).\u00a0\u201c<a href=\"http:\/\/www.vm.ee\/sites\/default\/files\/Anna_Thaller_diplomitoo_2007.pdf\">Torn Between Solidarity and National Self-Interest: An Analysis of the Estonian and Latvian Development Cooperation<\/a>\u201d Mgistrit\u00f6\u00f6 Viini \u00dclikoolis.<\/li>\n<li>Annika Kool (2007). \u201c<a href=\"http:\/\/www.trialog.or.at\/images\/doku\/ee_countrystudy_final_dec2007.pdf\">Development Cooperation in ESTONIA. Country Study.<\/a>\u201d TRIALOG.<\/li>\n<li>Laura Pakaste (2007). \u201cLeedu v\u00e4lis- ja julgeolekupoliitilised kaalutlused arenguabi andmisel Ukrainale.\u201d Balakaureuset\u00f6\u00f6 Tartu \u00dclikoolis.<\/li>\n<\/ul>\n<p><strong>2006<\/strong><\/p>\n<ul>\n<li>Kaire \u00d6\u00f6bik (2006). \u201cDoonori huvi mudel ja Eesti kahepoolne arengukoost\u00f6\u00f6.\u201d\u00a0Balakaureuset\u00f6\u00f6 Tartu \u00dclikoolis.<\/li>\n<li>Riina Kuusik (2006). \u201c<a href=\"http:\/\/www.evi.ee\/lib\/valispol2006.pdf\">Estonia\u2019s development cooperation: Power, prestige and practice of a new donor<\/a>.\u201d Estonian Foreign Policy Yearbook 2006, lk 51-68.<\/li>\n<\/ul>\n<p><strong>2005<br \/>\n<\/strong><\/p>\n<ul>\n<li>Riina Laigo (2005). \u201cRahvusvaheliste doonororganisatsioonide omavaheline koordinatsioon arenguabi andmisel. Gruusia n\u00e4ide.\u201d Magistrit\u00f6\u00f6 Tartu \u00dclikoolis.<\/li>\n<\/ul>\n<p><strong>2001<\/strong><\/p>\n<ul>\n<li>Jaan T\u00f5nissoni Instituut (2001). \u201c<a href=\"https:\/\/www.raamatukoi.ee\/cgi-bin\/raamat?11254\" target=\"_blank\" rel=\"noopener noreferrer\">Avarduv maailm: Eestlased rahvusvahelises arengukoost\u00f6\u00f6s<\/a>.\u201d Valik artikleid.<\/li>\n<\/ul>\n","protected":false},"excerpt":{"rendered":"<p>Tarkus tarviline vara! Siia koondame uurimust\u00f6id ja artikleid kestlikust arengust, arengukoost\u00f6\u00f6st, humanitaarabist, maailmaharidusest ja teistest seotud teemadest. Loetelust puuduvatest t\u00f6\u00f6dest&#8230;<\/p>\n","protected":false},"author":6,"featured_media":0,"parent":33,"menu_order":0,"comment_status":"closed","ping_status":"closed","template":"template-kc-article.php","meta":{"_acf_changed":false,"footnotes":""},"categories":[41],"class_list":["post-5883","page","type-page","status-publish","hentry","category-teabekeskus"],"acf":[],"_links":{"self":[{"href":"https:\/\/www.terveilm.ee\/leht\/wp-json\/wp\/v2\/pages\/5883","targetHints":{"allow":["GET"]}}],"collection":[{"href":"https:\/\/www.terveilm.ee\/leht\/wp-json\/wp\/v2\/pages"}],"about":[{"href":"https:\/\/www.terveilm.ee\/leht\/wp-json\/wp\/v2\/types\/page"}],"author":[{"embeddable":true,"href":"https:\/\/www.terveilm.ee\/leht\/wp-json\/wp\/v2\/users\/6"}],"replies":[{"embeddable":true,"href":"https:\/\/www.terveilm.ee\/leht\/wp-json\/wp\/v2\/comments?post=5883"}],"version-history":[{"count":5,"href":"https:\/\/www.terveilm.ee\/leht\/wp-json\/wp\/v2\/pages\/5883\/revisions"}],"predecessor-version":[{"id":15715,"href":"https:\/\/www.terveilm.ee\/leht\/wp-json\/wp\/v2\/pages\/5883\/revisions\/15715"}],"up":[{"embeddable":true,"href":"https:\/\/www.terveilm.ee\/leht\/wp-json\/wp\/v2\/pages\/33"}],"wp:attachment":[{"href":"https:\/\/www.terveilm.ee\/leht\/wp-json\/wp\/v2\/media?parent=5883"}],"wp:term":[{"taxonomy":"category","embeddable":true,"href":"https:\/\/www.terveilm.ee\/leht\/wp-json\/wp\/v2\/categories?post=5883"}],"curies":[{"name":"wp","href":"https:\/\/api.w.org\/{rel}","templated":true}]}}