{"id":5888,"date":"2015-09-30T10:14:29","date_gmt":"2015-09-30T10:14:29","guid":{"rendered":"http:\/\/www.terveilm.ee\/?page_id=5888"},"modified":"2018-04-17T11:07:13","modified_gmt":"2018-04-17T08:07:13","slug":"idapartnerlus","status":"publish","type":"page","link":"https:\/\/www.terveilm.ee\/leht\/teabekeskuse-teemad\/arengukoostoo\/idapartnerlus\/","title":{"rendered":"Idapartnerlus"},"content":{"rendered":"<div>\n<p><strong>Euroopa Liidu Idapartnerlus on Euroopa Liidu liikmesriikide ja nende Ida-Euroopa partnerite \u00fchine p\u00fc\u00fcdlus tugevdada sidemeid, mis rajanevad \u00fchistel huvidel ja kohustustel ning samuti jagatud omavastutusel ja kohustustel.<\/strong><\/p>\n<p>Idapartnerluse sihtriigud on Armeenia, Aserbaid\u017eaan, Gruusia, Ukraina, Moldova ja Valgevene. Idapartnerlus on j\u00e4tkuks 2008 aastal avaldatud Rootsi ja Poola m\u00f5ttele tugevdada naabruspoliitika idam\u00f5\u00f5det. 7. mail 2009 allkirjastati Prahas <a href=\"http:\/\/www.terveilm.ee\/wp-content\/uploads\/2015\/09\/482_Idapartnerlus-yhisavaldus.pdf\">idapartnerluse \u00fchisdeklaratsioon<\/a>, kus m\u00e4\u00e4ratleti \u00fchiste v\u00e4\u00e4rtustena \u00f5igusriik, inim\u00f5iguste austamine, demokraatia \u00fclesehitamine ja kodaniku\u00fchiskonna kaasamine.<\/p>\n<p><strong>Idapartnerlus tugineb neljal p\u00f5him\u00f5ttel:<\/strong><\/p>\n<ol>\n<li>demokraatia, hea valitsemistava ja stabiilsus;<\/li>\n<li>majandus;<\/li>\n<li>energiajulgeolek;<\/li>\n<li>inimestevahelised kontaktid.<\/li>\n<\/ol>\n<p>Idapartnerlus tugineb kahepoolsetele lepingulistele suhetele ja t\u00e4iendab neid. Seda arendatakse piiramata \u00fcksikute partnerriikide p\u00fc\u00fcdlusi seoses nende ja Euroopa Liidu vaheliste tulevaste suhetega. Idapartnerlust arendatakse samuti paralleelselt ELi ja kolmandate riikide vahelise kahepoolse koost\u00f6\u00f6ga.<\/p>\n<h3 data-fontsize=\"16\" data-lineheight=\"27\">TRIALOG projekt andis v\u00e4lja l\u00fchikese \u00fclevaate idapartnerlusest:<\/h3>\n<p><iframe loading=\"lazy\" src=\"http:\/\/e.issuu.com\/embed.html#4590699\/5325550\" width=\"525\" height=\"371\" frameborder=\"0\" allowfullscreen=\"allowfullscreen\"><\/iframe><\/p>\n<p>&nbsp;<\/p>\n<h2 data-fontsize=\"16\" data-lineheight=\"27\">Kasulikud lingid:<strong><br \/>\n<\/strong><\/h2>\n<p><a href=\"http:\/\/www.easternpartnership.org\/\">www.easternpartnership.org<\/a> Eastern Partnership Community<\/p>\n<p><a href=\"http:\/\/eeas.europa.eu\/eastern\/index_en.htm\">eeas.europa.eu\/eastern\/index_en.htm<\/a> EL Idapartnerluse koduleht<\/p>\n<p><a href=\"http:\/\/www.eap-csf.eu\/\">www.eap-csf.eu<\/a> Idapartnerluse kodaniku\u00fchiskonna foorum<\/p>\n<p><a href=\"http:\/\/www.eceap.eu\/\">www.eceap.eu<\/a> Eesti Idapartnerluse Keskus<\/p>\n<p><a href=\"http:\/\/www.facebook.com\/EasternPartnership\">www.facebook.com\/EasternPartnership<\/a> EL idapartnerluse uudised Facebookis<\/p>\n<p>&nbsp;<\/p>\n<h2 data-fontsize=\"16\" data-lineheight=\"27\">Vaata ringi ka meie e-raamatukogus:<\/h2>\n<\/div>\n<p><iframe loading=\"lazy\" src=\"http:\/\/static.issuu.com\/widgets\/shelf\/index.html?folderId=08471ce9-5829-49b5-b2c7-f801e5813b18&amp;theme=theme3&amp;rows=1&amp;thumbSize=medium&amp;roundedCorners=true&amp;showTitle=true&amp;showAuthor=false&amp;shadow=true&amp;effect3d=true\" width=\"100%\" height=\"185\" frameborder=\"0\" marginwidth=\"0\" marginheight=\"0\" scrolling=\"no\"><\/iframe><\/p>\n","protected":false},"excerpt":{"rendered":"<p>Euroopa Liidu Idapartnerlus on Euroopa Liidu liikmesriikide ja nende Ida-Euroopa partnerite \u00fchine p\u00fc\u00fcdlus tugevdada sidemeid, mis rajanevad \u00fchistel huvidel ja&#8230;<\/p>\n","protected":false},"author":6,"featured_media":0,"parent":33,"menu_order":0,"comment_status":"closed","ping_status":"closed","template":"template-kc-article.php","meta":{"_acf_changed":false,"footnotes":""},"categories":[41],"class_list":["post-5888","page","type-page","status-publish","hentry","category-teabekeskus"],"acf":[],"_links":{"self":[{"href":"https:\/\/www.terveilm.ee\/leht\/wp-json\/wp\/v2\/pages\/5888","targetHints":{"allow":["GET"]}}],"collection":[{"href":"https:\/\/www.terveilm.ee\/leht\/wp-json\/wp\/v2\/pages"}],"about":[{"href":"https:\/\/www.terveilm.ee\/leht\/wp-json\/wp\/v2\/types\/page"}],"author":[{"embeddable":true,"href":"https:\/\/www.terveilm.ee\/leht\/wp-json\/wp\/v2\/users\/6"}],"replies":[{"embeddable":true,"href":"https:\/\/www.terveilm.ee\/leht\/wp-json\/wp\/v2\/comments?post=5888"}],"version-history":[{"count":3,"href":"https:\/\/www.terveilm.ee\/leht\/wp-json\/wp\/v2\/pages\/5888\/revisions"}],"predecessor-version":[{"id":9250,"href":"https:\/\/www.terveilm.ee\/leht\/wp-json\/wp\/v2\/pages\/5888\/revisions\/9250"}],"up":[{"embeddable":true,"href":"https:\/\/www.terveilm.ee\/leht\/wp-json\/wp\/v2\/pages\/33"}],"wp:attachment":[{"href":"https:\/\/www.terveilm.ee\/leht\/wp-json\/wp\/v2\/media?parent=5888"}],"wp:term":[{"taxonomy":"category","embeddable":true,"href":"https:\/\/www.terveilm.ee\/leht\/wp-json\/wp\/v2\/categories?post=5888"}],"curies":[{"name":"wp","href":"https:\/\/api.w.org\/{rel}","templated":true}]}}