{"id":5891,"date":"2015-09-30T10:16:38","date_gmt":"2015-09-30T10:16:38","guid":{"rendered":"http:\/\/www.terveilm.ee\/?page_id=5891"},"modified":"2015-10-01T17:26:18","modified_gmt":"2015-10-01T17:26:18","slug":"naabruspoliitika","status":"publish","type":"page","link":"https:\/\/www.terveilm.ee\/leht\/meist\/tegevusalad\/euroopa-liidu-arengukoostoo\/naabruspoliitika\/","title":{"rendered":"Naabruspoliitika"},"content":{"rendered":"<p><strong>Euroopa Liidu naabruspoliitika (ENP)<\/strong> eesm\u00e4rk on v\u00e4ltida uute eraldusjoonte tekkimist laienenud ELi ja selle naaberriikide vahel ning anda naaberriikidele v\u00f5imalus osaleda mitmesugustes ELi tegevustes tihedama poliitilise, julgeolekualase, majandusliku ja kultuurilise koost\u00f6\u00f6 kaudu.<\/p>\n<p>Euroopa naabruspoliitika toimib alates 2003. aastast naaberriikide suhtes, kellel on ELiga \u00fchine maa- v\u00f5i merepiir, st Al\u017eeeria,<a href=\"http:\/\/www.terveilm.ee\/meist\/projektid\/armeenia\/\">Armeenia<\/a>, <a href=\"http:\/\/www.terveilm.ee\/meist\/projektid\/aserbaidzaan\/\">Aserbaid\u017eaan<\/a>, <a href=\"http:\/\/www.terveilm.ee\/meist\/projektid\/valgevene\/\">Valgevene<\/a>, Egiptus, <a href=\"http:\/\/www.terveilm.ee\/meist\/projektid\/gruusia\/\">Gruusia<\/a>, Iisrael, Jordaania, Liibanon, Liib\u00fca, <a href=\"http:\/\/www.terveilm.ee\/meist\/projektid\/moldova\/\">Moldova<\/a>, Maroko, Palestiina omavalitsus, S\u00fc\u00fcria, Tuneesia ja <a href=\"http:\/\/www.terveilm.ee\/meist\/projektid\/ukraina\/\">Ukraina<\/a>. Kuigi ka Venemaa on ELi naaberriik, reguleerib ELi ja Venemaa vahelisi suhted eraldi strateegiline partnerlusleping.<\/p>\n<div>ENP, mis on suuresti ELi ja selle partnerriikide kahepoolne koost\u00f6\u00f6, rikastus 2009. aasta mais <a href=\"http:\/\/www.terveilm.ee\/meist\/tegevusalad\/euroopa-liidu-arengukoostoo\/idapartnerlus\/\">EL idaparterluse<\/a> algatusega ja 2008. aastal muutus seni Barcelona Protsessi all tuntud l\u00f5unapartnerlus <a href=\"http:\/\/www.eeas.europa.eu\/euromed\/index_en.htm\">Vahemereliiduks<\/a>. Samuti toimub Euroopa naabruspoliitika raames alates 2008. aastal <a href=\"http:\/\/www.eeas.europa.eu\/blacksea\/index_en.htm\">Musta Mere S\u00fcnergia<\/a> protsess, mis tugevdab koost\u00f6\u00f6d Musta mere \u00fcmber asuvate riikide vahel.Euroopa naabruspoliitika keskmeks on ELi partnerriikide tegevuskavad. Tegevuskava on poliitiline dokument, kus on kirja pandud naaberriigi ja ELi vahelise koost\u00f6\u00f6 eesm\u00e4rgid.<\/div>\n<p>&nbsp;<\/p>\n<h3 data-fontsize=\"16\" data-lineheight=\"27\">Vaata lisaks:<\/h3>\n<div><a href=\"http:\/\/ec.europa.eu\/world\/enp\/index_en.htm\">ELi naabruspoliitika koduleht<\/a><\/div>\n<div><a href=\"http:\/\/elik.nlib.ee\/?id=7817\">Viis aastat Euroopa naabruspoliitikat<\/a><\/div>\n","protected":false},"excerpt":{"rendered":"<p>Euroopa Liidu naabruspoliitika (ENP) eesm\u00e4rk on v\u00e4ltida uute eraldusjoonte tekkimist laienenud ELi ja selle naaberriikide vahel ning anda naaberriikidele v\u00f5imalus&#8230;<\/p>\n","protected":false},"author":6,"featured_media":0,"parent":5859,"menu_order":0,"comment_status":"closed","ping_status":"closed","template":"","meta":{"_acf_changed":false,"footnotes":""},"categories":[],"class_list":["post-5891","page","type-page","status-publish","hentry"],"acf":[],"_links":{"self":[{"href":"https:\/\/www.terveilm.ee\/leht\/wp-json\/wp\/v2\/pages\/5891","targetHints":{"allow":["GET"]}}],"collection":[{"href":"https:\/\/www.terveilm.ee\/leht\/wp-json\/wp\/v2\/pages"}],"about":[{"href":"https:\/\/www.terveilm.ee\/leht\/wp-json\/wp\/v2\/types\/page"}],"author":[{"embeddable":true,"href":"https:\/\/www.terveilm.ee\/leht\/wp-json\/wp\/v2\/users\/6"}],"replies":[{"embeddable":true,"href":"https:\/\/www.terveilm.ee\/leht\/wp-json\/wp\/v2\/comments?post=5891"}],"version-history":[{"count":3,"href":"https:\/\/www.terveilm.ee\/leht\/wp-json\/wp\/v2\/pages\/5891\/revisions"}],"predecessor-version":[{"id":6285,"href":"https:\/\/www.terveilm.ee\/leht\/wp-json\/wp\/v2\/pages\/5891\/revisions\/6285"}],"up":[{"embeddable":true,"href":"https:\/\/www.terveilm.ee\/leht\/wp-json\/wp\/v2\/pages\/5859"}],"wp:attachment":[{"href":"https:\/\/www.terveilm.ee\/leht\/wp-json\/wp\/v2\/media?parent=5891"}],"wp:term":[{"taxonomy":"category","embeddable":true,"href":"https:\/\/www.terveilm.ee\/leht\/wp-json\/wp\/v2\/categories?post=5891"}],"curies":[{"name":"wp","href":"https:\/\/api.w.org\/{rel}","templated":true}]}}