{"id":5895,"date":"2015-09-30T10:19:13","date_gmt":"2015-09-30T10:19:13","guid":{"rendered":"http:\/\/www.terveilm.ee\/?page_id=5895"},"modified":"2015-09-30T10:19:13","modified_gmt":"2015-09-30T10:19:13","slug":"eesti-paastemeeskond","status":"publish","type":"page","link":"https:\/\/www.terveilm.ee\/leht\/teabekeskuse-teemad\/humanitaarabi\/eesti-paastemeeskond\/","title":{"rendered":"Eesti P\u00e4\u00e4stemeeskond"},"content":{"rendered":"<div>\n<p>Eesti riigis koordineerib humanitaarabi andmist\u00a0<a href=\"http:\/\/www.vm.ee\/arengukoostoo\" target=\"_blank\">V\u00e4lisministeerium<\/a>. Ministeeriumi peamised partnerid on <a href=\"http:\/\/www.rescue.ee\/\">P\u00e4\u00e4steamet<\/a> ja <a href=\"http:\/\/www.redcross.ee\/\" target=\"_blank\">Eesti Punane Rist<\/a>. P\u00e4\u00e4steamet on aastate jooksul saavutanud rahvusvahelistele standarditele vastava p\u00e4\u00e4ste- ja humanitaarabi andmise v\u00f5imekuse ning vajadusel saadetakse kriisipiirkonda k\u00f5rgelt kvalifitseeritud Eesti P\u00e4\u00e4stemeeskond.<\/p>\n<\/div>\n<p><strong>Eesti P\u00e4\u00e4stemeeskond on osa p\u00e4\u00e4ste- ja kriisireguleerimisalase v\u00e4lja\u00f5ppe, koolituse ja ettevalmistuse s\u00fcsteemist<\/strong>. Selle eesm\u00e4rk on Eesti valmisoleku tagamine rahvusvahelistel p\u00e4\u00e4ste- ja humanitaarabi operatsioonidel osalemiseks ning seel\u00e4bi Eesti riigi esindamine ja tutvustamine rahvusvahelisel areenil. Tegu on vabatahtlikkuse alusel moodustatud pidevas valmisolekus oleva meeskonnaga, mis reageerib vajaduse korral rahvusvahelistele suur\u00f5nnetustele.<\/p>\n<p>Eesti P\u00e4\u00e4stemeeskonna l\u00e4hetab missioonile V\u00e4lisministeerium rahvusvahelise abipalve (\u00dcRO, ELi v\u00f5i kannatanud riigi esitatud) alusel. Iga missiooni tarbeks pannakse meeskond kokku l\u00e4htudes konkreetsetest vajadustest. P\u00e4\u00e4stemeeskonda kuuluvad spetsialistid on peamiselt tulet\u00f5rje- ja p\u00e4\u00e4steteenistusest, kuid liikmeid on ka piirivalvest, politseist ja teistest valitsusasutustest. Operatiivsest v\u00f5imekusest on moodustatud otsingu- ja p\u00e4\u00e4ster\u00fchm, meditsiinir\u00fchm ja keemiar\u00fchm. Peale selle kuuluvad meeskonda ka toetusr\u00fchm ja ekspertide grupp, mis toetavad ja korraldavad meeskonna t\u00f6\u00f6d missioonil, \u00f5ppusel ja igap\u00e4evategevuses.<\/p>\n<p>Rahvusvahelistel p\u00e4\u00e4stet\u00f6\u00f6del osaleva meeskonna moodustamine, selle valmisoleku tagamine, missioonile l\u00e4hetamine ja kulude katmine on reguleeritud valituse m\u00e4\u00e4rusega \u201c<a href=\"https:\/\/www.riigiteataja.ee\/akt\/13123262\" target=\"_blank\">Rahvusvahelistel p\u00e4\u00e4stet\u00f6\u00f6del osalemine<\/a>\u201c.<\/p>\n<p>Eesti P\u00e4\u00e4stemeeskonna esimene rahvusvaheline missioon toimus 2005. aasta jaanuaris, kui meditsiinir\u00fchm l\u00e4hetati Indoneesiasse Banda-Acehi maav\u00e4rina ja tsunami tagaj\u00e4rgi likvideerima. Sama aasta oktoobris osales p\u00e4\u00e4stemeeskond ulatusliku maav\u00e4rina tagaj\u00e4rgede likvideerimisel Pakistanis. 2010. aastal osalesid P\u00e4\u00e4stemeeskonna liikmed Haiti maav\u00e4rina tagaj\u00e4rgede leevendamise operatsioonides. T\u00e4naseks on p\u00e4\u00e4stemeeskond t\u00f5estanud end maailmatasandil arvestatava ja t\u00f5siselt v\u00f5etava <strong>professionaalide meeskonnana<\/strong>. \u00dcha sagedamini kutsutakse selle liikmeid rahvusvaheliste \u00f5ppuste planeerimis- ja hindamismeeskondadesse. Samuti on nad oodatud n\u00f5uandjad ja abistajad v\u00e4hem kogenud meeskondade jaoks.<br \/>\n<iframe loading=\"lazy\" src=\"http:\/\/e.issuu.com\/embed.html#4590699\/1400468\" width=\"650\" height=\"459\" frameborder=\"0\" allowfullscreen=\"allowfullscreen\"><\/iframe><\/p>\n<h2 data-fontsize=\"16\" data-lineheight=\"27\"><\/h2>\n<h2 data-fontsize=\"16\" data-lineheight=\"27\">Vaata lisaks\u00a0P\u00e4\u00e4steameti lehte\u00a0<a href=\"http:\/\/www.rescue.ee\/1454\" target=\"_blank\">www.rescue.ee<\/a>\u00a0ja uuri meie e-raamatukogu:<\/h2>\n<p><iframe loading=\"lazy\" src=\"http:\/\/static.issuu.com\/widgets\/shelf\/index.html?folderId=bdc38798-8754-455c-9e43-dd14e05eb267&amp;theme=theme3&amp;rows=1&amp;thumbSize=medium&amp;roundedCorners=true&amp;showTitle=true&amp;showAuthor=false&amp;shadow=true&amp;effect3d=true\" width=\"100%\" height=\"185\" frameborder=\"0\" marginwidth=\"0\" marginheight=\"0\" scrolling=\"no\"><\/iframe><\/p>\n","protected":false},"excerpt":{"rendered":"<p>Eesti riigis koordineerib humanitaarabi andmist\u00a0V\u00e4lisministeerium. Ministeeriumi peamised partnerid on P\u00e4\u00e4steamet ja Eesti Punane Rist. P\u00e4\u00e4steamet on aastate jooksul saavutanud rahvusvahelistele&#8230;<\/p>\n","protected":false},"author":6,"featured_media":0,"parent":36,"menu_order":0,"comment_status":"closed","ping_status":"closed","template":"","meta":{"_acf_changed":false,"footnotes":""},"categories":[],"class_list":["post-5895","page","type-page","status-publish","hentry"],"acf":[],"_links":{"self":[{"href":"https:\/\/www.terveilm.ee\/leht\/wp-json\/wp\/v2\/pages\/5895","targetHints":{"allow":["GET"]}}],"collection":[{"href":"https:\/\/www.terveilm.ee\/leht\/wp-json\/wp\/v2\/pages"}],"about":[{"href":"https:\/\/www.terveilm.ee\/leht\/wp-json\/wp\/v2\/types\/page"}],"author":[{"embeddable":true,"href":"https:\/\/www.terveilm.ee\/leht\/wp-json\/wp\/v2\/users\/6"}],"replies":[{"embeddable":true,"href":"https:\/\/www.terveilm.ee\/leht\/wp-json\/wp\/v2\/comments?post=5895"}],"version-history":[{"count":1,"href":"https:\/\/www.terveilm.ee\/leht\/wp-json\/wp\/v2\/pages\/5895\/revisions"}],"predecessor-version":[{"id":5896,"href":"https:\/\/www.terveilm.ee\/leht\/wp-json\/wp\/v2\/pages\/5895\/revisions\/5896"}],"up":[{"embeddable":true,"href":"https:\/\/www.terveilm.ee\/leht\/wp-json\/wp\/v2\/pages\/36"}],"wp:attachment":[{"href":"https:\/\/www.terveilm.ee\/leht\/wp-json\/wp\/v2\/media?parent=5895"}],"wp:term":[{"taxonomy":"category","embeddable":true,"href":"https:\/\/www.terveilm.ee\/leht\/wp-json\/wp\/v2\/categories?post=5895"}],"curies":[{"name":"wp","href":"https:\/\/api.w.org\/{rel}","templated":true}]}}