{"id":5912,"date":"2015-09-30T10:45:47","date_gmt":"2015-09-30T10:45:47","guid":{"rendered":"http:\/\/www.terveilm.ee\/?page_id=5912"},"modified":"2015-09-30T10:47:35","modified_gmt":"2015-09-30T10:47:35","slug":"lapstoojou-valtimine","status":"publish","type":"page","link":"https:\/\/www.terveilm.ee\/leht\/teabekeskuse-teemad\/inimoigused\/lapstoojou-valtimine\/","title":{"rendered":"Lapst\u00f6\u00f6j\u00f5u v\u00e4ltimine"},"content":{"rendered":"<h3 data-fontsize=\"13\" data-lineheight=\"24\">Kuidas saavad ettev\u00f5tted v\u00e4listada lapst\u00f6\u00f6j\u00f5u kasutamist?<\/h3>\n<ol>\n<li>V\u00e4ljenda selges\u00f5naliselt ettev\u00f5tte p\u00f5hikirjas v\u00f5i k\u00e4itumisjuhendis, et k\u00f5iki Eesti ratifitseeritud Rahvusvahelise T\u00f6\u00f6organisatsiooni (ILO) konventsioonides\u00a0<a href=\"https:\/\/www.riigiteataja.ee\/akt\/12747645\">C 138<\/a>\u00a0ja\u00a0<a href=\"https:\/\/www.riigiteataja.ee\/akt\/78489\">C 182<\/a>\u00a0m\u00e4\u00e4ratletud lapst\u00f6\u00f6j\u00f5u kasutamise vorme ennetatakse aktiivselt ning kui sellised praktikad siiski avastatakse, siis need l\u00f5petatakse.<\/li>\n<li>Taga, et ettev\u00f5tte tegevus p\u00f5hineb v\u00e4hemalt rahvusvahelistel lapst\u00f6\u00f6j\u00f5u vastastel konventsioonidel ning l\u00e4htub siseriiklikest ja kohalikest seadustest, kui nende standardid on k\u00f5rgemad rahvusvahelistest kokkulepetest.<\/li>\n<li>N\u00f5ua lepingutes tarnijatega, et nad l\u00f5petaksid lapst\u00f6\u00f6j\u00f5u kasutamise ning tagaksid t\u00f6\u00f6tajatele \u00f5igused k\u00f5ikides allhangetes.<\/li>\n<li>Kindlusta, et siiani ettev\u00f5tte tehastes, istandustes v\u00f5i teenindusasutustes ning allhangete ja v\u00e4ljast tellitud t\u00f6\u00f6de juures t\u00f6\u00f6tanud lasped suunatakse t\u00f6\u00f6 asemel tasuta t\u00e4isajalise \u00f5ppega kooli.<\/li>\n<li>Taga, et 15-18aastased noored, kes vastavalt rahvusvahelistele kokkulepetele tohivad t\u00f6\u00f6tada, ei oleks rakendatud ILO konventsioonis\u00a0 C 182 m\u00e4\u00e4ratletud sobimatul t\u00f6\u00f6l ja muus sobimatus tegevuses. Pidada kinni riikide, ameti\u00fchingute ja valdkondlike esinduorganinisatsioonite vahel s\u00f5lmitud kokkulepetest mitte rakendada noori ohtlikule t\u00f6\u00f6le.<\/li>\n<li>Kaasa oma t\u00f6\u00f6tajaid ja tarnijaid laspt\u00f6\u00f6j\u00f5u kasutamisega v\u00f5itlemiseks: jaga neile infot ning kutsu neid osalema ettev\u00f5tte lapst\u00f6\u00f6j\u00f5u v\u00e4ltimise tegevuskavade koostamisel.<\/li>\n<li>Tee koost\u00f6\u00f6d riigiasutuste ja MT\u00dcdega, et kindlustada varem t\u00f6\u00f6tanud lastele v\u00f5imalus omandada tasuta \u00fcldharidus seadusliku t\u00f6\u00f6eani j\u00f5udmiseni.<\/li>\n<li>Tee eraldi j\u00f5upingutusi, et v\u00f5imaldada ka dikrimineeritud ja marginaliseeritud lastel minna t\u00f6\u00f6l k\u00e4imise asemel kooli.<\/li>\n<li>Kontrolli s\u00fcnnitunnistuste \u00f5igsust ning seisa koos teiste osapooltega s\u00fcndide registreerimise s\u00fcsteemi\u00a0 juurutamise eest piirkondades, kus see puudub.<\/li>\n<li>Lapst\u00f6\u00f6j\u00f5u kasutamisega v\u00f5itlemisel on v\u00e4ga oluline tagada ka teised ILO t\u00f6\u00f6tajate \u00f5igusi puudutavad konventsioonid ning muud laialdaselt aktsepteeritud t\u00f6\u00f6tajate \u00f5igused.<\/li>\n<li>Tee koost\u00f6\u00f6d ameti\u00fchingutega, et k\u00f5rvaldada lapst\u00f6\u00f6j\u00f5u kasutamine ning tagada t\u00f6\u00f6tajate \u00f5iguste kaitse.<\/li>\n<li>Maksa tarnijatele lisaks, et neil oleks v\u00f5imalik palgata laste asemel t\u00e4iskasvanuid (v\u00f5i enam kui 14-15aastaseid noori) pakkudes neile inimv\u00e4\u00e4rset tasu ning t\u00f6\u00f6tingimusi. Vaata \u00fcle ka muud firma hangete tegemise p\u00f5him\u00f5tted, mis v\u00f5ivad m\u00f5jutada lapst\u00f6\u00f6j\u00f5u kasutamist ning t\u00f6\u00f6tajate p\u00f5hi\u00f5iguste tagamist.<\/li>\n<li>V\u00f5imaluse korral paku siiani t\u00f6\u00f6tanud laste t\u00f6\u00f6kohta tema vanematele v\u00f5i sugulastele. Kui see ei ole v\u00f5imalik, siis paku vanematele muud sobivat t\u00f6\u00f6d.<\/li>\n<li>Loo iseseisvalt v\u00f5i koost\u00f6\u00f6s partneritega lastes\u00f5imed v\u00f5i lasteaiad oma t\u00f6\u00f6tajate lastele, et nad ei oleks sunnitud lapsi t\u00f6\u00f6le saatma.<\/li>\n<li>Investeeri usaldusv\u00e4\u00e4rse halduss\u00fcsteemi loomisse. See v\u00f5iks sisaldada uuringuid tuvastamaks lapst\u00f6\u00f6j\u00f5u kasutamist tootmisahelas, t\u00f5husat s\u00fcsteemi enese j\u00e4lgimiseks, mehhanismi kaebuste esitamiseks, meetmeid ettev\u00f5tte p\u00f5him\u00f5tetest\u00a0 ja tegevustest teavitamiseks ja l\u00e4bipaistvuse suurendamiseks, kolmanda osapoole j\u00e4relvalvet ja hindamist ning meetmeid lapst\u00f6\u00f6j\u00f5u kasutamisest otseselt m\u00f5jutatud inimeste kaasamiseks.<\/li>\n<li>Kasuta internetti lapst\u00f6\u00f6j\u00f5u kasutamisest ning \u00fcldisest t\u00f6\u00f6tajate \u00f5iguste tagamise olukorrast teavitamiseks.<\/li>\n<li>Liitu mitmeid osapooli kaasava initsiatiiviga v\u00f5idelda lapst\u00f6\u00f6j\u00f5u kasutamisega valdkondades, kus see on laialdaselt levinud \u00a0(sh. kaevandamine; turism; kakao, tubaka, puuvilla seemnete, kohvi, tee, riisi ja lillede kasvatamine; puuvilla korjamine ja r\u00f5ivat\u00f6\u00f6stus). Kui sul on rahvusvaheline ettev\u00f5te, liitu m\u00f5ne teemakohase \u00fcleilmse valdkondliku \u00fchingu raamkokkuleppega.<\/li>\n<li>Ettev\u00f5ttel peaks olema eeskiri, mis keelab selle t\u00f6\u00f6tajatel kasutada lapst\u00f6\u00f6j\u00f5udu oma kodustes majapidamistes.<\/li>\n<\/ol>\n<p>LOE LISAKS\u00a0<a href=\"http:\/\/www.ilo.org\/global\/topics\/child-labour\/lang--en\/index.htm\">RAHVUSVAHELISE T\u00d6\u00d6ORGANISATSIOONI<\/a>\u00a0(ILO) LEHELT!<\/p>\n<p>Allikas: Kampaania \u201e<a href=\"http:\/\/www.stopchildlabour.eu\/\">Stop Child Labour \u2013 School is the best place to work<\/a>\u201c tegevuskava ettev\u00f5tetele\u00a0 \u201e<a href=\"http:\/\/www.indianet.nl\/pdf\/actionplanchildlabour.pdf\">Out of work and into school \u2013 Action Plan for Companies to Combat Child Labour<\/a>\u201c (2008)<\/p>\n","protected":false},"excerpt":{"rendered":"<p>Kuidas saavad ettev\u00f5tted v\u00e4listada lapst\u00f6\u00f6j\u00f5u kasutamist? V\u00e4ljenda selges\u00f5naliselt ettev\u00f5tte p\u00f5hikirjas v\u00f5i k\u00e4itumisjuhendis, et k\u00f5iki Eesti ratifitseeritud Rahvusvahelise T\u00f6\u00f6organisatsiooni (ILO) konventsioonides\u00a0C&#8230;<\/p>\n","protected":false},"author":6,"featured_media":0,"parent":5899,"menu_order":0,"comment_status":"closed","ping_status":"closed","template":"","meta":{"_acf_changed":false,"footnotes":""},"categories":[],"class_list":["post-5912","page","type-page","status-publish","hentry"],"acf":[],"_links":{"self":[{"href":"https:\/\/www.terveilm.ee\/leht\/wp-json\/wp\/v2\/pages\/5912","targetHints":{"allow":["GET"]}}],"collection":[{"href":"https:\/\/www.terveilm.ee\/leht\/wp-json\/wp\/v2\/pages"}],"about":[{"href":"https:\/\/www.terveilm.ee\/leht\/wp-json\/wp\/v2\/types\/page"}],"author":[{"embeddable":true,"href":"https:\/\/www.terveilm.ee\/leht\/wp-json\/wp\/v2\/users\/6"}],"replies":[{"embeddable":true,"href":"https:\/\/www.terveilm.ee\/leht\/wp-json\/wp\/v2\/comments?post=5912"}],"version-history":[{"count":1,"href":"https:\/\/www.terveilm.ee\/leht\/wp-json\/wp\/v2\/pages\/5912\/revisions"}],"predecessor-version":[{"id":5913,"href":"https:\/\/www.terveilm.ee\/leht\/wp-json\/wp\/v2\/pages\/5912\/revisions\/5913"}],"up":[{"embeddable":true,"href":"https:\/\/www.terveilm.ee\/leht\/wp-json\/wp\/v2\/pages\/5899"}],"wp:attachment":[{"href":"https:\/\/www.terveilm.ee\/leht\/wp-json\/wp\/v2\/media?parent=5912"}],"wp:term":[{"taxonomy":"category","embeddable":true,"href":"https:\/\/www.terveilm.ee\/leht\/wp-json\/wp\/v2\/categories?post=5912"}],"curies":[{"name":"wp","href":"https:\/\/api.w.org\/{rel}","templated":true}]}}