{"id":5915,"date":"2015-09-30T10:52:29","date_gmt":"2015-09-30T10:52:29","guid":{"rendered":"http:\/\/www.terveilm.ee\/?page_id=5915"},"modified":"2015-10-02T11:28:18","modified_gmt":"2015-10-02T11:28:18","slug":"keskkond","status":"publish","type":"page","link":"https:\/\/www.terveilm.ee\/leht\/teabekeskuse-teemad\/keskkond\/","title":{"rendered":"Keskkond"},"content":{"rendered":"<p style=\"text-align: justify;\">Kui k\u00f5ik inimesed maailmas elaksid nii nagu meie siin Eestis, l\u00e4heks inimkonna \u00fclalpidamiseks vaja rohkem ressursse kui maakeral jagub.<\/p>\n<p style=\"text-align: justify;\">Inimtegevuse m\u00f5ju Maa \u00f6kos\u00fcsteemile saab hinnata n\u00e4itajaga, mida nimetatakse <a href=\"http:\/\/www.ut.ee\/mobility\/jalajalg\/\" target=\"_blank\">\u00f6koloogiliseks jalaj\u00e4ljeks<\/a>. Keskkonna s\u00e4\u00e4stmise seisukohalt on oluline ka see, kuidas asjad on toodetud, sellest\u00a0annavad k\u00f5ige lihtsamini aimu tootem\u00e4rgised (nt <a href=\"http:\/\/www.envir.ee\/et\/okomargis\" target=\"_blank\">\u00f6kom\u00e4rk<\/a>). AK\u00dc liige <a href=\"http:\/\/www.roheline.ee\/\" target=\"_blank\">Eesti Roheline Liikumine<\/a> on juba aastaid aidanud keskkonnateadlikel tarbijatel orienteeruda meie kaubandusv\u00f5rgu toodete seas. N\u00e4iteks on <a href=\"http:\/\/www.roheline24.ee\/et\/roheline-toode\" target=\"_blank\">Rohelise toote kampaania<\/a> eesm\u00e4rk muuta keskkonnas\u00f5bralike ostuvalikute tegemine veelgi lihtsamaks.<\/p>\n<p style=\"text-align: justify;\">Kuigi see v\u00f5ib tunduda keerulise ettev\u00f5tmisena, ei eelda keskkonda s\u00e4\u00e4stev eluviis kardinaalseid muutusi v\u00f5i k\u00f5ikidest mugavustest loobumist. Alustades lihtsatest igap\u00e4evastest asjadest, nagu <a href=\"http:\/\/www.killerkott.org\/\" target=\"_blank\">kilekottidest loobumine<\/a>, <a href=\"https:\/\/www.energia.ee\/et\/kokkuhoid?id=1855\" target=\"_blank\">elektrienergia s\u00e4\u00e4stmine<\/a> v\u00f5i pr\u00fcgi sorteerimine, kujuneb sellest m\u00f5ne aja m\u00f6\u00f6dudes loomulik ja enesestm\u00f5istetav k\u00e4itumine. Suurt t\u00e4htsust omab ka see, kuidas liigud punktist A punkti B.<\/p>\n<p style=\"text-align: justify;\">Vaata oma kodus ringi ning uuri muid v\u00f5imalusi vee, elektri ja erinevate materjalide s\u00e4\u00e4stmiseks. Hea praktiline sissejuhatus keskkonnas\u00e4\u00e4stliku eluviisi juurde on Epp Petrone <a href=\"http:\/\/petroneprint.ee\/raamatud\/roheliseks-kasvamine\/\" target=\"_blank\">\u201cRoheliseks kasvamine\u201c<\/a>. Teine oluline abimees on s\u00e4\u00e4stva eluviisi portaal <a href=\"http:\/\/www.bioneer.ee\" target=\"_blank\">Bioneer<\/a>, mille igan\u00e4dalase uudiskirjaga j\u00f5uab lugejani palju kasulikku infot.<\/p>\n<p style=\"text-align: justify;\">S\u00e4\u00e4stva elustiili alus on teadlikkus sellest, kuidas asjad on omavahel seotud ja milline on meie k\u00e4itumise m\u00f5ju \u00fcmbritsevale keskkonnale. Hinda oma igap\u00e4evaseid tegevusi uue pilguga ja m\u00f5tle, kuidas saaksid keskkonda hoidvamalt\u00a0elada.<\/p>\n","protected":false},"excerpt":{"rendered":"<p>Kui k\u00f5ik inimesed maailmas elaksid nii nagu meie siin Eestis, l\u00e4heks inimkonna \u00fclalpidamiseks vaja rohkem ressursse kui maakeral jagub. Inimtegevuse&#8230;<\/p>\n","protected":false},"author":6,"featured_media":0,"parent":8,"menu_order":2,"comment_status":"closed","ping_status":"closed","template":"","meta":{"_acf_changed":false,"footnotes":""},"categories":[],"class_list":["post-5915","page","type-page","status-publish","hentry"],"acf":[],"_links":{"self":[{"href":"https:\/\/www.terveilm.ee\/leht\/wp-json\/wp\/v2\/pages\/5915","targetHints":{"allow":["GET"]}}],"collection":[{"href":"https:\/\/www.terveilm.ee\/leht\/wp-json\/wp\/v2\/pages"}],"about":[{"href":"https:\/\/www.terveilm.ee\/leht\/wp-json\/wp\/v2\/types\/page"}],"author":[{"embeddable":true,"href":"https:\/\/www.terveilm.ee\/leht\/wp-json\/wp\/v2\/users\/6"}],"replies":[{"embeddable":true,"href":"https:\/\/www.terveilm.ee\/leht\/wp-json\/wp\/v2\/comments?post=5915"}],"version-history":[{"count":4,"href":"https:\/\/www.terveilm.ee\/leht\/wp-json\/wp\/v2\/pages\/5915\/revisions"}],"predecessor-version":[{"id":6357,"href":"https:\/\/www.terveilm.ee\/leht\/wp-json\/wp\/v2\/pages\/5915\/revisions\/6357"}],"up":[{"embeddable":true,"href":"https:\/\/www.terveilm.ee\/leht\/wp-json\/wp\/v2\/pages\/8"}],"wp:attachment":[{"href":"https:\/\/www.terveilm.ee\/leht\/wp-json\/wp\/v2\/media?parent=5915"}],"wp:term":[{"taxonomy":"category","embeddable":true,"href":"https:\/\/www.terveilm.ee\/leht\/wp-json\/wp\/v2\/categories?post=5915"}],"curies":[{"name":"wp","href":"https:\/\/api.w.org\/{rel}","templated":true}]}}