{"id":5926,"date":"2015-09-30T10:57:26","date_gmt":"2015-09-30T10:57:26","guid":{"rendered":"http:\/\/www.terveilm.ee\/?page_id=5926"},"modified":"2018-04-03T04:48:35","modified_gmt":"2018-04-03T01:48:35","slug":"maailmaharidus","status":"publish","type":"page","link":"https:\/\/www.terveilm.ee\/leht\/teabekeskuse-teemad\/arengukoostoo\/maailmaharidus\/","title":{"rendered":"Maailmaharidus"},"content":{"rendered":"<p><a href=\"http:\/\/www.terveilm.ee\/wp-content\/uploads\/2015\/09\/350_global_education.jpg\"><img loading=\"lazy\" decoding=\"async\" class=\"alignleft wp-image-5927 size-full\" src=\"http:\/\/www.terveilm.ee\/leht\/wp-content\/uploads\/2015\/09\/350_global_education.jpg\" alt=\"350_global_education\" width=\"210\" height=\"210\" srcset=\"https:\/\/www.terveilm.ee\/leht\/wp-content\/uploads\/2015\/09\/350_global_education.jpg 210w, https:\/\/www.terveilm.ee\/leht\/wp-content\/uploads\/2015\/09\/350_global_education-150x150.jpg 150w\" sizes=\"auto, (max-width: 210px) 100vw, 210px\" \/><\/a><\/p>\n<p>Maailmahariduse eesm\u00e4rk on kasvatada aktiivseid maailmakodanikke, kes on teadlikud sellest, mis maailmas toimub, millised on toimuvate s\u00fcndmuste p\u00f5hjused ning kuidas k\u00f5ik see meid m\u00f5jutab. Aktiivne maailmakodanik tahab ja oskab oma avatud oleku ning teadliku ja eesm\u00e4rgip\u00e4rase tegutsemise kaudu (n\u00e4iteks s\u00e4\u00e4stva tarbimise, looduss\u00f5braliku k\u00e4itumise) maailma paremaks teha.<\/p>\n<p>Iga\u00fchest meist v\u00f5ib saada aktiivne maailmakodanik. Selleks piisab ka v\u00e4ikesest sammust. Peale maailma paremaks muutmise aitab see meil ka paremaks inimeseks kasvada.<\/p>\n<p>Maailmaparandus peitub m\u00f5istmises, et igal inimesel on vastutus teiste inimeste ees nii peres, koolis, t\u00f6\u00f6kohas, riigis kui laias maailmas. Iga\u00fchel on vastutus ka \u00fcmbritseva keskkonna ees. See, kuidas me Eestis k\u00e4itume, mida tarbime, kuidas \u00f5petame oma lapsi, j\u00e4tab esmapilgul m\u00e4rkamatu, kuid tegelikkuses suure j\u00e4lje nii meie kui teiste riikide inimeste heaolule ja looduskeskkonnale.<\/p>\n<h4 data-fontsize=\"14\" data-lineheight=\"20\">Kasulikud lehed:<\/h4>\n<p><a href=\"http:\/\/maailmakool.ee\/\" target=\"_blank\" rel=\"noopener\">www.maailmakool.ee<\/a>\u00a0\u2013 eestikeelsed maailmahariduse materjalid<\/p>\n<p><a href=\"http:\/\/www.teretere.eu\/\">www.teretere.eu<\/a>\u00a0 \u2013 info uusimmigrant-\u00f5pilastele, nende vanematele ja pedagoogidele<\/p>\n<p><a href=\"http:\/\/www.deeep.org\/\">www.deeep.org<\/a>\u00a0\u2013 Euroopa maailmahariduse v\u00f5rgustik<\/p>\n<p><a href=\"http:\/\/www.terveilm.ee\/leht\/wp-content\/uploads\/2012\/12\/MHDEWatch.pdf\">Euroopa maailmahariduse uuring (2010)<\/a><\/p>\n<p>&nbsp;<\/p>\n<h3 data-fontsize=\"13\" data-lineheight=\"24\">Vaata ringi ka meie e-raamatukogus:<\/h3>\n<p><iframe loading=\"lazy\" src=\"http:\/\/static.issuu.com\/widgets\/shelf\/index.html?folderId=d515c144-2008-4b63-b556-07b3157d4606&amp;theme=theme3&amp;rows=1&amp;thumbSize=medium&amp;roundedCorners=true&amp;showTitle=true&amp;showAuthor=false&amp;shadow=true&amp;effect3d=true\" width=\"100%\" height=\"185\" frameborder=\"0\" marginwidth=\"0\" marginheight=\"0\" scrolling=\"no\"><\/iframe><\/p>\n","protected":false},"excerpt":{"rendered":"<p>Maailmahariduse eesm\u00e4rk on kasvatada aktiivseid maailmakodanikke, kes on teadlikud sellest, mis maailmas toimub, millised on toimuvate s\u00fcndmuste p\u00f5hjused ning kuidas&#8230;<\/p>\n","protected":false},"author":6,"featured_media":0,"parent":33,"menu_order":2,"comment_status":"closed","ping_status":"closed","template":"template-kc-article.php","meta":{"_acf_changed":false,"footnotes":""},"categories":[41],"class_list":["post-5926","page","type-page","status-publish","hentry","category-teabekeskus"],"acf":[],"_links":{"self":[{"href":"https:\/\/www.terveilm.ee\/leht\/wp-json\/wp\/v2\/pages\/5926","targetHints":{"allow":["GET"]}}],"collection":[{"href":"https:\/\/www.terveilm.ee\/leht\/wp-json\/wp\/v2\/pages"}],"about":[{"href":"https:\/\/www.terveilm.ee\/leht\/wp-json\/wp\/v2\/types\/page"}],"author":[{"embeddable":true,"href":"https:\/\/www.terveilm.ee\/leht\/wp-json\/wp\/v2\/users\/6"}],"replies":[{"embeddable":true,"href":"https:\/\/www.terveilm.ee\/leht\/wp-json\/wp\/v2\/comments?post=5926"}],"version-history":[{"count":4,"href":"https:\/\/www.terveilm.ee\/leht\/wp-json\/wp\/v2\/pages\/5926\/revisions"}],"predecessor-version":[{"id":9065,"href":"https:\/\/www.terveilm.ee\/leht\/wp-json\/wp\/v2\/pages\/5926\/revisions\/9065"}],"up":[{"embeddable":true,"href":"https:\/\/www.terveilm.ee\/leht\/wp-json\/wp\/v2\/pages\/33"}],"wp:attachment":[{"href":"https:\/\/www.terveilm.ee\/leht\/wp-json\/wp\/v2\/media?parent=5926"}],"wp:term":[{"taxonomy":"category","embeddable":true,"href":"https:\/\/www.terveilm.ee\/leht\/wp-json\/wp\/v2\/categories?post=5926"}],"curies":[{"name":"wp","href":"https:\/\/api.w.org\/{rel}","templated":true}]}}