{"id":5938,"date":"2015-09-30T11:07:00","date_gmt":"2015-09-30T11:07:00","guid":{"rendered":"http:\/\/www.terveilm.ee\/?page_id=5938"},"modified":"2015-10-03T20:16:23","modified_gmt":"2015-10-03T17:16:23","slug":"vaikelaenud","status":"publish","type":"page","link":"https:\/\/www.terveilm.ee\/leht\/teabekeskuse-teemad\/majanduspoliitika\/vaikelaenud\/","title":{"rendered":"V\u00e4ikelaenud"},"content":{"rendered":"<p>K\u00f5ige vaesematel inimestel puudub tavaliselt juurdep\u00e4\u00e4s kommertspankade laenuteenusele. Summad, mida need inimesed laenaksid, on pankade jaoks liiga v\u00e4iksed ja enamasti pole neil midagi tagatiseks anda. V\u00f5imaluse pakuvad aga <strong>v\u00e4ikelaenude ehk mikrolaenude<\/strong> programmid, mille abil antakse v\u00e4ikestes summades laene. Need parandavad arengumaade inimeste v\u00f5imalusi endale tulu teenida, n\u00e4iteks alustada oma ettev\u00f5tet v\u00f5i laiendada olemasolevat tegevust.<\/p>\n<p><em><strong>\u00a0 \u00a0 \u00a0 \u00a0 \u00a0 \u201cKui anda vaestele v\u00f5imalus valla p\u00e4\u00e4sta oma energia ja loovus, kaob vaesus v\u00e4ga kiiresti.\u201d<\/strong><\/em><\/p>\n<p><em><strong>\u00a0 \u00a0 \u00a0 \u00a0 \u00a0<\/strong><strong> Muhammad Yunus<\/strong><\/em><\/p>\n<p>Mikrolaenude teerajajaks peetakse 2006. aasta Nobeli rahupreemia laureaati <a href=\"http:\/\/www.muhammadyunus.org\/\" target=\"_blank\"><strong>Muhammad Yunust<\/strong><\/a>, kes asutas 1983. aastal oma kodumaal Bangladeshis asutuse nimega Grameen Bank. See ebatraditsiooniline pank hakkas andma laene k\u00f5ige t\u00f5rjutumale r\u00fchmale \u2013 maata naistele \u2013, et nad saaksid oma algatusv\u00f5imet ja ettev\u00f5tlikkust rakendades ise oma heaolu parandada. Aastate jooksul on mikrolaenude idee levinud \u00fcle kogu maailma ja mikrokrediiti annavad nii rahvusvahelised organisatsioonid, doonorriigid kui ka ettev\u00f5tted ja kodaniku\u00fchendused. Nende hulgas on nii neid, kellele mikrolaenuga seonduv on \u00fcks tegevus paljudest, kui ka neid, kelle jaoks see on p\u00f5hitegevus. Muu hulgas on olemas selliseid organisatsioone, kes interneti kaudu tavakodanikelt p\u00e4rinevat raha vahendavad (n\u00e4iteks <a href=\"http:\/\/www.kiva.org\/\" target=\"_blank\">Kiva.org<\/a>).<\/p>\n<p>V\u00e4ikelaenuprogrammide ja -organisatsioonide tegevusmudelid varieeruvad, kuid sageli kaasneb laenuga mentorlus ja koolitused ning r\u00fchmategevus \u2013 laenusoovija liitub r\u00fchmaga, mille liikmed toetavad \u00fcksteist ja tagavad \u00fchiselt iga liikme laenu tagasimaksmise. Teatavad programmid annavad v\u00e4ikelaene ka n\u00e4iteks elamistingimuste parandamiseks v\u00f5i kogukonnaprojektideks ja m\u00f5nikord pakutakse ka muid finantsteenuseid, n\u00e4iteks s\u00e4\u00e4stuhoiused, raha saatmise v\u00f5imalused v\u00f5i mikrokindlustus. See on <a href=\"http:\/\/et.wikipedia.org\/wiki\/Sotsiaalne_ettev%C3%B5tlus\" target=\"_blank\"><strong>sotsiaalse ettev\u00f5tluse<\/strong><\/a> \u00fcks vorme.<\/p>\n<p>&nbsp;<\/p>\n<h2 data-fontsize=\"16\" data-lineheight=\"27\">Vaata ka:<\/h2>\n<p><a href=\"http:\/\/www.kiva.org\/\" target=\"_blank\"><strong>Kiva<\/strong> v\u00e4ikelaenude online turg<\/a>\u00a0(tegutseb ka <a href=\"http:\/\/www.kiva.org\/team\/estonia\" target=\"_blank\">eestlaste laenamistiim<\/a>)<\/p>\n<p><a href=\"http:\/\/www.uncdf.org\/\" target=\"_blank\">\u00dcRO Kapitali Arengufond<\/a><\/p>\n<p><a href=\"http:\/\/www.grameenfoundation.org\/\">Grameen\u00a0Foundation<\/a><\/p>\n<p><a href=\"http:\/\/www.yearofmicrocredit.org\/\" target=\"_blank\">Rahvusvaheline v\u00e4ikelaenude aasta 2005<\/a><\/p>\n<p><a href=\"http:\/\/www.terveilm.ee\/wp-content\/uploads\/2015\/09\/kiva_logo.jpg\"><img loading=\"lazy\" decoding=\"async\" class=\"alignleft wp-image-5941 size-thumbnail\" src=\"http:\/\/www.terveilm.ee\/leht\/wp-content\/uploads\/2015\/09\/kiva_logo-150x150.jpg\" alt=\"kiva_logo\" width=\"150\" height=\"150\" srcset=\"https:\/\/www.terveilm.ee\/leht\/wp-content\/uploads\/2015\/09\/kiva_logo-150x150.jpg 150w, https:\/\/www.terveilm.ee\/leht\/wp-content\/uploads\/2015\/09\/kiva_logo-300x300.jpg 300w, https:\/\/www.terveilm.ee\/leht\/wp-content\/uploads\/2015\/09\/kiva_logo.jpg 310w\" sizes=\"auto, (max-width: 150px) 100vw, 150px\" \/><\/a><\/p>\n","protected":false},"excerpt":{"rendered":"<p>K\u00f5ige vaesematel inimestel puudub tavaliselt juurdep\u00e4\u00e4s kommertspankade laenuteenusele. Summad, mida need inimesed laenaksid, on pankade jaoks liiga v\u00e4iksed ja enamasti&#8230;<\/p>\n","protected":false},"author":6,"featured_media":0,"parent":5935,"menu_order":0,"comment_status":"closed","ping_status":"closed","template":"","meta":{"_acf_changed":false,"footnotes":""},"categories":[],"class_list":["post-5938","page","type-page","status-publish","hentry"],"acf":[],"_links":{"self":[{"href":"https:\/\/www.terveilm.ee\/leht\/wp-json\/wp\/v2\/pages\/5938","targetHints":{"allow":["GET"]}}],"collection":[{"href":"https:\/\/www.terveilm.ee\/leht\/wp-json\/wp\/v2\/pages"}],"about":[{"href":"https:\/\/www.terveilm.ee\/leht\/wp-json\/wp\/v2\/types\/page"}],"author":[{"embeddable":true,"href":"https:\/\/www.terveilm.ee\/leht\/wp-json\/wp\/v2\/users\/6"}],"replies":[{"embeddable":true,"href":"https:\/\/www.terveilm.ee\/leht\/wp-json\/wp\/v2\/comments?post=5938"}],"version-history":[{"count":4,"href":"https:\/\/www.terveilm.ee\/leht\/wp-json\/wp\/v2\/pages\/5938\/revisions"}],"predecessor-version":[{"id":6374,"href":"https:\/\/www.terveilm.ee\/leht\/wp-json\/wp\/v2\/pages\/5938\/revisions\/6374"}],"up":[{"embeddable":true,"href":"https:\/\/www.terveilm.ee\/leht\/wp-json\/wp\/v2\/pages\/5935"}],"wp:attachment":[{"href":"https:\/\/www.terveilm.ee\/leht\/wp-json\/wp\/v2\/media?parent=5938"}],"wp:term":[{"taxonomy":"category","embeddable":true,"href":"https:\/\/www.terveilm.ee\/leht\/wp-json\/wp\/v2\/categories?post=5938"}],"curies":[{"name":"wp","href":"https:\/\/api.w.org\/{rel}","templated":true}]}}