{"id":5981,"date":"2015-09-30T12:27:33","date_gmt":"2015-09-30T12:27:33","guid":{"rendered":"http:\/\/www.terveilm.ee\/?page_id=5981"},"modified":"2015-09-30T12:27:33","modified_gmt":"2015-09-30T12:27:33","slug":"kliimamuutused","status":"publish","type":"page","link":"https:\/\/www.terveilm.ee\/leht\/teabekeskuse-teemad\/arengukoostoo\/poliitikate-sidusus\/kliimamuutused\/","title":{"rendered":"Kliimamuutused"},"content":{"rendered":"<p><strong>Probleem: Euroopa on \u00fcks suuremaid kliimamuutuste p\u00f5hjustajaid maailmas, samal ajal toetame vaeste riikide kohanemist kliimamuutustega. Seega annab Euroopa Liit arenguriikidele abi keskkonnahoiuks ja vaesuse v\u00e4hendamiseks, kuid samas s\u00fcvendab kliimamuutusi ja halvendab sealsetele inimeste elukeskkonda.<\/strong><\/p>\n<p>Euroopa vajaks oma praeguste tarbimisharjumuste j\u00e4tkamiseks 2,6 planeeti Maa. Kliimamuutuste m\u00f5ju avaldub teisel pool maailma, kus j\u00e4rjest rohkem inimesi on toidupuuduses ja n\u00e4ljas. Kasvuhoonegaaside suurenemine t\u00f5stab temperatuuri, muudab vihma sagedust ja toob kaasa \u00e4\u00e4rmuslikud ilmastikun\u00e4htused. Sellel on toidu tootmisele r\u00e4ngad tagaj\u00e4rjed. Kliimamuutuste m\u00f5ju n\u00e4eb juba k\u00f5ige vaesemate inimeste elatises, kuna nemad kulutavad suurema osa oma sissetulekust toidule.<\/p>\n<p>Adoaga Ousmane on 45-aastane naine, kes elab Lougas, v\u00e4ikses T\u0161aadi k\u00fclas. Ta veedab oma p\u00e4evi puuviljakive n\u00e4rides \u2013 kuigi neil pole viljaliha k\u00fcljes, \u00fcritavad kohalikud sedasi sageli n\u00e4lga peletada. Adoaga s\u00f5ltub ilmast ja maa viljakusest: \u201eKui sajab palju vihma, on olukord hea,\u201d \u00fctleb ta. \u201eKui vihma ei tule v\u00f5i kui see tuleb valel ajal, tekivad probleemid. Kui vihm on hea, laenan ma s\u00f5pradelt seemneid. Ma kasvatan sorgot ja teisi k\u00f6\u00f6givilju. See aasta on k\u00f5ige hullem, sest vihma ei saja.\u201d<\/p>\n<p>Varem tekkis toidukriis L\u00e4\u00e4ne-Aafrika Saheli piirkonnas kord k\u00fcmne aasta jooksul, kuid viimase aastak\u00fcmne jooksul on piirkonda tabanud kolm kriisi ja inimestel pole olnud palju aega, et end enne j\u00e4rgmise saabumist koguda. Alates 1950. aastatest on ilm j\u00e4\u00e4nud \u00fcha kuivemaks, p\u00f5uad on veninud pikemaks ja muutunud intensiivsemaks. 2012. aastal m\u00f5jutas toidukriis Sahelis juba rohkem kui 18 miljonit inimest.<\/p>\n<p>\u00c4\u00e4rmuslikud ilmastikun\u00e4htused v\u00f5ivad l\u00fchikese ajaga p\u00f5hjustada hinnat\u00f5use, mis on v\u00f5rdsed kahek\u00fcmne aasta jooksul toimunud pikaajaliste hinnat\u00f5usudega: T\u0161aadis t\u00f5usid hinnad 2012. aastal keskmiselt 40% enam kui kriisieelsel perioodil.<\/p>\n<p>EL kulutab Saheli piirkonnas humanitaarabiks miljoneid eurosid. Sellest ei piisa, kui EL ei v\u00f5ta vastutust kliima muutmise eest ja ei muuda t\u00f6\u00f6stust ning tarbimist, mis reaalselt arengumaade inimesi aitaksid. EL peab tegelema kasvuhoonegaaside v\u00e4hendamise ning tootmis- ja tarbimisharjumuste muutmisega, et v\u00e4hendada nende halba m\u00f5ju keskkonnale.<\/p>\n<p><strong>T\u00f5lgitud ja kohandatud j\u00e4rgmistest allikatest:<\/strong><br \/>\nCONCORD, <a href=\"http:\/\/issuu.com\/terveilm\/docs\/spotlight2013\" target=\"_blank\">\u201cSpotlight on Policy Coherence 2013\u201c<\/a><\/p>\n","protected":false},"excerpt":{"rendered":"<p>Probleem: Euroopa on \u00fcks suuremaid kliimamuutuste p\u00f5hjustajaid maailmas, samal ajal toetame vaeste riikide kohanemist kliimamuutustega. Seega annab Euroopa Liit arenguriikidele&#8230;<\/p>\n","protected":false},"author":6,"featured_media":0,"parent":38,"menu_order":0,"comment_status":"closed","ping_status":"closed","template":"","meta":{"_acf_changed":false,"footnotes":""},"categories":[],"class_list":["post-5981","page","type-page","status-publish","hentry"],"acf":[],"_links":{"self":[{"href":"https:\/\/www.terveilm.ee\/leht\/wp-json\/wp\/v2\/pages\/5981","targetHints":{"allow":["GET"]}}],"collection":[{"href":"https:\/\/www.terveilm.ee\/leht\/wp-json\/wp\/v2\/pages"}],"about":[{"href":"https:\/\/www.terveilm.ee\/leht\/wp-json\/wp\/v2\/types\/page"}],"author":[{"embeddable":true,"href":"https:\/\/www.terveilm.ee\/leht\/wp-json\/wp\/v2\/users\/6"}],"replies":[{"embeddable":true,"href":"https:\/\/www.terveilm.ee\/leht\/wp-json\/wp\/v2\/comments?post=5981"}],"version-history":[{"count":1,"href":"https:\/\/www.terveilm.ee\/leht\/wp-json\/wp\/v2\/pages\/5981\/revisions"}],"predecessor-version":[{"id":5982,"href":"https:\/\/www.terveilm.ee\/leht\/wp-json\/wp\/v2\/pages\/5981\/revisions\/5982"}],"up":[{"embeddable":true,"href":"https:\/\/www.terveilm.ee\/leht\/wp-json\/wp\/v2\/pages\/38"}],"wp:attachment":[{"href":"https:\/\/www.terveilm.ee\/leht\/wp-json\/wp\/v2\/media?parent=5981"}],"wp:term":[{"taxonomy":"category","embeddable":true,"href":"https:\/\/www.terveilm.ee\/leht\/wp-json\/wp\/v2\/categories?post=5981"}],"curies":[{"name":"wp","href":"https:\/\/api.w.org\/{rel}","templated":true}]}}