{"id":5984,"date":"2015-09-30T12:28:17","date_gmt":"2015-09-30T12:28:17","guid":{"rendered":"http:\/\/www.terveilm.ee\/?page_id=5984"},"modified":"2015-09-30T12:28:17","modified_gmt":"2015-09-30T12:28:17","slug":"loodusvarad","status":"publish","type":"page","link":"https:\/\/www.terveilm.ee\/leht\/teabekeskuse-teemad\/arengukoostoo\/poliitikate-sidusus\/loodusvarad\/","title":{"rendered":"Loodusvarad"},"content":{"rendered":"<p><strong>Probleem: Paljud maailma vaeseimad riigid on loodusvarade poolest maailma rikkaimate hulgas. Enamasti teenivad nende ressursside pealt kasumit rikaste riikide suurkorporatsioonid, samal kui kohalikud elanikud on s\u00f5ltuvad v\u00e4lisabist. \u00dche k\u00e4ega annab Euroopa Liit arenguriikidele abi vaesuse v\u00e4hendamiseks, kuid teisalt kasutab nende loodusvarasid r\u00f6\u00f6vellikult ja v\u00f5tab neilt v\u00f5imaluse ise oma riiki arendada.<\/strong><\/p>\n<p>M\u00e1xima Acu\u00f1a Atalaya on 42-aastane ket\u0161ua naine, kes elab P\u00f5hja-Peruus v\u00e4ikeses Andide k\u00fclas Tragadero Grande. Ta on nelja lapse ema, kes teenib elatist ketramise ja kudumisega. Tema abikaasa Jaime Chaupe Lozano on p\u00f5lluharija. Nende maja on ainuke, mis kogukonnast on j\u00e4rele j\u00e4\u00e4nud. M\u00e1ximast on saanud nende p\u00f5lluharijate liikumise s\u00fcmbol, kes v\u00f5itlevad El Peroli ja Azuli j\u00e4rvede kaitsmise eest. Need j\u00e4rved moodustavad osa Andidele t\u00fc\u00fcpilisest \u00f5rnast m\u00e4estiku\u00f6kos\u00fcsteemist: m\u00e4rgaladest.<\/p>\n<p>Conga kaevandus toodab oma ennustatava 17-aastase tegevuse jooksul umbes 12 miljonit untsi kulda ja 3,1 miljardit naela vaske. Peruu kaevandusettev\u00f5tted maksavad oma tulult 30% maksu ning kuigi teoreetiliselt jaotatakse suur osa sellest maksust kogukondadele, on Cajamarca piirkond endiselt \u00fcks Peruu vaesemaid: 56% selle elanikest elavad vaesuses.<\/p>\n<p>Euroopa tarbib nii palju, et oleme s\u00f5ltuvad v\u00e4ljastpoolt, enamasti arengumaadest p\u00e4rit loodusvaradest. Inimeste elu ja areng s\u00f5ltuvad suuresti planeedi loodusvaradest \u2013 maast, veest, metsadest ja mineraalidest. Kahjuks on paljud neist loodusvaradest suures ohus. Kohalikel inimestel takistatakse loodusvarade kasutamist, samal ajal kui suurtootjad \u00fcritavad neist l\u00fchikese aja jooksul v\u00f5imalikult suurt tulu saada.<\/p>\n<p>Aafrika, Aasia ja Ladina-Ameerika loodusvarade ekspordist saadav tulu \u00fcletab ELi ametlikku arenguabi 24 korda. Kui arenguriikide loodusvarade m\u00fc\u00fcgist saadavat tulu \u00f5igesti kasutataks, lubaks see vaesusest v\u00e4lja aidata miljoneid inimesi.<\/p>\n<p>EL p\u00fc\u00fcab leida kuldset keskteed, et saada enda jaoks toorainet ja samal ajal soodustada neid tootvate riikide arengut ja julgeolekut. Viimane t\u00e4hendab, et ELi ostetud kaubad ei tohi toetada korruptsiooni, konflikti v\u00f5i halba valitsemist. Mitmetes riikides see ilus plaan aga ei t\u00f6\u00f6ta. N\u00e4iteks Kongo Demokraatlik Vabariik annab 71% ELi koobaltivajadusest, kuid suur osa rahast l\u00e4heb m\u00e4ssulistest s\u00f5japealikele. T\u00fcrkmenistanis on loodusvarade rikkus soodustanud korruptiivset ja repressiivset riigikorda. Probleeme tekitavad ka Euroopa finantsasutused, mis lubavad korrumpeerunud eliidil hoiustada ELi pankades loodusvaradest saadud r\u00f6\u00f6vellikke tulusid.<\/p>\n<p>T\u00f5lgitud ja kohandatud j\u00e4rgmistest allikatest:<br \/>\nCONCORD, 2011, <a href=\"http:\/\/issuu.com\/terveilm\/docs\/pcd2011\" target=\"_blank\">\u201eSpotlight on Policy Coherence 2011\u2033<\/a><br \/>\nCONCORD, 2013, <a href=\"http:\/\/issuu.com\/terveilm\/docs\/spotlight2013\" target=\"_blank\">\u201cSpotlight on Policy Coherence 2013\u201c<\/a><\/p>\n","protected":false},"excerpt":{"rendered":"<p>Probleem: Paljud maailma vaeseimad riigid on loodusvarade poolest maailma rikkaimate hulgas. Enamasti teenivad nende ressursside pealt kasumit rikaste riikide suurkorporatsioonid,&#8230;<\/p>\n","protected":false},"author":6,"featured_media":0,"parent":38,"menu_order":0,"comment_status":"closed","ping_status":"closed","template":"","meta":{"_acf_changed":false,"footnotes":""},"categories":[],"class_list":["post-5984","page","type-page","status-publish","hentry"],"acf":[],"_links":{"self":[{"href":"https:\/\/www.terveilm.ee\/leht\/wp-json\/wp\/v2\/pages\/5984","targetHints":{"allow":["GET"]}}],"collection":[{"href":"https:\/\/www.terveilm.ee\/leht\/wp-json\/wp\/v2\/pages"}],"about":[{"href":"https:\/\/www.terveilm.ee\/leht\/wp-json\/wp\/v2\/types\/page"}],"author":[{"embeddable":true,"href":"https:\/\/www.terveilm.ee\/leht\/wp-json\/wp\/v2\/users\/6"}],"replies":[{"embeddable":true,"href":"https:\/\/www.terveilm.ee\/leht\/wp-json\/wp\/v2\/comments?post=5984"}],"version-history":[{"count":1,"href":"https:\/\/www.terveilm.ee\/leht\/wp-json\/wp\/v2\/pages\/5984\/revisions"}],"predecessor-version":[{"id":5985,"href":"https:\/\/www.terveilm.ee\/leht\/wp-json\/wp\/v2\/pages\/5984\/revisions\/5985"}],"up":[{"embeddable":true,"href":"https:\/\/www.terveilm.ee\/leht\/wp-json\/wp\/v2\/pages\/38"}],"wp:attachment":[{"href":"https:\/\/www.terveilm.ee\/leht\/wp-json\/wp\/v2\/media?parent=5984"}],"wp:term":[{"taxonomy":"category","embeddable":true,"href":"https:\/\/www.terveilm.ee\/leht\/wp-json\/wp\/v2\/categories?post=5984"}],"curies":[{"name":"wp","href":"https:\/\/api.w.org\/{rel}","templated":true}]}}