{"id":5990,"date":"2015-09-30T12:29:35","date_gmt":"2015-09-30T12:29:35","guid":{"rendered":"http:\/\/www.terveilm.ee\/?page_id=5990"},"modified":"2015-09-30T12:29:35","modified_gmt":"2015-09-30T12:29:35","slug":"pagulased","status":"publish","type":"page","link":"https:\/\/www.terveilm.ee\/leht\/teabekeskuse-teemad\/arengukoostoo\/poliitikate-sidusus\/pagulased\/","title":{"rendered":"Pagulased"},"content":{"rendered":"<p><strong>Probleem: \u00dche k\u00e4ega annab Eesti vaestele arenguriikidele abi inim\u00f5igusi ja demokraatiat puudutavate probleemide lahendamiseks. Teisalt j\u00e4tab konservatiivne pagulaspoliitika ukse taha inimesed, kes on sunnitud enda kodumaalt tagakiusamise v\u00f5i s\u00f5ja eest p\u00f5genema.<\/strong><\/p>\n<p>Rahvusvaheline raport toob v\u00e4lja vastur\u00e4\u00e4kivused Eesti v\u00e4lispoliitikas ja varjupaigapoliitikas \u2013 kui arengukoost\u00f6\u00f6ga toetatakse inim\u00f5igusi ja demokraatiat, siis Eesti pagulaspoliitika j\u00e4tab ukse taha inimesed, kes on sunnitud enda kodumaalt p\u00f5genema.<\/p>\n<p>Raporti Eesti autor, Arengukoost\u00f6\u00f6 \u00dcmarlaua poliitikaekspert Evelin Andrespok selgitab: \u201cEesti on 15 aasta jooksul toetanud demokraatia ja inim\u00f5iguste edendamist arengumaades, sealhulgas Gruusias, Afganistaanis ja S\u00fc\u00fcrias. Paljud inimesed nendest riikidest on taotlenud ka Eestist varjupaika, kuna omal maal \u00e4hvardab neid v\u00e4givald v\u00f5i tagakiusamine. Kahjuks rahuldatakse nendest taotlustest vaid \u00fcksikud.\u201d<\/p>\n<p>T\u00f5rjuv suhtumine p\u00f5genike suhtes on eriti arusaamatu, kuna eestlastest pagulased said ka ise 20. sajandi rasketel aegadel abi teistelt riikidelt. K\u00fcmnetel tuhandetel eestlastel on isiklik pagulaskogemus v\u00f5i tunnevad nad inimesi, kes olid sunnitud esimese v\u00f5i teise maailmas\u00f5ja ajal riigist lahkuma.<\/p>\n<p>On kiiduv\u00e4\u00e4rt, et Eesti suunab suure osa oma arengukoost\u00f6\u00f6st ja v\u00e4lispoliitikast inim\u00f5iguste kaitsmisele ning edendamisele, kuid muret tekitab asjaolu, et pagulaspoliitika puhul ei l\u00e4htuta samadest eesm\u00e4rkidest. Arenguskoost\u00f6\u00f6 \u00dcmarlaud ootab, et valitsus tegeleks valdkondadega ministeeriumite\u00fcleselt ja lahendaks selle vastuolu. Inim\u00f5iguste eest seismiseks kogu maailmas peaksid pingutusi tegema ka Sotsiaalministeerium ja Siseministeerium.<\/p>\n<p>Raport soovitas Eestil osaleda UNHCR-i juhitud p\u00f5genike \u00fcmberasustamisprogrammides\u00a0(n\u00fc\u00fcdseks osaleme\u00a0\u00fcle-Euroopalises \u00fcmberasustamisprogrammis),\u00a0parandada Eesti seadusandlust ja varjupaigataotlejatele m\u00f5eldud teenuseid. Samuti on oluline anal\u00fc\u00fcsida erinevate poliitikavaldkondade seotust, et nad k\u00f5ik toetaksid sama eesm\u00e4rki ja \u00fcks poliitika ei \u00f5\u00f5nestaks teist.<\/p>\n<p>Allikas: raport <a href=\"http:\/\/www.terveilm.ee\/leht\/wp-content\/uploads\/2012\/12\/WWE_-PCD-study_EST_1.pdf\" target=\"_blank\">\u201eWorld-Wise Europe: sidusam Euroopa \u00f5iglasema maailma nimel\u201c<\/a>\u00a0(<a href=\"http:\/\/www.terveilm.ee\/leht\/wp-content\/uploads\/2012\/12\/WWE_-PCD-study_EN_2.pdf\" target=\"_blank\">sama raport inglise keeles<\/a>)<\/p>\n","protected":false},"excerpt":{"rendered":"<p>Probleem: \u00dche k\u00e4ega annab Eesti vaestele arenguriikidele abi inim\u00f5igusi ja demokraatiat puudutavate probleemide lahendamiseks. Teisalt j\u00e4tab konservatiivne pagulaspoliitika ukse taha&#8230;<\/p>\n","protected":false},"author":6,"featured_media":0,"parent":38,"menu_order":0,"comment_status":"closed","ping_status":"closed","template":"","meta":{"_acf_changed":false,"footnotes":""},"categories":[],"class_list":["post-5990","page","type-page","status-publish","hentry"],"acf":[],"_links":{"self":[{"href":"https:\/\/www.terveilm.ee\/leht\/wp-json\/wp\/v2\/pages\/5990","targetHints":{"allow":["GET"]}}],"collection":[{"href":"https:\/\/www.terveilm.ee\/leht\/wp-json\/wp\/v2\/pages"}],"about":[{"href":"https:\/\/www.terveilm.ee\/leht\/wp-json\/wp\/v2\/types\/page"}],"author":[{"embeddable":true,"href":"https:\/\/www.terveilm.ee\/leht\/wp-json\/wp\/v2\/users\/6"}],"replies":[{"embeddable":true,"href":"https:\/\/www.terveilm.ee\/leht\/wp-json\/wp\/v2\/comments?post=5990"}],"version-history":[{"count":1,"href":"https:\/\/www.terveilm.ee\/leht\/wp-json\/wp\/v2\/pages\/5990\/revisions"}],"predecessor-version":[{"id":5991,"href":"https:\/\/www.terveilm.ee\/leht\/wp-json\/wp\/v2\/pages\/5990\/revisions\/5991"}],"up":[{"embeddable":true,"href":"https:\/\/www.terveilm.ee\/leht\/wp-json\/wp\/v2\/pages\/38"}],"wp:attachment":[{"href":"https:\/\/www.terveilm.ee\/leht\/wp-json\/wp\/v2\/media?parent=5990"}],"wp:term":[{"taxonomy":"category","embeddable":true,"href":"https:\/\/www.terveilm.ee\/leht\/wp-json\/wp\/v2\/categories?post=5990"}],"curies":[{"name":"wp","href":"https:\/\/api.w.org\/{rel}","templated":true}]}}