{"id":5993,"date":"2015-09-30T12:30:19","date_gmt":"2015-09-30T12:30:19","guid":{"rendered":"http:\/\/www.terveilm.ee\/?page_id=5993"},"modified":"2015-10-03T21:09:58","modified_gmt":"2015-10-03T18:09:58","slug":"rahapesu-ja-maksuparadiisid","status":"publish","type":"page","link":"https:\/\/www.terveilm.ee\/leht\/teabekeskuse-teemad\/arengukoostoo\/poliitikate-sidusus\/rahapesu-ja-maksuparadiisid\/","title":{"rendered":"Rahapesu ja maksuparadiisid"},"content":{"rendered":"<p><strong>Probleem: Arengumaadel j\u00e4\u00e4b v\u00e4lisfirmadelt saamata sama palju makse, kui neile v\u00e4lisabi antakse. Seega, Euroopa Liit annab vaestele arenguriikidele abi vaesusega seotud probleemide lahendamiseks, kuid samas takistab ELi finantspoliitika nende riikide v\u00f5imalust koguda \u00f5iglaselt makse ja ise oma arengut rahastada.<\/strong><\/p>\n<p>Caroline Muchanga t\u00f6\u00f6tab Mazabukas, L\u00f5una-Sambia linnas, Nakambala turul seitse p\u00e4eva n\u00e4dalas. Ta m\u00fc\u00fcb oma v\u00e4ikese turuleti taga jooke, h\u00fcgieenitarbeid ja toidukaupu ja suhkrut, mida toodetakse Zambia Sugari hiiglasuures istanduses ja vabrikus. Heal p\u00e4eval teenib Caroline 20 000 Sambia kvat\u0161at (ligikaudu 3 eurot).<\/p>\n<div id=\"attachment_6287\" style=\"width: 310px\" class=\"wp-caption alignleft\"><a href=\"http:\/\/www.terveilm.ee\/leht\/wp-content\/uploads\/2015\/10\/PCD-ENG-1024x682.jpg\"><img loading=\"lazy\" decoding=\"async\" aria-describedby=\"caption-attachment-6287\" class=\"wp-image-6287 size-medium\" src=\"http:\/\/www.terveilm.ee\/leht\/wp-content\/uploads\/2015\/10\/PCD-ENG-1024x682-300x200.jpg\" alt=\"Caroline maksude maksmist t\u00f5endava kviitungiga. Foto: CONCORD\" width=\"300\" height=\"200\" srcset=\"https:\/\/www.terveilm.ee\/leht\/wp-content\/uploads\/2015\/10\/PCD-ENG-1024x682-300x200.jpg 300w, https:\/\/www.terveilm.ee\/leht\/wp-content\/uploads\/2015\/10\/PCD-ENG-1024x682.jpg 1024w\" sizes=\"auto, (max-width: 300px) 100vw, 300px\" \/><\/a><p id=\"caption-attachment-6287\" class=\"wp-caption-text\">Caroline maksude maksmist t\u00f5endava kviitungiga. Foto: CONCORD<\/p><\/div>\n<p>Kell 7 hommikul l\u00e4hevad Caroline\u2019i kaks t\u00fctart vabatahtlike korraldatud kogukonnakooli, mille tase pole kuigiv\u00f5rd heal tasemel. Riigikoolides on Sambias paremad \u00f5ppetingimused, kuid hoolimata oma 15-tunnistest t\u00f6\u00f6p\u00e4evadest ei suuda Caroline raamatute ja koolivormide eest maksta. Samas maksab Caroline iga p\u00e4ev oma ettev\u00f5tlustulu pealt makse: igal \u00f5htul astub tema leti juurest l\u00e4bi n\u00f5ukogu ametnik ja kasseerib sisse turumaksu, olenemata sellest, kas Caroline on sel p\u00e4eval midagi teeninud v\u00f5i mitte.<\/p>\n<p>Tutvugem n\u00fc\u00fcd ka Zambia Sugar Plc-ga, mis on \u00dchendkuningriigi toidugigandi t\u00fctarettev\u00f5tte ning Aafrika suurim suhkrutootja. Mazabuka l\u00e4histel asuv suhkruvabrik on suurim kogu Aafrikas. Viimasel viiel aastal on ettev\u00f5tte aastak\u00e4ive olnud \u00fcle 149 miljoni euro ning puhaskasum \u00fcle 13 miljoni euro aastas.<\/p>\n<p>Kes maksab aga rohkem makse: kas Zambia Sugar v\u00f5i Caroline Muchanga, kes m\u00fc\u00fcb ettev\u00f5tte toodangut? Vastus on rabav: aastatel 2008\u20132010 maksis Caroline rohkem makse. Nende kolme aasta jooksul \u00f5nnestus Zambia Sugaril oma tulude pealt tulumaksu \u00fcldse mitte maksta.<\/p>\n<p><strong>EL maksupoliitika<\/strong><\/p>\n<p>Nii arenevates kui arenenud riikides on maksutulud peamine allikas, millega rahastatakse majandus- ja sotsiaalarengut, sealhulgas avalikke teenuseid. Oluline on aga see, et avalike vahenditega suudetakse vaeseid aidata oluliselt efektiivsemalt kui erasektori rahastuse abil.<br \/>\nParaku kasutavad riigi\u00fclesed ettev\u00f5tted puudulikku rahvusvahelist regulatsiooni, et maksudest k\u00f5rvale hiilida. Samuti n\u00e4itavad hiljutised uuringud, et kui suurettev\u00f5te investeerib arengumaadesse kaks eurot, saab ta sellest \u00fche tagasi maksuparadiisidest v\u00f5i maksuparadiiside kaudu.<\/p>\n<p>Kui nende ebaseaduslike rahavoogude pealt saadaks makse, koguneks neist arenguriikidele v\u00e4hemalt sama palju vahendeid, kui saadakse praegu abi korras. Hetkel liigub raha v\u00e4lja riikidest, mis ei ole suutelised rahastama oma kodanike juurdep\u00e4\u00e4su sotsiaalsetele p\u00f5hi\u00f5igustele \u2013 algharidusele, nagu Caroline\u2019i puhul, ent ka \u00f5igust sotsiaalsele kaitsele ja arstiabile.<\/p>\n<p><strong>T\u00f5lgitud ja kohandatud j\u00e4rgmistest allikatest:<\/strong><\/p>\n<p>CONCORD, 2013, <a href=\"http:\/\/issuu.com\/terveilm\/docs\/spotlight2013\" target=\"_blank\">\u201cSpotlight on Policy Coherence 2013\u201c<\/a><\/p>\n","protected":false},"excerpt":{"rendered":"<p>Probleem: Arengumaadel j\u00e4\u00e4b v\u00e4lisfirmadelt saamata sama palju makse, kui neile v\u00e4lisabi antakse. Seega, Euroopa Liit annab vaestele arenguriikidele abi vaesusega&#8230;<\/p>\n","protected":false},"author":6,"featured_media":0,"parent":38,"menu_order":0,"comment_status":"closed","ping_status":"closed","template":"","meta":{"_acf_changed":false,"footnotes":""},"categories":[],"class_list":["post-5993","page","type-page","status-publish","hentry"],"acf":[],"_links":{"self":[{"href":"https:\/\/www.terveilm.ee\/leht\/wp-json\/wp\/v2\/pages\/5993","targetHints":{"allow":["GET"]}}],"collection":[{"href":"https:\/\/www.terveilm.ee\/leht\/wp-json\/wp\/v2\/pages"}],"about":[{"href":"https:\/\/www.terveilm.ee\/leht\/wp-json\/wp\/v2\/types\/page"}],"author":[{"embeddable":true,"href":"https:\/\/www.terveilm.ee\/leht\/wp-json\/wp\/v2\/users\/6"}],"replies":[{"embeddable":true,"href":"https:\/\/www.terveilm.ee\/leht\/wp-json\/wp\/v2\/comments?post=5993"}],"version-history":[{"count":5,"href":"https:\/\/www.terveilm.ee\/leht\/wp-json\/wp\/v2\/pages\/5993\/revisions"}],"predecessor-version":[{"id":6387,"href":"https:\/\/www.terveilm.ee\/leht\/wp-json\/wp\/v2\/pages\/5993\/revisions\/6387"}],"up":[{"embeddable":true,"href":"https:\/\/www.terveilm.ee\/leht\/wp-json\/wp\/v2\/pages\/38"}],"wp:attachment":[{"href":"https:\/\/www.terveilm.ee\/leht\/wp-json\/wp\/v2\/media?parent=5993"}],"wp:term":[{"taxonomy":"category","embeddable":true,"href":"https:\/\/www.terveilm.ee\/leht\/wp-json\/wp\/v2\/categories?post=5993"}],"curies":[{"name":"wp","href":"https:\/\/api.w.org\/{rel}","templated":true}]}}