{"id":5996,"date":"2015-09-30T12:31:06","date_gmt":"2015-09-30T12:31:06","guid":{"rendered":"http:\/\/www.terveilm.ee\/?page_id=5996"},"modified":"2015-09-30T12:31:06","modified_gmt":"2015-09-30T12:31:06","slug":"ravimid","status":"publish","type":"page","link":"https:\/\/www.terveilm.ee\/leht\/teabekeskuse-teemad\/arengukoostoo\/poliitikate-sidusus\/ravimid\/","title":{"rendered":"Ravimid"},"content":{"rendered":"<p><strong>Probleem: \u00dche k\u00e4ega annab Euroopa Liit vaestele arenguriikidele abi tervishoiumurede lahendamiseks, kuid teisega takistab taskukohaste hindadega ravimite j\u00f5udmist arengumaade turgudele.<\/strong><\/p>\n<p>Igal aastal sureb arengumaades 14 miljonit inimest vaesusega seotud ja nakkushaigustesse nagu malaaria, krooniline k\u00f5hulahtisus, tuberkuloos ja HIV\/AIDS. Vajalikud ravimid on tihti olemas, kuid kallite patentide t\u00f5ttu pole patsientidel nende ostmiseks raha.<\/p>\n<p>Ravimid on kallid patendi\u00f5iguse t\u00f5ttu. Enam kui 96% nendest patentidest on l\u00e4\u00e4neriikide ettev\u00f5tete omad. Ravimit\u00f6\u00f6stuse hinnangul on patendikaitse oluline uuringute rahastamiseks, millega avastatakse uusi ravimeid. Patentravimit ei tohi toota keegi peale patendi omaniku. Seega on ravimite hinnad palju k\u00f5rgemad selleks, et oleks v\u00f5imalik rahastada uute ravimite v\u00e4lja t\u00f6\u00f6tamist. Innovatsioonist on aga v\u00e4ga puudu, eriti valdkondades, mis teenivad arenevate riikide huve. N\u00e4iteks v\u00f5ib tuua troopiliste haiguste ravi, mille suhtes l\u00e4\u00e4ne ravimit\u00f6\u00f6stusel puudub rahaline motivatsioon.<\/p>\n<p>Kulutused ravimitele arengu- ja \u00fcleminekumaades moodustavad 60% k\u00f5igist tervishoiukulutustest. Ravimite hinnad on tihti nii k\u00f5rged, et suurel osal rahvastikust puudub v\u00f5imalus neid osta. Intellektuaalomandi \u00f5iguste ja vajaduse vahel tagada ravimite k\u00e4ttesaadavus valitseb terav pinge.<\/p>\n<p>T\u00f5lgitud ja kohandatud j\u00e4rgmistest allikatest:<br \/>\nEvert Vermeer Foundation, 2010, <a href=\"http:\/\/www.fairpolitics.eu\/doc\/fair_politics_eu\/trips_medicines\/TRIPs%20&amp;%20access%20to%20medicines.pdf\" target=\"_blank\">\u201eTRIPs &amp; Access to Medicines: A choice between patents and patients!\u201c<\/a><br \/>\nFoundation Max van der Stoel, 2014, <a href=\"http:\/\/www.fairpolitics.eu\/onderwerpen\/trips_and_medicines\" target=\"_blank\">\u201eTRIPs &amp; Access to Medicines\u201c<\/a><\/p>\n","protected":false},"excerpt":{"rendered":"<p>Probleem: \u00dche k\u00e4ega annab Euroopa Liit vaestele arenguriikidele abi tervishoiumurede lahendamiseks, kuid teisega takistab taskukohaste hindadega ravimite j\u00f5udmist arengumaade turgudele&#8230;.<\/p>\n","protected":false},"author":6,"featured_media":0,"parent":38,"menu_order":0,"comment_status":"closed","ping_status":"closed","template":"","meta":{"_acf_changed":false,"footnotes":""},"categories":[],"class_list":["post-5996","page","type-page","status-publish","hentry"],"acf":[],"_links":{"self":[{"href":"https:\/\/www.terveilm.ee\/leht\/wp-json\/wp\/v2\/pages\/5996","targetHints":{"allow":["GET"]}}],"collection":[{"href":"https:\/\/www.terveilm.ee\/leht\/wp-json\/wp\/v2\/pages"}],"about":[{"href":"https:\/\/www.terveilm.ee\/leht\/wp-json\/wp\/v2\/types\/page"}],"author":[{"embeddable":true,"href":"https:\/\/www.terveilm.ee\/leht\/wp-json\/wp\/v2\/users\/6"}],"replies":[{"embeddable":true,"href":"https:\/\/www.terveilm.ee\/leht\/wp-json\/wp\/v2\/comments?post=5996"}],"version-history":[{"count":1,"href":"https:\/\/www.terveilm.ee\/leht\/wp-json\/wp\/v2\/pages\/5996\/revisions"}],"predecessor-version":[{"id":5997,"href":"https:\/\/www.terveilm.ee\/leht\/wp-json\/wp\/v2\/pages\/5996\/revisions\/5997"}],"up":[{"embeddable":true,"href":"https:\/\/www.terveilm.ee\/leht\/wp-json\/wp\/v2\/pages\/38"}],"wp:attachment":[{"href":"https:\/\/www.terveilm.ee\/leht\/wp-json\/wp\/v2\/media?parent=5996"}],"wp:term":[{"taxonomy":"category","embeddable":true,"href":"https:\/\/www.terveilm.ee\/leht\/wp-json\/wp\/v2\/categories?post=5996"}],"curies":[{"name":"wp","href":"https:\/\/api.w.org\/{rel}","templated":true}]}}