{"id":6004,"date":"2015-09-30T12:40:45","date_gmt":"2015-09-30T12:40:45","guid":{"rendered":"http:\/\/www.terveilm.ee\/?page_id=6004"},"modified":"2015-09-30T12:40:45","modified_gmt":"2015-09-30T12:40:45","slug":"suhkur","status":"publish","type":"page","link":"https:\/\/www.terveilm.ee\/leht\/teabekeskuse-teemad\/arengukoostoo\/poliitikate-sidusus\/suhkur\/","title":{"rendered":"Suhkur"},"content":{"rendered":"<p><strong>Probleem: Suurem osa maailma suhkrust toodetakse arengumaades, kust see ka meie toidulauale j\u00f5uab. Suhkrukasvatus on paljude vaeste inimeste ainus elatusallikas, kuid rahvusvaheliste kaubandusreeglite t\u00f5ttu ei saa nad oma kaupa turul \u00f5iglase hinnaga m\u00fc\u00fca. Seega, EL annab vaestele arenguriikidele abi vaesuse v\u00e4hendamiseks, kuid teisalt v\u00f5tavad suhkrukaubanduse reeglid farmeritelt v\u00f5imaluse inimv\u00e4\u00e4rsele elule.<\/strong><\/p>\n<p>Umbes 75% maailma suhkrust toodetakse suhkruroost ja peamiselt arengumaades. \u00dclej\u00e4\u00e4nud toodetakse suhkrupeedist peamiselt arenenud maades. Suhkrutootmise kulud erinevad palju, kuid tavaliselt on suhkruroost tootmine odavam. Sel p\u00f5hjusel kaitseb EL kohalikke suhkrupeedikasvatajaid konkurentsiv\u00f5imelisema suhkruimpordi vastu kolmandatest riikidest.<\/p>\n<p>2000. aastate alguses toimus suhkrupoliitikas kaks olulist muudatust. Esiteks avanes ELi suhkruturg v\u00e4hem arenenud riikidest p\u00e4rit ekspordile. Teiseks avaldas WTO vastuseisu ELi eksporditoetuste korrale. N\u00fc\u00fcd pidi suhkrule kehtestama samad reeglid, mis \u00fclej\u00e4\u00e4nud p\u00f5llumajandussektorile. Selle tulemusena langetati suhkru hinda 36% v\u00f5rra \u2013 liitu importijad said suhkru eest palju madalama hinna.<\/p>\n<p>Reformidel oli oodatust teistsugune m\u00f5ju\u2014k\u00f5rge hinnaga kohastunud Aafrika, Kariibi mere ja Vaikse ookeani riikide suhkur polnud ELi turul enam konkurentsiv\u00f5imeline, v\u00f5rreldes ELi tootjatega, keda aitasid j\u00e4tkuvalt erinevad p\u00f5llumajandustoetused. Suhkrureform t\u00e4hendas, et neid riike ootas neid j\u00e4rgmise k\u00fcmnendi jooksul ees 2,5 miljardit eurot saamata tulu. Selle m\u00f5ju tundsid k\u00f5ige rohkem Mauritius, Fid\u017ei, Guajaana, Jamaica ja Svaasimaa.<\/p>\n<p>Et asju veelgi keerulisemaks teha, loobus EL aasta p\u00e4rast hindade alandamist suhkruprotokollist ja t\u00fchistas protokolliga liitunute impordikvoodid. Selleks, et s\u00e4ilitada oma juurdep\u00e4\u00e4su ELi suhkruturule, pidid k\u00f5ik muud kui v\u00e4him arenenud riigid Aafrika, Kariibi mere ja Vaikse ookeani piirkonnas kirjutama alla vahepealsele majanduspartnerluslepingule.<\/p>\n<p>Arvati, et vaesed riigid saavad muudatustest \u00fchtmoodi kasu, kuida tegelikult l\u00e4ks nende jaoks olukord hullemaks. Selle leevendamiseks eraldati reformist m\u00f5jutatud Aafrika, Kariibi mere ja Vaikse ookeani piirkonna riikide abistamiseks 3,1 miljardit eurot. See raha pidi tugevdama nende suhkrut\u00f6\u00f6stuse konkurentsiv\u00f5imet, mitmekesistama majandustegevust ning tegelema kohanemisest tingitud sotsiaalse ja keskkonnam\u00f5juga.<\/p>\n<p><strong>T\u00f5lgitud ja kohandatud j\u00e4rgmistest allikatest:<\/strong><br \/>\nECDPM (7\/2012) <a href=\"http:\/\/ecdpm.org\/publications\/trade-aid-rural-development-eu-sugar-policy-experience-swaziland\/\" target=\"_blank\">\u201cTrade, Aid and Rural Development: EU Sugar Policy and the Experience of Swaziland\u201d<\/a><br \/>\nInstitute for International Integration Studies at Trinity College Dublin (8\/2010) <a href=\"https:\/\/www.tcd.ie\/iiis\/policycoherence\/eu-agricultural-policy-reform\/sugar-case-study.php#\" target=\"_blank\">\u201cEU sugar policy reform and developing countries\u201d<\/a><br \/>\nRichardson, B. (2009). Restructuring the EU-ACP Sugar Regime: Out of the Strong There Came Forth Sweetness. Review of International Political Economy, 16(4), pp. 673-697<\/p>\n","protected":false},"excerpt":{"rendered":"<p>Probleem: Suurem osa maailma suhkrust toodetakse arengumaades, kust see ka meie toidulauale j\u00f5uab. Suhkrukasvatus on paljude vaeste inimeste ainus elatusallikas,&#8230;<\/p>\n","protected":false},"author":6,"featured_media":0,"parent":38,"menu_order":0,"comment_status":"closed","ping_status":"closed","template":"","meta":{"_acf_changed":false,"footnotes":""},"categories":[],"class_list":["post-6004","page","type-page","status-publish","hentry"],"acf":[],"_links":{"self":[{"href":"https:\/\/www.terveilm.ee\/leht\/wp-json\/wp\/v2\/pages\/6004","targetHints":{"allow":["GET"]}}],"collection":[{"href":"https:\/\/www.terveilm.ee\/leht\/wp-json\/wp\/v2\/pages"}],"about":[{"href":"https:\/\/www.terveilm.ee\/leht\/wp-json\/wp\/v2\/types\/page"}],"author":[{"embeddable":true,"href":"https:\/\/www.terveilm.ee\/leht\/wp-json\/wp\/v2\/users\/6"}],"replies":[{"embeddable":true,"href":"https:\/\/www.terveilm.ee\/leht\/wp-json\/wp\/v2\/comments?post=6004"}],"version-history":[{"count":1,"href":"https:\/\/www.terveilm.ee\/leht\/wp-json\/wp\/v2\/pages\/6004\/revisions"}],"predecessor-version":[{"id":6005,"href":"https:\/\/www.terveilm.ee\/leht\/wp-json\/wp\/v2\/pages\/6004\/revisions\/6005"}],"up":[{"embeddable":true,"href":"https:\/\/www.terveilm.ee\/leht\/wp-json\/wp\/v2\/pages\/38"}],"wp:attachment":[{"href":"https:\/\/www.terveilm.ee\/leht\/wp-json\/wp\/v2\/media?parent=6004"}],"wp:term":[{"taxonomy":"category","embeddable":true,"href":"https:\/\/www.terveilm.ee\/leht\/wp-json\/wp\/v2\/categories?post=6004"}],"curies":[{"name":"wp","href":"https:\/\/api.w.org\/{rel}","templated":true}]}}