{"id":6013,"date":"2015-09-30T12:47:26","date_gmt":"2015-09-30T12:47:26","guid":{"rendered":"http:\/\/www.terveilm.ee\/?page_id=6013"},"modified":"2015-10-01T17:21:36","modified_gmt":"2015-10-01T17:21:36","slug":"rahastusvoimalused","status":"publish","type":"page","link":"https:\/\/www.terveilm.ee\/leht\/teabekeskuse-teemad\/rahastusvoimalused\/","title":{"rendered":"Rahastusv\u00f5imalused"},"content":{"rendered":"<p>\u00d6eldakse, et raha paneb rattad k\u00e4ima. Kuigi palju head saab \u00e4ra teha ka \u00fchegi eurota, on professionaalsete ja pikaajaliste arengukoost\u00f6\u00f6 ning maailmahariduse tegevuste ellu viimiseks siiski raha vaja. Siit leiad infot peamiste rahastusv\u00f5imaluste kohta.<\/p>\n<h3 data-fontsize=\"16\" data-lineheight=\"27\">Seotud teemad:<\/h3>\n<p><a href=\"http:\/\/www.terveilm.ee\/teabekeskus\/arengukoostoo\/abi-tulemuslikkus\/\">Abi tulemuslikkus<\/a><\/p>\n<p><a href=\"http:\/\/www.terveilm.ee\/teabekeskus\/maailmaharidus\/teavitustoo-hea-tava\/\">Arengukoost\u00f6\u00f6st teavitamise hea tava<\/a><\/p>\n<p><a href=\"http:\/\/www.terveilm.ee\/meist\/tegevusalad\/eesti-arengukoostoo\/\">Eesti arengukoost\u00f6\u00f6<\/a><\/p>\n<p><a href=\"http:\/\/www.terveilm.ee\/meist\/tegevusalad\/euroopa-liidu-arengukoostoo\/\">Euroopa Liidu arengukoost\u00f6\u00f6<\/a><\/p>\n<p><a href=\"http:\/\/www.terveilm.ee\/teabekeskus\/uro-arengueesmargid\/\">\u00dcRO aastatuhande arengueesm\u00e4rgid<\/a><\/p>\n","protected":false},"excerpt":{"rendered":"<p>\u00d6eldakse, et raha paneb rattad k\u00e4ima. Kuigi palju head saab \u00e4ra teha ka \u00fchegi eurota, on professionaalsete ja pikaajaliste arengukoost\u00f6\u00f6&#8230;<\/p>\n","protected":false},"author":6,"featured_media":0,"parent":8,"menu_order":2,"comment_status":"closed","ping_status":"closed","template":"","meta":{"_acf_changed":false,"footnotes":""},"categories":[],"class_list":["post-6013","page","type-page","status-publish","hentry"],"acf":[],"_links":{"self":[{"href":"https:\/\/www.terveilm.ee\/leht\/wp-json\/wp\/v2\/pages\/6013","targetHints":{"allow":["GET"]}}],"collection":[{"href":"https:\/\/www.terveilm.ee\/leht\/wp-json\/wp\/v2\/pages"}],"about":[{"href":"https:\/\/www.terveilm.ee\/leht\/wp-json\/wp\/v2\/types\/page"}],"author":[{"embeddable":true,"href":"https:\/\/www.terveilm.ee\/leht\/wp-json\/wp\/v2\/users\/6"}],"replies":[{"embeddable":true,"href":"https:\/\/www.terveilm.ee\/leht\/wp-json\/wp\/v2\/comments?post=6013"}],"version-history":[{"count":5,"href":"https:\/\/www.terveilm.ee\/leht\/wp-json\/wp\/v2\/pages\/6013\/revisions"}],"predecessor-version":[{"id":6274,"href":"https:\/\/www.terveilm.ee\/leht\/wp-json\/wp\/v2\/pages\/6013\/revisions\/6274"}],"up":[{"embeddable":true,"href":"https:\/\/www.terveilm.ee\/leht\/wp-json\/wp\/v2\/pages\/8"}],"wp:attachment":[{"href":"https:\/\/www.terveilm.ee\/leht\/wp-json\/wp\/v2\/media?parent=6013"}],"wp:term":[{"taxonomy":"category","embeddable":true,"href":"https:\/\/www.terveilm.ee\/leht\/wp-json\/wp\/v2\/categories?post=6013"}],"curies":[{"name":"wp","href":"https:\/\/api.w.org\/{rel}","templated":true}]}}