{"id":6040,"date":"2015-09-30T13:13:25","date_gmt":"2015-09-30T13:13:25","guid":{"rendered":"http:\/\/www.terveilm.ee\/?page_id=6040"},"modified":"2019-01-25T11:49:10","modified_gmt":"2019-01-25T09:49:10","slug":"kestliku-arengu-eesmargid","status":"publish","type":"page","link":"https:\/\/www.terveilm.ee\/leht\/teabekeskuse-teemad\/kestliku-arengu-eesmargid\/","title":{"rendered":"Kestliku Arengu Eesm\u00e4rgid"},"content":{"rendered":"<p><span style=\"font-weight: 400;\">Kestliku arengu m\u00f5iste k\u00f5lab tuttavalt paljudele, kuid selle sisu j\u00e4\u00e4b tihti arusaamatuks v\u00f5i t\u00fchjaks. L\u00fchidalt \u00f6eldes on tegu tasakaalu leidmisega planeedi piiratud \u00f6koloogiliste ressursside ja inimestele heaolu loomise vahel. 2015. aasta septembris lepiti globaalselt kokku kestliku arengu eesm\u00e4rgid (<\/span><i><span style=\"font-weight: 400;\">Sustainable Development Goals<\/span><\/i><span style=\"font-weight: 400;\">) j\u00e4rgmiseks 15 aastaks. \u00dcRO liikmesriikidelt, ka Eestilt, oodatakse poliitika kujundamisel nendest eesm\u00e4rkidest l\u00e4htumist \u2013 oluline on, et k\u00f5ik, mida me teeme, ei teeks maakerale ega siin elavatele inimestele veel rohkem kahju.<\/span><\/p>\n<p><a href=\"http:\/\/www.terveilm.ee\/leht\/teabekeskuse-teemad\/kestliku-arengu-eesmargid\/vaesus\/\"><img loading=\"lazy\" decoding=\"async\" class=\"alignnone wp-image-7067\" src=\"http:\/\/www.terveilm.ee\/leht\/wp-content\/uploads\/2015\/09\/1.png\" alt=\"1\" width=\"140\" height=\"140\" srcset=\"https:\/\/www.terveilm.ee\/leht\/wp-content\/uploads\/2015\/09\/1.png 280w, https:\/\/www.terveilm.ee\/leht\/wp-content\/uploads\/2015\/09\/1-150x150.png 150w\" sizes=\"auto, (max-width: 140px) 100vw, 140px\" \/><\/a>\u00a0<a href=\"http:\/\/www.terveilm.ee\/leht\/teabekeskuse-teemad\/kestliku-arengu-eesmargid\/2-eesmark-kaotada-nalg-ja-kindlustada-koik-inimesed-toiduga-tagada-parem-toitumus-ning-edendada-saastvat-pollumajandust\/\"><img loading=\"lazy\" decoding=\"async\" class=\"alignnone wp-image-7039\" src=\"http:\/\/www.terveilm.ee\/leht\/wp-content\/uploads\/2015\/09\/2.png\" alt=\"2\" width=\"140\" height=\"140\" srcset=\"https:\/\/www.terveilm.ee\/leht\/wp-content\/uploads\/2015\/09\/2.png 280w, https:\/\/www.terveilm.ee\/leht\/wp-content\/uploads\/2015\/09\/2-150x150.png 150w\" sizes=\"auto, (max-width: 140px) 100vw, 140px\" \/><\/a>\u00a0<a href=\"http:\/\/www.terveilm.ee\/leht\/teabekeskuse-teemad\/kestliku-arengu-eesmargid\/tervis\/\"><img loading=\"lazy\" decoding=\"async\" class=\"alignnone wp-image-7040\" src=\"http:\/\/www.terveilm.ee\/leht\/wp-content\/uploads\/2015\/09\/3.png\" alt=\"3\" width=\"140\" height=\"140\" srcset=\"https:\/\/www.terveilm.ee\/leht\/wp-content\/uploads\/2015\/09\/3.png 280w, https:\/\/www.terveilm.ee\/leht\/wp-content\/uploads\/2015\/09\/3-150x150.png 150w\" sizes=\"auto, (max-width: 140px) 100vw, 140px\" \/><\/a> <a href=\"http:\/\/www.terveilm.ee\/leht\/teabekeskuse-teemad\/kestliku-arengu-eesmargid\/haridus\/\"><img loading=\"lazy\" decoding=\"async\" class=\"alignnone wp-image-7041\" src=\"http:\/\/www.terveilm.ee\/leht\/wp-content\/uploads\/2015\/09\/4.png\" alt=\"4\" width=\"140\" height=\"140\" srcset=\"https:\/\/www.terveilm.ee\/leht\/wp-content\/uploads\/2015\/09\/4.png 280w, https:\/\/www.terveilm.ee\/leht\/wp-content\/uploads\/2015\/09\/4-150x150.png 150w\" sizes=\"auto, (max-width: 140px) 100vw, 140px\" \/><\/a> <a href=\"http:\/\/www.terveilm.ee\/leht\/teabekeskuse-teemad\/kestliku-arengu-eesmargid\/v8rd8iguslikkus\/\"><img loading=\"lazy\" decoding=\"async\" class=\"alignnone wp-image-7042\" src=\"http:\/\/www.terveilm.ee\/leht\/wp-content\/uploads\/2015\/09\/5.png\" alt=\"5\" width=\"140\" height=\"140\" srcset=\"https:\/\/www.terveilm.ee\/leht\/wp-content\/uploads\/2015\/09\/5.png 280w, https:\/\/www.terveilm.ee\/leht\/wp-content\/uploads\/2015\/09\/5-150x150.png 150w\" sizes=\"auto, (max-width: 140px) 100vw, 140px\" \/><\/a>\u00a0<a href=\"http:\/\/www.terveilm.ee\/leht\/teabekeskuse-teemad\/kestliku-arengu-eesmargid\/vesi-ja-kanalisatsioon\/\"><img loading=\"lazy\" decoding=\"async\" class=\"alignnone wp-image-7043\" src=\"http:\/\/www.terveilm.ee\/leht\/wp-content\/uploads\/2015\/09\/6.png\" alt=\"6\" width=\"140\" height=\"140\" srcset=\"https:\/\/www.terveilm.ee\/leht\/wp-content\/uploads\/2015\/09\/6.png 280w, https:\/\/www.terveilm.ee\/leht\/wp-content\/uploads\/2015\/09\/6-150x150.png 150w\" sizes=\"auto, (max-width: 140px) 100vw, 140px\" \/><\/a>\u00a0<a href=\"http:\/\/www.terveilm.ee\/leht\/teabekeskuse-teemad\/kestliku-arengu-eesmargid\/energia\/\"><img loading=\"lazy\" decoding=\"async\" class=\"alignnone wp-image-7044\" src=\"http:\/\/www.terveilm.ee\/leht\/wp-content\/uploads\/2015\/09\/7.png\" alt=\"7\" width=\"140\" height=\"140\" srcset=\"https:\/\/www.terveilm.ee\/leht\/wp-content\/uploads\/2015\/09\/7.png 280w, https:\/\/www.terveilm.ee\/leht\/wp-content\/uploads\/2015\/09\/7-150x150.png 150w\" sizes=\"auto, (max-width: 140px) 100vw, 140px\" \/><\/a> <a href=\"http:\/\/www.terveilm.ee\/leht\/teabekeskuse-teemad\/kestliku-arengu-eesmargid\/majanduskasv-toohoive\/\"><img loading=\"lazy\" decoding=\"async\" class=\"alignnone wp-image-7045\" src=\"http:\/\/www.terveilm.ee\/leht\/wp-content\/uploads\/2015\/09\/8.png\" alt=\"8\" width=\"140\" height=\"140\" srcset=\"https:\/\/www.terveilm.ee\/leht\/wp-content\/uploads\/2015\/09\/8.png 280w, https:\/\/www.terveilm.ee\/leht\/wp-content\/uploads\/2015\/09\/8-150x150.png 150w\" sizes=\"auto, (max-width: 140px) 100vw, 140px\" \/><\/a> <a href=\"http:\/\/www.terveilm.ee\/leht\/teabekeskuse-teemad\/kestliku-arengu-eesmargid\/taristu-innovatsioon\/\"><img loading=\"lazy\" decoding=\"async\" class=\"alignnone wp-image-7046\" src=\"http:\/\/www.terveilm.ee\/leht\/wp-content\/uploads\/2015\/09\/9.png\" alt=\"9\" width=\"140\" height=\"140\" srcset=\"https:\/\/www.terveilm.ee\/leht\/wp-content\/uploads\/2015\/09\/9.png 280w, https:\/\/www.terveilm.ee\/leht\/wp-content\/uploads\/2015\/09\/9-150x150.png 150w\" sizes=\"auto, (max-width: 140px) 100vw, 140px\" \/><\/a> <a href=\"http:\/\/www.terveilm.ee\/leht\/teabekeskuse-teemad\/kestliku-arengu-eesmargid\/ebavordsus\/\"><img loading=\"lazy\" decoding=\"async\" class=\"alignnone wp-image-7047\" src=\"http:\/\/www.terveilm.ee\/leht\/wp-content\/uploads\/2015\/09\/10.png\" alt=\"10\" width=\"140\" height=\"140\" srcset=\"https:\/\/www.terveilm.ee\/leht\/wp-content\/uploads\/2015\/09\/10.png 280w, https:\/\/www.terveilm.ee\/leht\/wp-content\/uploads\/2015\/09\/10-150x150.png 150w\" sizes=\"auto, (max-width: 140px) 100vw, 140px\" \/><\/a>\u00a0<a href=\"http:\/\/www.terveilm.ee\/leht\/teabekeskuse-teemad\/kestliku-arengu-eesmargid\/linnad\/\"><img loading=\"lazy\" decoding=\"async\" class=\"alignnone wp-image-7048\" src=\"http:\/\/www.terveilm.ee\/leht\/wp-content\/uploads\/2015\/09\/11.png\" alt=\"11\" width=\"140\" height=\"140\" srcset=\"https:\/\/www.terveilm.ee\/leht\/wp-content\/uploads\/2015\/09\/11.png 280w, https:\/\/www.terveilm.ee\/leht\/wp-content\/uploads\/2015\/09\/11-150x150.png 150w\" sizes=\"auto, (max-width: 140px) 100vw, 140px\" \/><\/a>\u00a0<a href=\"http:\/\/www.terveilm.ee\/leht\/teabekeskuse-teemad\/kestliku-arengu-eesmargid\/tarbimine\/\"><img loading=\"lazy\" decoding=\"async\" class=\"alignnone wp-image-7049\" src=\"http:\/\/www.terveilm.ee\/leht\/wp-content\/uploads\/2015\/09\/12.png\" alt=\"12\" width=\"140\" height=\"140\" srcset=\"https:\/\/www.terveilm.ee\/leht\/wp-content\/uploads\/2015\/09\/12.png 280w, https:\/\/www.terveilm.ee\/leht\/wp-content\/uploads\/2015\/09\/12-150x150.png 150w\" sizes=\"auto, (max-width: 140px) 100vw, 140px\" \/><\/a>\u00a0<a href=\"http:\/\/www.terveilm.ee\/leht\/teabekeskuse-teemad\/kestliku-arengu-eesmargid\/kliimamuutused\/\"><img loading=\"lazy\" decoding=\"async\" class=\"alignnone wp-image-7050\" src=\"http:\/\/www.terveilm.ee\/leht\/wp-content\/uploads\/2015\/09\/13.png\" alt=\"13\" width=\"140\" height=\"140\" srcset=\"https:\/\/www.terveilm.ee\/leht\/wp-content\/uploads\/2015\/09\/13.png 280w, https:\/\/www.terveilm.ee\/leht\/wp-content\/uploads\/2015\/09\/13-150x150.png 150w\" sizes=\"auto, (max-width: 140px) 100vw, 140px\" \/><\/a> <a href=\"http:\/\/www.terveilm.ee\/leht\/teabekeskuse-teemad\/kestliku-arengu-eesmargid\/ookeanide-ja-merede-kaitse\/\"><img loading=\"lazy\" decoding=\"async\" class=\"alignnone wp-image-7152\" src=\"http:\/\/www.terveilm.ee\/leht\/wp-content\/uploads\/2015\/09\/unnamed.png\" alt=\"unnamed\" width=\"140\" height=\"140\" srcset=\"https:\/\/www.terveilm.ee\/leht\/wp-content\/uploads\/2015\/09\/unnamed.png 280w, https:\/\/www.terveilm.ee\/leht\/wp-content\/uploads\/2015\/09\/unnamed-150x150.png 150w\" sizes=\"auto, (max-width: 140px) 100vw, 140px\" \/><\/a> <a href=\"http:\/\/www.terveilm.ee\/leht\/teabekeskuse-teemad\/kestliku-arengu-eesmargid\/6kosysteemid\/\"><img loading=\"lazy\" decoding=\"async\" class=\"alignnone wp-image-7052\" src=\"http:\/\/www.terveilm.ee\/leht\/wp-content\/uploads\/2015\/09\/15.png\" alt=\"15\" width=\"140\" height=\"140\" srcset=\"https:\/\/www.terveilm.ee\/leht\/wp-content\/uploads\/2015\/09\/15.png 280w, https:\/\/www.terveilm.ee\/leht\/wp-content\/uploads\/2015\/09\/15-150x150.png 150w\" sizes=\"auto, (max-width: 140px) 100vw, 140px\" \/><\/a>\u00a0<a href=\"http:\/\/www.terveilm.ee\/leht\/teabekeskuse-teemad\/kestliku-arengu-eesmargid\/uhiskonnad\/\"><img loading=\"lazy\" decoding=\"async\" class=\"alignnone wp-image-7053\" src=\"http:\/\/www.terveilm.ee\/leht\/wp-content\/uploads\/2015\/09\/16.png\" alt=\"16\" width=\"140\" height=\"140\" srcset=\"https:\/\/www.terveilm.ee\/leht\/wp-content\/uploads\/2015\/09\/16.png 280w, https:\/\/www.terveilm.ee\/leht\/wp-content\/uploads\/2015\/09\/16-150x150.png 150w\" sizes=\"auto, (max-width: 140px) 100vw, 140px\" \/><\/a>\u00a0<a href=\"http:\/\/www.terveilm.ee\/leht\/teabekeskuse-teemad\/kestliku-arengu-eesmargid\/partnerlussuhted\/\"><img loading=\"lazy\" decoding=\"async\" class=\"alignnone wp-image-7054\" src=\"http:\/\/www.terveilm.ee\/leht\/wp-content\/uploads\/2015\/09\/17.png\" alt=\"17\" width=\"140\" height=\"140\" srcset=\"https:\/\/www.terveilm.ee\/leht\/wp-content\/uploads\/2015\/09\/17.png 280w, https:\/\/www.terveilm.ee\/leht\/wp-content\/uploads\/2015\/09\/17-150x150.png 150w\" sizes=\"auto, (max-width: 140px) 100vw, 140px\" \/><\/a>\u00a0<img loading=\"lazy\" decoding=\"async\" class=\"alignnone wp-image-7148\" src=\"http:\/\/www.terveilm.ee\/leht\/wp-content\/uploads\/2015\/09\/0.png\" alt=\"0\" width=\"140\" height=\"140\" srcset=\"https:\/\/www.terveilm.ee\/leht\/wp-content\/uploads\/2015\/09\/0.png 280w, https:\/\/www.terveilm.ee\/leht\/wp-content\/uploads\/2015\/09\/0-150x150.png 150w\" sizes=\"auto, (max-width: 140px) 100vw, 140px\" \/><\/p>\n<p><span style=\"font-weight: 400;\">\u00a0\u00a0<\/span><\/p>\n","protected":false},"excerpt":{"rendered":"<p>Kestliku arengu m\u00f5iste k\u00f5lab tuttavalt paljudele, kuid selle sisu j\u00e4\u00e4b tihti arusaamatuks v\u00f5i t\u00fchjaks. L\u00fchidalt \u00f6eldes on tegu tasakaalu leidmisega&#8230;<\/p>\n","protected":false},"author":6,"featured_media":0,"parent":8,"menu_order":0,"comment_status":"closed","ping_status":"closed","template":"template-kc-article.php","meta":{"_acf_changed":false,"footnotes":""},"categories":[41],"class_list":["post-6040","page","type-page","status-publish","hentry","category-teabekeskus"],"acf":[],"_links":{"self":[{"href":"https:\/\/www.terveilm.ee\/leht\/wp-json\/wp\/v2\/pages\/6040","targetHints":{"allow":["GET"]}}],"collection":[{"href":"https:\/\/www.terveilm.ee\/leht\/wp-json\/wp\/v2\/pages"}],"about":[{"href":"https:\/\/www.terveilm.ee\/leht\/wp-json\/wp\/v2\/types\/page"}],"author":[{"embeddable":true,"href":"https:\/\/www.terveilm.ee\/leht\/wp-json\/wp\/v2\/users\/6"}],"replies":[{"embeddable":true,"href":"https:\/\/www.terveilm.ee\/leht\/wp-json\/wp\/v2\/comments?post=6040"}],"version-history":[{"count":5,"href":"https:\/\/www.terveilm.ee\/leht\/wp-json\/wp\/v2\/pages\/6040\/revisions"}],"predecessor-version":[{"id":10487,"href":"https:\/\/www.terveilm.ee\/leht\/wp-json\/wp\/v2\/pages\/6040\/revisions\/10487"}],"up":[{"embeddable":true,"href":"https:\/\/www.terveilm.ee\/leht\/wp-json\/wp\/v2\/pages\/8"}],"wp:attachment":[{"href":"https:\/\/www.terveilm.ee\/leht\/wp-json\/wp\/v2\/media?parent=6040"}],"wp:term":[{"taxonomy":"category","embeddable":true,"href":"https:\/\/www.terveilm.ee\/leht\/wp-json\/wp\/v2\/categories?post=6040"}],"curies":[{"name":"wp","href":"https:\/\/api.w.org\/{rel}","templated":true}]}}