{"id":6059,"date":"2015-09-30T18:43:37","date_gmt":"2015-09-30T18:43:37","guid":{"rendered":"http:\/\/www.terveilm.ee\/?page_id=6059"},"modified":"2015-09-30T18:59:35","modified_gmt":"2015-09-30T18:59:35","slug":"afganistan","status":"publish","type":"page","link":"https:\/\/www.terveilm.ee\/leht\/meist\/afganistan\/","title":{"rendered":"Afganistan"},"content":{"rendered":"<p><iframe loading=\"lazy\" src=\"https:\/\/maps.google.com\/maps\/ms?hl=en&amp;ptab=0&amp;ie=UTF8&amp;view=map&amp;msa=0&amp;msid=213751840663236772858.00048dc918892f7ddf398&amp;source=embed&amp;t=m&amp;ll=33.797409,66.181641&amp;spn=8.759831,10.50293&amp;output=embed\" width=\"100%\" height=\"350\" frameborder=\"0\" marginwidth=\"0\" marginheight=\"0\" scrolling=\"no\"><\/iframe><\/p>\n<p><small>View <a href=\"https:\/\/maps.google.com\/maps\/ms?hl=en&amp;ptab=0&amp;ie=UTF8&amp;view=map&amp;msa=0&amp;msid=213751840663236772858.00048dc918892f7ddf398&amp;source=embed&amp;t=m&amp;ll=33.797409,66.181641&amp;spn=8.759831,10.50293\">Eesti arengukoost\u00f6\u00f6 Afganistaniga<\/a> in a larger map<\/small><\/p>\n<p>Afganistan on \u00fcks maailma vaesemaid riike ja sealsed inimarengun\u00e4itajad on \u00fched madalamad. \u00dcRO inimarengu indeks j\u00e4rgi on Afganistan 172. kohal 187 riigist (2011). Suur osa riigi elanikkonnast elab t\u00e4ielikus vaesuses, eriti lesestunud naised ja nende lapsed. Ligi 70% inimestest on kirjaoskamatud. 46%-l Afganistani lastest puudub juurdep\u00e4\u00e4s haridusele. Praeguse arengutempo juures on Afganistanil probleeme pea k\u00f5igi \u00dcRO aastatuhande arengueesm\u00e4rkide saavutamisega.Suurimaks arenguprobleemiks on juba aastaid kestev ebastabiilsus ja julgeoleku puudumine, mille saavutamine on j\u00e4tkusuutliku arengu eelduseks. Ent v\u00e4ljakutseid, millega Afganistan ja kogu rahvusvaheline \u00fcldsus silmitsi seisab, ei saa lahendada ainult s\u00f5jaliste vahenditega. Riigi \u00fclesehituse \u00f5nnestumiseks on h\u00e4davajalik tsiviil- ja militaarpoole tihe koost\u00f6\u00f6. Eesti peab seejuures v\u00e4ga oluliseks erinevate rahvusvaheliste organisatsioonide, sh \u00dcRO, Euroopa Liidu ja NATO koost\u00f6\u00f6d.Abivajadused Afganistanis on suured ning Eesti panus selle maailma \u00fche vaeseima riigi abistamiseks on v\u00e4ga oodatud. Eesti on alates 2002. aastast vastavalt v\u00f5imalustele panustanud Afganistani sotsiaalmajanduslikku arengusse erinevate rahvusvaheliste abiorganisatsioonide (humanitaarabi ja usaldusfondid) ning kahepoolsete projektide kaudu. Alates 2006. aastast on Afganistan \u00fcks neljast Eesti kahepoolse arengukoost\u00f6\u00f6 prioriteetsest partnerriigist. Enamus Eesti arengukoost\u00f6\u00f6st on olnud suunatud hariduse, naiste ja laste arenguvajaduste ning demokraatia ja heade valitsemistavade edendamiseks.<\/p>\n<p>Alates 2006.a. l\u00f5pust on Eesti arengukoost\u00f6\u00f6 Afganistaniskeskendunud tervishoiu valdkonnale. 2008. aastal asus Eesti erimissiooni koosseisus t\u00f6\u00f6le tervishoiuekspert, kelle \u00fcheks \u00fclesandeks on Lashkar Gah UK PRT-s (Provincial Reconstruction Team) koordineerida Eesti ja rahvusvahelisi arengukoost\u00f6\u00f6projekte ning n\u00f5ustada Helmandi provintsivalitsust tervishoius\u00fcsteemi arendamisel. Tervishoiuekspertidena on Afganistanis t\u00f6\u00f6tanud Argo Parts ja Anu Raisma. 2010. aasta augustist j\u00e4tkas PRTs t\u00f6\u00f6d kauaaegne Eesti P\u00e4\u00e4stemeeskonna liige Priit Paju.<\/p>\n<p>Septembris 2007 kinnitas Eesti valitsus Afganistani-poliitika eesm\u00e4rgid ja p\u00f5hiseisukohad ning valistus uuendas neid seisukohti juulis 2009. Tutvu Eesti Afganistani kontseptsiooni kokkuv\u00f5ttega <a href=\"http:\/\/web-static.vm.ee\/static\/failid\/373\/Afganistan.pdf\">SIIN<\/a>.<\/p>\n<p>2011. aastal on Eesti V\u00e4lisministeeriumi arengukoost\u00f6\u00f6projektide elluviimiseks planeeritud \u00fcle 400 000 euro. Kokku on aastatel 2002-2010 Eesti toetus Afganistanile olnud \u00fcle 1,7 miljoni euro.<\/p>\n","protected":false},"excerpt":{"rendered":"<p>View Eesti arengukoost\u00f6\u00f6 Afganistaniga in a larger map Afganistan on \u00fcks maailma vaesemaid riike ja sealsed inimarengun\u00e4itajad on \u00fched madalamad&#8230;.<\/p>\n","protected":false},"author":6,"featured_media":0,"parent":5,"menu_order":0,"comment_status":"closed","ping_status":"closed","template":"","meta":{"_acf_changed":false,"footnotes":""},"categories":[],"class_list":["post-6059","page","type-page","status-publish","hentry"],"acf":[],"_links":{"self":[{"href":"https:\/\/www.terveilm.ee\/leht\/wp-json\/wp\/v2\/pages\/6059","targetHints":{"allow":["GET"]}}],"collection":[{"href":"https:\/\/www.terveilm.ee\/leht\/wp-json\/wp\/v2\/pages"}],"about":[{"href":"https:\/\/www.terveilm.ee\/leht\/wp-json\/wp\/v2\/types\/page"}],"author":[{"embeddable":true,"href":"https:\/\/www.terveilm.ee\/leht\/wp-json\/wp\/v2\/users\/6"}],"replies":[{"embeddable":true,"href":"https:\/\/www.terveilm.ee\/leht\/wp-json\/wp\/v2\/comments?post=6059"}],"version-history":[{"count":5,"href":"https:\/\/www.terveilm.ee\/leht\/wp-json\/wp\/v2\/pages\/6059\/revisions"}],"predecessor-version":[{"id":6066,"href":"https:\/\/www.terveilm.ee\/leht\/wp-json\/wp\/v2\/pages\/6059\/revisions\/6066"}],"up":[{"embeddable":true,"href":"https:\/\/www.terveilm.ee\/leht\/wp-json\/wp\/v2\/pages\/5"}],"wp:attachment":[{"href":"https:\/\/www.terveilm.ee\/leht\/wp-json\/wp\/v2\/media?parent=6059"}],"wp:term":[{"taxonomy":"category","embeddable":true,"href":"https:\/\/www.terveilm.ee\/leht\/wp-json\/wp\/v2\/categories?post=6059"}],"curies":[{"name":"wp","href":"https:\/\/api.w.org\/{rel}","templated":true}]}}