{"id":6153,"date":"2015-10-01T06:33:48","date_gmt":"2015-10-01T06:33:48","guid":{"rendered":"http:\/\/www.terveilm.ee\/?page_id=6153"},"modified":"2015-11-30T23:55:18","modified_gmt":"2015-11-30T21:55:18","slug":"vahemstressi","status":"publish","type":"page","link":"https:\/\/www.terveilm.ee\/leht\/vahemstressi\/","title":{"rendered":"V\u00f5idab see, kellel on j\u00f5ulude ajal k\u00f5ige v\u00e4hem stressi!"},"content":{"rendered":"<p><strong>J\u00f5ulup\u00fchad hiilivad iga p\u00e4evaga l\u00e4hemale. Linna ehib tuledes\u00e4ra ja ilmselt m\u00f5lgutad m\u00f5tteid, kuidas sel aastal kodu ehtida. Visamad hinged on esimesed kingitused juba \u00e4ra ostnud ja \u00fclej\u00e4\u00e4nud lepivad arvatavasti viimase hetke ostupaanikaga. Milline osa j\u00f5uludest meeldib Sulle rohkem? Kas viimasel hetkel stressamine ja poodidest kingituste ostmine v\u00f5i rahulik aeg l\u00e4hedastega?<\/strong><\/p>\n<p>J\u00f5ule saab pidada ka teisiti ja arutu tarbimise asemel veeta rohkem aega iseenda ning oma kallitega. Kui proovikski sel aastal nii, et pingutame k\u00f5ik koos ja muudame j\u00f5ulup\u00fchad arutu tarbimislageduse asemel inimestep\u00fchaks? See ei t\u00e4henda, et j\u00e4tame k\u00f5ik kingitused poodi ja m\u00f5istame hukka need, kes soovivad kingiga oma l\u00e4hedastele r\u00f5\u00f5mu valmistada. See t\u00e4hendab hoopis, et valime s\u00fcdamega tehtud kingitusi \u2013 selliseid, mis perele ja s\u00f5pradele p\u00e4riselt r\u00f5\u00f5mu vamistaksid!<\/p>\n<p>On ilmselge, et meie j\u00f5ulukingid on keegi valmistanud. Ja seni, kuni j\u00f5uluvana ja p\u00e4kapikke p\u00e4riselt olemas ei ole, teevad neid inimesed. Suurem osa populaarsetest j\u00f5ulukinkidest saabuvad arenguriikidest, kus t\u00e4naseni t\u00f6\u00f6tavad paljud inimesed veel ebainimlikult v\u00e4ikse t\u00f6\u00f6tasu eest ja halbades\u00a0 tingimustes, mist\u00f5ttu ei saa nad veeta kauneid j\u00f5ulup\u00fchi pere seltsis. Nii v\u00f5ibki juhtuda, et \u00fchest k\u00fcljest valmistad kingituse saajale r\u00f5\u00f5mu, kuid teisalt toetad ettev\u00f5tjaid, kes ei hooli inimestest.<\/p>\n<p><strong>Kuidas teha eetilisi ja s\u00fcdamest valmistatud kinke?<\/strong><\/p>\n<p>Eetilise kingituse ostmine t\u00e4hendab, et me ei toeta oma ostuga ettev\u00f5tteid, kes pole keskkonnas\u00f5bralikud v\u00f5i kasutavad toodete valmistamiseks orja- v\u00f5i lapst\u00f6\u00f6j\u00f5udu.<\/p>\n<p><strong>M\u00f5ned ideed, kuidas teha tarbimisp\u00fchast taas inimestep\u00fcha:<\/strong><\/p>\n<ul>\n<li><strong>Leia asjade asemel aega.<\/strong> Selle asemel, et ostukeskustes hulluks minna, ole oma l\u00e4hedastega koos. Veetke pere ja s\u00f5pradega l\u00f5busalt aega \u2013 tehke piparkooke, ehitage lumememme v\u00f5i vaadake koos juba sadu kordi n\u00e4htud j\u00f5ulufilme.<\/li>\n<li><strong>Kui soovid kinkida, vali eetilised kingid.<\/strong> Kuidas oma ostus kindel olla? Kui ostad m\u00f5ne \u201cMade in China\u201d m\u00e4rgiga kingi, siis peaksid kindlasti kahtlema. K\u00f5ige lihtsam viis eetiliselt kinkida, on kinkida hoopis vahva elamus, midagi kodumaist v\u00f5i uurida veidi tootja tausta. K\u00f5ige lihtsam viis eetiliselt kinkida, on kinkida hoopis vahva elamus, midagi kodumaist v\u00f5i uurida veidi tootja tausta.<\/li>\n<li><strong>Veendu, et kingitust on p\u00e4riselt vaja.<\/strong> Ilmselt oleme k\u00f5ik v\u00e4hemalt \u00fche korra elus saanud m\u00f5ttetu kingituse, mis \u00fcsna varsti kapinurgas tolmu koguma hakkab. Selle v\u00e4ltimiseks k\u00fcsi enne, kui ostad! Praktiliste kinkide tegemine tundub v\u00f5ib-olla igav, aga valmistab palju kauem r\u00f5\u00f5mu.<\/li>\n<li><strong>Taaskasuta!<\/strong> Kodu ehtimiseks ei ole vaja igal aastal uusi kaunistusi osta. Kasuta eelmise aasta kulinaid ja j\u00f5ulutulesid ning kui vaja, vaheta v\u00e4lja vaid m\u00f5ni v\u00e4ike lambipirn. Pealegi, j\u00f5ulutunde tekitajad on sageli lihtsad asjad nagu mandariinid, piparkoogid ja tassit\u00e4is sooja gl\u00f6gi. M\u00f5tle, mis Sinus tegelikult j\u00f5ulutunnet tekitab?<\/li>\n<li><strong>Anneta!<\/strong> \u00d6eldakse, et j\u00f5ulud ei ole saamise, vaid andmise aeg. Eestis on sel ajal palju v\u00f5imalusi, kuidas head teha. Kui tahad anda abi Eestist kaugemale, k\u00fclasta n\u00e4iteks Mondo, Pagulasabi v\u00f5i Punase Risti kodulehte. Nii leiad viisi, kuidas toetada laste hariduse saamist Aafrikas v\u00f5i aidata kriisikolletes olevaid inimesi.<\/li>\n<li><strong>Kasuta j\u00f5uluprae valmistamiseks \u00f5iglaseid tooteid!<\/strong> J\u00f5ulutoitude valmistamisel kasutame sageli suhkrut, kakaod, \u0161okolaadi jms. Kui j\u00e4lgid poes Fairtrade, Rainforest Alliance ja UTZ m\u00e4rgistust, v\u00f5id olla kindel, et ostetud toote valmistamiseks ei ole kasutatud orja- ja lapst\u00f6\u00f6j\u00f5udu. Loe eetilistest m\u00e4rkidest l\u00e4hemalt <a href=\"http:\/\/www.terveilm.ee\/leht\/mida-osta\/\">siit<\/a>!<\/li>\n<\/ul>\n<p><strong>Hoolivaid j\u00f5ule!\u00a0<\/strong><\/p>\n<p><iframe loading=\"lazy\" title=\"Sinu otsusel on j\u00f5ud! Kas tead, mida tarbid?\" width=\"500\" height=\"281\" src=\"https:\/\/www.youtube.com\/embed\/c8thjj4kFeU?feature=oembed\" frameborder=\"0\" allow=\"accelerometer; autoplay; clipboard-write; encrypted-media; gyroscope; picture-in-picture; web-share\" referrerpolicy=\"strict-origin-when-cross-origin\" allowfullscreen><\/iframe><\/p>\n<p>&nbsp;<\/p>\n<p><iframe loading=\"lazy\" title=\"Sinu otsusel on j\u00f5ud! Kas tead, mida tarbid?\" width=\"500\" height=\"281\" src=\"https:\/\/www.youtube.com\/embed\/_JDKQVloks8?feature=oembed\" frameborder=\"0\" allow=\"accelerometer; autoplay; clipboard-write; encrypted-media; gyroscope; picture-in-picture; web-share\" referrerpolicy=\"strict-origin-when-cross-origin\" allowfullscreen><\/iframe><\/p>\n<p style=\"text-align: justify;\">Teavituskampaania\u00a0toimub Euroopa Arengukoost\u00f6\u00f6 Aasta raames,\u00a0seda rahastab Euroopa Komisjon.<\/p>\n<p style=\"text-align: justify;\"><a href=\"http:\/\/www.terveilm.ee\/leht\/wp-content\/uploads\/2015\/10\/Logod.png\"><img loading=\"lazy\" decoding=\"async\" class=\"size-full wp-image-6401 aligncenter\" src=\"http:\/\/www.terveilm.ee\/leht\/wp-content\/uploads\/2015\/10\/Logod.png\" alt=\"Logod\" width=\"508\" height=\"239\" srcset=\"https:\/\/www.terveilm.ee\/leht\/wp-content\/uploads\/2015\/10\/Logod.png 508w, https:\/\/www.terveilm.ee\/leht\/wp-content\/uploads\/2015\/10\/Logod-300x141.png 300w\" sizes=\"auto, (max-width: 508px) 100vw, 508px\" \/><\/a><\/p>\n","protected":false},"excerpt":{"rendered":"<p>J\u00f5ulup\u00fchad hiilivad iga p\u00e4evaga l\u00e4hemale. Linna ehib tuledes\u00e4ra ja ilmselt m\u00f5lgutad m\u00f5tteid, kuidas sel aastal kodu ehtida. Visamad hinged on&#8230;<\/p>\n","protected":false},"author":32,"featured_media":0,"parent":0,"menu_order":0,"comment_status":"closed","ping_status":"closed","template":"template-wide.php","meta":{"_acf_changed":false,"footnotes":""},"categories":[],"class_list":["post-6153","page","type-page","status-publish","hentry"],"acf":[],"_links":{"self":[{"href":"https:\/\/www.terveilm.ee\/leht\/wp-json\/wp\/v2\/pages\/6153","targetHints":{"allow":["GET"]}}],"collection":[{"href":"https:\/\/www.terveilm.ee\/leht\/wp-json\/wp\/v2\/pages"}],"about":[{"href":"https:\/\/www.terveilm.ee\/leht\/wp-json\/wp\/v2\/types\/page"}],"author":[{"embeddable":true,"href":"https:\/\/www.terveilm.ee\/leht\/wp-json\/wp\/v2\/users\/32"}],"replies":[{"embeddable":true,"href":"https:\/\/www.terveilm.ee\/leht\/wp-json\/wp\/v2\/comments?post=6153"}],"version-history":[{"count":5,"href":"https:\/\/www.terveilm.ee\/leht\/wp-json\/wp\/v2\/pages\/6153\/revisions"}],"predecessor-version":[{"id":6660,"href":"https:\/\/www.terveilm.ee\/leht\/wp-json\/wp\/v2\/pages\/6153\/revisions\/6660"}],"wp:attachment":[{"href":"https:\/\/www.terveilm.ee\/leht\/wp-json\/wp\/v2\/media?parent=6153"}],"wp:term":[{"taxonomy":"category","embeddable":true,"href":"https:\/\/www.terveilm.ee\/leht\/wp-json\/wp\/v2\/categories?post=6153"}],"curies":[{"name":"wp","href":"https:\/\/api.w.org\/{rel}","templated":true}]}}