{"id":6690,"date":"2015-12-26T20:54:39","date_gmt":"2015-12-26T18:54:39","guid":{"rendered":"http:\/\/www.terveilm.ee\/leht\/?page_id=6690"},"modified":"2016-01-26T16:35:45","modified_gmt":"2016-01-26T14:35:45","slug":"glen-2","status":"publish","type":"page","link":"https:\/\/www.terveilm.ee\/leht\/glen-2\/","title":{"rendered":"GLEN kutsub noori arengumaadesse!"},"content":{"rendered":"<p><strong>GLEN Eesti projekt saadab 2016. aastal kolmeks kuuks laia maailma k\u00fcmme vabatahtlikku, kes osalevad arengukoost\u00f6\u00f6 projektides Indias, Nepalis, Aserbaid\u017eaanis, Gruusias ja Aafrika riikides.<\/strong><\/p>\n<p><strong>2016. aastal saab kandideerida k\u00fcmnesse projekti:<\/strong><\/p>\n<ul>\n<li>Aserbaid\u017eaan: noorteprogrammide h\u00f5lbustamine<\/li>\n<li>Gruusia: riigisiseselt \u00fcmberasustatud isikute integratsiooni toetamine<\/li>\n<li>Gruusia: taluturismi arendamine ehk agroturismi loomine<\/li>\n<li>Ghana: teadlikkuse t\u00f5stmine kullakaevanduste m\u00f5just tervisele<\/li>\n<li>India: kutse\u00f5ppe meetodite hindamine ja turundustegevused<\/li>\n<li>Kamerun: naisettev\u00f5tluse arendamine<\/li>\n<li>Kamerun: kogukonna raadio tehniline arendamine<\/li>\n<li>Keenia: elektroonilise seires\u00fcsteemi seadistamine ja veebilehe loomine<\/li>\n<li>Nepal: tervikliku k\u00fcla rajamine<\/li>\n<li>Tansaania: erivajadustega noorte ja lastega tegelemine<\/li>\n<\/ul>\n<p>Kandideerimine on avatud 21\u201330-aastastele maailmaharidusest huvituvatele noortele, kes r\u00e4\u00e4givad inglise keelt. Osade projektide puhul on oluline ka vene keele oskus. Arengukoost\u00f6\u00f6 \u00dcmarlaud ootab avaldusi 29. jaanuarini 2016.<\/p>\n<p>GLEN Eesti on osa \u00fcleeuroopalisest GLEN v\u00f5rgustikust. Projekti eesm\u00e4rk on t\u00f5sta noorte teadlikkust arenguprobleemidest vaesemates riikides ning toetada noorte aktiivset osalemist s\u00e4\u00e4stliku ja solidaarse m\u00f5tteviisi edendamisel. Maailmahariduslik koolitus- ja praktikaprojekt h\u00f5lmab ettevalmistuskoolitust, kolmekuulist t\u00f6\u00f6d m\u00f5nes Aafrika, Aasia v\u00f5i Ida-Euroopa riigis ning teavitust\u00f6\u00f6d ja maailmahariduse edendamist kodumaal.<\/p>\n<p><strong>Projekti koordineerib Arengukoost\u00f6\u00f6 \u00dcmarlaud. Rahastustaotlus on V\u00e4lisministeeriumile esitatud ja projekt toimub rahastuse saamisel.<\/strong><\/p>\n<h4>Lisainfot kandideerimiseks leiad: <a href=\"http:\/\/www.terveilm.ee\/glen\">www.terveilm.ee\/glen<\/a> ja Facebooki lehek\u00fcljelt: <a href=\"https:\/\/www.facebook.com\/glenestonia\">www.facebook.com\/glenestonia<\/a>.<\/h4>\n","protected":false},"excerpt":{"rendered":"<p>GLEN Eesti projekt saadab 2016. aastal kolmeks kuuks laia maailma k\u00fcmme vabatahtlikku, kes osalevad arengukoost\u00f6\u00f6 projektides Indias, Nepalis, Aserbaid\u017eaanis, Gruusias&#8230;<\/p>\n","protected":false},"author":32,"featured_media":0,"parent":0,"menu_order":0,"comment_status":"closed","ping_status":"closed","template":"","meta":{"_acf_changed":false,"footnotes":""},"categories":[],"class_list":["post-6690","page","type-page","status-publish","hentry"],"acf":[],"_links":{"self":[{"href":"https:\/\/www.terveilm.ee\/leht\/wp-json\/wp\/v2\/pages\/6690","targetHints":{"allow":["GET"]}}],"collection":[{"href":"https:\/\/www.terveilm.ee\/leht\/wp-json\/wp\/v2\/pages"}],"about":[{"href":"https:\/\/www.terveilm.ee\/leht\/wp-json\/wp\/v2\/types\/page"}],"author":[{"embeddable":true,"href":"https:\/\/www.terveilm.ee\/leht\/wp-json\/wp\/v2\/users\/32"}],"replies":[{"embeddable":true,"href":"https:\/\/www.terveilm.ee\/leht\/wp-json\/wp\/v2\/comments?post=6690"}],"version-history":[{"count":5,"href":"https:\/\/www.terveilm.ee\/leht\/wp-json\/wp\/v2\/pages\/6690\/revisions"}],"predecessor-version":[{"id":6752,"href":"https:\/\/www.terveilm.ee\/leht\/wp-json\/wp\/v2\/pages\/6690\/revisions\/6752"}],"wp:attachment":[{"href":"https:\/\/www.terveilm.ee\/leht\/wp-json\/wp\/v2\/media?parent=6690"}],"wp:term":[{"taxonomy":"category","embeddable":true,"href":"https:\/\/www.terveilm.ee\/leht\/wp-json\/wp\/v2\/categories?post=6690"}],"curies":[{"name":"wp","href":"https:\/\/api.w.org\/{rel}","templated":true}]}}