{"id":7098,"date":"2016-09-26T12:17:46","date_gmt":"2016-09-26T09:17:46","guid":{"rendered":"http:\/\/www.terveilm.ee\/leht\/?page_id=7098"},"modified":"2018-04-17T11:00:55","modified_gmt":"2018-04-17T08:00:55","slug":"energia","status":"publish","type":"page","link":"https:\/\/www.terveilm.ee\/leht\/teabekeskuse-teemad\/kestliku-arengu-eesmargid\/energia\/","title":{"rendered":"Energia"},"content":{"rendered":"<p><img loading=\"lazy\" decoding=\"async\" class=\"size-medium wp-image-7099 alignright\" src=\"http:\/\/www.terveilm.ee\/leht\/wp-content\/uploads\/2016\/09\/goal7-300x154.jpg\" alt=\"goal7\" width=\"300\" height=\"154\" srcset=\"https:\/\/www.terveilm.ee\/leht\/wp-content\/uploads\/2016\/09\/goal7-300x154.jpg 300w, https:\/\/www.terveilm.ee\/leht\/wp-content\/uploads\/2016\/09\/goal7.jpg 850w\" sizes=\"auto, (max-width: 300px) 100vw, 300px\" \/>Energia on seotud k\u00f5igi t\u00e4nap\u00e4eva probleemide ja v\u00f5imalustega. Olgu need t\u00f6\u00f6kohad, julgeolek, kliimamuutused, toidutootmine v\u00f5i sissetulekud \u2013 on \u00fclioluline, et k\u00f5iks saaks energiat kasutada.<\/p>\n<p>J\u00e4tkusuutlik energia muudab elusid, majandust ja planeeti.<\/p>\n<p>\u00dcRO peasekret\u00e4r Ban Ki-moon juhib algatust \u201eS\u00e4\u00e4stev energia k\u00f5igile\u201c, et tagada \u00fcle\u00fcldine juurdep\u00e4\u00e4s kaasaegsele energiale, suurendada efektiivsust ja taastuvate energiaallikate kasutust.<\/p>\n<h3>Faktid:<\/h3>\n<ul>\n<li>Iga viies inimene ei saa kasutada kaasaegset elektri\u00fchendust<\/li>\n<li>3 miljardit inimest s\u00f5ltub toiduvalmistamisel ja k\u00fctmisel puidust, s\u00f6est v\u00f5i loomade v\u00e4ljaheidetest<\/li>\n<li>Energia on suurim kliimamuutuste p\u00f5hjustaja, sealt tuleb ligi 60% kogu maailma kasvuhoonegaaside heitest<\/li>\n<li>Saastava energia v\u00e4hendamine on pikemas perspektiivis kliimaeesm\u00e4rkide v\u00f5tmesiht<\/li>\n<\/ul>\n<h3>Eesm\u00e4rgid:<\/h3>\n<ul>\n<li>Tagada 2030. aastaks taskukohane, usaldusv\u00e4\u00e4rne, s\u00e4\u00e4stev ja kaasaegne energia k\u00f5igile.<\/li>\n<li>Suurendada 2030. aastaks oluliselt taastuvenergia osakaalu \u00fclemaailmselt toodetavas energias.<\/li>\n<li>Kahekordistada 2030. aastaks energiat\u00f5hususe m\u00e4\u00e4ra.<\/li>\n<li>Tugevdada 2030. aastaks rahvusvahelist koost\u00f6\u00f6d, et teha k\u00e4ttesaadavaks puhta energia alased teadusuuringud ja tehnoloogia. Toetada investeeringuid energiataristusse ja puhta energia tehnoloogiasse.<\/li>\n<li>Laiendada 2030. aastaks taristut ja uuendada tehnoloogiat kaasaegsete ja s\u00e4\u00e4stvate energiateenuste osutamiseks k\u00f5ikides arenguriikides.<\/li>\n<\/ul>\n<h3>Lingid:<\/h3>\n<p><a href=\"http:\/\/www.se4all.org\/\">Sustainable Energy for All initiative<\/a><\/p>\n<p><a href=\"http:\/\/www.undp.org\/energyandenvironment\/\">UNDP Environment and Energy<\/a><\/p>\n<p><a href=\"http:\/\/www.unido.org\/index.php?id=o71841\">UNIDO Energy and Climate Change<\/a><\/p>\n<p><em>Allikas: <a href=\"http:\/\/www.un.org\/sustainabledevelopment\/energy\/\">UN.org<\/a><\/em><\/p>\n","protected":false},"excerpt":{"rendered":"<p>Energia on seotud k\u00f5igi t\u00e4nap\u00e4eva probleemide ja v\u00f5imalustega. Olgu need t\u00f6\u00f6kohad, julgeolek, kliimamuutused, toidutootmine v\u00f5i sissetulekud \u2013 on \u00fclioluline, et&#8230;<\/p>\n","protected":false},"author":32,"featured_media":0,"parent":6040,"menu_order":10,"comment_status":"closed","ping_status":"closed","template":"template-kc-article.php","meta":{"_acf_changed":false,"footnotes":""},"categories":[41],"class_list":["post-7098","page","type-page","status-publish","hentry","category-teabekeskus"],"acf":[],"_links":{"self":[{"href":"https:\/\/www.terveilm.ee\/leht\/wp-json\/wp\/v2\/pages\/7098","targetHints":{"allow":["GET"]}}],"collection":[{"href":"https:\/\/www.terveilm.ee\/leht\/wp-json\/wp\/v2\/pages"}],"about":[{"href":"https:\/\/www.terveilm.ee\/leht\/wp-json\/wp\/v2\/types\/page"}],"author":[{"embeddable":true,"href":"https:\/\/www.terveilm.ee\/leht\/wp-json\/wp\/v2\/users\/32"}],"replies":[{"embeddable":true,"href":"https:\/\/www.terveilm.ee\/leht\/wp-json\/wp\/v2\/comments?post=7098"}],"version-history":[{"count":4,"href":"https:\/\/www.terveilm.ee\/leht\/wp-json\/wp\/v2\/pages\/7098\/revisions"}],"predecessor-version":[{"id":9241,"href":"https:\/\/www.terveilm.ee\/leht\/wp-json\/wp\/v2\/pages\/7098\/revisions\/9241"}],"up":[{"embeddable":true,"href":"https:\/\/www.terveilm.ee\/leht\/wp-json\/wp\/v2\/pages\/6040"}],"wp:attachment":[{"href":"https:\/\/www.terveilm.ee\/leht\/wp-json\/wp\/v2\/media?parent=7098"}],"wp:term":[{"taxonomy":"category","embeddable":true,"href":"https:\/\/www.terveilm.ee\/leht\/wp-json\/wp\/v2\/categories?post=7098"}],"curies":[{"name":"wp","href":"https:\/\/api.w.org\/{rel}","templated":true}]}}