{"id":7102,"date":"2016-09-26T12:22:19","date_gmt":"2016-09-26T09:22:19","guid":{"rendered":"http:\/\/www.terveilm.ee\/leht\/?page_id=7102"},"modified":"2018-04-17T11:01:18","modified_gmt":"2018-04-17T08:01:18","slug":"majanduskasv-toohoive","status":"publish","type":"page","link":"https:\/\/www.terveilm.ee\/leht\/teabekeskuse-teemad\/kestliku-arengu-eesmargid\/majanduskasv-toohoive\/","title":{"rendered":"Majanduskasv ja t\u00f6\u00f6h\u00f5ive"},"content":{"rendered":"<p><img loading=\"lazy\" decoding=\"async\" class=\"alignright size-medium wp-image-7103\" src=\"http:\/\/www.terveilm.ee\/leht\/wp-content\/uploads\/2016\/09\/goal8-300x164.jpg\" alt=\"goal8\" width=\"300\" height=\"164\" srcset=\"https:\/\/www.terveilm.ee\/leht\/wp-content\/uploads\/2016\/09\/goal8-300x164.jpg 300w, https:\/\/www.terveilm.ee\/leht\/wp-content\/uploads\/2016\/09\/goal8.jpg 850w\" sizes=\"auto, (max-width: 300px) 100vw, 300px\" \/>Laias laastus elab pool maailma rahvastikust endiselt umbes kahe dollari eest p\u00e4evas. Liiga paljudes kohtades ei t\u00e4henda t\u00f6\u00f6koht v\u00f5imalust vaesusest v\u00e4lja rabeleda. See aeglane ja eba\u00fchtlane areng sunnib \u00fcmber m\u00f5testama vaesuse v\u00e4hendamise poliitikaid ja kasutusele v\u00f5tma uued vahendid.<\/p>\n<p>Pidev inimv\u00e4\u00e4rsete t\u00f6\u00f6v\u00f5imaluste puudus\u00a0ja\u00a0ebapiisavad investeeringud p\u00f5hjustavad allak\u00e4iku \u00fchiskondlikkus kokkuleppes, et k\u00f5ik peavad edust osa saama. Kvaliteetsete t\u00f6\u00f6kohtade loomine on peaaegu k\u00f5igi majanduste jaoks suur v\u00e4ljakutse t\u00e4na ja veel palju aastaid.<\/p>\n<p>J\u00e4tkusuutlik majanduskasv eeldab \u00fchiskondadelt tingimuste loomist, mis v\u00f5imaldaksid inimestel leida kvaliteetsed t\u00f6\u00f6kohad ja seel\u00e4bi majandust stimuleerida, tegemata samas kahju keskkonnale. T\u00f6\u00f6v\u00f5imalused ja inimv\u00e4\u00e4rsed t\u00f6\u00f6tingimused on vajalikud kogu t\u00f6\u00f6ealisele elanikkonnale.<\/p>\n<h3>Faktid:<\/h3>\n<ul>\n<li>\u00dcleilmne t\u00f6\u00f6tuse m\u00e4\u00e4r kasvas 170 miljonilt 2007. aastal pea 202 miljonini 2012. aastal, millest umbes 75% moodustavad noored naised ja mehed<\/li>\n<li>Ligi 2,2 miljardit inimest elab alla 2-dollarilise vaesuspiiri, aga taolise vaesuse v\u00e4ljajuurimine on v\u00f5imalik vaid stabiilsete ja h\u00e4stitasustatud t\u00f6\u00f6kohtade abil<\/li>\n<li>\u00dcle maailma on 2016.\u20132030. aastal t\u00f6\u00f6j\u00f5uturule sisenevatele inimestele vaja 470 miljonit t\u00f6\u00f6kohta<\/li>\n<\/ul>\n<h3>Eesm\u00e4rgid:<\/h3>\n<ul>\n<li>S\u00e4ilitada majanduskasv elaniku kohta vastavalt kohalikule olukorrale, eelk\u00f5ige v\u00e4hemalt 7% SKT-st aastas v\u00e4him arenenud riikides.<\/li>\n<li>Saavutada suurem majanduslik tootlikkus, kasutades mitmekesistamist, tehnoloogia uuendamist ja innovatsiooni ning keskendudes muu hulgas k\u00f5rge lisandv\u00e4\u00e4rtusega ja t\u00f6\u00f6mahukatele sektoritele.<\/li>\n<li>Propageerida arengule suunatud tegevuspoliitikaid. Toetada viljakaid tegevusi, inimv\u00e4\u00e4rsete t\u00f6\u00f6kohtade loomist, ettev\u00f5tlust, loovust ja innovatsiooni ning ergutada mikro-, v\u00e4ikeste ja keskmise suurusega ettev\u00f5tete loomist, tehes muu hulgas k\u00e4ttesaadavamaks finantsteenused.<\/li>\n<li>Muuta kogu maailmas ressursside kasutamine tarbimises ja tootmises 2030. aastaks j\u00e4rk-j\u00e4rgult t\u00f5husamaks. P\u00fc\u00fcda selle poole, et koosk\u00f5las s\u00e4\u00e4stva tarbimise ja tootmise programmidega siduda majanduskasv lahti keskkonnaseisundi halvenemisest, kusjuures arenenud riigid peavad olema siin teen\u00e4itajad.<\/li>\n<li>Saavutada 2030. aastaks k\u00f5ikide naiste ja t\u00fctarlaste, sealhulgas noorte ja puudega inimeste t\u00e4ielik ja viljakas t\u00f6\u00f6h\u00f5ive ning tagada neile inimv\u00e4\u00e4rne ja v\u00f5rdne tasu.<\/li>\n<li>V\u00e4hendada 2020. aastaks oluliselt nende noorte arvu, kes ei t\u00f6\u00f6ta, ei omanda haridust v\u00f5i kutset.<\/li>\n<li>Teha l\u00f5pp sunnit\u00f6\u00f6le, kaasaegsele orjandusele ja inimkaubitsemisele. Tagada lapst\u00f6\u00f6j\u00f5u kasutamise k\u00f5ige r\u00e4ngemate vormide, sealhulgas lapss\u00f5durite v\u00e4rbamise ja kasutamise keelustamine ja v\u00e4ljajuurimine. Teha 2025. aastaks l\u00f5pp lapst\u00f6\u00f6j\u00f5u kasutamisele.<\/li>\n<li>Kaitsta t\u00f6\u00f6tajate \u00f5igusi ning toetada ohutute ja turvaliste t\u00f6\u00f6tingimuste loomist k\u00f5ikidele t\u00f6\u00f6tajatele, sealhulgas v\u00f5\u00f5rt\u00f6\u00f6tajatele, eelk\u00f5ige naistele, ja ebakindlates t\u00f6\u00f6suhetes olevatele t\u00f6\u00f6tajatele.<\/li>\n<li>T\u00f6\u00f6tada v\u00e4lja ja rakendada 2030. aastaks s\u00e4\u00e4stva turismi poliitikad, et luua t\u00f6\u00f6kohti ja propageerida kohalikku kultuuri ja tooteid.<\/li>\n<li>Tugevdada riikide finantseerimisasutuste suutlikkust ergutada panga-, kindlustus- ja finantsteenuste kasutamist ning tagada nende teenuste k\u00e4ttesaadavus k\u00f5igile.<\/li>\n<li>Suurendada arenguriikidele antavat kaubandusabi, muu hulgas v\u00e4him arenenud riikidele antavat kaubandusega seotud abi k\u00e4sitleva t\u00f5hustatud integreeritud raamistiku kaudu.<\/li>\n<li>T\u00f6\u00f6tada 2020. aastaks v\u00e4lja ja rakendada \u00fclemaailmne tegevuskava noorte t\u00f6\u00f6h\u00f5ive tagamiseks ning rakendada Rahvusvahelise T\u00f6\u00f6organisatsiooni \u00fclemaailmne t\u00f6\u00f6kohtade pakt.<\/li>\n<\/ul>\n<h3>Lingid:<\/h3>\n<p><a href=\"http:\/\/www.ilo.org\/\">International Labour Organization\u00a0<\/a><\/p>\n<p><a href=\"http:\/\/www.undp.org\/\">UN Development Programme<\/a><\/p>\n<p><a href=\"http:\/\/www.unep.org\/inquiry\/\">Inquiry into the Design of a Sustainable Financial System: Policy Innovations for a Green Economy<\/a><\/p>\n<p><em>Allikas: <a href=\"http:\/\/www.un.org\/sustainabledevelopment\/economic-growth\/\">UN.org<\/a><\/em><\/p>\n","protected":false},"excerpt":{"rendered":"<p>Laias laastus elab pool maailma rahvastikust endiselt umbes kahe dollari eest p\u00e4evas. Liiga paljudes kohtades ei t\u00e4henda t\u00f6\u00f6koht v\u00f5imalust vaesusest&#8230;<\/p>\n","protected":false},"author":32,"featured_media":0,"parent":6040,"menu_order":11,"comment_status":"closed","ping_status":"closed","template":"template-kc-article.php","meta":{"_acf_changed":false,"footnotes":""},"categories":[41],"class_list":["post-7102","page","type-page","status-publish","hentry","category-teabekeskus"],"acf":[],"_links":{"self":[{"href":"https:\/\/www.terveilm.ee\/leht\/wp-json\/wp\/v2\/pages\/7102","targetHints":{"allow":["GET"]}}],"collection":[{"href":"https:\/\/www.terveilm.ee\/leht\/wp-json\/wp\/v2\/pages"}],"about":[{"href":"https:\/\/www.terveilm.ee\/leht\/wp-json\/wp\/v2\/types\/page"}],"author":[{"embeddable":true,"href":"https:\/\/www.terveilm.ee\/leht\/wp-json\/wp\/v2\/users\/32"}],"replies":[{"embeddable":true,"href":"https:\/\/www.terveilm.ee\/leht\/wp-json\/wp\/v2\/comments?post=7102"}],"version-history":[{"count":4,"href":"https:\/\/www.terveilm.ee\/leht\/wp-json\/wp\/v2\/pages\/7102\/revisions"}],"predecessor-version":[{"id":9242,"href":"https:\/\/www.terveilm.ee\/leht\/wp-json\/wp\/v2\/pages\/7102\/revisions\/9242"}],"up":[{"embeddable":true,"href":"https:\/\/www.terveilm.ee\/leht\/wp-json\/wp\/v2\/pages\/6040"}],"wp:attachment":[{"href":"https:\/\/www.terveilm.ee\/leht\/wp-json\/wp\/v2\/media?parent=7102"}],"wp:term":[{"taxonomy":"category","embeddable":true,"href":"https:\/\/www.terveilm.ee\/leht\/wp-json\/wp\/v2\/categories?post=7102"}],"curies":[{"name":"wp","href":"https:\/\/api.w.org\/{rel}","templated":true}]}}