{"id":7105,"date":"2016-09-26T12:26:18","date_gmt":"2016-09-26T09:26:18","guid":{"rendered":"http:\/\/www.terveilm.ee\/leht\/?page_id=7105"},"modified":"2018-04-17T11:01:38","modified_gmt":"2018-04-17T08:01:38","slug":"taristu-innovatsioon","status":"publish","type":"page","link":"https:\/\/www.terveilm.ee\/leht\/teabekeskuse-teemad\/kestliku-arengu-eesmargid\/taristu-innovatsioon\/","title":{"rendered":"Innovatsioon ja taristu"},"content":{"rendered":"<p><img loading=\"lazy\" decoding=\"async\" class=\"alignright size-medium wp-image-7106\" src=\"http:\/\/www.terveilm.ee\/leht\/wp-content\/uploads\/2016\/09\/goal9-300x117.jpg\" alt=\"goal9\" width=\"300\" height=\"117\" srcset=\"https:\/\/www.terveilm.ee\/leht\/wp-content\/uploads\/2016\/09\/goal9-300x117.jpg 300w, https:\/\/www.terveilm.ee\/leht\/wp-content\/uploads\/2016\/09\/goal9.jpg 850w\" sizes=\"auto, (max-width: 300px) 100vw, 300px\" \/>Investeerimine taristusse \u2013 transporti, niisutuss\u00fcsteemidesse, energiasse ning info- ja kommunikatsioonitehnoloogiasse \u2013 on \u00fclioluline j\u00e4tkusuutliku arengu saavutamiseks ja paljude riikide \u00f5iguste tagamiseks. Juba ammu on m\u00f5istetud, et sissetuleku kasv ning parem tervishoid ja haridus n\u00f5uavad taristusse investeerimist.<\/p>\n<h3>Faktid:<\/h3>\n<ul>\n<li>Kaasav ja j\u00e4tkusuutlik t\u00f6\u00f6stuse areng on v\u00f5ti, mis v\u00f5imaldab k\u00f5igi inimeste elatustaset kiiresti ja kestlikult t\u00f5sta.<\/li>\n<li>P\u00f5hiline taristu nagu teed, kanalisatsioon, elekter, vesi ja internet j\u00e4\u00e4vad paljudes arengumaades harvadeks n\u00e4htusteks<\/li>\n<li>Ligi 2,6 miljardil arengumaade inimesel puudub juurdep\u00e4\u00e4s stabiilsele elektri\u00fchendusele<\/li>\n<li>2,5 miljardil inimesel puudub juurdep\u00e4\u00e4s p\u00f5hilistele sanitaarteenustele. 800 miljonit peavad elama ilma veeta, nendest suur osa elab Sahara-taguses Aafrikas ja L\u00f5una-Aasias.<\/li>\n<li>1\u20131,5 miljardil inimesel puudub juurdep\u00e4\u00e4s t\u00f6\u00f6kindlatele telefoniteenustele<\/li>\n<li>Ebapiisav taristu takistab juurdep\u00e4\u00e4su t\u00f6\u00f6kohtadele, teabele ja \u00f5ppele ning loob suuri takistusi \u00e4ritegevusele<\/li>\n<li>V\u00e4ljaarendamata taristu piirab juurdep\u00e4\u00e4su tervishoiule ja haridusele<\/li>\n<li>Paljudes Aafrika riikides v\u00e4hendab n\u00f5rk taristu tootlikkust ligi 40%<\/li>\n<li>Tootmine on oluline t\u00f6\u00f6andja. N\u00e4iteks 2009. aastal oli selles sektoris \u00fcle maailma umbes 470 miljonit t\u00f6\u00f6kohta (16% t\u00f6\u00f6j\u00f5ust), 2013. aastal juba \u00fcle poole miljardi t\u00f6\u00f6koha.<\/li>\n<li>Iga tootmissektori t\u00f6\u00f6koht loob 2,2 teiste sektorite t\u00f6\u00f6kohta.<\/li>\n<li>V\u00e4ikese ja keskmise suurusega tootmisettev\u00f5tted loovad enamasti k\u00f5ige rohkem t\u00f6\u00f6kohti. Need moodustavad k\u00f5ikjal maailmas \u00fcle 90% ettev\u00f5tlusest ja loovad 50\u201360% t\u00f6\u00f6v\u00f5imalustest.<\/li>\n<li>V\u00e4hemarenenud riikidel on tohutu tootmise potentsiaal toidu ja jookide valdkonnas (agrot\u00f6\u00f6stus) ning riide ja r\u00f5ivaste osas.<\/li>\n<li>Keskmise sissetulekuga riigid v\u00f5ivad tulu saada metalli ja metalltoodete t\u00f6\u00f6stusest.<\/li>\n<li>Arengumaades t\u00f6\u00f6deldakse t\u00f6\u00f6stuslikult vaevu 30% p\u00f5llumajandustoodangust. K\u00f5rge sissetulekuga riikides t\u00f6\u00f6deldakse sellest 98%.<\/li>\n<\/ul>\n<h3>Eesm\u00e4rgid:<\/h3>\n<ul>\n<li>Arendada v\u00e4lja kvaliteetne, usaldusv\u00e4\u00e4rne, s\u00e4\u00e4stlik ja vastupidav taristu, sealhulgas piirkondlik ja piiri\u00fclene taristu, et toetada majandusarengut ja inimeste heaolu. Tagada, et see taristu on k\u00f5ikidele taskukohane ja k\u00e4ttesaadav.<\/li>\n<li>Toetada kaasavat ja s\u00e4\u00e4stvat t\u00f6\u00f6stust. Suurendada 2030. aastaks oluliselt t\u00f6\u00f6stuse osakaalu t\u00f6\u00f6h\u00f5ives ja sisemajanduse kogutoodangus, v\u00f5ttes arvesse kohalikku olukorda.<\/li>\n<li>Muuta finantsteenused (sh taskukohased laenud) k\u00e4ttesaadavamaks v\u00e4ikestele t\u00f6\u00f6stusettev\u00f5tetele ja muudele ettev\u00f5tetele, seda eelk\u00f5ige arengumaades, ning suurendada nende integreerimist v\u00e4\u00e4rtusahelatesse ja turgudele.<\/li>\n<li>Uuendada 2030. aastaks taristut ja moderniseerida t\u00f6\u00f6stusharud, et need oleksid j\u00e4tkusuutlikud. Selleks t\u00f5hustada ressursside kasutamist ja v\u00f5tta kasutusele puhtad ja keskkonnaohutud tehnoloogiad ja t\u00f6\u00f6stusprotsessid, kusjuures k\u00f5ik riigid v\u00f5tavad meetmeid vastavalt enda suutlikkusele.<\/li>\n<li>Intensiivistada teadusuuringuid, suurendada t\u00f6\u00f6stussektori tehnoloogilist suutlikkust k\u00f5ikides riikides, eelk\u00f5ige arenguriikides. Ergutada innovatsiooni ja suurendada 2030. aastaks oluliselt teadusuuringute ja arendustegevusega tegelevate t\u00f6\u00f6tajate arvu miljoni elaniku kohta ning avaliku ja erasektori kulutusi teadusuuringutele ja arendustegevusele.<\/li>\n<li>Toetada s\u00e4\u00e4stliku ja vastupidava taristu arendamist arenguriikides, suurendades finants- ja tehnilist abi Aafrika riikidele, v\u00e4him arenenud riikidele, merepiirita arenguriikidele ja v\u00e4ikestele arenevatele saareriikidele.<\/li>\n<li>Toetada arengumaades omamaise tehnoloogia arendamist, teadusuuringuid ja arendustegevust. Tagada muuhulgas soodne tegevuspoliitiline keskkond t\u00f6\u00f6stuse mitmekesistamiseks ja kaupadele lisandv\u00e4\u00e4rtuse andmiseks.<\/li>\n<li>Parandada oluliselt info- ja sidetehnoloogia k\u00e4ttesaadavust. P\u00fc\u00fcda selle poole, et tagada 2020. aastaks v\u00e4him arenenud riikide elanikele \u00fcldine ja taskukohane juurdep\u00e4\u00e4s internetile.<\/li>\n<\/ul>\n<h3>Lingid:<\/h3>\n<p><a href=\"http:\/\/undp.org\/\">UN Development Programme<\/a><\/p>\n<p><a href=\"http:\/\/www.unep.org\/\">UN Environment Programme<\/a><\/p>\n<p><a href=\"http:\/\/www.unep.org\/\">UN Habitat<\/a><\/p>\n<p><a href=\"http:\/\/www.unisdr.org\/\">UN Office for Disaster Risk Reduction<\/a><\/p>\n<p><a href=\"https:\/\/www.google.com\/url?sa=t&amp;rct=j&amp;q=&amp;esrc=s&amp;source=web&amp;cd=1&amp;cad=rja&amp;uact=8&amp;ved=0CB8QFjAA&amp;url=http%3A%2F%2Fwww.unido.org%2F&amp;ei=1tD0VN36KqvLsASgp4LICg&amp;usg=AFQjCNFVWLHB8qMizTEBqZ33AXJYrMvkLg&amp;sig2=qKx9KMy4ZXRdJ5gNXqhfCQ&amp;bvm=bv.87269000,d.cWc\">UN Industrial Development Organization<\/a><\/p>\n<p><a href=\"https:\/\/www.unops.org\/english\/Services\/infrastructure\/Pages\/default.aspx\">UN Office for Project Services<\/a><\/p>\n<p><em>Allikas: <a href=\"http:\/\/www.un.org\/sustainabledevelopment\/infrastructure-industrialization\/\">UN.org<\/a><\/em><\/p>\n","protected":false},"excerpt":{"rendered":"<p>Investeerimine taristusse \u2013 transporti, niisutuss\u00fcsteemidesse, energiasse ning info- ja kommunikatsioonitehnoloogiasse \u2013 on \u00fclioluline j\u00e4tkusuutliku arengu saavutamiseks ja paljude riikide \u00f5iguste&#8230;<\/p>\n","protected":false},"author":32,"featured_media":0,"parent":6040,"menu_order":12,"comment_status":"closed","ping_status":"closed","template":"template-kc-article.php","meta":{"_acf_changed":false,"footnotes":""},"categories":[41],"class_list":["post-7105","page","type-page","status-publish","hentry","category-teabekeskus"],"acf":[],"_links":{"self":[{"href":"https:\/\/www.terveilm.ee\/leht\/wp-json\/wp\/v2\/pages\/7105","targetHints":{"allow":["GET"]}}],"collection":[{"href":"https:\/\/www.terveilm.ee\/leht\/wp-json\/wp\/v2\/pages"}],"about":[{"href":"https:\/\/www.terveilm.ee\/leht\/wp-json\/wp\/v2\/types\/page"}],"author":[{"embeddable":true,"href":"https:\/\/www.terveilm.ee\/leht\/wp-json\/wp\/v2\/users\/32"}],"replies":[{"embeddable":true,"href":"https:\/\/www.terveilm.ee\/leht\/wp-json\/wp\/v2\/comments?post=7105"}],"version-history":[{"count":4,"href":"https:\/\/www.terveilm.ee\/leht\/wp-json\/wp\/v2\/pages\/7105\/revisions"}],"predecessor-version":[{"id":9243,"href":"https:\/\/www.terveilm.ee\/leht\/wp-json\/wp\/v2\/pages\/7105\/revisions\/9243"}],"up":[{"embeddable":true,"href":"https:\/\/www.terveilm.ee\/leht\/wp-json\/wp\/v2\/pages\/6040"}],"wp:attachment":[{"href":"https:\/\/www.terveilm.ee\/leht\/wp-json\/wp\/v2\/media?parent=7105"}],"wp:term":[{"taxonomy":"category","embeddable":true,"href":"https:\/\/www.terveilm.ee\/leht\/wp-json\/wp\/v2\/categories?post=7105"}],"curies":[{"name":"wp","href":"https:\/\/api.w.org\/{rel}","templated":true}]}}