{"id":7111,"date":"2016-09-26T12:33:49","date_gmt":"2016-09-26T09:33:49","guid":{"rendered":"http:\/\/www.terveilm.ee\/leht\/?page_id=7111"},"modified":"2018-04-17T11:03:08","modified_gmt":"2018-04-17T08:03:08","slug":"linnad","status":"publish","type":"page","link":"https:\/\/www.terveilm.ee\/leht\/teabekeskuse-teemad\/kestliku-arengu-eesmargid\/linnad\/","title":{"rendered":"J\u00e4tkusuutlikud linnad"},"content":{"rendered":"<p><img loading=\"lazy\" decoding=\"async\" class=\"alignright size-medium wp-image-7112\" src=\"http:\/\/www.terveilm.ee\/leht\/wp-content\/uploads\/2016\/09\/goal11-300x158.jpg\" alt=\"goal11\" width=\"300\" height=\"158\" srcset=\"https:\/\/www.terveilm.ee\/leht\/wp-content\/uploads\/2016\/09\/goal11-300x158.jpg 300w, https:\/\/www.terveilm.ee\/leht\/wp-content\/uploads\/2016\/09\/goal11.jpg 850w\" sizes=\"auto, (max-width: 300px) 100vw, 300px\" \/>Linnad on ideede, kaubanduse, kultuuri, teaduse, tootlikkuse, sotsiaalse arengu ja palju muu s\u00f5lmpunktid. Headel aegadel on linnad v\u00f5imaldanud inimestel sotsiaalselt ja majanduslikult edasi j\u00f5uda. Kuid on keeruline hoida linnasid sellistena, et nad looksid t\u00f6\u00f6kohti ja j\u00f5ukust, kurnamata maad ja ressursse. Tavap\u00e4raste linna v\u00e4ljakutsete hulka kuuluvad \u00fclekoormus, rahapuudus p\u00f5hiteenuste pakkumiseks, sobivate eluruumide puudus ja allak\u00e4iv taristu.<br \/>\nLinnad suudaksid \u00f5itseda ja kasvada, parandades ressursikasutust ja v\u00e4hendades reostust ning vaesust. Soovime, et tulevikus loovad linnad k\u00f5igile v\u00f5imalusi ning tagavad juurdep\u00e4\u00e4su p\u00f5hiteenustele, energiale, elukohtadele, transpordile ja muule.<\/p>\n<h3>Faktid:<\/h3>\n<ul>\n<li>Linnades elab pool inimkonnast ehk 3,5 miljardit inimest<\/li>\n<li>2030ndaks aastaks elab linnapiirkondades ligi 60% maailma rahvastikust<\/li>\n<li>95% j\u00e4rgmistel k\u00fcmnenditel laienevatest linnadest asuvad arengumaades<\/li>\n<li>828 miljonit inimest elab t\u00e4nap\u00e4eval slummides, see arv aina kasvab<\/li>\n<li>Maailma linnad h\u00f5ivavad Maa pindalast k\u00f5igest 3%, aga tarbivad 60\u201380% energiast ja toodavad 75% atmosf\u00e4\u00e4ri paisatavast s\u00fcsinikdioksiidist<\/li>\n<li>Kiire linnastumine seab surve alla mageveevarud, kanalisatsiooni, elukeskkonna ja rahvatervise<\/li>\n<li>Linnade k\u00f5rge rahvastikutihedus v\u00f5ib anda ka efektiivsuse kasvu ja tehnoloogilised uuendused ning v\u00e4hendada seejuures ressursi- ja energiatarbimist<\/li>\n<\/ul>\n<h3>Eesm\u00e4rgid:<\/h3>\n<ul>\n<li>Tagada 2030. aastaks k\u00f5ikidele piisav, turvaline ja taskukohane eluase ning p\u00f5hiteenused. Moderniseerida r\u00e4\u00e4mas agulid.<\/li>\n<li>Tagada 2030. aastaks k\u00f5ikidele turvalised, taskukohased, k\u00e4ttesaadavad ja s\u00e4\u00e4stvad transpordis\u00fcsteemid ka arandada liiklusohutust, eelk\u00f5ige \u00fchistranspordi osakaalu suurendamise abil. Selle juures p\u00f6\u00f6rata rohkem t\u00e4helepanu ebasoodsas olukorras olevate inimeste, naiste, laste, puudega inimeste ja vanemate inimeste vajadustele.<\/li>\n<li>Suurendada 2030. aastaks kaasavat ja j\u00e4tkusuutlikku linnastumist.<\/li>\n<li>Suurendada j\u00f5upingutusi maailma kultuuri- ja loodusp\u00e4randi kaitsmiseks.<\/li>\n<li>V\u00e4hendada 2030. aastaks oluliselt suremust ja sellest m\u00f5jutatud inimeste arvu. V\u00e4hendada oluliselt loodus\u00f5nnetuste, sealhulgas veega seotud \u00f5nnetuste p\u00f5hjustatud otsese majandusliku kahju osakaalu \u00fclemaailmses sisemajanduse kogutoodangus, keskendudes vaeste ja ebasoodsas olukorras olevate inimeste kaitsmisele.<\/li>\n<li>V\u00e4hendada 2030. aastaks linnade negatiivset keskkonnam\u00f5ju elaniku kohta, p\u00f6\u00f6rates erilist t\u00e4helepanu \u00f5hu kvaliteedile ning olme- ja muude j\u00e4\u00e4tmete k\u00e4itlemisele.<\/li>\n<li>Tagada 2030. aastaks eelk\u00f5ige naistele ja lastele, vanematele inimestele ja puudega inimestele vaba juurdep\u00e4\u00e4s turvalistele, kaasavatele ja ligip\u00e4\u00e4setavatele rohealadele ja avalikule ruumile.<\/li>\n<li>Toetada positiivseid majandus-, sotsiaal- ja keskkonnasuhteid linna-, \u00e4\u00e4relinna- ja maapiirkondade vahel, tugevdades riiklikku ja piirkondlikku arenguplaneerimist.<\/li>\n<li>Suurendada 2020. aastaks oluliselt nende linnade ja asulate arvu, mille eesm\u00e4rk on kaasamine, ressursit\u00f5husus, kliimamuutuste leevendamine ja nendega kohanemine ning loodus\u00f5nnetustega toimetulemine. Koostada ja rakendada terviklikke riskide ohjamise p\u00f5him\u00f5tteid k\u00f5ikidel tasanditel.<\/li>\n<li>Toetada v\u00e4him arenenud riike kohalikest materjalidest s\u00e4\u00e4stvate ja vastupidavate hoonete ehitamisel, andes neile muu hulgas finants- ja tehnilist abi.<\/li>\n<\/ul>\n<h3>Lingid:<\/h3>\n<p><a href=\"http:\/\/www.unhabitat.org\/\">UN-HABITAT<\/a><\/p>\n<p><a href=\"http:\/\/www.unep.org\/greeneconomy\/Portals\/88\/documents\/ger\/GER_12_Cities.pdf\">UN Environment Programme : Cities \u2013 investing in energy and resource efficiency<\/a><\/p>\n<p><a href=\"http:\/\/www.unep.org\/greeneconomy\/Portals\/88\/documents\/ger\/GER_12_Cities.pdf\">UN Environment Programme<\/a>\u00a0<a href=\"http:\/\/www.unep.org\/newscentre\/default.aspx?DocumentID=2661&amp;ArticleID=8995\">Climate Neutral Network<\/a><\/p>\n<p><a href=\"http:\/\/www.unep.org\/greeneconomy\/Portals\/88\/documents\/ger\/GER_12_Cities.pdf\">UN Environment Programme:<\/a> <a href=\"http:\/\/www.unep.org\/newscentre\/default.aspx?DocumentID=2661&amp;ArticleID=8995\">Cities and Climate Change<\/a><\/p>\n<p><a href=\"http:\/\/www.unfpa.org\/urbanization\">UN Population Fund: Urbanization<\/a><\/p>\n<p><a href=\"http:\/\/www.iclei.org\/\">ICLEI \u2013 Local Governments for Sustainability<\/a><\/p>\n<p><em>Allikas: <a href=\"http:\/\/www.un.org\/sustainabledevelopment\/cities\/\">UN.org<\/a><\/em><\/p>\n","protected":false},"excerpt":{"rendered":"<p>Linnad on ideede, kaubanduse, kultuuri, teaduse, tootlikkuse, sotsiaalse arengu ja palju muu s\u00f5lmpunktid. Headel aegadel on linnad v\u00f5imaldanud inimestel sotsiaalselt&#8230;<\/p>\n","protected":false},"author":32,"featured_media":0,"parent":6040,"menu_order":14,"comment_status":"closed","ping_status":"closed","template":"template-kc-article.php","meta":{"_acf_changed":false,"footnotes":""},"categories":[41],"class_list":["post-7111","page","type-page","status-publish","hentry","category-teabekeskus"],"acf":[],"_links":{"self":[{"href":"https:\/\/www.terveilm.ee\/leht\/wp-json\/wp\/v2\/pages\/7111","targetHints":{"allow":["GET"]}}],"collection":[{"href":"https:\/\/www.terveilm.ee\/leht\/wp-json\/wp\/v2\/pages"}],"about":[{"href":"https:\/\/www.terveilm.ee\/leht\/wp-json\/wp\/v2\/types\/page"}],"author":[{"embeddable":true,"href":"https:\/\/www.terveilm.ee\/leht\/wp-json\/wp\/v2\/users\/32"}],"replies":[{"embeddable":true,"href":"https:\/\/www.terveilm.ee\/leht\/wp-json\/wp\/v2\/comments?post=7111"}],"version-history":[{"count":3,"href":"https:\/\/www.terveilm.ee\/leht\/wp-json\/wp\/v2\/pages\/7111\/revisions"}],"predecessor-version":[{"id":9245,"href":"https:\/\/www.terveilm.ee\/leht\/wp-json\/wp\/v2\/pages\/7111\/revisions\/9245"}],"up":[{"embeddable":true,"href":"https:\/\/www.terveilm.ee\/leht\/wp-json\/wp\/v2\/pages\/6040"}],"wp:attachment":[{"href":"https:\/\/www.terveilm.ee\/leht\/wp-json\/wp\/v2\/media?parent=7111"}],"wp:term":[{"taxonomy":"category","embeddable":true,"href":"https:\/\/www.terveilm.ee\/leht\/wp-json\/wp\/v2\/categories?post=7111"}],"curies":[{"name":"wp","href":"https:\/\/api.w.org\/{rel}","templated":true}]}}