{"id":7129,"date":"2016-09-26T13:05:40","date_gmt":"2016-09-26T10:05:40","guid":{"rendered":"http:\/\/www.terveilm.ee\/leht\/?page_id=7129"},"modified":"2018-04-17T11:06:00","modified_gmt":"2018-04-17T08:06:00","slug":"partnerlussuhted","status":"publish","type":"page","link":"https:\/\/www.terveilm.ee\/leht\/teabekeskuse-teemad\/kestliku-arengu-eesmargid\/partnerlussuhted\/","title":{"rendered":"\u00dclemaailmsed partnerlussuhted"},"content":{"rendered":"<p><img loading=\"lazy\" decoding=\"async\" class=\"alignright size-medium wp-image-7130\" src=\"http:\/\/www.terveilm.ee\/leht\/wp-content\/uploads\/2016\/09\/goal17-300x120.jpg\" alt=\"goal17\" width=\"300\" height=\"120\" \/>\u00dclemaailmsel, regionaalsel, riiklikul ja kohalikul tasandil on vaja kaasavaid partnerlussuhteid, mille keskmesse seatakse inimesed ja planeet.<br \/>\nVaja on kiireid samme erarahastajate triljonite dollarite mobiliseerimiseks, \u00fcmber suunamiseks ja k\u00e4ibelev\u00f5tmiseks, et saavutada j\u00e4tkusuutliku arengu eesm\u00e4rgid. Pikaajalisi investeeringuid vajatakse eriti arengumaades. Nende hulka kuuluvad j\u00e4tkusuutlik energia, taristu ja transport, aga ka info- ja kommunikatsioonitehnoloogiad. Avalik sektor peab seadma selge suuna. Investeeringuid v\u00f5imaldavad regulatsioonid ja majanduslikud stiimulid tuleb \u00fcmber kujundada, et need kutsuksid investeerima ja kindlustaksid j\u00e4tkusuutlikku arengut. Tugevdada tuleks riiklikke valvemehhanisme.<\/p>\n<h3>Faktid:<\/h3>\n<ul>\n<li>2014. aastal anti ametlikku arenguabi 235,2 miljardit dollarit, ehk teadaolevalt l\u00e4bi aegade k\u00f5ige rohkem<\/li>\n<li>79% arengumaade importkaupadest j\u00f5uab arenenud riikidesse tollimaksuvabalt<\/li>\n<li>Arengumaade v\u00f5lakoorem on stabiilselt ligi 3% eksporditulust<\/li>\n<li>Aafrika internetikasutajate arv on viimase nelja aasta jooksul peaaegu kahekordistunud<\/li>\n<li>30% maailma noortest on digitaalsed p\u00e4rismaalased ja internetis veetnud v\u00e4hemalt viis aastat<\/li>\n<li>\u00dcle nelja miljardi inimese ei kasuta internetti, neist 90% elab arengumaades<\/li>\n<\/ul>\n<h3>Eesm\u00e4rgid:<\/h3>\n<p><strong>Raha<\/strong><\/p>\n<ul>\n<li>17.1 Suurendada abi selleks, et arenguriigid suudaksid ise makse koguda.<\/li>\n<li>17.2 Arenenud riigid t\u00e4idavad t\u00e4ielikult ametliku arenguabi andmise kohustused, sealhulgas paljude arenenud riikide v\u00f5etud kohustus anda ametlikust arenguabist\/kogurahvatulust 0,7% arenguriikidele ja 0,15\u20130,2% v\u00e4him arenenud riikidele. Ametliku arenguabi doonorriikidel palutakse kaaluda ametlikust arenguabist\/kogurahvatulust v\u00e4hemalt 0,2% andmist v\u00e4him arenenud riikidele.<\/li>\n<li>17.3 Kaasata erinevatest allikatest p\u00e4rit t\u00e4iendavad finantsvahendid arenguriikide toetamiseks.<\/li>\n<li>17.4 Aidata arenguriikidel saavutada pikaajaline v\u00f5lgade teenindamise stabiilsus koosk\u00f5lastatud tegevusega, mille eesm\u00e4rk on toetada vastavalt vajadusele v\u00f5lgade finantseerimist, v\u00e4hendamist ja restruktureerimist ning v\u00e4hendada suure v\u00f5lakoormusega riikide v\u00e4lisv\u00f5lga, et leevendada v\u00f5lgade tagasimaksmisega seotud probleeme.<\/li>\n<li>17.5 V\u00f5tta vastu ja rakendada investeeringuid toetavad s\u00fcsteemid v\u00e4him arenenud riikides.<\/li>\n<\/ul>\n<p><strong>Tehnoloogia<\/strong><\/p>\n<ul>\n<li>17.6 Tugevdada P\u00f5hja-L\u00f5una, L\u00f5una-L\u00f5una ja kolmepoolset piirkondlikku rahvusvahelist koost\u00f6\u00f6d teaduse, tehnoloogia ja innovatsiooni valdkonnas. Suurendada teadmiste jagamist vastastikku kokkulepitud tingimustel.<\/li>\n<li>17.7 Toetada keskkonnaohutute tehnoloogiate arendamist ja soodustingimustel siiret, tutvustamist ja levitamist arenguriikides.<\/li>\n<li>17.8 V\u00f5tta 2017. aastaks t\u00e4ielikult kasutusele tehnoloogiapank ja v\u00e4him arenenud riikide teadust\u00f6\u00f6-, tehnoloogia- ja innovatsioonialase suutlikkuse suurendamise mehhanismid. Edendada v\u00f5imalusi avardava tehnoloogia, eelk\u00f5ige info- ja sidetehnoloogia kasutamist.<\/li>\n<\/ul>\n<p><strong>Suutlikkuse suurendamine<\/strong><\/p>\n<ul>\n<li>17.9 Suurendada rahvusvahelist toetust, et t\u00f5husalt ja sihip\u00e4raselt suurendada arenguriikide suutlikkust. Toetada riiklikke s\u00e4\u00e4stva arengu eesm\u00e4rkide rakenduskavasid, sealhulgas P\u00f5hja-L\u00f5una, L\u00f5una-L\u00f5una ja kolmepoolse koost\u00f6\u00f6 kaudu.<\/li>\n<\/ul>\n<p><strong>Kaubandus<\/strong><\/p>\n<ul>\n<li>17.10 Toetada Maailma Kaubandusorganisatsiooni raames \u00fcldist, reeglitel p\u00f5hinevat, avatud, mittediskrimineerivat ja \u00f5iglast mitmepoolset kaubanduss\u00fcsteemi, viies muu hulgas l\u00f5pule Doha arengukava raames toimuvad l\u00e4bir\u00e4\u00e4kimised.<\/li>\n<li>17.11 Suurendada oluliselt eksporti arenguriikidest, seades eelk\u00f5ige eesm\u00e4rgiks kahekordistada 2020. aastaks v\u00e4him arenenud riikidest p\u00e4rit ekspordi osakaalu \u00fclemaailmses ekspordis.<\/li>\n<li>17.12 Tagada v\u00e4him arenenud riikidele \u00f5igeaegselt p\u00fcsiv tollimaksu- ja kvoodivaba turulep\u00e4\u00e4s, tagades muu hulgas, et v\u00e4him arenenud riikidest imporditud kaupade suhtes kohaldatavad soodusp\u00e4ritolureeglid on arusaadavad ja lihtsad ning toetavad turulep\u00e4\u00e4su.<\/li>\n<\/ul>\n<p><strong>Tegevuspoliitiline ja institutsiooniline sidusus<\/strong><\/p>\n<ul>\n<li>17.13 Tugevdada \u00fclemaailmset makromajanduslikku stabiilsust tegevuspoliitikate koosk\u00f5lastamise ja sidususe abil.<\/li>\n<li>17.14 Suurendada s\u00e4\u00e4stvat arengut k\u00e4sitlevate tegevuspoliitikate vahelist sidusust.<\/li>\n<li>17.15 Tunnustada iga riigi poliitilist ruumi ja \u00f5igust kehtestada tegevuspoliitikad vaesuse kaotamiseks ja s\u00e4\u00e4stva arengu saavutamiseks.<\/li>\n<\/ul>\n<p><strong>Mitme sidusr\u00fchma vaheline partnerlus<\/strong><\/p>\n<ul>\n<li>17.16 Tugevdada s\u00e4\u00e4stva arengu \u00fclemaailmset partnerlust, koondades ja jagades teadmisi, tehnoloogilisi ja rahalisi vahendeid. Toetada s\u00e4\u00e4stva arengu eesm\u00e4rke k\u00f5ikides riikides, eelk\u00f5ige arenguriikides.<\/li>\n<li>17.17 Ergutada ja propageerida t\u00f5husaid avaliku sektori, avaliku ja erasektori ja kodaniku\u00fchiskonna partnerlusi, kasutades nende kogemusi ja vastavaid finantseerimiskavasid.<\/li>\n<\/ul>\n<p><strong>Andmed, seire ja aruandlus<\/strong><\/p>\n<ul>\n<li>17.18 Suurendada 2020. aastaks toetusi arenguriikide, sealhulgas v\u00e4him arenenud riikide ja v\u00e4ikeste arenevate saareriikide suutlikkuse suurendamiseks, et muuta palju lihtsamalt k\u00e4ttesaadavaks kvaliteetsed, \u00f5igeaegsed ja usaldusv\u00e4\u00e4rsed andmed sissetulekute, soo, vanuse, rassi, rahvuse, r\u00e4ndeseisundi, puude, geograafilise asukoha ja muude riigi jaoks oluliste tunnuste l\u00f5ikes.<\/li>\n<li>17.19 Kasutada olemasolevaid algatusi, et t\u00f6\u00f6tada 2030. aastaks v\u00e4lja n\u00e4itajad s\u00e4\u00e4stva arengu saavutamisel tehtud edusammude m\u00f5\u00f5tmiseks (lisaks sisemajanduse kogutoodangule) ning tugevdada arenguriikide statistiliste andmete kogumise suutlikkust.<\/li>\n<\/ul>\n<h3>Lingid:<\/h3>\n<p><a href=\"http:\/\/www.undp.org\/content\/undp\/en\/home\/ourwork\/overview.html\">United Nations Development Programme<\/a><\/p>\n<p><a href=\"http:\/\/www.endpoverty2015.org\/\">Millennium Campaign<\/a><\/p>\n<p><a href=\"http:\/\/mdgs.un.org\/unsd\/mdg\/Default.aspx\">UN Department of Economic &amp;amp Social Affairs<\/a><\/p>\n<p><a href=\"http:\/\/www.worldbank.org\/mdgs\">World Bank<\/a><\/p>\n<p><a href=\"http:\/\/www.unicef.org\/mdg\/\">UN Children\u201ds Fund<\/a><\/p>\n<p><a href=\"http:\/\/www.unep.org\/\">UN Environment Programme<\/a><\/p>\n<p><a href=\"http:\/\/www.unfpa.org\/public\/home\/sitemap\/icpd\/MDGs\">UN Population Fund<\/a><\/p>\n<p><a href=\"http:\/\/www.who.int\/mdg\/en\/\">World Health Organization<\/a><\/p>\n<p><a href=\"http:\/\/www.imf.org\/external\/np\/exr\/facts\/mdg.htm\">International Monetary Fund<\/a><\/p>\n<p><a href=\"http:\/\/www.unhabitat.org\/\">UN-HABITAT<\/a><\/p>\n<p><a href=\"http:\/\/www.fao.org\/mdg\/goals.asp\">Food &amp;amp Agriculture Organization<\/a><\/p>\n<p><a href=\"http:\/\/www.ifad.org\/partners\/orgs\/index.htm\">International Fund for Agricultural Development<\/a><\/p>\n<p><a href=\"http:\/\/www.ilo.org\/public\/english\/bureau\/exrel\/mdg\/\">International Labour Organization<\/a><\/p>\n<p><a href=\"http:\/\/www.intracen.org\/about\/millennium-development-goals\/\">International Trade Centre<\/a><\/p>\n<p><a href=\"http:\/\/www.itu.int\/ITU-D\/ict\/mdg\/\">International Telecommunications Union<\/a><\/p>\n<p><a href=\"http:\/\/www.unaids.org\/en\/AboutUNAIDS\/Goals\/MDG\/default.asp\">Joint UN Programme on HIV\/AIDS<\/a><\/p>\n<p><a href=\"http:\/\/www.unctad.org\/Templates\/Page.asp?intItemID=2242&amp;amplang=1\">UN Conference on Trade and Development<\/a><\/p>\n<p><a href=\"http:\/\/www.undg.org\/\">UN Development Group<\/a><\/p>\n<p><a href=\"http:\/\/www.unesco.org\/new\/en\/education\/themes\/leading-the-international-agenda\/education-for-all\/education-and-the-mdgs\/\">UN Educational, Scientific and Cultural Organization<\/a><\/p>\n<p><a href=\"http:\/\/www.unhcr.org\/pages\/49e5a9e56.html\">UN Refugee Agency<\/a><\/p>\n<p><a href=\"http:\/\/www.unido.org\/what-we-do.html\">UN Industrial Development Organization<\/a><\/p>\n<p><a href=\"http:\/\/www.unwomen.org\/\">UN Women<\/a><\/p>\n<p><a href=\"http:\/\/www2.ohchr.org\/english\/issues\/millenium-development\/\">Office of the High Commissioner for Human Rights<\/a><\/p>\n<p><a href=\"http:\/\/www.unrwa.org\/etemplate.php?id=630\">UN Relief and Works Agency for Palestine Refugees in the Near East<\/a><\/p>\n<p><a href=\"http:\/\/www.wfp.org\/\">World Food Programme<\/a><\/p>\n<p><a href=\"http:\/\/www.wmo.int\/pages\/themes\/weather\/developmentgoals.html\">World Meteorological Organization<\/a><\/p>\n<p><a href=\"http:\/\/www.wto.org\/english\/thewto_e\/coher_e\/mdg_e\/mdg_e.htm\">World Trade Organization<\/a><\/p>\n<p><a href=\"http:\/\/www.unwto.org\/tourism&amp;ampmdgsezine\/\">World Tourism Organization<\/a><\/p>\n<p><a href=\"http:\/\/www.un.org\/wcm\/content\/site\/sport\/home\/sport\/sportandmdgs\">UN Office on Sport for Development and Peace<\/a><\/p>\n<p><a href=\"http:\/\/www.regionalcommissions.org\/\">Regional Commissions New York Office<\/a><\/p>\n<p><a href=\"http:\/\/new.uneca.org\/\">Economic Commission for Africa<\/a><\/p>\n<p><a href=\"http:\/\/www.unece.org\/mdg\/welcome.html\">Economic Commission for Europe<\/a><\/p>\n<p><a href=\"http:\/\/www.eclac.cl\/mdg\/default.asp?idioma=IN\">Economic Commission for Latin America &amp;amp the Carribean<\/a><\/p>\n<p><a href=\"http:\/\/www.unescap.org\/\">Economic and Social Commission for Asia &amp;amp the Pacific<\/a><\/p>\n<p><a href=\"http:\/\/www.escwa.un.org\/\">Economic and Social Commission for Western Asia<\/a><\/p>\n<p><em>Allikas: <a href=\"http:\/\/www.un.org\/sustainabledevelopment\/globalpartnerships\/\">UN.org<\/a><\/em><\/p>\n","protected":false},"excerpt":{"rendered":"<p>\u00dclemaailmsel, regionaalsel, riiklikul ja kohalikul tasandil on vaja kaasavaid partnerlussuhteid, mille keskmesse seatakse inimesed ja planeet. Vaja on kiireid samme&#8230;<\/p>\n","protected":false},"author":32,"featured_media":0,"parent":6040,"menu_order":20,"comment_status":"closed","ping_status":"closed","template":"template-kc-article.php","meta":{"_acf_changed":false,"footnotes":""},"categories":[41],"class_list":["post-7129","page","type-page","status-publish","hentry","category-teabekeskus"],"acf":[],"_links":{"self":[{"href":"https:\/\/www.terveilm.ee\/leht\/wp-json\/wp\/v2\/pages\/7129","targetHints":{"allow":["GET"]}}],"collection":[{"href":"https:\/\/www.terveilm.ee\/leht\/wp-json\/wp\/v2\/pages"}],"about":[{"href":"https:\/\/www.terveilm.ee\/leht\/wp-json\/wp\/v2\/types\/page"}],"author":[{"embeddable":true,"href":"https:\/\/www.terveilm.ee\/leht\/wp-json\/wp\/v2\/users\/32"}],"replies":[{"embeddable":true,"href":"https:\/\/www.terveilm.ee\/leht\/wp-json\/wp\/v2\/comments?post=7129"}],"version-history":[{"count":3,"href":"https:\/\/www.terveilm.ee\/leht\/wp-json\/wp\/v2\/pages\/7129\/revisions"}],"predecessor-version":[{"id":9247,"href":"https:\/\/www.terveilm.ee\/leht\/wp-json\/wp\/v2\/pages\/7129\/revisions\/9247"}],"up":[{"embeddable":true,"href":"https:\/\/www.terveilm.ee\/leht\/wp-json\/wp\/v2\/pages\/6040"}],"wp:attachment":[{"href":"https:\/\/www.terveilm.ee\/leht\/wp-json\/wp\/v2\/media?parent=7129"}],"wp:term":[{"taxonomy":"category","embeddable":true,"href":"https:\/\/www.terveilm.ee\/leht\/wp-json\/wp\/v2\/categories?post=7129"}],"curies":[{"name":"wp","href":"https:\/\/api.w.org\/{rel}","templated":true}]}}