{"id":8,"date":"2015-09-18T11:24:37","date_gmt":"2015-09-18T11:24:37","guid":{"rendered":"http:\/\/www.terveilm.ee\/teabekeskus\/"},"modified":"2021-04-26T17:36:06","modified_gmt":"2021-04-26T14:36:06","slug":"teabekeskuse-teemad","status":"publish","type":"page","link":"https:\/\/www.terveilm.ee\/leht\/teabekeskuse-teemad\/","title":{"rendered":"Teabekeskus"},"content":{"rendered":"<p style=\"text-align: justify;\">Teabekeskusesse oleme kokku kogunud&nbsp;artiklid, videod&nbsp;ja&nbsp;uurimused arengukoost\u00f6\u00f6 kohta. Uuri vasakust men\u00fc\u00fcst erinevaid teemasid. Meile endale on k\u00f5ige huvitavam <a href=\"http:\/\/www.terveilm.ee\/teabekeskus\/poliitikate-sidusus\/\">poliitikate sidusus<\/a>, mis ei ole k\u00fcll huvitava nimega, aga mille sisu on sellele vaatamata p\u00f5nev. N\u00e4iteks, kas teadsite, et l\u00e4\u00e4nemaailma suurkorporatsioonid hiilivad arengumaades maksude maksmisest k\u00f5rvale? Need&nbsp;riigid j\u00e4\u00e4vad t\u00e4na ilma sama suurest summast kui palju neile arenguabi antakse.<\/p>\n<p style=\"text-align: justify;\">Samuti v\u00f5ib uurida <a href=\"http:\/\/www.terveilm.ee\/teabekeskuse-teemad\/keskkond\/\">keskkonnateemade<\/a> kohta. Meie teame 20. augustit ilusa p\u00e4evana, siis t\u00e4histame Eesti taasiseseisvumist. 20. august 2013 oli aga hoopis nukram t\u00e4htp\u00e4ev &#8211; siis hakkasime tarbima rohkem Maa ressursse, kui planeedil on. Sellest p\u00e4evast peale elame keskkonna ees v\u00f5lgu, paraku maksavad seda v\u00f5lga meie lapsed, intressidega.<\/p>\n<p style=\"text-align: justify;\">Praegu on v\u00e4ga oluline teema ka <a href=\"http:\/\/www.terveilm.ee\/teabekeskuse-teemad\/migratsioon\/\">migratsioon<\/a>, oleme p\u00fc\u00fcdnud veidi lahti kirjutada selle p\u00f5hjuseid ja selgitada, mis vahe on n\u00e4iteks pagulasel, p\u00f5genikul, varjupaigataotlejal&nbsp;ja migrandil.<\/p>\n<p style=\"text-align: justify;\">\n","protected":false},"excerpt":{"rendered":"<p>Teabekeskusesse oleme kokku kogunud&nbsp;artiklid, videod&nbsp;ja&nbsp;uurimused arengukoost\u00f6\u00f6 kohta. Uuri vasakust men\u00fc\u00fcst erinevaid teemasid. Meile endale on k\u00f5ige huvitavam poliitikate sidusus, mis&#8230;<\/p>\n","protected":false},"author":32,"featured_media":0,"parent":0,"menu_order":2,"comment_status":"closed","ping_status":"closed","template":"template-kc.php","meta":{"_acf_changed":false,"footnotes":""},"categories":[],"class_list":["post-8","page","type-page","status-publish","hentry"],"acf":[],"_links":{"self":[{"href":"https:\/\/www.terveilm.ee\/leht\/wp-json\/wp\/v2\/pages\/8","targetHints":{"allow":["GET"]}}],"collection":[{"href":"https:\/\/www.terveilm.ee\/leht\/wp-json\/wp\/v2\/pages"}],"about":[{"href":"https:\/\/www.terveilm.ee\/leht\/wp-json\/wp\/v2\/types\/page"}],"author":[{"embeddable":true,"href":"https:\/\/www.terveilm.ee\/leht\/wp-json\/wp\/v2\/users\/32"}],"replies":[{"embeddable":true,"href":"https:\/\/www.terveilm.ee\/leht\/wp-json\/wp\/v2\/comments?post=8"}],"version-history":[{"count":5,"href":"https:\/\/www.terveilm.ee\/leht\/wp-json\/wp\/v2\/pages\/8\/revisions"}],"predecessor-version":[{"id":12677,"href":"https:\/\/www.terveilm.ee\/leht\/wp-json\/wp\/v2\/pages\/8\/revisions\/12677"}],"wp:attachment":[{"href":"https:\/\/www.terveilm.ee\/leht\/wp-json\/wp\/v2\/media?parent=8"}],"wp:term":[{"taxonomy":"category","embeddable":true,"href":"https:\/\/www.terveilm.ee\/leht\/wp-json\/wp\/v2\/categories?post=8"}],"curies":[{"name":"wp","href":"https:\/\/api.w.org\/{rel}","templated":true}]}}