{"id":8410,"date":"2017-11-01T01:00:20","date_gmt":"2017-10-31T23:00:20","guid":{"rendered":"http:\/\/www.terveilm.ee\/leht\/?page_id=8410"},"modified":"2018-11-13T11:18:57","modified_gmt":"2018-11-13T09:18:57","slug":"kingiideed","status":"publish","type":"page","link":"https:\/\/www.terveilm.ee\/leht\/kingiideed\/","title":{"rendered":"Ostuabi"},"content":{"rendered":"<div class=\"graybox\">\n<p><a href=\"http:\/\/www.terveilm.ee\/leht\/wp-content\/uploads\/2017\/11\/kingid.jpg\"><img loading=\"lazy\" decoding=\"async\" class=\"alignright wp-image-8505 \" src=\"http:\/\/www.terveilm.ee\/leht\/wp-content\/uploads\/2017\/11\/kingid.jpg\" alt=\"\" width=\"191\" height=\"144\" srcset=\"https:\/\/www.terveilm.ee\/leht\/wp-content\/uploads\/2017\/11\/kingid.jpg 480w, https:\/\/www.terveilm.ee\/leht\/wp-content\/uploads\/2017\/11\/kingid-300x225.jpg 300w\" sizes=\"auto, (max-width: 191px) 100vw, 191px\" \/><\/a>Kingitused on igal juhul osa meie j\u00f5ulutraditsioonist. Kinkimine on oluline ja inimestele meeldib, kui neid meeles peetakse \u2013 ilma kingitusteta j\u00f5ulud oleksid kurvad. Soovime, et j\u00f5ulud muutuksid taas inimeste p\u00fchaks ja kinki otsides uurime ennek\u00f5ike kingi saajat ja tema soove, mitte ei l\u00e4he ideid otsima supermarketist, mille reklaam \u00fctleb &#8220;Miljon toodet. Midagi ikka leiad&#8221;.<\/p>\n<p>Kui valime kallile inimesele kinki, soovime, et see v\u00e4ljendaks meie armastust kingi saaja vastu. K\u00f5ige suurema t\u00e4hendusega on loomulikult ise tehtud kingid, aga seda alati ei j\u00f5ua. Kust leida kingitusi, mis oleks tehtud t\u00f5esti s\u00fcdamega, hoides loodust ja kiites selle valmistajat?<\/p>\n<p>&nbsp;<\/p>\n<p><strong>Kui oled armas Eesti kingivalmistaja ja tahad meie algatusele \u00f5la alla panna, t\u00e4ida \u00e4ra <a href=\"https:\/\/docs.google.com\/forms\/d\/e\/1FAIpQLSc8GVUF5Iy_8x3w-00Au664c-ymByBuI9zBULsUjOa6MWcQbA\/viewform?usp=sf_link\" target=\"_blank\" rel=\"noopener\">see k\u00fcsimustik<\/a>. Keskkonnas\u00f5bralikud ja vastutustundlikud ettev\u00f5tted lisame siia lehele, et inimestel oleks lihtsam heade kingituste meistreid leida.<\/strong><\/p>\n<\/div>\n<h3>Kingid saajale ja tegijale<\/h3>\n<p>Valides saab alati vaadata, kes on toote teinud\u00a0 &#8211; vahel on v\u00f5imalus, et saad kingi nii valida, et toetada ka selle tegijat.<\/p>\n<p><a href=\"http:\/\/www.etioopia.ee\/pood\/\" target=\"_blank\" rel=\"noopener\">Damota\u00a0<\/a>kaudu saab osta riidest v\u00f5i vilditud kotte, mille kujundus on inspireeritud Aafrikast. Ka kottide m\u00fc\u00fcgist saadud tulu l\u00e4heb Etioopia lastele kooliraamatute ostmiseks, mis teeb omakorda suure kingi sealsetele lastele.\u00a0<a href=\"http:\/\/www.terveilm.ee\/leht\/teabekeskuse-teemad\/eesmark-hea-haridus-ja-elukestev-ope-koigile\/\" target=\"_blank\" rel=\"noopener\">Haridus on oluline<\/a>!<\/p>\n<p><a href=\"http:\/\/www.heahoog.ee\" target=\"_blank\" rel=\"noopener\">Hea Hoog <\/a>&#8211;\u00a0eriliste inimeste\u00a0 valmistatud k\u00e4sit\u00f6\u00f6.\u00a0M\u00e4nguasjad, keraamika, k\u00e4sit\u00f6\u00f6 (viltimisest puut\u00f6\u00f6ni).<\/p>\n<p><a href=\"https:\/\/humanrights.ee\/en\/2016\/05\/lets-build-estonia-mutual-respect\/\" target=\"_blank\" rel=\"noopener\">Inim\u00f5iguste Keskuses<\/a>t\u00a0saab Reet Ausi T-s\u00e4rgi, mis aitab edendada<a href=\"http:\/\/www.terveilm.ee\/leht\/teabekeskuse-teemad\/inimoigused\/\" target=\"_blank\" rel=\"noopener\">\u00a0inim\u00f5iguseid<\/a>.<\/p>\n<p><a href=\"https:\/\/www.facebook.com\/pg\/maarjakylapood\" target=\"_blank\" rel=\"noopener\">Maarja K\u00fcla<\/a> poes m\u00fc\u00fcakse puuetega inimeste k\u00e4sit\u00f6\u00f6d, mis on kohapeal valmistatud.<\/p>\n<p><a href=\"http:\/\/mondo.org.ee\/shop\/\" target=\"_blank\" rel=\"noopener\">Mondo<\/a>\u00a0eetiliste kinkide valik on lai \u2013 punutud korvidest ja tikanditest kuni v\u00f5imaluseni kinkida arvutikursus Keenia noortele v\u00f5i kits Ghana lesknaisele. (<a href=\"http:\/\/www.terveilm.ee\/leht\/teabekeskuse-teemad\/naised-ja-areng\/\" target=\"_blank\" rel=\"noopener\">Miks just naistele<\/a>?)<\/p>\n<p><a href=\"http:\/\/www.pimemassoorid.ee\/\" target=\"_blank\" rel=\"noopener\">Pimemass\u00f6\u00f6ride \u00dchingu<\/a> eesm\u00e4rk on pakkuda n\u00e4gemispuudega\u00a0 inimestele t\u00f6\u00f6v\u00f5imalusi.\u00a0Mass\u00f6\u00f6rid asuvad Tallinnas, Tartus, K\u00e4rdlas, Valgas, Viljandis, J\u00e4rva-Jaanis, Keilas ja Sakus.<\/p>\n<p><a href=\"http:\/\/www.ppy.ee\" target=\"_blank\" rel=\"noopener\">P\u00f5hja-Eesti Pimedate \u00dching<\/a> -igalt ostult l\u00e4heb v\u00e4ike osa ka tegevuskeskuse toetuseks, samuti toetad n\u00e4gemispuudega inimeste t\u00f6\u00f6tamise v\u00f5imalusi. Keraamika, puitesemed, postkaardid, lasteraamatud.<\/p>\n<p><a href=\"http:\/\/www.secestonia.com\" target=\"_blank\" rel=\"noopener\">Solve et Coagula<\/a>\u00a0&#8211; v\u00e4henenud t\u00f6\u00f6v\u00f5imega inimeste k\u00e4sit\u00f6\u00f6 ja puidut\u00f6\u00f6d.<\/p>\n<div class=\"graybox\">\n<h3>Eelista eestimaist!<\/h3>\n<p>Siia lisandub detsembri jooksul tootjaid ja meisterdajaid, kes teevad oma t\u00f6\u00f6d s\u00fcdamega ja kellelt saad kaua kestva ning kvaliteetse kingituse.<\/p>\n<p><a href=\"https:\/\/www.beebiriieterent.eu\/\" target=\"_blank\" rel=\"noopener\">Beebiriieterent<\/a> pakub v\u00f5imalust kinkida k\u00f5igil l\u00e4hedastel kinkekaart lastevanematele kelle lapsed on s\u00fcndinud enneaegsena v\u00f5i madala s\u00fcnnikaaluga ja vajavad enneaegsete riideid.<\/p>\n<p><a href=\"http:\/\/www.emmaleppermann.ee\" target=\"_blank\" rel=\"noopener\">Emma Leppermann<\/a>\u00a0&#8211; s\u00fcdamega loodud tekstiilitooted.<\/p>\n<p><span data-sheets-value=\"{&quot;1&quot;:2,&quot;2&quot;:&quot;Laste Maa&amp;Ilm on m\u00e4nguline kauplus Tartus, kus m\u00fc\u00fcakse ainult kodumaiste v\u00e4iketootjate loomingut, mis on valmistatud Eesti emmedelt ja issidelt meie lastele.&quot;}\" data-sheets-userformat=\"{&quot;2&quot;:513,&quot;3&quot;:[null,0],&quot;12&quot;:0}\"><a href=\"https:\/\/www.facebook.com\/LasteMaajaIlm\/\" target=\"_blank\" rel=\"noopener\">Laste Maa&amp;Ilm <\/a>on m\u00e4nguline kauplus Tartus, kus m\u00fc\u00fcakse ainult kodumaiste v\u00e4iketootjate loomingut, mis on valmistatud Eesti emmedelt ja issidelt meie lastele.<\/span><\/p>\n<p><a href=\"http:\/\/www.lindaalassi.com\" target=\"_blank\" rel=\"noopener\">Linda al-Assi<\/a> vanasid kullassepa tehnoloogiaid kasutades k\u00e4sitsi valmistatud kaasaegsed ehted sobivad kandjaile igas vanuses!<\/p>\n<p><a href=\"https:\/\/www.nukufilmilastestuudio.ee\/\" target=\"_blank\" rel=\"noopener\">Nukufilmi Lastestuudio<\/a>\u00a0&#8211;\u00a0animatsiooni koolitused lastele, noortele ja t\u00e4iskasvanutele, nt koolivaheaegadel toimuvad animatsioonil\u00fchikursused erinevatel teemadel v\u00f5i Animapesa t\u00f6\u00f6tuba, kuhu saab tulla terve perega koos animfilmi klippi meisterdama.<\/p>\n<p><a href=\"http:\/\/www.sinamina.ee\" target=\"_blank\" rel=\"noopener\">Perekeskus Sina ja Mina<\/a> &#8211;\u00a0suhtlemistreening Gordoni perekool on kink lapsevanematele, kes v\u00e4\u00e4rtustavad h\u00e4id peresuhteid ja soovivad olla tealikud, kuidas lapse arengut toetada, et temast kasvaks r\u00f5\u00f5mus, enesekindel ja endaga toimetulev t\u00e4iskasvanu.<\/p>\n<p><a href=\"http:\/\/www.skineks.ee\" target=\"_blank\" rel=\"noopener\">Skineks<\/a> &#8211; naturaalne ja eestimaine lambanahk otse tootjalt.<\/p>\n<p><a href=\"http:\/\/www.tartuensis.com\/\" target=\"_blank\" rel=\"noopener\">Studio Tartuensis<\/a> on Tartus Tr\u00fckimuuseumi s\u00fcdames asuv k\u00e4sit\u00f6\u00f6koda, kus \u00e4ravisatud raamatutest ja isegi v\u00e4rvikaltsudest saavad uued vinged m\u00e4rkmikud, k\u00fclalisteraamatud ja muud vahvad tooted, et toetada muuseumi tegevust.<\/p>\n<p><a href=\"http:\/\/www.restaureerimiskeskus.ee\/\" target=\"_blank\" rel=\"noopener\">S\u00e4\u00e4stva Renoveerimise\u00a0Keskus<\/a> &#8211; Tartus avatud t\u00f6\u00f6kojas saab iga\u00fcks ise talle olulise puidust eseme meie meistri juhendamisel korda teha<\/p>\n<p><a href=\"http:\/\/www.sosar.eu\" target=\"_blank\" rel=\"noopener\">S\u00f5sar<\/a> &#8211;\u00a0<span data-sheets-value=\"{&quot;1&quot;:2,&quot;2&quot;:&quot;Looduskosmeetika, mille valmistamisel kasutatakse kohalikku toorainet, et toodete toime oleks parim nii meie kehale kui loodusele.&quot;}\" data-sheets-userformat=\"{&quot;2&quot;:513,&quot;3&quot;:[null,0],&quot;12&quot;:0}\">looduskosmeetika, mille valmistamisel kasutatakse kohalikku toorainet, et toodete toime oleks parim nii meie kehale kui loodusele.<\/span><\/p>\n<p><a href=\"http:\/\/www.taaskasutuskoda.ee\/\" target=\"_blank\" rel=\"noopener\">Taaskasutuskoda<\/a> tegeleb \u00fcleliigsete, kuid kasutusk\u00f5lblike esemete kokkukogumise, korrastamise ja uuesti kasutusse andmisega m\u00fc\u00fcgi v\u00f5i tasuta loovutamise teel taaskasutuskeskuse p\u00f5him\u00f5ttel. Ise tehtud k\u00e4sit\u00f6\u00f6kaardid, lisaks taaskasutuspood.<\/p>\n<p><a href=\"http:\/\/www.verioratsunft.ee\" target=\"_blank\" rel=\"noopener\">Veriora Tsunft\u00a0<\/a>on k\u00e4sit\u00f6\u00f6\u00fchingust sotsiaalseks ettev\u00f5tteks kasvanud\u00a0organisatsioon, kes v\u00e4\u00e4rtustab kohalikku, olgu selleks taaskasutusmaterjal, tooraine, kohalik t\u00f6\u00f6j\u00f5ud v\u00f5i koost\u00f6\u00f6partner.\u00a0K\u00e4sit\u00f6\u00f6 ja muu, peamiselt keskkonnas\u00f5bralikus pakendis.<\/p>\n<p><a href=\"http:\/\/www.villapai.ee\" target=\"_blank\" rel=\"noopener\">Villapai <\/a>&#8211;\u00a0Keskkonna &#8211; ja kogukonnas\u00f5bralikud tooted lastele ning suurtele.<\/p>\n<p><a href=\"http:\/\/www.woolish.ee\" target=\"_blank\" rel=\"noopener\">Woolish Knitting<\/a> &#8211; Viljandis toodetud ja disainitud kudumid. Kudumikollektsioonid on toodetud looduslikest ja keskkonnas\u00e4\u00e4stlikest materjalidest ning toodetes on kasutatud ainult 100% villa.<\/p>\n<p>&nbsp;<\/p>\n<p><a href=\"http:\/\/www.terveilm.ee\/leht\/wp-content\/uploads\/2017\/11\/Eesti-kingidf.jpg\"><img loading=\"lazy\" decoding=\"async\" class=\"alignnone wp-image-8497\" src=\"http:\/\/www.terveilm.ee\/leht\/wp-content\/uploads\/2017\/11\/Eesti-kingidf.jpg\" alt=\"\" width=\"375\" height=\"532\" \/><\/a><\/p>\n<\/div>\n","protected":false},"excerpt":{"rendered":"<p>Kingitused on igal juhul osa meie j\u00f5ulutraditsioonist. Kinkimine on oluline ja inimestele meeldib, kui neid meeles peetakse \u2013 ilma kingitusteta&#8230;<\/p>\n","protected":false},"author":17,"featured_media":10112,"parent":0,"menu_order":2,"comment_status":"closed","ping_status":"closed","template":"template-camp.php","meta":{"_acf_changed":false,"footnotes":""},"categories":[],"class_list":["post-8410","page","type-page","status-publish","has-post-thumbnail","hentry"],"acf":[],"_links":{"self":[{"href":"https:\/\/www.terveilm.ee\/leht\/wp-json\/wp\/v2\/pages\/8410","targetHints":{"allow":["GET"]}}],"collection":[{"href":"https:\/\/www.terveilm.ee\/leht\/wp-json\/wp\/v2\/pages"}],"about":[{"href":"https:\/\/www.terveilm.ee\/leht\/wp-json\/wp\/v2\/types\/page"}],"author":[{"embeddable":true,"href":"https:\/\/www.terveilm.ee\/leht\/wp-json\/wp\/v2\/users\/17"}],"replies":[{"embeddable":true,"href":"https:\/\/www.terveilm.ee\/leht\/wp-json\/wp\/v2\/comments?post=8410"}],"version-history":[{"count":5,"href":"https:\/\/www.terveilm.ee\/leht\/wp-json\/wp\/v2\/pages\/8410\/revisions"}],"predecessor-version":[{"id":9256,"href":"https:\/\/www.terveilm.ee\/leht\/wp-json\/wp\/v2\/pages\/8410\/revisions\/9256"}],"wp:featuredmedia":[{"embeddable":true,"href":"https:\/\/www.terveilm.ee\/leht\/wp-json\/wp\/v2\/media\/10112"}],"wp:attachment":[{"href":"https:\/\/www.terveilm.ee\/leht\/wp-json\/wp\/v2\/media?parent=8410"}],"wp:term":[{"taxonomy":"category","embeddable":true,"href":"https:\/\/www.terveilm.ee\/leht\/wp-json\/wp\/v2\/categories?post=8410"}],"curies":[{"name":"wp","href":"https:\/\/api.w.org\/{rel}","templated":true}]}}