{"id":8411,"date":"2017-11-01T01:00:25","date_gmt":"2017-10-31T23:00:25","guid":{"rendered":"http:\/\/www.terveilm.ee\/leht\/?page_id=8411"},"modified":"2018-11-13T11:19:27","modified_gmt":"2018-11-13T09:19:27","slug":"annetuskingid","status":"publish","type":"page","link":"https:\/\/www.terveilm.ee\/leht\/annetuskingid\/","title":{"rendered":"Annetuskingid"},"content":{"rendered":"<h3><strong>Mida kinkida inimesele, kellel on k\u00f5ik olemas?<\/strong><\/h3>\n<p>Kui inimesel midagi vaja ei ole, saab tema nimel teha kingi inimesele v\u00f5i loodusele, kes seda v\u00e4ga vajab. Nii saab \u00fchest kingist topeltr\u00f5\u00f5mu!<\/p>\n<ul>\n<li><a href=\"http:\/\/elfond.ee\/toeta\/kingid\" target=\"_blank\" rel=\"noopener\">Eestimaa Looduse Fond<\/a> &#8211; \u00fcks kink v\u00f5ib olla kingitus kahele: kui kingid pereliikmele, s\u00f5brale v\u00f5i kolleegile \u00fche ELFi lehel olevatest kingitustest, teed \u00fchtlasi kingituse m\u00f5nele loomaliigile ja Eesti elurikkusele.<\/li>\n<\/ul>\n<ul>\n<li><a href=\"http:\/\/www.etioopia.ee\/majanduslikult-vahekindlustatud-laste-toetamine\/\" target=\"_blank\" rel=\"noopener\">MT\u00dc Damota\u00a0<\/a>kogub annetusi Etioopia lastekoolitee toetamiseks.\u00a0\u00a0<a href=\"http:\/\/www.terveilm.ee\/leht\/teabekeskuse-teemad\/eesmark-hea-haridus-ja-elukestev-ope-koigile\/\" target=\"_blank\" rel=\"noopener\">Haridus on oluline<\/a>!<\/li>\n<\/ul>\n<ul>\n<li><a href=\"http:\/\/www.pagulasabi.ee\/toeta-meid\" target=\"_blank\" rel=\"noopener\">Eesti Pagulasabi<\/a> kaudu saad toetada t\u00f6\u00f6d Eestisse j\u00f5udnud pagulastega v\u00f5i humanitaarabi andmist kaugemal.<\/li>\n<\/ul>\n<ul>\n<li><a href=\"http:\/\/mondo.org.ee\/shop\/\" target=\"_blank\" rel=\"noopener\">MT\u00dc Mondo<\/a>\u00a0kaudu saab kinkida arvutikursuse Keenia noortele v\u00f5i kitse Ghana lesknaisele. (<a href=\"http:\/\/www.terveilm.ee\/leht\/teabekeskuse-teemad\/naised-ja-areng\/\" target=\"_blank\" rel=\"noopener\">Miks just naistele<\/a>?)<\/li>\n<\/ul>\n<ul>\n<li><a href=\"https:\/\/humanrights.ee\/en\/act-now\/donate\/\" target=\"_blank\" rel=\"noopener\">Inim\u00f5iguste Keskuse<\/a> tegevust saab toetada terve aasta jooksul, kuid inim\u00f5igused on olulised ka j\u00f5ulude ajal.<\/li>\n<\/ul>\n<ul>\n<li><a href=\"http:\/\/feministeerium.ee\/anneta\/\" target=\"_blank\" rel=\"noopener\">Feministeerium<\/a> kogub annetusi, et arendada kohalikku feministlikku m\u00f5tet.\u00a0Kui \u00fchiskond on v\u00f5rdsem, on k\u00f5igil parem.<\/li>\n<\/ul>\n<p>See nimekiri on tegelikult l\u00f5putu ja otsides leiate palju organisatsioone ja viise, kuidas endale s\u00fcdamel\u00e4hedasel teemal head teha.<\/p>\n","protected":false},"excerpt":{"rendered":"<p>Mida kinkida inimesele, kellel on k\u00f5ik olemas? Kui inimesel midagi vaja ei ole, saab tema nimel teha kingi inimesele v\u00f5i&#8230;<\/p>\n","protected":false},"author":17,"featured_media":10112,"parent":0,"menu_order":3,"comment_status":"closed","ping_status":"closed","template":"template-camp.php","meta":{"_acf_changed":false,"footnotes":""},"categories":[],"class_list":["post-8411","page","type-page","status-publish","has-post-thumbnail","hentry"],"acf":[],"_links":{"self":[{"href":"https:\/\/www.terveilm.ee\/leht\/wp-json\/wp\/v2\/pages\/8411","targetHints":{"allow":["GET"]}}],"collection":[{"href":"https:\/\/www.terveilm.ee\/leht\/wp-json\/wp\/v2\/pages"}],"about":[{"href":"https:\/\/www.terveilm.ee\/leht\/wp-json\/wp\/v2\/types\/page"}],"author":[{"embeddable":true,"href":"https:\/\/www.terveilm.ee\/leht\/wp-json\/wp\/v2\/users\/17"}],"replies":[{"embeddable":true,"href":"https:\/\/www.terveilm.ee\/leht\/wp-json\/wp\/v2\/comments?post=8411"}],"version-history":[{"count":5,"href":"https:\/\/www.terveilm.ee\/leht\/wp-json\/wp\/v2\/pages\/8411\/revisions"}],"predecessor-version":[{"id":9258,"href":"https:\/\/www.terveilm.ee\/leht\/wp-json\/wp\/v2\/pages\/8411\/revisions\/9258"}],"wp:featuredmedia":[{"embeddable":true,"href":"https:\/\/www.terveilm.ee\/leht\/wp-json\/wp\/v2\/media\/10112"}],"wp:attachment":[{"href":"https:\/\/www.terveilm.ee\/leht\/wp-json\/wp\/v2\/media?parent=8411"}],"wp:term":[{"taxonomy":"category","embeddable":true,"href":"https:\/\/www.terveilm.ee\/leht\/wp-json\/wp\/v2\/categories?post=8411"}],"curies":[{"name":"wp","href":"https:\/\/api.w.org\/{rel}","templated":true}]}}