{"id":8412,"date":"2017-11-01T01:00:26","date_gmt":"2017-10-31T23:00:26","guid":{"rendered":"http:\/\/www.terveilm.ee\/leht\/?page_id=8412"},"modified":"2018-11-13T11:17:58","modified_gmt":"2018-11-13T09:17:58","slug":"toit","status":"publish","type":"page","link":"https:\/\/www.terveilm.ee\/leht\/toit\/","title":{"rendered":"J\u00f5ulutoit"},"content":{"rendered":"<p>J\u00f5ulude ajal kipume toitu liiga palju ostma ja \u00fcle s\u00f6\u00f6ma. Koondasime siia m\u00f5ned nipid, aga selge on see, et tegu on pigem juhtn\u00f6\u00f6ride kui rangete reeglitega ja kuldse kesktee leiab iga pere ise.<\/p>\n<p><strong>Enne poodi minekut<\/strong><\/p>\n<ol>\n<li>Ole toidukoguseid planeerides realistlik ja tee ostunimekiri retseptide alusel. Kui eelmise j\u00f5ulu ajal j\u00e4i enamik toitu \u00fcle, v\u00f5id sel korral julgelt koguseid v\u00e4hendada.<\/li>\n<\/ol>\n<p><strong>Poes<\/strong><\/p>\n<ol>\n<li><b>Eelista hooajalist ja kodumaist toitu.\u00a0<\/b>V\u00f5imalusel on m\u00f5istlik valida puu- v\u00f5i juurvilju, mille valmistamiseks ja meieni toimetamiseks on kulutatud k\u00f5ige v\u00e4hem energiat \u2013 tasub eelistada hooajalist kaupa. Ka troopiliste puuviljade kasvatamiseks on v\u00e4hem energiat kulutatud, kui nad on hooajal kasvanud. Kodumaised viljad on aga eriti suur looduss\u00e4\u00e4st.<\/li>\n<li><b>Osta v\u00e4hem, aga paremat liha.\u00a0<\/b>\u00dcRO v\u00e4rske raporti hinnangul on liha tootmine keskkonnale sama kahjulik kui fossiilk\u00fctused. Harva ja kvaliteetset kodumaist liha s\u00fc\u00fces aitame kaasa metsade s\u00e4\u00e4stmisele ja toiduhindade langemisele maailmaturul.<\/li>\n<li><strong>Vaata toidu p\u00e4ritolu.<\/strong> J\u00f5ulude ajal m\u00f5eldakse tavap\u00e4rasest rohkem kaaslaste heaolule. Toitu ostes paneme t\u00e4hele, kes on meie toidulaual oleva toidu kasvatanud. H\u00e4sti planeeritud pidus\u00f6\u00f6k s\u00e4\u00e4stab keskkonda ja austab toidu kasvatanud talunikke.<\/li>\n<li><strong>S\u00e4ilivust\u00e4htaeg<\/strong>. Toitu ostes vaata \u201cparim enne\u201d kuup\u00e4eva, et saaksid j\u00e4rele j\u00e4\u00e4nud toitu kasutada ka peale j\u00f5ululaup\u00e4eva.<\/li>\n<li><strong>Pakendid.<\/strong> Valides v\u00e4hem pakendatud toidukaubad ja v\u00e4ltides kilekottide kasutamist, aitame kaasa puhtamale loodusele \u00fcle kogu maailma.\u00a0Suurep\u00e4raseid n\u00e4pun\u00e4iteid kilekottide eest pagemiseks annab\u00a0<a href=\"http:\/\/www.killerkott.org\/kasulikke-nippe\/\">Killerkott<\/a>.<\/li>\n<\/ol>\n<p><strong>Koju j\u00f5udes<\/strong><\/p>\n<ul>\n<li>Ostudega koju tulles t\u00f5sta k\u00fclmkapis vanemad toiduained ettepoole. Nii v\u00e4hendad riski, et samal ajal on avatud mitu sama toote pakki, millest osad juba hallitavad.<\/li>\n<li>Vaata, kas p\u00fchade ettevalmistustega seotud t\u00f6\u00f6d (nagu poes k\u00e4imine, kraamimine, toiduvalmistamine, k\u00f6\u00f6gi koristamine jne) jagunevad pereliikmete vahel enam-v\u00e4hem v\u00f5rdselt. Et k\u00f5igil oleksid m\u00f5nusad p\u00fchad.<\/li>\n<\/ul>\n<p><strong>Lauas<\/strong><\/p>\n<ol>\n<li>\u00c4ra kuhja taldrikutele v\u00f5imalikult palju toitu, k\u00fclalised saavad ise soovi korral juurde t\u00f5sta.<\/li>\n<li>Joo kraanivett. Pudelivee tootmine on kraaniveest 2000 korda energiamahukam. Lisaks toodab see v\u00e4ga aeglaselt lagunevaid j\u00e4\u00e4tmeid plastikpudelite n\u00e4ol. M\u00f5istlik on juua v\u00e4rsket ja m\u00f5nusat kraanivett. Miks mitte hankida ka taaskasutatav ja kaasaskantav pudel.<\/li>\n<\/ol>\n<p><strong>J\u00e4\u00e4gid<\/strong><\/p>\n<ol>\n<li>Kasuta j\u00e4\u00e4ke nutikalt \u2013 liha\u00fclej\u00e4\u00e4kidest, veidi n\u00e4ssakatest juurviljadest ja veinil\u00f5pust saab imehea puljongi v\u00f5i kastmep\u00f5hja. Puuviljadest saab teha tervisliku kokteili v\u00f5i magustoidu.<\/li>\n<li>S\u00fcgavk\u00fclmuta \u2013 kui toitu j\u00e4i palju \u00fcle, siis pane osa sellest v\u00e4ikeste portsonitena s\u00fcgavk\u00fclma. Neid on hiljem mugav kasutada, kui on vaja ruttu toekat l\u00f5unat.<\/li>\n<li>Kontrolli oma k\u00fclmkapi tervist \u2013 toit s\u00e4ilib k\u00f5ige paremini 1 ja 5 kraadi vahel.<\/li>\n<li>Vii toidu valmistamisel tekkinud j\u00e4\u00e4gid komposti v\u00f5i bioj\u00e4\u00e4tmete konteinerisse. Kui Sul on aed, tee endale kompostihunnik ja vii sinna j\u00e4\u00e4tmeid ka talvel. Nii v\u00e4hendad pr\u00fcgi kogust ja saad j\u00e4rgmisel aastal hea mulla.<\/li>\n<\/ol>\n","protected":false},"excerpt":{"rendered":"<p>J\u00f5ulude ajal kipume toitu liiga palju ostma ja \u00fcle s\u00f6\u00f6ma. Koondasime siia m\u00f5ned nipid, aga selge on see, et tegu&#8230;<\/p>\n","protected":false},"author":17,"featured_media":10112,"parent":0,"menu_order":4,"comment_status":"closed","ping_status":"closed","template":"template-camp.php","meta":{"_acf_changed":false,"footnotes":""},"categories":[],"class_list":["post-8412","page","type-page","status-publish","has-post-thumbnail","hentry"],"acf":[],"_links":{"self":[{"href":"https:\/\/www.terveilm.ee\/leht\/wp-json\/wp\/v2\/pages\/8412","targetHints":{"allow":["GET"]}}],"collection":[{"href":"https:\/\/www.terveilm.ee\/leht\/wp-json\/wp\/v2\/pages"}],"about":[{"href":"https:\/\/www.terveilm.ee\/leht\/wp-json\/wp\/v2\/types\/page"}],"author":[{"embeddable":true,"href":"https:\/\/www.terveilm.ee\/leht\/wp-json\/wp\/v2\/users\/17"}],"replies":[{"embeddable":true,"href":"https:\/\/www.terveilm.ee\/leht\/wp-json\/wp\/v2\/comments?post=8412"}],"version-history":[{"count":5,"href":"https:\/\/www.terveilm.ee\/leht\/wp-json\/wp\/v2\/pages\/8412\/revisions"}],"predecessor-version":[{"id":8547,"href":"https:\/\/www.terveilm.ee\/leht\/wp-json\/wp\/v2\/pages\/8412\/revisions\/8547"}],"wp:featuredmedia":[{"embeddable":true,"href":"https:\/\/www.terveilm.ee\/leht\/wp-json\/wp\/v2\/media\/10112"}],"wp:attachment":[{"href":"https:\/\/www.terveilm.ee\/leht\/wp-json\/wp\/v2\/media?parent=8412"}],"wp:term":[{"taxonomy":"category","embeddable":true,"href":"https:\/\/www.terveilm.ee\/leht\/wp-json\/wp\/v2\/categories?post=8412"}],"curies":[{"name":"wp","href":"https:\/\/api.w.org\/{rel}","templated":true}]}}