{"id":8413,"date":"2019-12-16T09:00:27","date_gmt":"2019-12-16T07:00:27","guid":{"rendered":"http:\/\/www.terveilm.ee\/leht\/?page_id=8413"},"modified":"2019-12-16T10:59:04","modified_gmt":"2019-12-16T08:59:04","slug":"kingitargalt","status":"publish","type":"page","link":"https:\/\/www.terveilm.ee\/leht\/kingitargalt\/","title":{"rendered":"Kingi targalt!"},"content":{"rendered":"<p><strong>21. sajand on maailma parim aeg elamiseks &#8211; mitte kunagi pole nii paljudel inimestel olnud nii hea. Heaolu tekitab aga uusi probleeme. Kui kliima soojenemine j\u00e4tkub, t\u00e4hendab see meie laiuskraadil, et suved l\u00e4hevad veel k\u00fclmemaks ja lumised talved kaovad \u00fcldse. Liigtarbimise t\u00f5ttu on ookeanides saarte suurused pr\u00fcgihunnikud ja loodust h\u00e4vitatatakse j\u00e4rjest kiiremini.<\/strong><\/p>\n<p>\u00dcksi ei suuda keegi nii suuri probleeme lahendada, kuid tarbijaid on miljoneid ja koos on meie m\u00f5ju suur. Vaid m\u00f5ni v\u00e4ike, kuid oluline samm aitab parema maailma loomisele kaasa. Targalt kinkimine on sellest \u00fcks osa ja n\u00e4itab hoolimist palju suuremal skaalal, kui arvata v\u00f5iks. Kuidas see t\u00e4pselt toimib ja miks on maailmast hoolimine nii oluline?<\/p>\n<p><strong>Meie k\u00e4itumine m\u00f5jutab kogu maailma<\/strong><\/p>\n<p>Meie igap\u00e4evased tarbimisotsused, ka populaarsed j\u00f5ulukingid, on otseselt seotud maailma k\u00f5ige vaesemate inimestega. Suur osa meie riietest toodetakse Bangladeshis, T\u00fcrgis, Usbekistanis ja Indias. Kohv valmib Mehhikos v\u00f5i Etioopias, nutitelefonide parimad osad on p\u00e4rit muuhulgas Kongo kaevandustest. Neist alles j\u00e4\u00e4v pr\u00fcgi v\u00f5ib viimaks j\u00f5uda hoopis Nigeeriasse. \u00a0\u00dche teksapaari valmimiseks kulub keskmiselt 3400 liitrit vett, \u00fche plastpudelis vee tegemiseks l\u00e4heb aga 26 liitrit. T\u00fchi pudel laguneb 1000 aastat.<\/p>\n<p>Loomulikult panustavad ka valitsused ja MT\u00dcd olukorra muutmisse. Tegelike muutuste jaoks peaksid oma k\u00e4itumist muutma k\u00f5ik inimesed, nagu mina ja sina. Kui joome pudelivee asemel kraanivett, ei peaks pudelipr\u00fcgile m\u00f5tlema ja ka valitsustel kuluks v\u00e4hem raha pr\u00fcgiprobleemide lahendamiseks. Isegi nii v\u00e4ike riik kui Eesti m\u00f5jutab maailma tarbimist m\u00e4rgatavalt. Kilekottide kasutamises oleme maailmas paraku esirinnas.<\/p>\n<p><b>K\u00f5ik inimesed v\u00e4\u00e4rivad head elu.<\/b><\/p>\n<p>Me k\u00f5ik oleme inimesed, kes v\u00e4\u00e4rivad head elu ja selle kaitsmist. Me oleme k\u00f5ik seotud ja meie k\u00e4itumine m\u00f5jutab otseselt inimeste elu ka teiselpool maakera. Meie otsustame, millisele firmale enda raha anname \u2013 kas sellele, kes inimesi ja loodust austab v\u00f5i mitte.<\/p>\n<p>Globaalprobleemidel ei ole piire. Kuigi paljud probleemid (nagu kliima soojenemine v\u00f5i n\u00e4ljah\u00e4da) m\u00f5jutavad arenguriike rohkem, j\u00f5uavad mured varem v\u00f5i hiljem ka meie \u00f5uele. Humanitaarprobleemidest v\u00f5ivad v\u00e4lja kasvada konfliktid, mis on omakorda ohuks rahvusvahelisele julgeolekule. Kliima soojenemine ja keskkonnaprobleemid toimivad ahelana, mille otsad ulatuvad ka meie toidulaua ja metsadeni. Neid probleeme ennetada on kindlasti tunduvalt odavam kui tegeleda tagaj\u00e4rgedega v\u00f5i j\u00e4tta need mured hoopis j\u00e4reltulevate p\u00f5lvede kaela.<\/p>\n<p><b>Ka v\u00e4ikestel sammudel on suur m\u00f5ju.<\/b><\/p>\n<p>Globaalprobleemidest r\u00e4\u00e4kimine ei t\u00e4henda, et neid ei saaks lahendada. \u00dchise heaolu parandamiseks saame k\u00f5ik teha v\u00e4ikseid, aga j\u00f5ukohaseid samme. Nii oleme viimase 15 aasta jooksul suutnud maailmas lapst\u00f6\u00f6j\u00f5udu v\u00e4hendada 78 miljoni lapse v\u00f5rra. 25 viimase aasta jooksul on 2,6 miljardit inimest saanud ligip\u00e4\u00e4su puhtale veele ja \u00e4\u00e4rmuslikust vaesusest on v\u00e4lja tulnud 700 miljonit inimest.<\/p>\n<p>Suuremate probleemide lahendamiseks annavad paljud riigid arenguabi ja teevad arengukoost\u00f6\u00f6d. Maailma suurim arenguabi andja on Euroopa Liit, samuti on meie v\u00e4ikse Eesti panus v\u00e4ga oluline. Kunagi olime me ise arenguabi saajad. Aastate jooksul on Eesti saanud 32 korda rohkem abi kui oleme andnud. N\u00fc\u00fcd oleme ise j\u00f5udnud abi andjate hulka ning aitame n\u00f5u ja j\u00f5uga n\u00f5rgemaid, nii nagu kunagi meid toetati.<\/p>\n","protected":false},"excerpt":{"rendered":"<p>21. sajand on maailma parim aeg elamiseks &#8211; mitte kunagi pole nii paljudel inimestel olnud nii hea. Heaolu tekitab aga&#8230;<\/p>\n","protected":false},"author":17,"featured_media":10112,"parent":0,"menu_order":5,"comment_status":"closed","ping_status":"closed","template":"template-camp.php","meta":{"_acf_changed":false,"footnotes":""},"categories":[41],"class_list":["post-8413","page","type-page","status-publish","has-post-thumbnail","hentry","category-teabekeskus"],"acf":[],"_links":{"self":[{"href":"https:\/\/www.terveilm.ee\/leht\/wp-json\/wp\/v2\/pages\/8413","targetHints":{"allow":["GET"]}}],"collection":[{"href":"https:\/\/www.terveilm.ee\/leht\/wp-json\/wp\/v2\/pages"}],"about":[{"href":"https:\/\/www.terveilm.ee\/leht\/wp-json\/wp\/v2\/types\/page"}],"author":[{"embeddable":true,"href":"https:\/\/www.terveilm.ee\/leht\/wp-json\/wp\/v2\/users\/17"}],"replies":[{"embeddable":true,"href":"https:\/\/www.terveilm.ee\/leht\/wp-json\/wp\/v2\/comments?post=8413"}],"version-history":[{"count":5,"href":"https:\/\/www.terveilm.ee\/leht\/wp-json\/wp\/v2\/pages\/8413\/revisions"}],"predecessor-version":[{"id":11281,"href":"https:\/\/www.terveilm.ee\/leht\/wp-json\/wp\/v2\/pages\/8413\/revisions\/11281"}],"wp:featuredmedia":[{"embeddable":true,"href":"https:\/\/www.terveilm.ee\/leht\/wp-json\/wp\/v2\/media\/10112"}],"wp:attachment":[{"href":"https:\/\/www.terveilm.ee\/leht\/wp-json\/wp\/v2\/media?parent=8413"}],"wp:term":[{"taxonomy":"category","embeddable":true,"href":"https:\/\/www.terveilm.ee\/leht\/wp-json\/wp\/v2\/categories?post=8413"}],"curies":[{"name":"wp","href":"https:\/\/api.w.org\/{rel}","templated":true}]}}