{"id":8548,"date":"2017-12-01T10:53:04","date_gmt":"2017-12-01T08:53:04","guid":{"rendered":"http:\/\/www.terveilm.ee\/leht\/?page_id=8548"},"modified":"2018-12-06T12:24:16","modified_gmt":"2018-12-06T10:24:16","slug":"pakapikud","status":"publish","type":"page","link":"https:\/\/www.terveilm.ee\/leht\/pakapikud\/","title":{"rendered":"P\u00e4kapikud"},"content":{"rendered":"<p><strong><a href=\"http:\/\/www.terveilm.ee\/leht\/wp-content\/uploads\/2017\/12\/P2kapikud-Mini-Lota2.jpg\"><img loading=\"lazy\" decoding=\"async\" class=\" wp-image-8554 alignright\" src=\"http:\/\/www.terveilm.ee\/leht\/wp-content\/uploads\/2017\/12\/P2kapikud-Mini-Lota2.jpg\" alt=\"\" width=\"213\" height=\"319\" srcset=\"https:\/\/www.terveilm.ee\/leht\/wp-content\/uploads\/2017\/12\/P2kapikud-Mini-Lota2.jpg 640w, https:\/\/www.terveilm.ee\/leht\/wp-content\/uploads\/2017\/12\/P2kapikud-Mini-Lota2-200x300.jpg 200w\" sizes=\"auto, (max-width: 213px) 100vw, 213px\" \/><\/a>P\u00e4kapikud k\u00e4ivad terve detsembrikuu, nad toovad p\u00f5nevust, salap\u00e4ra ja j\u00f5uluootust. Mida v\u00f5iks p\u00e4kapikk aga lisaks kommile sussi sisse panna? Maiustused on k\u00fcll toredad, samas ei tahaks lapse iga hommikut ju suhkrulaksuga alustada. Kogume siia m\u00f5tteid, milliseid looduss\u00f5bralikke \u00fcllatusi p\u00e4kapikud veel tuua v\u00f5iks.\u00a0<\/strong><\/p>\n<p>Elu l\u00e4heb palju lihtsamaks, kui meenutada, mis on p\u00e4kapiku \u00fclesanne &#8211; see on j\u00f5uluootus, salap\u00e4ra ja \u00fcllatus! P\u00e4kapiku eesm\u00e4rk ei ole tuua palju kalleid m\u00e4nguasju, pigem pisikesi meenutusi sellest, et maagiline aeg on tulemas.<\/p>\n<ul>\n<li>Kuivatatud puuviljad &#8211; magus, aga tervislik.<\/li>\n<\/ul>\n<ul>\n<li>Kaunid klaashelmed, erilised kivid v\u00f5i kui kuskilt m\u00f5istliku hinnga leiate, siis ka poolv\u00e4\u00e4riskivid &#8211; nagu kalliskivid!<\/li>\n<\/ul>\n<ul>\n<li>Midagi loodusest &#8211; erilise kujuga kivike v\u00f5i k\u00e4bi paneb lapse fantaasia t\u00f6\u00f6le, kust p\u00e4kapikk selle leidis?<\/li>\n<\/ul>\n<ul>\n<li>Vanemale lapsele kirjake &#8211; vanemad soovitavad, et v\u00f5iks olla pigem \u00fcldine, et lapse ja p\u00e4kapiku vahele ei tekiks liiga konkreetset sidet, mis p\u00e4rast v\u00f5ib seda suurema pettumuse p\u00f5hjustada, kui selgub, et p\u00e4kapikku ei ole.<\/li>\n<\/ul>\n<ul>\n<li>Tore tegevus, mida laps saab samal p\u00e4eval koos vanemaga teha. See v\u00f5ib olla \u00fcksk\u00f5ik, mis lapse silma s\u00e4rama paneb &#8211; jalutusk\u00e4ik, kus ta saab ise koera rihma hoida, matk, vannisk\u00e4ik v\u00f5i piparkookide tegemine. Aga p\u00e4kapiku lubadustest tuleb kinni pidada ja tegevus samal p\u00e4eval \u00e4ra teha \ud83d\ude09<\/li>\n<\/ul>\n<ul>\n<li>Midagi praktilist &#8211; kui lapsel on vaja uut hambaharja, siis v\u00f5ib selle ka p\u00e4kapikk tuua.<\/li>\n<\/ul>\n<ul>\n<li>Joonistus- ja kunstitarbed (miks mitte j\u00f5ulukaartide valmistamiseks?).<\/li>\n<\/ul>\n<ul>\n<li>J\u00f5uluehted v\u00f5i materjal nende valmistamiseks.<\/li>\n<\/ul>\n<ul>\n<li>Patsikummid, juuksel\u00f5ksud (osad l\u00f5ksud sobivad ka poistele).<\/li>\n<\/ul>\n<ul>\n<li>Pusled, templid, legokomplektid &#8211;\u00a0osade kaupa, nii et laps saab iga p\u00e4ev m\u00f5ne t\u00fcki.<\/li>\n<\/ul>\n<p>Kindlasti on ka teie peres h\u00e4id m\u00f5tteid ja ideid. Palun jagage neid <a href=\"https:\/\/www.facebook.com\/terveilm\/photos\/gm.305039136779261\/10156572443750272\/?type=3&amp;theater\">selle postituse<\/a> all, lisame nad hea meelega siia nimekirja \ud83d\ude42<\/p>\n<h3>P\u00e4kapikkude lugu<\/h3>\n<p>Osadel vanematel tekib p\u00e4kapikkude teema juures ka dilemma. Tahaks rikastada enda lapse j\u00f5uluaega p\u00e4kapikkude toodud salap\u00e4raga, kuid samas on tunne, et nende laps v\u00f5ib tulevikus liialt pettuda, kui selgub, et p\u00e4kapiku asemel panid hoopis vanemad \u00fcllatusi sussi sisse.<\/p>\n<p>N\u00e4iteks saab lastele r\u00e4\u00e4kida<a href=\"http:\/\/banaanisaar.ee\/tode-jouluvanast-toob-sudamlikud-puhad\/\" target=\"_blank\" rel=\"noopener\"> imetoredat lugu <\/a>p\u00e4ris ehedast j\u00f5uluvanast P\u00fcha Nikolausist, mis seob kokku ajaloo ning p\u00e4kapikkude muinasjutu.\u00a0\u00dcks ema leidis aga v\u00e4ga s\u00fcdamliku ja ka t\u00f5ese viisi, kuidas r\u00e4\u00e4kida lastele, et\u00a0<a href=\"https:\/\/m.facebook.com\/story.php?story_fbid=1336139329785881&amp;id=241319625934529&amp;ref=m_notif&amp;notif_t=group_activity&amp;hc_location=ufi\" target=\"_blank\" rel=\"noopener\">iga\u00fchest v\u00f5ib saada j\u00f5uluvana<\/a>.<\/p>\n<p><em>Foto: <a href=\"https:\/\/www.facebook.com\/mininukud\/\" target=\"_blank\" rel=\"noopener\">Mini Lotta<\/a><\/em><\/p>\n<p>&nbsp;<\/p>\n","protected":false},"excerpt":{"rendered":"<p>P\u00e4kapikud k\u00e4ivad terve detsembrikuu, nad toovad p\u00f5nevust, salap\u00e4ra ja j\u00f5uluootust. Mida v\u00f5iks p\u00e4kapikk aga lisaks kommile sussi sisse panna? Maiustused&#8230;<\/p>\n","protected":false},"author":32,"featured_media":10112,"parent":0,"menu_order":0,"comment_status":"closed","ping_status":"closed","template":"template-camp.php","meta":{"_acf_changed":false,"footnotes":""},"categories":[],"class_list":["post-8548","page","type-page","status-publish","has-post-thumbnail","hentry"],"acf":[],"_links":{"self":[{"href":"https:\/\/www.terveilm.ee\/leht\/wp-json\/wp\/v2\/pages\/8548","targetHints":{"allow":["GET"]}}],"collection":[{"href":"https:\/\/www.terveilm.ee\/leht\/wp-json\/wp\/v2\/pages"}],"about":[{"href":"https:\/\/www.terveilm.ee\/leht\/wp-json\/wp\/v2\/types\/page"}],"author":[{"embeddable":true,"href":"https:\/\/www.terveilm.ee\/leht\/wp-json\/wp\/v2\/users\/32"}],"replies":[{"embeddable":true,"href":"https:\/\/www.terveilm.ee\/leht\/wp-json\/wp\/v2\/comments?post=8548"}],"version-history":[{"count":5,"href":"https:\/\/www.terveilm.ee\/leht\/wp-json\/wp\/v2\/pages\/8548\/revisions"}],"predecessor-version":[{"id":10272,"href":"https:\/\/www.terveilm.ee\/leht\/wp-json\/wp\/v2\/pages\/8548\/revisions\/10272"}],"wp:featuredmedia":[{"embeddable":true,"href":"https:\/\/www.terveilm.ee\/leht\/wp-json\/wp\/v2\/media\/10112"}],"wp:attachment":[{"href":"https:\/\/www.terveilm.ee\/leht\/wp-json\/wp\/v2\/media?parent=8548"}],"wp:term":[{"taxonomy":"category","embeddable":true,"href":"https:\/\/www.terveilm.ee\/leht\/wp-json\/wp\/v2\/categories?post=8548"}],"curies":[{"name":"wp","href":"https:\/\/api.w.org\/{rel}","templated":true}]}}