{"id":8653,"date":"2018-01-11T00:04:47","date_gmt":"2018-01-10T22:04:47","guid":{"rendered":"http:\/\/www.terveilm.ee\/leht\/?page_id=8653"},"modified":"2022-02-22T10:54:06","modified_gmt":"2022-02-22T08:54:06","slug":"koalitsiooni-liikmed","status":"publish","type":"page","link":"https:\/\/www.terveilm.ee\/leht\/kestliku-arengu-koalitsioon\/koalitsiooni-liikmed\/","title":{"rendered":"Koalitsiooni liikmed"},"content":{"rendered":"<p>Koalitsiooniga on liitunud:<\/p>\n<ul>\n<li style=\"font-weight: 400;\"><a href=\"https:\/\/www.tlu.ee\/\"><span style=\"font-weight: 400;\">Tallinna \u00dclikool<\/span><\/a><\/li>\n<li style=\"font-weight: 400;\"><a href=\"http:\/\/www.csr.ee\/\"><span style=\"font-weight: 400;\">MT\u00dc Vastutustundliku Ettev\u00f5tluse Foorum<\/span><\/a><\/li>\n<li><a href=\"https:\/\/www.terveilm.ee\/leht\/\">MT\u00dc Arengukoost\u00f6\u00f6 \u00dcmarlaud<\/a><\/li>\n<li style=\"font-weight: 400;\"><a href=\"https:\/\/miltton.ee\/\"><span style=\"font-weight: 400;\">Miltton Nordics O\u00dc<\/span><\/a><\/li>\n<li style=\"font-weight: 400;\"><a href=\"https:\/\/www.stat.ee\/\"><span style=\"font-weight: 400;\">Statistikaamet<\/span><\/a><\/li>\n<li style=\"font-weight: 400;\"><a href=\"https:\/\/www.envir.ee\/et\"><span style=\"font-weight: 400;\">Keskkonnaministeerium<\/span><\/a><\/li>\n<li style=\"font-weight: 400;\"><a href=\"https:\/\/www.riigikantselei.ee\/et\"><span style=\"font-weight: 400;\">Riigikantselei<\/span><\/a><\/li>\n<li style=\"font-weight: 400;\"><a href=\"https:\/\/www.telia.ee\/era\"><span style=\"font-weight: 400;\">Telia Eesti AS<\/span><\/a><\/li>\n<li style=\"font-weight: 400;\"><a href=\"http:\/\/www.sustinere.ee\/\"><span style=\"font-weight: 400;\">Sustinere O\u00dc<\/span><\/a><\/li>\n<li style=\"font-weight: 400;\"><span style=\"font-weight: 400;\"><a href=\"https:\/\/tmw.ee\/\">Tallinn Music Week<\/a>, Shiftworks O\u00dc<\/span><\/li>\n<li style=\"font-weight: 400;\"><a href=\"https:\/\/www.tallinn-airport.ee\/\"><span style=\"font-weight: 400;\">Lennart Meri Tallinna Lennujaam<\/span><\/a><\/li>\n<li style=\"font-weight: 400;\"><a href=\"https:\/\/www.cleantechforest.ee\/\"><span style=\"font-weight: 400;\">Cleantech ForEst MT\u00dc<\/span><\/a><\/li>\n<li style=\"font-weight: 400;\"><a href=\"https:\/\/www.sei.org\/centres\/tallinn-et\/\"><span style=\"font-weight: 400;\">SA Stockholmi Keskkonnainstituudi Tallinna Keskus<\/span><\/a><\/li>\n<li style=\"font-weight: 400;\"><a href=\"https:\/\/www.ekja.ee\/et\/\"><span style=\"font-weight: 400;\">Eesti Keskkonnajuhtimise Assotsiatsioon MT\u00dc<\/span><\/a><\/li>\n<li style=\"font-weight: 400;\"><a href=\"https:\/\/mondo.org.ee\/\"><span style=\"font-weight: 400;\">MT\u00dc Mondo<\/span><\/a><\/li>\n<li style=\"font-weight: 400;\"><a href=\"https:\/\/www.biomarket.ee\/\"><span style=\"font-weight: 400;\">O\u00dc Biomarket<\/span><\/a><\/li>\n<li style=\"font-weight: 400;\"><a href=\"https:\/\/www.lilleoru.ee\/\"><span style=\"font-weight: 400;\">Lilleoru MT\u00dc<\/span><\/a><\/li>\n<li style=\"font-weight: 400;\"><a href=\"https:\/\/vegan.ee\/\"><span style=\"font-weight: 400;\">MT\u00dc Eesti Vegan Selts<\/span><\/a><\/li>\n<li style=\"font-weight: 400;\"><a href=\"https:\/\/www.dhl.com\/ee-et\/home.html\"><span style=\"font-weight: 400;\">DHL Estonia AS<\/span><\/a><\/li>\n<li style=\"font-weight: 400;\"><a href=\"http:\/\/nutriloop.org\/\"><span style=\"font-weight: 400;\">NutriLoop O\u00dc<\/span><\/a><\/li>\n<li><a href=\"https:\/\/www.stellasoomlais.com\/\">Stella Soomlais<\/a><\/li>\n<li><a href=\"https:\/\/www.villapai.ee\/\">Villapai O\u00dc<\/a><\/li>\n<li><a href=\"https:\/\/www.reetaus.com\/\">Aus Design O\u00dc<\/a><\/li>\n<li><a href=\"https:\/\/edulabs.ee\/naited\/gtl-labor\/\">MT\u00dc GTL Lab<\/a><\/li>\n<li><a href=\"https:\/\/www.jci.ee\/\">JCI Estonia MT\u00dc<\/a><\/li>\n<li><a href=\"https:\/\/amanitaeesti.ee\/\">Solve et Coagula O\u00dc<\/a><\/li>\n<\/ul>\n","protected":false},"excerpt":{"rendered":"<p>Koalitsiooniga on liitunud: Tallinna \u00dclikool MT\u00dc Vastutustundliku Ettev\u00f5tluse Foorum MT\u00dc Arengukoost\u00f6\u00f6 \u00dcmarlaud Miltton Nordics O\u00dc Statistikaamet Keskkonnaministeerium Riigikantselei Telia Eesti&#8230;<\/p>\n","protected":false},"author":17,"featured_media":0,"parent":8647,"menu_order":0,"comment_status":"closed","ping_status":"closed","template":"template-coal.php","meta":{"_acf_changed":false,"footnotes":""},"categories":[],"class_list":["post-8653","page","type-page","status-publish","hentry"],"acf":[],"_links":{"self":[{"href":"https:\/\/www.terveilm.ee\/leht\/wp-json\/wp\/v2\/pages\/8653","targetHints":{"allow":["GET"]}}],"collection":[{"href":"https:\/\/www.terveilm.ee\/leht\/wp-json\/wp\/v2\/pages"}],"about":[{"href":"https:\/\/www.terveilm.ee\/leht\/wp-json\/wp\/v2\/types\/page"}],"author":[{"embeddable":true,"href":"https:\/\/www.terveilm.ee\/leht\/wp-json\/wp\/v2\/users\/17"}],"replies":[{"embeddable":true,"href":"https:\/\/www.terveilm.ee\/leht\/wp-json\/wp\/v2\/comments?post=8653"}],"version-history":[{"count":5,"href":"https:\/\/www.terveilm.ee\/leht\/wp-json\/wp\/v2\/pages\/8653\/revisions"}],"predecessor-version":[{"id":13938,"href":"https:\/\/www.terveilm.ee\/leht\/wp-json\/wp\/v2\/pages\/8653\/revisions\/13938"}],"up":[{"embeddable":true,"href":"https:\/\/www.terveilm.ee\/leht\/wp-json\/wp\/v2\/pages\/8647"}],"wp:attachment":[{"href":"https:\/\/www.terveilm.ee\/leht\/wp-json\/wp\/v2\/media?parent=8653"}],"wp:term":[{"taxonomy":"category","embeddable":true,"href":"https:\/\/www.terveilm.ee\/leht\/wp-json\/wp\/v2\/categories?post=8653"}],"curies":[{"name":"wp","href":"https:\/\/api.w.org\/{rel}","templated":true}]}}