{"id":8845,"date":"2018-02-27T00:20:35","date_gmt":"2018-02-26T22:20:35","guid":{"rendered":"http:\/\/www.terveilm.ee\/leht\/?page_id=8845"},"modified":"2024-01-09T10:28:25","modified_gmt":"2024-01-09T08:28:25","slug":"liikmed","status":"publish","type":"page","link":"https:\/\/www.terveilm.ee\/leht\/umarlaud\/liikmed\/","title":{"rendered":"Liikmed"},"content":{"rendered":"<p>AK\u00dc koondab 36 Eesti vaba\u00fchendust, kes k\u00f5ik tegelevad maailma paremaks muutmisega, olgu see arengukoost\u00f6\u00f6, looduskaitse, inim\u00f5iguste v\u00f5i maailmahariduse teemadel. AK\u00dc \u00fchendab, tugevdab ja esindab oma liikmeid, et nad saaksid t\u00f6\u00f6tada \u00f5iglase ja kestliku maailma nimel.<\/p>\n","protected":false},"excerpt":{"rendered":"<p>AK\u00dc koondab 36 Eesti vaba\u00fchendust, kes k\u00f5ik tegelevad maailma paremaks muutmisega, olgu see arengukoost\u00f6\u00f6, looduskaitse, inim\u00f5iguste v\u00f5i maailmahariduse teemadel. AK\u00dc&#8230;<\/p>\n","protected":false},"author":17,"featured_media":0,"parent":8837,"menu_order":0,"comment_status":"closed","ping_status":"closed","template":"template-about-members.php","meta":{"_acf_changed":false,"footnotes":""},"categories":[],"class_list":["post-8845","page","type-page","status-publish","hentry"],"acf":[],"_links":{"self":[{"href":"https:\/\/www.terveilm.ee\/leht\/wp-json\/wp\/v2\/pages\/8845","targetHints":{"allow":["GET"]}}],"collection":[{"href":"https:\/\/www.terveilm.ee\/leht\/wp-json\/wp\/v2\/pages"}],"about":[{"href":"https:\/\/www.terveilm.ee\/leht\/wp-json\/wp\/v2\/types\/page"}],"author":[{"embeddable":true,"href":"https:\/\/www.terveilm.ee\/leht\/wp-json\/wp\/v2\/users\/17"}],"replies":[{"embeddable":true,"href":"https:\/\/www.terveilm.ee\/leht\/wp-json\/wp\/v2\/comments?post=8845"}],"version-history":[{"count":5,"href":"https:\/\/www.terveilm.ee\/leht\/wp-json\/wp\/v2\/pages\/8845\/revisions"}],"predecessor-version":[{"id":15165,"href":"https:\/\/www.terveilm.ee\/leht\/wp-json\/wp\/v2\/pages\/8845\/revisions\/15165"}],"up":[{"embeddable":true,"href":"https:\/\/www.terveilm.ee\/leht\/wp-json\/wp\/v2\/pages\/8837"}],"wp:attachment":[{"href":"https:\/\/www.terveilm.ee\/leht\/wp-json\/wp\/v2\/media?parent=8845"}],"wp:term":[{"taxonomy":"category","embeddable":true,"href":"https:\/\/www.terveilm.ee\/leht\/wp-json\/wp\/v2\/categories?post=8845"}],"curies":[{"name":"wp","href":"https:\/\/api.w.org\/{rel}","templated":true}]}}