{"id":8847,"date":"2018-02-27T00:21:52","date_gmt":"2018-02-26T22:21:52","guid":{"rendered":"http:\/\/www.terveilm.ee\/leht\/?page_id=8847"},"modified":"2026-02-13T14:15:53","modified_gmt":"2026-02-13T12:15:53","slug":"kontakt","status":"publish","type":"page","link":"https:\/\/www.terveilm.ee\/leht\/umarlaud\/kontakt\/","title":{"rendered":"Kontakt"},"content":{"rendered":"<p>MT\u00dc Arengukoost\u00f6\u00f6 \u00dcmarlaud (AK\u00dc)<br \/>L\u00f5\u00f5tsa tn 8, 11415 Tallinn<\/p>\n<p>reg. kood 80247016<br \/>a\/a EE537700771004376917<\/p>\n\n\n<p><\/p>\n","protected":false},"excerpt":{"rendered":"<p>MT\u00dc Arengukoost\u00f6\u00f6 \u00dcmarlaud (AK\u00dc)L\u00f5\u00f5tsa tn 8, 11415 Tallinn reg. kood 80247016a\/a EE537700771004376917<\/p>\n","protected":false},"author":17,"featured_media":0,"parent":8837,"menu_order":0,"comment_status":"closed","ping_status":"closed","template":"template-about-contact.php","meta":{"_acf_changed":false,"footnotes":""},"categories":[],"class_list":["post-8847","page","type-page","status-publish","hentry"],"acf":[],"_links":{"self":[{"href":"https:\/\/www.terveilm.ee\/leht\/wp-json\/wp\/v2\/pages\/8847","targetHints":{"allow":["GET"]}}],"collection":[{"href":"https:\/\/www.terveilm.ee\/leht\/wp-json\/wp\/v2\/pages"}],"about":[{"href":"https:\/\/www.terveilm.ee\/leht\/wp-json\/wp\/v2\/types\/page"}],"author":[{"embeddable":true,"href":"https:\/\/www.terveilm.ee\/leht\/wp-json\/wp\/v2\/users\/17"}],"replies":[{"embeddable":true,"href":"https:\/\/www.terveilm.ee\/leht\/wp-json\/wp\/v2\/comments?post=8847"}],"version-history":[{"count":5,"href":"https:\/\/www.terveilm.ee\/leht\/wp-json\/wp\/v2\/pages\/8847\/revisions"}],"predecessor-version":[{"id":15797,"href":"https:\/\/www.terveilm.ee\/leht\/wp-json\/wp\/v2\/pages\/8847\/revisions\/15797"}],"up":[{"embeddable":true,"href":"https:\/\/www.terveilm.ee\/leht\/wp-json\/wp\/v2\/pages\/8837"}],"wp:attachment":[{"href":"https:\/\/www.terveilm.ee\/leht\/wp-json\/wp\/v2\/media?parent=8847"}],"wp:term":[{"taxonomy":"category","embeddable":true,"href":"https:\/\/www.terveilm.ee\/leht\/wp-json\/wp\/v2\/categories?post=8847"}],"curies":[{"name":"wp","href":"https:\/\/api.w.org\/{rel}","templated":true}]}}