{"id":9046,"date":"2018-04-02T04:08:07","date_gmt":"2018-04-02T01:08:07","guid":{"rendered":"http:\/\/www.terveilm.ee\/leht\/teabekeskuse-teemad\/teadlikkuse-tostmine\/"},"modified":"2019-12-15T17:59:15","modified_gmt":"2019-12-15T15:59:15","slug":"teadlikkuse-tostmine","status":"publish","type":"page","link":"https:\/\/www.terveilm.ee\/leht\/teabekeskuse-teemad\/teadlikkuse-tostmine\/","title":{"rendered":"Koolitused ja n\u00f5ustamine"},"content":{"rendered":"<p><span style=\"font-weight: 400;\">Vajad sissejuhatavat koolitust maailma kestliku arengu eesm\u00e4rkide kohta? V\u00f5i meelelahutuslikku ent harivat globaalseid teemasid lahkavat \u00fcritust? Otsid noortele harivat tegevust?\u00a0<\/span><\/p>\n<p><span style=\"font-weight: 400;\">Arengukoost\u00f6\u00f6 \u00dcmarlaud korraldab koolitusi, n\u00f5ustamist ja meelelahutuslikus formaadis \u00fcritusi kestliku arengu ja maailmahariduse teemadel <a href=\"http:\/\/www.terveilm.ee\/leht\/teabekeskuse-teemad\/teadlikkuse-tostmine\/kestliku-arengu-koolitused\/\">ettev\u00f5tetele ja organisatsioonidele<\/a> ning\u00a0<a href=\"http:\/\/www.terveilm.ee\/leht\/teabekeskuse-teemad\/teadlikkuse-tostmine\/harivad-tegevused-lastele-ja-noortele\/\">haridusasutustele ja koolidele<\/a>. Lisaks pakume <a href=\"http:\/\/www.terveilm.ee\/leht\/teabekeskuse-teemad\/teadlikkuse-tostmine\/huvikaitsekoolitused-kohalikul-tasandil-kuidas-end-kuuldavaks-teha\/\">huvikaitsekoolitusi<\/a> kohalikele vaba\u00fchendustele ja omavalitsustele. Koolituste t\u00e4psem sisu ja pikkus s\u00f5ltub grupist ja tellijast. Oleme paindlikud ning loome t\u00e4pselt sellise koolituse nagu vaja: tuleme\u00a01-3 l\u00e4biviijaga 10-50 inimese juurde tunniks v\u00f5i kogu p\u00e4evaks.\u00a0V\u00f5ime s\u00fcveneda puhtalt teooriasse aga v\u00f5ime ka viia l\u00e4bi erinevaid m\u00e4nge. Tutvu meie koolitusteemadega ja v\u00f5ta pakkumise saamiseks \u00fchendust agne@terveilm.ee.<\/span><\/p>\n<p>Lisaks oleme\u00a0on v\u00e4lja t\u00f6\u00f6tamas konsultatsiooniteenust, mis on suunatud arenguabi andvatele organisatsioonidele ja rahastajatele. Teenus on v\u00e4ljaarendamisel Kodaniku\u00fchiskonna Sihtkapitali arenguh\u00fcppe programmi raames ning valmis pakkumiseks 2019 II pooles.<\/p>\n<p><span style=\"font-weight: 400;\"><a href=\"http:\/\/www.terveilm.ee\/leht\/wp-content\/uploads\/2018\/09\/rawpixel-675364-unsplash.jpg\"><img loading=\"lazy\" decoding=\"async\" class=\"aligncenter wp-image-9837 size-large\" src=\"http:\/\/www.terveilm.ee\/leht\/wp-content\/uploads\/2018\/09\/rawpixel-675364-unsplash-1024x682.jpg\" alt=\"\" width=\"1024\" height=\"682\" srcset=\"https:\/\/www.terveilm.ee\/leht\/wp-content\/uploads\/2018\/09\/rawpixel-675364-unsplash-1024x682.jpg 1024w, https:\/\/www.terveilm.ee\/leht\/wp-content\/uploads\/2018\/09\/rawpixel-675364-unsplash-300x200.jpg 300w, https:\/\/www.terveilm.ee\/leht\/wp-content\/uploads\/2018\/09\/rawpixel-675364-unsplash-768x512.jpg 768w\" sizes=\"auto, (max-width: 1024px) 100vw, 1024px\" \/><\/a> <\/span><\/p>\n<p>&nbsp;<\/p>\n<p>&nbsp;<\/p>\n<p>&nbsp;<\/p>\n","protected":false},"excerpt":{"rendered":"<p>Vajad sissejuhatavat koolitust maailma kestliku arengu eesm\u00e4rkide kohta? V\u00f5i meelelahutuslikku ent harivat globaalseid teemasid lahkavat \u00fcritust? Otsid noortele harivat tegevust?\u00a0&#8230;<\/p>\n","protected":false},"author":17,"featured_media":0,"parent":8,"menu_order":2,"comment_status":"closed","ping_status":"closed","template":"template-kc-article.php","meta":{"_acf_changed":false,"footnotes":""},"categories":[41],"class_list":["post-9046","page","type-page","status-publish","hentry","category-teabekeskus"],"acf":[],"_links":{"self":[{"href":"https:\/\/www.terveilm.ee\/leht\/wp-json\/wp\/v2\/pages\/9046","targetHints":{"allow":["GET"]}}],"collection":[{"href":"https:\/\/www.terveilm.ee\/leht\/wp-json\/wp\/v2\/pages"}],"about":[{"href":"https:\/\/www.terveilm.ee\/leht\/wp-json\/wp\/v2\/types\/page"}],"author":[{"embeddable":true,"href":"https:\/\/www.terveilm.ee\/leht\/wp-json\/wp\/v2\/users\/17"}],"replies":[{"embeddable":true,"href":"https:\/\/www.terveilm.ee\/leht\/wp-json\/wp\/v2\/comments?post=9046"}],"version-history":[{"count":5,"href":"https:\/\/www.terveilm.ee\/leht\/wp-json\/wp\/v2\/pages\/9046\/revisions"}],"predecessor-version":[{"id":11272,"href":"https:\/\/www.terveilm.ee\/leht\/wp-json\/wp\/v2\/pages\/9046\/revisions\/11272"}],"up":[{"embeddable":true,"href":"https:\/\/www.terveilm.ee\/leht\/wp-json\/wp\/v2\/pages\/8"}],"wp:attachment":[{"href":"https:\/\/www.terveilm.ee\/leht\/wp-json\/wp\/v2\/media?parent=9046"}],"wp:term":[{"taxonomy":"category","embeddable":true,"href":"https:\/\/www.terveilm.ee\/leht\/wp-json\/wp\/v2\/categories?post=9046"}],"curies":[{"name":"wp","href":"https:\/\/api.w.org\/{rel}","templated":true}]}}