{"id":9309,"date":"2018-04-18T15:13:46","date_gmt":"2018-04-18T12:13:46","guid":{"rendered":"http:\/\/www.terveilm.ee\/leht\/?page_id=9309"},"modified":"2018-04-18T15:14:18","modified_gmt":"2018-04-18T12:14:18","slug":"oiglane-kaubandus-eestis","status":"publish","type":"page","link":"https:\/\/www.terveilm.ee\/leht\/oiglane-kaubandus-eestis\/","title":{"rendered":"\u00d5iglane kaubandus Eestis"},"content":{"rendered":"<p>2002. aastal loodud kodaniku\u00fchenduste v\u00f5rgustik Arengukoost\u00f6\u00f6 \u00dcmarlaud alustas \u00f5iglase kaubanduse tutvustamist Eestis \u00fche osana arengumaade probleemide kajastamisest ja praktilisest viisist parandada arengumaade inimeste elu.<\/p>\n<p>Selle protsessi eestvedaja oli <a href=\"http:\/\/www.roheline.ee\/\">Eesti Roheline Liikumine<\/a>, mis teeb aktiivset teavitust\u00f6\u00f6d s\u00e4\u00e4stlike eluviiside, sh tarbimise kohta. 2004-2005 aastal rahastas Eesti v\u00e4lisministeerium ERLi \u00f5iglase kaubanduse teavitusprojekti arengumaade kogukondade toetuseks. Suurematel rahva\u00fcritustel tutvustati \u00f5iglase kaubanduse p\u00f5him\u00f5tteid ning sertifitseerimism\u00e4rki. 2006. aasta s\u00fcgisest k\u00e4ivitus \u00fchisprojekt Soome \u00f5iglase kaubanduse organisa<\/p>\n<p>tsiooniga <a href=\"http:\/\/www.reilukauppa.fi\/index.php?194\">Reilun kaupan edist\u00e4misyhdistys ry<\/a>, mille eesm\u00e4rk on \u00f5iglase kaubanduse laiaulatuslikum tuntus, Fairtrade m\u00e4rgitoodete k\u00e4ttesaadavus jaekaubanduses ning kodanike\u00fchenduste toetusplatvormi loomine Eestis. 2007 aasta kevadel t\u00e4histati rahvusvahelise Fairtrade m\u00e4rgi ametlikku maalej\u00f5udmist. 2009. aastast teeb ERL koost\u00f6\u00f6d ka <a href=\"http:\/\/www.fairtrade.se\/\">Rootsi \u00f5iglase kaubanduse organisatsiooniga<\/a> \u00fchisprojekti raames, mida rahastab Euroopa Komisjon. Hetkel veab \u00f5iglase kaubanduse temaatikat Eestis <a href=\"http:\/\/mondo.org.ee\/oiglane-kaubandus\/\">MT\u00dc Mondo<\/a>.<\/p>\n<p>\u00d5iglase kaubanduse <a href=\"https:\/\/issuu.com\/maailmahariduskeskus\/docs\/oiglase_kaubanduse_teejuht_2014\">teejuht<\/a>.<\/p>\n<p>Uuri t\u00e4psemalt <a href=\"http:\/\/www.fairtrade.ee\/\">www.fairtrade.ee<\/a><\/p>\n<p><iframe loading=\"lazy\" title=\"TERVE ILM 3: \u00f5iglane kaubandus\" src=\"https:\/\/player.vimeo.com\/video\/5550467?dnt=1&amp;app_id=122963\" width=\"500\" height=\"400\" frameborder=\"0\" allow=\"autoplay; fullscreen; picture-in-picture; clipboard-write\"><\/iframe><\/p>\n<p>&nbsp;<\/p>\n","protected":false},"excerpt":{"rendered":"<p>2002. aastal loodud kodaniku\u00fchenduste v\u00f5rgustik Arengukoost\u00f6\u00f6 \u00dcmarlaud alustas \u00f5iglase kaubanduse tutvustamist Eestis \u00fche osana arengumaade probleemide kajastamisest ja praktilisest viisist&#8230;<\/p>\n","protected":false},"author":6,"featured_media":0,"parent":0,"menu_order":0,"comment_status":"closed","ping_status":"closed","template":"","meta":{"_acf_changed":false,"footnotes":""},"categories":[],"class_list":["post-9309","page","type-page","status-publish","hentry"],"acf":[],"_links":{"self":[{"href":"https:\/\/www.terveilm.ee\/leht\/wp-json\/wp\/v2\/pages\/9309","targetHints":{"allow":["GET"]}}],"collection":[{"href":"https:\/\/www.terveilm.ee\/leht\/wp-json\/wp\/v2\/pages"}],"about":[{"href":"https:\/\/www.terveilm.ee\/leht\/wp-json\/wp\/v2\/types\/page"}],"author":[{"embeddable":true,"href":"https:\/\/www.terveilm.ee\/leht\/wp-json\/wp\/v2\/users\/6"}],"replies":[{"embeddable":true,"href":"https:\/\/www.terveilm.ee\/leht\/wp-json\/wp\/v2\/comments?post=9309"}],"version-history":[{"count":2,"href":"https:\/\/www.terveilm.ee\/leht\/wp-json\/wp\/v2\/pages\/9309\/revisions"}],"predecessor-version":[{"id":9311,"href":"https:\/\/www.terveilm.ee\/leht\/wp-json\/wp\/v2\/pages\/9309\/revisions\/9311"}],"wp:attachment":[{"href":"https:\/\/www.terveilm.ee\/leht\/wp-json\/wp\/v2\/media?parent=9309"}],"wp:term":[{"taxonomy":"category","embeddable":true,"href":"https:\/\/www.terveilm.ee\/leht\/wp-json\/wp\/v2\/categories?post=9309"}],"curies":[{"name":"wp","href":"https:\/\/api.w.org\/{rel}","templated":true}]}}